{"id":915,"date":"2014-03-24T16:25:50","date_gmt":"2014-03-24T23:25:50","guid":{"rendered":"http:\/\/therightdefender.com\/?page_id=915"},"modified":"2020-09-12T13:25:00","modified_gmt":"2020-09-12T20:25:00","slug":"cargos-que-afectan-en-inmigracion","status":"publish","type":"page","link":"https:\/\/www.therightdefender.com\/es\/tramites\/cargos-que-afectan-en-inmigracion\/","title":{"rendered":"El Mejor Abogado Para Eliminar Cargos Que Afectan En Inmigracion"},"content":{"rendered":"<p style=\"text-align: justify;\"><img loading=\"lazy\" decoding=\"async\" class=\"wp-post-image aligncenter\" src=\"https:\/\/www.therightdefender.com\/wp-content\/uploads\/2014\/02\/exclusive-leafly-has-obtained-the-full-mexico-supreme-court-rulin-195x117.jpg\" sizes=\"auto, (max-width: 195px) 100vw, 195px\" srcset=\"https:\/\/www.therightdefender.com\/wp-content\/uploads\/2014\/02\/exclusive-leafly-has-obtained-the-full-mexico-supreme-court-rulin-195x117.jpg 195w, https:\/\/www.therightdefender.com\/wp-content\/uploads\/2014\/02\/exclusive-leafly-has-obtained-the-full-mexico-supreme-court-rulin-300x180.jpg 300w, https:\/\/www.therightdefender.com\/wp-content\/uploads\/2014\/02\/exclusive-leafly-has-obtained-the-full-mexico-supreme-court-rulin-768x461.jpg 768w, https:\/\/www.therightdefender.com\/wp-content\/uploads\/2014\/02\/exclusive-leafly-has-obtained-the-full-mexico-supreme-court-rulin-940x564.jpg 940w, https:\/\/www.therightdefender.com\/wp-content\/uploads\/2014\/02\/exclusive-leafly-has-obtained-the-full-mexico-supreme-court-rulin-620x372.jpg 620w, https:\/\/www.therightdefender.com\/wp-content\/uploads\/2014\/02\/exclusive-leafly-has-obtained-the-full-mexico-supreme-court-rulin.jpg 960w\" alt=\"Cargos Que Afectan En Inmigracion\" width=\"151\" height=\"91\" \/><\/p>\n<p style=\"text-align: justify;\">El abogado criminalista David Pflaum con 30 a\u00f1os de experiencia y de \u00e9xito sabe como llegar a un acuerdo exitoso ante el juez para evitar cargos que afectan en inmigracion.<\/p>\n<p style=\"text-align: justify;\">Para saber m\u00e1s haga clic en <span style=\"color: #3366ff;\"><a href=\"https:\/\/www.therightdefender.com\/es\/buenos-resultados\/evitar-consecuencias-con-inmigracion\/\"><span style=\"color: #3366ff;\">resultados<\/span><\/a><span style=\"color: #000000;\">.<\/span><br \/>\n<\/span><\/p>\n<p>Para saber m\u00e1s haga clic en <a title=\"Testimonios\" href=\"http:\/\/therightdefender.com\/es\/testimonios\/\"><span style=\"color: #3366ff;\">testimonios<\/span>.<\/a><\/p>\n<h3 style=\"text-align: center;\"><strong><img loading=\"lazy\" decoding=\"async\" class=\"thumbnail aligncenter\" src=\"https:\/\/www.therightdefender.com\/wp-content\/uploads\/2018\/01\/slider-flag-spanish-1.jpg\" alt=\"Cargos Que Afectan En Inmigracion\" width=\"202\" height=\"91\" \/><\/strong><\/h3>\n<p style=\"text-align: justify;\">Los delitos pueden hacer que una persona pierda su residencia o no se pueda convertir en ciudadano de los Estados Unidos incluyen los siguientes.<\/p>\n<ul>\n<li><span style=\"color: #333333;\">Violencia dom\u00e9stica<\/span><\/li>\n<li><span style=\"color: #333333;\">Delitos sexuales<\/span><\/li>\n<li><span style=\"color: #333333;\">Abuso de menor de edad<\/span><\/li>\n<li><span style=\"color: #333333;\">Posesi\u00f3n de drogas<\/span><\/li>\n<li>P<span style=\"color: #333333;\">osesi\u00f3n para la venta<\/span><\/li>\n<li><span style=\"color: #333333;\">Narcotr\u00e1fico<\/span><\/li>\n<li><span style=\"color: #333333;\">Robo<br \/>\n<\/span><\/li>\n<li><span style=\"color: #333333;\">Amenazas<\/span><\/li>\n<li><span style=\"color: #333333;\">Agresi\u00f3n <\/span><\/li>\n<li>Asalto<\/li>\n<li>Posesi\u00f3n de un arma de fuego<\/li>\n<li><span style=\"color: #333333;\">Delitos de violencia<\/span><\/li>\n<li><span style=\"color: #000080;\"><span style=\"color: #000080;\"><span style=\"color: #333333;\">Posesi\u00f3n de documentos falsos<\/span><\/span><\/span><\/li>\n<\/ul>\n<h3><img loading=\"lazy\" decoding=\"async\" class=\"thumbnail aligncenter\" src=\"https:\/\/www.therightdefender.com\/wp-content\/uploads\/2018\/01\/slider-car-spanish-1.jpg\" alt=\"\" width=\"229\" height=\"103\" \/><\/h3>\n<p style=\"text-align: justify;\">El abogado pasa tiempo con el acusado para conocerlo bien, su historia, y su explicaci\u00f3n de lo que caus\u00f3 su detenci\u00f3n.<\/p>\n<p style=\"text-align: justify;\">Tambi\u00e9n la informaci\u00f3n m\u00e1s importante que el abogado presenta al juez para llegar a un acuerdo exitoso se incluye lo siguiente.<\/p>\n<ul>\n<li><span style=\"color: #333333;\">Cartas de su car\u00e1cter<br \/>\n<\/span><\/li>\n<li><span style=\"color: #333333;\">Cartas de su trabajo<\/span><\/li>\n<li><span style=\"color: #333333;\">Prueba de participaci\u00f3n de la iglesia<\/span><\/li>\n<li><span style=\"color: #333333;\">Declaraciones de testigos<\/span><\/li>\n<li><span style=\"color: #333333;\">Declaraciones de familiares<\/span><\/li>\n<li><span style=\"color: #333333;\">Prueba de un acuerdo con la ofendida<\/span><\/li>\n<li><span style=\"color: #333333;\">Prueba de pago de da\u00f1os<\/span><\/li>\n<li><span style=\"color: #333333;\">Certificados profesionales<\/span><\/li>\n<li>Prueba de rehabilitaci\u00f3n<\/li>\n<\/ul>\n<h3 style=\"text-align: center;\"><strong><img loading=\"lazy\" decoding=\"async\" class=\"thumbnail aligncenter\" src=\"https:\/\/www.therightdefender.com\/wp-content\/uploads\/2018\/01\/slider-gavel-spanish.jpg\" alt=\"\" width=\"215\" height=\"97\" \/><\/strong><\/h3>\n<p style=\"text-align: justify;\">Cuando el abogado tiene toda la informaci\u00f3n sobre el acusado, los informes de la polic\u00eda, testimonios de los testigos, la historia de la supuesta v\u00edctima, y las pruebas o la evidencia que existe, el abogado se presenta ante el juez<strong>.<\/strong><\/p>\n<p style=\"text-align: justify;\">Para llegar a un acuerdo exitoso para evitar consecuencias en inmigraci\u00f3n.<\/p>\n<h4><img loading=\"lazy\" decoding=\"async\" class=\"thumbnail aligncenter\" src=\"https:\/\/www.therightdefender.com\/wp-content\/uploads\/2014\/01\/images.png\" alt=\"\" width=\"119\" height=\"118\" \/><\/h4>\n<h3 style=\"text-align: center;\"><strong>EL MEJOR ABOGADO <\/strong><\/h3>\n<h3 style=\"text-align: center;\"><strong>PARA EVITAR CARGOS QUE AFECTEN EN INMIGRACION<\/strong><\/h3>\n<h3 style=\"text-align: center;\"><span style=\"color: #ff0000;\"><a style=\"color: #ff0000;\" title=\"Cont\u00e1ctenos Por Medio de Esta P\u00e1gina o en Nuestras Oficinas\" href=\"http:\/\/therightdefender.com\/es\/contactos\/\"><strong>Llame al\u00a0 (760) 806-4333<\/strong><\/a><\/span><\/h3>\n<p style=\"text-align: center;\">Vista \u2013 Escondido \u2013 Carlsbad \u2013 Fallbrook \u2013 Oceanside \u2013 Encinitas \u2013 Solana Beach \u2013 San Ysidro \u2013 Chula Vista \u2013 San Diego \u2013 Carmel Valley \u2013 Pacific Beach \u2013 Del Mar \u2013 San Marcos \u2013 Imperial Beach \u2013 South Bay \u2013 North Park \u2013 Ocean Beach \u2013 Poway \u2013 El Cajon \u2013 Leucadia \u2013 Lemon Grove \u2013 Hillcrest \u2013 Mission Bay \u2013 South Bay \u2013 Bonita \u2013 North Park \u2013 La Jolla \u2013 Rancho Bernardo \u2013 Rancho Santa Fe \u2013 Bonsall \u2013 Rainbow \u2013 Mission Hills \u2013 North County \u2013 Downtown San Diego \u2013 Valley Center \u2013 Mission Valley \u2013 Condado del Sur \u2013 Rancho Bernardo \u2013 Lemon Grove \u2013 La Mesa \u2013 Carmel Valley \u2013 Golden Hill \u2013 East Valley \u2013 Barrio Logan \u2013 Condado Del San Diego \u2013 Condado Del Norte<\/p>\n<p><img loading=\"lazy\" decoding=\"async\" class=\"attachment-60x60 aligncenter\" src=\"https:\/\/www.therightdefender.com\/wp-content\/uploads\/2018\/08\/martindalehubell-2-70x70.jpg\" sizes=\"auto, (max-width: 60px) 100vw, 60px\" srcset=\"https:\/\/www.therightdefender.com\/wp-content\/uploads\/2018\/08\/martindalehubell-2-70x70.jpg 70w, https:\/\/www.therightdefender.com\/wp-content\/uploads\/2018\/08\/martindalehubell-2-150x150.jpg 150w, https:\/\/www.therightdefender.com\/wp-content\/uploads\/2018\/08\/martindalehubell-2-130x130.jpg 130w, https:\/\/www.therightdefender.com\/wp-content\/uploads\/2018\/08\/martindalehubell-2-45x45.jpg 45w\" alt=\"\" width=\"88\" height=\"88\" \/><\/p>\n<p><a href=\"#top\"><span style=\"color: #3366ff;\"><strong>Regresar al inicio<\/strong><\/span><\/a><\/p>\n","protected":false},"excerpt":{"rendered":"<p>El abogado criminalista David Pflaum con 30 a\u00f1os de experiencia y de \u00e9xito sabe como llegar a un acuerdo exitoso ante el juez para evitar cargos que afectan en inmigracion. Para saber m\u00e1s haga clic en resultados. Para saber m\u00e1s haga clic en testimonios. Los delitos pueden hacer que una persona pierda su residencia o [&hellip;]<\/p>\n","protected":false},"author":2,"featured_media":0,"parent":190,"menu_order":0,"comment_status":"open","ping_status":"open","template":"","meta":{"footnotes":""},"class_list":["post-915","page","type-page","status-publish","hentry"],"aioseo_notices":[],"_links":{"self":[{"href":"https:\/\/www.therightdefender.com\/es\/wp-json\/wp\/v2\/pages\/915","targetHints":{"allow":["GET"]}}],"collection":[{"href":"https:\/\/www.therightdefender.com\/es\/wp-json\/wp\/v2\/pages"}],"about":[{"href":"https:\/\/www.therightdefender.com\/es\/wp-json\/wp\/v2\/types\/page"}],"author":[{"embeddable":true,"href":"https:\/\/www.therightdefender.com\/es\/wp-json\/wp\/v2\/users\/2"}],"replies":[{"embeddable":true,"href":"https:\/\/www.therightdefender.com\/es\/wp-json\/wp\/v2\/comments?post=915"}],"version-history":[{"count":0,"href":"https:\/\/www.therightdefender.com\/es\/wp-json\/wp\/v2\/pages\/915\/revisions"}],"up":[{"embeddable":true,"href":"https:\/\/www.therightdefender.com\/es\/wp-json\/wp\/v2\/pages\/190"}],"wp:attachment":[{"href":"https:\/\/www.therightdefender.com\/es\/wp-json\/wp\/v2\/media?parent=915"}],"curies":[{"name":"wp","href":"https:\/\/api.w.org\/{rel}","templated":true}]}}