{"id":5093,"date":"2015-03-23T15:05:08","date_gmt":"2015-03-23T22:05:08","guid":{"rendered":"http:\/\/www.therightdefender.com\/?page_id=5093"},"modified":"2024-12-11T23:58:29","modified_gmt":"2024-12-12T07:58:29","slug":"robo-en-tienda","status":"publish","type":"page","link":"https:\/\/www.therightdefender.com\/es\/servicios-legales\/robo-en-tienda\/","title":{"rendered":"El Abogado Para Robo En Tienda"},"content":{"rendered":"<p style=\"text-align: left;\">El excelente abogado para robo en tienda sabe las estrategias para defender al acusado o la acusada bien.<\/p>\n<p style=\"text-align: left;\">Una persona citada para robo en tienda tiene derechos y recursos.\u00a0 El excelente abogado David Pflaum afirma los derechos y hace todo el trabajo necesario para pelear el caso criminal a su satisfacci\u00f3n.<\/p>\n<p style=\"text-align: left;\">Tambi\u00e9n para evitar problemas con inmigraci\u00f3n porque un delito por robo en tienda puede traer malas consecuencias.<\/p>\n<p style=\"text-align: left;\">Para saber m\u00e1s sobre el mejor servicio, haga clic en <span style=\"color: #3366ff;\"><a style=\"color: #3366ff;\" title=\"Testimonios\" href=\"http:\/\/therightdefender.com\/es\/testimonios\/\"><span style=\"color: #ff0000;\">comentarios.<\/span><\/a><\/span><\/p>\n<p style=\"text-align: left;\">El abogado pasa tiempo con el acusado o la acusada para saber su explicaci\u00f3n como fue detenido y el abogado investiga el caso criminal.<\/p>\n<p style=\"text-align: left;\">Cuando el abogado tiene los reportes de la polic\u00eda, la declaraci\u00f3n de la supuesta v\u00edctima o sea de la tienda, la evidencia que existe en su contra, el abogado se presenta ante el juez.<\/p>\n<p style=\"text-align: left;\">El abogado hace la excelente presentaci\u00f3n para <span style=\"color: #ff0000;\"><a style=\"color: #ff0000;\" href=\"http:\/\/www.therightdefender.com\/es\/buenos-resultados\/acuerdo-exitoso\/\">llegar a un acuerdo<\/a><\/span>, <span style=\"color: #3366ff;\"><a style=\"color: #3366ff;\" title=\"Acuerdos Exitosos\" href=\"http:\/\/therightdefender.com\/es\/resultados-anteriores\/acuerdos-exitosos\/\"><span style=\"color: #ff0000;\">eliminar y reducir<\/span><\/a><\/span> los cargos,<span style=\"color: #ff0000;\"> <a style=\"color: #ff0000;\" href=\"http:\/\/www.therightdefender.com\/es\/proceso-de-una-sentencia\/\">e<\/a><a style=\"color: #ff0000;\" href=\"http:\/\/www.therightdefender.com\/es\/proceso-de-una-sentencia\/\">vitar pasar tiempo\u00a0<\/a><a style=\"color: #ff0000;\" href=\"http:\/\/www.therightdefender.com\/es\/proceso-de-una-sentencia\/\">en<\/a><a style=\"color: #ff0000;\" href=\"http:\/\/www.therightdefender.com\/es\/proceso-de-una-sentencia\/\"> la c\u00e1rcel<\/a><\/span>, y <span style=\"color: #ff0000;\"><a style=\"color: #ff0000;\" href=\"http:\/\/www.therightdefender.com\/es\/reducir-el-castigo\/\">rebajar<\/a><\/span> el castigo y la multa.<\/p>\n<p style=\"text-align: center;\"><img loading=\"lazy\" decoding=\"async\" class=\"wp-post-image aligncenter\" src=\"https:\/\/www.therightdefender.com\/wp-content\/uploads\/2014\/02\/exclusive-leafly-has-obtained-the-full-mexico-supreme-court-rulin-195x117.jpg\" sizes=\"auto, (max-width: 195px) 100vw, 195px\" srcset=\"https:\/\/www.therightdefender.com\/wp-content\/uploads\/2014\/02\/exclusive-leafly-has-obtained-the-full-mexico-supreme-court-rulin-195x117.jpg 195w, https:\/\/www.therightdefender.com\/wp-content\/uploads\/2014\/02\/exclusive-leafly-has-obtained-the-full-mexico-supreme-court-rulin-300x180.jpg 300w, https:\/\/www.therightdefender.com\/wp-content\/uploads\/2014\/02\/exclusive-leafly-has-obtained-the-full-mexico-supreme-court-rulin-768x461.jpg 768w, https:\/\/www.therightdefender.com\/wp-content\/uploads\/2014\/02\/exclusive-leafly-has-obtained-the-full-mexico-supreme-court-rulin-940x564.jpg 940w, https:\/\/www.therightdefender.com\/wp-content\/uploads\/2014\/02\/exclusive-leafly-has-obtained-the-full-mexico-supreme-court-rulin-620x372.jpg 620w, https:\/\/www.therightdefender.com\/wp-content\/uploads\/2014\/02\/exclusive-leafly-has-obtained-the-full-mexico-supreme-court-rulin.jpg 960w\" alt=\"robo en tienda\" width=\"100\" height=\"60\" \/><\/p>\n<h3 style=\"text-align: center;\"><strong>EL MEJOR ABOGADO <\/strong><\/h3>\n<h3 style=\"text-align: center;\"><strong>PARA ROBO EN TIENDA<\/strong><span title=\"With that much experience comes the ability to get the job done and to get it done as quickly and successfully as possible.&lt;\/p&gt;&lt;br \/&gt;&lt;br \/&gt;&lt;br \/&gt;&lt;br \/&gt;&lt;br \/&gt;&lt;br \/&gt;&lt;br \/&gt;&lt;br \/&gt;&lt;br \/&gt;&lt;br \/&gt;&lt;br \/&gt;&lt;br \/&gt;&lt;br \/&gt;&lt;br \/&gt;&lt;br \/&gt;&lt;br \/&gt;&lt;br \/&gt;&lt;br \/&gt;&lt;br \/&gt;&lt;br \/&gt;&lt;br \/&gt;&lt;br \/&gt;&lt;br \/&gt;&lt;br \/&gt;&lt;br \/&gt;&lt;br \/&gt;&lt;br \/&gt;&lt;br \/&gt;&lt;br \/&gt;&lt;br \/&gt;&lt;br \/&gt;&lt;br \/&gt;&lt;br \/&gt;&lt;br \/&gt;&lt;br \/&gt;&lt;br \/&gt;&lt;br \/&gt;&lt;br \/&gt;&lt;br \/&gt;&lt;br \/&gt;&lt;br \/&gt;&lt;br \/&gt;&lt;br \/&gt;&lt;br \/&gt;&lt;br \/&gt;&lt;br \/&gt;&lt;br \/&gt;&lt;br \/&gt;&lt;br \/&gt;&lt;br \/&gt;&lt;br \/&gt;&lt;br \/&gt;&lt;br \/&gt;&lt;br \/&gt;&lt;br \/&gt;&lt;br \/&gt;&lt;br \/&gt;&lt;br \/&gt; &lt;p&gt;\"><span title=\"These are the reasons David Pflaum is the \u201cThe Right Defender.\u201d Reach out to him for legal representation and see what a difference he can make in your life.\"><span title=\"He is dedicated to protecting his clients rights and is the right attorney for the job.&lt;\/p&gt;&lt;br \/&gt;&lt;br \/&gt;&lt;br \/&gt;&lt;br \/&gt;&lt;br \/&gt;&lt;br \/&gt;&lt;br \/&gt;&lt;br \/&gt;&lt;br \/&gt;&lt;br \/&gt;&lt;br \/&gt;&lt;br \/&gt;&lt;br \/&gt;&lt;br \/&gt;&lt;br \/&gt;&lt;br \/&gt;&lt;br \/&gt;&lt;br \/&gt;&lt;br \/&gt;&lt;br \/&gt;&lt;br \/&gt;&lt;br \/&gt;&lt;br \/&gt;&lt;br \/&gt;&lt;br \/&gt;&lt;br \/&gt;&lt;br \/&gt;&lt;br \/&gt;&lt;br \/&gt;&lt;br \/&gt;&lt;br \/&gt;&lt;br \/&gt;&lt;br \/&gt;&lt;br \/&gt;&lt;br \/&gt;&lt;br \/&gt;&lt;br \/&gt;&lt;br \/&gt;&lt;br \/&gt;&lt;br \/&gt;&lt;br \/&gt;&lt;br \/&gt;&lt;br \/&gt;&lt;br \/&gt;&lt;br \/&gt;&lt;br \/&gt;&lt;br \/&gt;&lt;br \/&gt;&lt;br \/&gt;&lt;br \/&gt;&lt;br \/&gt;&lt;br \/&gt;&lt;br \/&gt;&lt;br \/&gt;&lt;br \/&gt;&lt;br \/&gt;&lt;br \/&gt;&lt;br \/&gt;&lt;br \/&gt;&lt;br \/&gt; &lt;p&gt;\"><span title=\"The qualities that make David Pflaum \u201cThe Right Defender\u201d and the reasons you should consider choosing him to be your lawyer are as follows.&lt;\/p&gt;&lt;br \/&gt;&lt;br \/&gt;&lt;br \/&gt;&lt;br \/&gt;&lt;br \/&gt;&lt;br \/&gt;&lt;br \/&gt;&lt;br \/&gt;&lt;br \/&gt;&lt;br \/&gt;&lt;br \/&gt;&lt;br \/&gt;&lt;br \/&gt;&lt;br \/&gt;&lt;br \/&gt;&lt;br \/&gt;&lt;br \/&gt;&lt;br \/&gt;&lt;br \/&gt;&lt;br \/&gt;&lt;br \/&gt;&lt;br \/&gt;&lt;br \/&gt;&lt;br \/&gt;&lt;br \/&gt;&lt;br \/&gt;&lt;br \/&gt;&lt;br \/&gt;&lt;br \/&gt;&lt;br \/&gt;&lt;br \/&gt;&lt;br \/&gt;&lt;br \/&gt;&lt;br \/&gt;&lt;br \/&gt;&lt;br \/&gt;&lt;br \/&gt;&lt;br \/&gt;&lt;br \/&gt;&lt;br \/&gt;&lt;br \/&gt;&lt;br \/&gt;&lt;br \/&gt;&lt;br \/&gt;&lt;br \/&gt;&lt;br \/&gt;&lt;br \/&gt;&lt;br \/&gt;&lt;br \/&gt;&lt;br \/&gt;&lt;br \/&gt;&lt;br \/&gt;&lt;br \/&gt;&lt;br \/&gt;&lt;br \/&gt;&lt;br \/&gt;&lt;br \/&gt;&lt;br \/&gt;&lt;br \/&gt;&lt;br \/&gt; &lt;p&gt;\"><br \/>\n<\/span><\/span><\/span><\/span><\/h3>\n<h3 style=\"text-align: center;\"><span style=\"color: #ff0000;\"><strong>760-806-4333<\/strong><\/span><\/h3>\n<p><img loading=\"lazy\" decoding=\"async\" class=\"attachment-60x60 aligncenter\" src=\"https:\/\/www.therightdefender.com\/wp-content\/uploads\/2018\/08\/martindalehubell-2-70x70.jpg\" sizes=\"auto, (max-width: 60px) 100vw, 60px\" srcset=\"https:\/\/www.therightdefender.com\/wp-content\/uploads\/2018\/08\/martindalehubell-2-70x70.jpg 70w, https:\/\/www.therightdefender.com\/wp-content\/uploads\/2018\/08\/martindalehubell-2-150x150.jpg 150w, https:\/\/www.therightdefender.com\/wp-content\/uploads\/2018\/08\/martindalehubell-2-130x130.jpg 130w, https:\/\/www.therightdefender.com\/wp-content\/uploads\/2018\/08\/martindalehubell-2-45x45.jpg 45w\" alt=\"robo en tienda\" width=\"64\" height=\"64\" \/><\/p>\n<p>&nbsp;<\/p>\n<p style=\"text-align: justify;\"><span style=\"color: #3366ff;\"><a style=\"color: #3366ff;\" href=\"#top\"><strong>Regresar al inicio<\/strong><\/a><\/span><\/p>\n","protected":false},"excerpt":{"rendered":"<p>El excelente abogado para robo en tienda sabe las estrategias para defender al acusado o la acusada bien. Una persona citada para robo en tienda tiene derechos y recursos.\u00a0 El excelente abogado David Pflaum afirma los derechos y hace todo el trabajo necesario para pelear el caso criminal a su satisfacci\u00f3n. Tambi\u00e9n para evitar problemas [&hellip;]<\/p>\n","protected":false},"author":2,"featured_media":0,"parent":183,"menu_order":0,"comment_status":"open","ping_status":"closed","template":"","meta":{"footnotes":""},"class_list":["post-5093","page","type-page","status-publish","hentry"],"aioseo_notices":[],"_links":{"self":[{"href":"https:\/\/www.therightdefender.com\/es\/wp-json\/wp\/v2\/pages\/5093","targetHints":{"allow":["GET"]}}],"collection":[{"href":"https:\/\/www.therightdefender.com\/es\/wp-json\/wp\/v2\/pages"}],"about":[{"href":"https:\/\/www.therightdefender.com\/es\/wp-json\/wp\/v2\/types\/page"}],"author":[{"embeddable":true,"href":"https:\/\/www.therightdefender.com\/es\/wp-json\/wp\/v2\/users\/2"}],"replies":[{"embeddable":true,"href":"https:\/\/www.therightdefender.com\/es\/wp-json\/wp\/v2\/comments?post=5093"}],"version-history":[{"count":0,"href":"https:\/\/www.therightdefender.com\/es\/wp-json\/wp\/v2\/pages\/5093\/revisions"}],"up":[{"embeddable":true,"href":"https:\/\/www.therightdefender.com\/es\/wp-json\/wp\/v2\/pages\/183"}],"wp:attachment":[{"href":"https:\/\/www.therightdefender.com\/es\/wp-json\/wp\/v2\/media?parent=5093"}],"curies":[{"name":"wp","href":"https:\/\/api.w.org\/{rel}","templated":true}]}}