{"id":5086,"date":"2015-03-23T14:41:17","date_gmt":"2015-03-23T21:41:17","guid":{"rendered":"http:\/\/www.therightdefender.com\/?page_id=5086"},"modified":"2020-08-23T15:01:41","modified_gmt":"2020-08-23T22:01:41","slug":"abogado-para-limpiar-mi-record","status":"publish","type":"page","link":"https:\/\/www.therightdefender.com\/es\/servicios-legales\/abogado-para-limpiar-mi-record\/","title":{"rendered":"El Mejor Abogado Para Limpiar Mi R\u00e9cord"},"content":{"rendered":"<p><img loading=\"lazy\" decoding=\"async\" class=\"thumbnail aligncenter\" src=\"https:\/\/www.therightdefender.com\/wp-content\/uploads\/2018\/01\/slider-flag-spanish-1.jpg\" alt=\"Abogado Para Limpiar Mi R\u00e9cord\" width=\"235\" height=\"106\" \/><\/p>\n<p style=\"text-align: justify;\">El mejor abogado para limpiar mi r\u00e9cord, David Pflaum tiene un historial de 30 a\u00f1os de experiencia y de exito en el condado de San Diego.<\/p>\n<p style=\"text-align: justify;\"><span lang=\"es\">Para saber m\u00e1s haga clic en <span style=\"color: #3366ff;\"><a style=\"color: #3366ff;\" title=\"Testimonios*\" href=\"http:\/\/www.therightdefender.com\/es\/testimonios\/\"><span style=\"color: #ff0000;\">testimonios de clientes<\/span><\/a><\/span><\/span>.<\/p>\n<h3 style=\"text-align: center;\"><strong><img loading=\"lazy\" decoding=\"async\" class=\"wp-post-image aligncenter\" src=\"https:\/\/www.therightdefender.com\/wp-content\/uploads\/2014\/02\/exclusive-leafly-has-obtained-the-full-mexico-supreme-court-rulin-195x117.jpg\" sizes=\"auto, (max-width: 195px) 100vw, 195px\" srcset=\"https:\/\/www.therightdefender.com\/wp-content\/uploads\/2014\/02\/exclusive-leafly-has-obtained-the-full-mexico-supreme-court-rulin-195x117.jpg 195w, https:\/\/www.therightdefender.com\/wp-content\/uploads\/2014\/02\/exclusive-leafly-has-obtained-the-full-mexico-supreme-court-rulin-300x180.jpg 300w, https:\/\/www.therightdefender.com\/wp-content\/uploads\/2014\/02\/exclusive-leafly-has-obtained-the-full-mexico-supreme-court-rulin-768x461.jpg 768w, https:\/\/www.therightdefender.com\/wp-content\/uploads\/2014\/02\/exclusive-leafly-has-obtained-the-full-mexico-supreme-court-rulin-940x564.jpg 940w, https:\/\/www.therightdefender.com\/wp-content\/uploads\/2014\/02\/exclusive-leafly-has-obtained-the-full-mexico-supreme-court-rulin-620x372.jpg 620w, https:\/\/www.therightdefender.com\/wp-content\/uploads\/2014\/02\/exclusive-leafly-has-obtained-the-full-mexico-supreme-court-rulin.jpg 960w\" alt=\"abogado para limpiar mi record\" width=\"178\" height=\"107\" \/><\/strong><\/h3>\n<h3 style=\"text-align: center;\">CALIFICAR PARA LIMPIAR MI RECORD<\/h3>\n<p style=\"text-align: justify;\">Limpiar su r\u00e9cord puede ayudarle a solicitar estatus de inmigraci\u00f3n legal, conseguir un trabajo, proteger su reputaci\u00f3n, y permitirle declarar que usted nunca ha sido condenado por un delito previo.<\/p>\n<p style=\"text-align: justify;\">Una persona que tiene un delito previo puede limpiar su r\u00e9cord.<\/p>\n<p style=\"text-align: justify;\">La persona es elegible para limpiar su r\u00e9cord si se ha cumplido con los t\u00e9rminos y las condiciones del castigo y la sentencia, completado su per\u00edodo de libertad condicional (probaci\u00f3n) y no ha cometido ning\u00fan otro delito.<\/p>\n<p style=\"text-align: justify;\">El abogado hace contacto con la secretaria del tribunal en donde esta ubicado el expediente del acusado para programar una fecha para presentarse ante el juez.<\/p>\n<p style=\"text-align: justify;\">Entonces el abogado deposita una petici\u00f3n en el tribunal para limpiar su r\u00e9cord y se presenta para persuadir al juez que limpie su r\u00e9cord.<\/p>\n<h3><strong><img loading=\"lazy\" decoding=\"async\" class=\"thumbnail aligncenter\" src=\"https:\/\/www.therightdefender.com\/wp-content\/uploads\/2018\/01\/slider-gavel-spanish.jpg\" alt=\"LIMPIAR MI R\u00c9CORD\" width=\"215\" height=\"97\" \/><\/strong><\/h3>\n<h3 style=\"text-align: center;\"><strong>EL ABOGADO <\/strong><strong>PARA LIMPIAR MI R\u00c9CORD<br \/>\n<\/strong><\/h3>\n<h3 style=\"text-align: center;\"><span style=\"color: #ff0000;\"><strong>Llame al (760) 806-4333<\/strong><\/span><\/h3>\n<p style=\"text-align: center;\">Vista \u2013 Escondido \u2013 Carlsbad \u2013 Fallbrook \u2013 Oceanside \u2013 Encinitas \u2013 Solana Beach \u2013 San Ysidro \u2013 Chula Vista \u2013 San Diego \u2013 Carmel Valley \u2013 Pacific Beach \u2013 Del Mar \u2013 San Marcos \u2013 El Cajon \u2013 Leucadia \u2013 La Costa &#8211; Leucadia &#8211; Hillcrest &#8211; Poway &#8211; La Jolla &#8211; South Bay &#8211; North County &#8211; North Park &#8211; Poway &#8211; Rancho Bernardo &#8211; Rancho Santa Fe &#8211; Bonita &#8211; Ramona &#8211; Valley Center &#8211; North Park &#8211; Downtown San Diego &#8211; Condado del Norte &#8211; Bonsall &#8211; Solana Beach &#8211; La Mesa<span style=\"color: #000080;\"><br \/>\n<\/span><\/p>\n<p><img loading=\"lazy\" decoding=\"async\" class=\"attachment-60x60 aligncenter\" src=\"https:\/\/www.therightdefender.com\/wp-content\/uploads\/2018\/08\/martindalehubell-2-70x70.jpg\" sizes=\"auto, (max-width: 60px) 100vw, 60px\" srcset=\"https:\/\/www.therightdefender.com\/wp-content\/uploads\/2018\/08\/martindalehubell-2-70x70.jpg 70w, https:\/\/www.therightdefender.com\/wp-content\/uploads\/2018\/08\/martindalehubell-2-150x150.jpg 150w, https:\/\/www.therightdefender.com\/wp-content\/uploads\/2018\/08\/martindalehubell-2-130x130.jpg 130w, https:\/\/www.therightdefender.com\/wp-content\/uploads\/2018\/08\/martindalehubell-2-45x45.jpg 45w\" alt=\"\" width=\"88\" height=\"88\" \/><\/p>\n<p><a href=\"#top\"><span style=\"color: #3366ff;\"><strong>Regresar al inicio<\/strong><\/span><\/a><\/p>\n","protected":false},"excerpt":{"rendered":"<p>El mejor abogado para limpiar mi r\u00e9cord, David Pflaum tiene un historial de 30 a\u00f1os de experiencia y de exito en el condado de San Diego. Para saber m\u00e1s haga clic en testimonios de clientes. CALIFICAR PARA LIMPIAR MI RECORD Limpiar su r\u00e9cord puede ayudarle a solicitar estatus de inmigraci\u00f3n legal, conseguir un trabajo, proteger [&hellip;]<\/p>\n","protected":false},"author":2,"featured_media":0,"parent":183,"menu_order":0,"comment_status":"open","ping_status":"closed","template":"","meta":{"footnotes":""},"class_list":["post-5086","page","type-page","status-publish","hentry"],"aioseo_notices":[],"_links":{"self":[{"href":"https:\/\/www.therightdefender.com\/es\/wp-json\/wp\/v2\/pages\/5086","targetHints":{"allow":["GET"]}}],"collection":[{"href":"https:\/\/www.therightdefender.com\/es\/wp-json\/wp\/v2\/pages"}],"about":[{"href":"https:\/\/www.therightdefender.com\/es\/wp-json\/wp\/v2\/types\/page"}],"author":[{"embeddable":true,"href":"https:\/\/www.therightdefender.com\/es\/wp-json\/wp\/v2\/users\/2"}],"replies":[{"embeddable":true,"href":"https:\/\/www.therightdefender.com\/es\/wp-json\/wp\/v2\/comments?post=5086"}],"version-history":[{"count":0,"href":"https:\/\/www.therightdefender.com\/es\/wp-json\/wp\/v2\/pages\/5086\/revisions"}],"up":[{"embeddable":true,"href":"https:\/\/www.therightdefender.com\/es\/wp-json\/wp\/v2\/pages\/183"}],"wp:attachment":[{"href":"https:\/\/www.therightdefender.com\/es\/wp-json\/wp\/v2\/media?parent=5086"}],"curies":[{"name":"wp","href":"https:\/\/api.w.org\/{rel}","templated":true}]}}