{"id":5074,"date":"2015-03-23T11:35:12","date_gmt":"2015-03-23T18:35:12","guid":{"rendered":"http:\/\/www.therightdefender.com\/?page_id=5074"},"modified":"2024-05-26T10:41:14","modified_gmt":"2024-05-26T17:41:14","slug":"abogado-penalista-en-san-diego","status":"publish","type":"page","link":"https:\/\/www.therightdefender.com\/es\/servicios-legales\/abogado-penalista-en-san-diego\/","title":{"rendered":"El Excelente Abogado Penalista En San Diego"},"content":{"rendered":"<p style=\"text-align: left;\">El excelente abogado penalista en San Diego tiene \u00e9xito por parte de los acusados.\u00a0 El abogado David Pflaum afirma los derechos del acusado y hace todo para pelear el caso criminal a su satisfacci\u00f3n.<\/p>\n<p style=\"text-align: left;\"><span class=\"Y2IQFc\" lang=\"es\">Obtener los mejores resultados posibles en el sistema de justicia penal requiere preparaci\u00f3n.\u00a0 <\/span><span class=\"Y2IQFc\" lang=\"es\">El proceso de defensa comienza con una consulta para obtener los detalles de la investigaci\u00f3n y el arresto.\u00a0 Esta informaci\u00f3n hace que la pelota de defensa comience a rodar. <\/span><\/p>\n<p class=\"tw-data-text tw-text-large tw-ta\" dir=\"ltr\" style=\"text-align: left;\" data-placeholder=\"Translation\"><span class=\"Y2IQFc\" lang=\"es\">El abogado tiene que analizar los informes policiales, las declaraciones de los testigos, las llamadas al 911 y de despacho, los videos de c\u00e1maras corporales, las grabaciones de tel\u00e9fonos inteligentes, las fotograf\u00edas y los diagramas,\u00a0 para determinar la mejor estrategia de defensa. <\/span><\/p>\n<p style=\"text-align: left;\">Al fin el abogado se presenta ante el juez para <a href=\"https:\/\/www.therightdefender.com\/es\/tramites\/acuerdo-exitoso\/\"><span style=\"color: #0000ff;\">llegar a un acuerdo<\/span><\/a>, <a href=\"https:\/\/www.therightdefender.com\/es\/tramites\/acuerdo-exitoso\/\"><span style=\"color: #0000ff;\">eliminar los cargos<\/span><\/a>, <a href=\"https:\/\/www.therightdefender.com\/es\/proceso-de-una-sentencia\/\"><span style=\"color: #0000ff;\">evitar pasar tiempo en la\u00a0<\/span><\/a><span style=\"color: #0000ff;\"><a style=\"color: #0000ff;\" href=\"https:\/\/www.therightdefender.com\/es\/proceso-de-una-sentencia\/\">c\u00e1rcel<\/a><\/span>, <span style=\"color: #0000ff;\"><a style=\"color: #0000ff;\" href=\"https:\/\/www.therightdefender.com\/es\/reducir-el-castigo\/\">rebajar el castigo y la multa<\/a><\/span>.\u00a0<strong><img loading=\"lazy\" decoding=\"async\" class=\"wp-post-image aligncenter\" src=\"https:\/\/www.therightdefender.com\/wp-content\/uploads\/2014\/02\/exclusive-leafly-has-obtained-the-full-mexico-supreme-court-rulin-195x117.jpg\" sizes=\"auto, (max-width: 195px) 100vw, 195px\" srcset=\"https:\/\/www.therightdefender.com\/wp-content\/uploads\/2014\/02\/exclusive-leafly-has-obtained-the-full-mexico-supreme-court-rulin-195x117.jpg 195w, https:\/\/www.therightdefender.com\/wp-content\/uploads\/2014\/02\/exclusive-leafly-has-obtained-the-full-mexico-supreme-court-rulin-300x180.jpg 300w, https:\/\/www.therightdefender.com\/wp-content\/uploads\/2014\/02\/exclusive-leafly-has-obtained-the-full-mexico-supreme-court-rulin-768x461.jpg 768w, https:\/\/www.therightdefender.com\/wp-content\/uploads\/2014\/02\/exclusive-leafly-has-obtained-the-full-mexico-supreme-court-rulin-940x564.jpg 940w, https:\/\/www.therightdefender.com\/wp-content\/uploads\/2014\/02\/exclusive-leafly-has-obtained-the-full-mexico-supreme-court-rulin-620x372.jpg 620w, https:\/\/www.therightdefender.com\/wp-content\/uploads\/2014\/02\/exclusive-leafly-has-obtained-the-full-mexico-supreme-court-rulin.jpg 960w\" alt=\"abogado penalista en san diego\" width=\"93\" height=\"56\" \/><\/strong><\/p>\n<h3 style=\"text-align: center;\"><strong>EL EXCELENTE ABOGADO PENALISTA<\/strong><\/h3>\n<h3 style=\"text-align: center;\"><strong> EN SAN DIEGO <\/strong><\/h3>\n<p style=\"text-align: center;\"><span lang=\"es\">Haga clic en <a title=\"Testimonios*\" href=\"https:\/\/www.therightdefender.com\/es\/testimonios\/\"><span style=\"color: #0000ff;\">testimonios<\/span><\/a><\/span><\/p>\n<p style=\"text-align: center;\">Para saber m\u00e1s sobre el mejor servicio del abogado.<\/p>\n<p><img loading=\"lazy\" decoding=\"async\" class=\"attachment-60x60 aligncenter\" src=\"https:\/\/www.therightdefender.com\/wp-content\/uploads\/2018\/08\/martindalehubell-2-70x70.jpg\" sizes=\"auto, (max-width: 60px) 100vw, 60px\" srcset=\"https:\/\/www.therightdefender.com\/wp-content\/uploads\/2018\/08\/martindalehubell-2-70x70.jpg 70w, https:\/\/www.therightdefender.com\/wp-content\/uploads\/2018\/08\/martindalehubell-2-150x150.jpg 150w, https:\/\/www.therightdefender.com\/wp-content\/uploads\/2018\/08\/martindalehubell-2-130x130.jpg 130w, https:\/\/www.therightdefender.com\/wp-content\/uploads\/2018\/08\/martindalehubell-2-45x45.jpg 45w\" alt=\"abogado penalista en san diego\" width=\"59\" height=\"59\" \/><\/p>\n<h3 style=\"text-align: center;\"><span style=\"color: #ff0000;\"><strong>Llame al <a href=\"tel:+1 (760) 806-4333\"><span style=\"color: #ff0000;\">760-806-4333<\/span><\/a><\/strong><\/span><\/h3>\n<p>&nbsp;<\/p>\n","protected":false},"excerpt":{"rendered":"<p>El excelente abogado penalista en San Diego tiene \u00e9xito por parte de los acusados.\u00a0 El abogado David Pflaum afirma los derechos del acusado y hace todo para pelear el caso criminal a su satisfacci\u00f3n. Obtener los mejores resultados posibles en el sistema de justicia penal requiere preparaci\u00f3n.\u00a0 El proceso de defensa comienza con una consulta [&hellip;]<\/p>\n","protected":false},"author":2,"featured_media":0,"parent":183,"menu_order":0,"comment_status":"open","ping_status":"closed","template":"","meta":{"footnotes":""},"class_list":["post-5074","page","type-page","status-publish","hentry"],"aioseo_notices":[],"_links":{"self":[{"href":"https:\/\/www.therightdefender.com\/es\/wp-json\/wp\/v2\/pages\/5074","targetHints":{"allow":["GET"]}}],"collection":[{"href":"https:\/\/www.therightdefender.com\/es\/wp-json\/wp\/v2\/pages"}],"about":[{"href":"https:\/\/www.therightdefender.com\/es\/wp-json\/wp\/v2\/types\/page"}],"author":[{"embeddable":true,"href":"https:\/\/www.therightdefender.com\/es\/wp-json\/wp\/v2\/users\/2"}],"replies":[{"embeddable":true,"href":"https:\/\/www.therightdefender.com\/es\/wp-json\/wp\/v2\/comments?post=5074"}],"version-history":[{"count":0,"href":"https:\/\/www.therightdefender.com\/es\/wp-json\/wp\/v2\/pages\/5074\/revisions"}],"up":[{"embeddable":true,"href":"https:\/\/www.therightdefender.com\/es\/wp-json\/wp\/v2\/pages\/183"}],"wp:attachment":[{"href":"https:\/\/www.therightdefender.com\/es\/wp-json\/wp\/v2\/media?parent=5074"}],"curies":[{"name":"wp","href":"https:\/\/api.w.org\/{rel}","templated":true}]}}