{"id":4180,"date":"2014-11-05T11:28:54","date_gmt":"2014-11-05T19:28:54","guid":{"rendered":"http:\/\/www.therightdefender.com\/?page_id=4180"},"modified":"2024-02-13T14:09:29","modified_gmt":"2024-02-13T22:09:29","slug":"unas-estrategias-de-defensa-penal","status":"publish","type":"page","link":"https:\/\/www.therightdefender.com\/es\/servicios-legales\/unas-estrategias-de-defensa-penal\/","title":{"rendered":"El Mejor Abogado Para Unas Estrategias De Defensa Penal"},"content":{"rendered":"<p style=\"text-align: left;\">As\u00ed son unas estrategias de defensa penal que el abogado exitoso David Pflaum recomienda a los acusados.<\/p>\n<p style=\"text-align: left;\">Toda la informaci\u00f3n sobre un caso criminal es muy importante.\u00a0 El abogado s\u00f3lido pasa tiempo con el acusado para saber su explicaci\u00f3n de lo que caus\u00f3 su detenci\u00f3n.<\/p>\n<p>Tambi\u00e9n es importante si hubieron testigos a favor o en contra del acusado, la conducta de la polic\u00eda durante <span style=\"color: #ff0000;\"><a style=\"color: #ff0000;\" title=\"Investigaci\u00f3n Criminal y Arresto\" href=\"http:\/\/www.therightdefender.com\/es\/buenos-resultados\/investigacion-criminal\/\">la investigaci\u00f3n<\/a><\/span> y el arresto, si hay pruebas para sostener los cargos, la evidencia, y las declaraciones do los testigos.<\/p>\n<p>Cada caso es \u00fanico y requiere un an\u00e1lisis de los hechos y la ley.\u00a0 Llame al abogado para recibir una accesoria legal.<\/p>\n<ol>\n<li>No tiene que estar de acuerdo en que la polic\u00eda le esculquen<\/li>\n<li>Usted no tiene que hablar con la polic\u00eda<\/li>\n<li>Si usted es un sospechoso, contrate un abogado penalista<\/li>\n<li>Contrate al abogado litigante m\u00e1s experimentado<\/li>\n<li>Deje que su abogado hable por usted con la polic\u00eda<\/li>\n<li>Ayude a su abogado a crear una estrategia de defensa<\/li>\n<li>Contacte testigos y vea la escena de la detenci\u00f3n<\/li>\n<li>Busque las mejores fortalezas en el caso<\/li>\n<\/ol>\n<p>&nbsp;<\/p>\n<p>Cuando el abogado ya tiene toda la informaci\u00f3n sobre el acusado, los informes de la polic\u00eda, los testimonios de los testigos, y las evidencias, el abogado se presenta ante el juez.\u00a0 Para llegar a <span style=\"color: #3366ff;\"><a style=\"color: #3366ff;\" href=\"http:\/\/www.therightdefender.com\/es\/buenos-resultados\/acuerdo-exitoso\/\"><span style=\"color: #ff0000;\">un acuerdo<\/span><\/a><\/span>, <span style=\"color: #3366ff;\"><a style=\"color: #3366ff;\" href=\"http:\/\/www.therightdefender.com\/es\/tramites\/acuerdo-exitoso\/\"><span style=\"color: #ff0000;\">eliminar o reducir los cargos<\/span><\/a><\/span>, <span style=\"color: #3366ff;\"><a style=\"color: #3366ff;\" href=\"http:\/\/www.therightdefender.com\/es\/proceso-de-una-sentencia\/\"><span style=\"color: #ff0000;\">evitar pasar tiempo en la c\u00e1rcel<\/span><\/a><\/span>, <span style=\"color: #ff0000;\"><a style=\"color: #ff0000;\" href=\"http:\/\/www.therightdefender.com\/es\/reducir-el-castigo\/\">rebajar el castigo y la multa<\/a>.<\/span><\/p>\n<h3><\/h3>\n<h4><span title=\"These are the reasons David Pflaum is the \u201cThe Right Defender.\u201d Reach out to him for legal representation and see what a difference he can make in your life.\"><span title=\"He is dedicated to protecting his clients rights and is the right attorney for the job.&lt;\/p&gt;&lt;br \/&gt;&lt;br \/&gt;&lt;br \/&gt;&lt;br \/&gt;&lt;br \/&gt;&lt;br \/&gt;&lt;br \/&gt;&lt;br \/&gt;&lt;br \/&gt;&lt;br \/&gt;&lt;br \/&gt;&lt;br \/&gt;&lt;br \/&gt;&lt;br \/&gt;&lt;br \/&gt;&lt;br \/&gt;&lt;br \/&gt;&lt;br \/&gt;&lt;br \/&gt;&lt;br \/&gt;&lt;br \/&gt;&lt;br \/&gt;&lt;br \/&gt;&lt;br \/&gt;&lt;br \/&gt;&lt;br \/&gt;&lt;br \/&gt;&lt;br \/&gt;&lt;br \/&gt;&lt;br \/&gt;&lt;br \/&gt;&lt;br \/&gt;&lt;br \/&gt;&lt;br \/&gt;&lt;br \/&gt;&lt;br \/&gt;&lt;br \/&gt;&lt;br \/&gt;&lt;br \/&gt;&lt;br \/&gt;&lt;br \/&gt;&lt;br \/&gt;&lt;br \/&gt;&lt;br \/&gt;&lt;br \/&gt;&lt;br \/&gt;&lt;br \/&gt;&lt;br \/&gt;&lt;br \/&gt;&lt;br \/&gt;&lt;br \/&gt;&lt;br \/&gt;&lt;br \/&gt;&lt;br \/&gt;&lt;br \/&gt;&lt;br \/&gt;&lt;br \/&gt;&lt;br \/&gt;&lt;br \/&gt;&lt;br \/&gt; &lt;p&gt;\"><span id=\"result_box\" lang=\"es\"><strong><img loading=\"lazy\" decoding=\"async\" class=\"wp-post-image aligncenter\" src=\"https:\/\/www.therightdefender.com\/wp-content\/uploads\/2014\/02\/exclusive-leafly-has-obtained-the-full-mexico-supreme-court-rulin-195x117.jpg\" sizes=\"auto, (max-width: 195px) 100vw, 195px\" srcset=\"https:\/\/www.therightdefender.com\/wp-content\/uploads\/2014\/02\/exclusive-leafly-has-obtained-the-full-mexico-supreme-court-rulin-195x117.jpg 195w, https:\/\/www.therightdefender.com\/wp-content\/uploads\/2014\/02\/exclusive-leafly-has-obtained-the-full-mexico-supreme-court-rulin-300x180.jpg 300w, https:\/\/www.therightdefender.com\/wp-content\/uploads\/2014\/02\/exclusive-leafly-has-obtained-the-full-mexico-supreme-court-rulin-768x461.jpg 768w, https:\/\/www.therightdefender.com\/wp-content\/uploads\/2014\/02\/exclusive-leafly-has-obtained-the-full-mexico-supreme-court-rulin-940x564.jpg 940w, https:\/\/www.therightdefender.com\/wp-content\/uploads\/2014\/02\/exclusive-leafly-has-obtained-the-full-mexico-supreme-court-rulin-620x372.jpg 620w, https:\/\/www.therightdefender.com\/wp-content\/uploads\/2014\/02\/exclusive-leafly-has-obtained-the-full-mexico-supreme-court-rulin.jpg 960w\" alt=\"estrategias de defensa penal\" width=\"93\" height=\"56\" \/><\/strong><\/span><\/span><\/span><\/h4>\n<h3 style=\"text-align: center;\"><span style=\"color: #ff0000;\">Llame al 760-806-4333<\/span><\/h3>\n<p style=\"text-align: center;\"><span style=\"color: #000080;\">\u00a0<\/span><\/p>\n<p><a href=\"#top\"><span style=\"color: #3366ff;\"><strong>Regresar al inicio<\/strong><\/span><\/a><\/p>\n","protected":false},"excerpt":{"rendered":"<p>As\u00ed son unas estrategias de defensa penal que el abogado exitoso David Pflaum recomienda a los acusados. Toda la informaci\u00f3n sobre un caso criminal es muy importante.\u00a0 El abogado s\u00f3lido pasa tiempo con el acusado para saber su explicaci\u00f3n de lo que caus\u00f3 su detenci\u00f3n. Tambi\u00e9n es importante si hubieron testigos a favor o en [&hellip;]<\/p>\n","protected":false},"author":2,"featured_media":0,"parent":183,"menu_order":0,"comment_status":"open","ping_status":"closed","template":"","meta":{"footnotes":""},"class_list":["post-4180","page","type-page","status-publish","hentry"],"aioseo_notices":[],"_links":{"self":[{"href":"https:\/\/www.therightdefender.com\/es\/wp-json\/wp\/v2\/pages\/4180","targetHints":{"allow":["GET"]}}],"collection":[{"href":"https:\/\/www.therightdefender.com\/es\/wp-json\/wp\/v2\/pages"}],"about":[{"href":"https:\/\/www.therightdefender.com\/es\/wp-json\/wp\/v2\/types\/page"}],"author":[{"embeddable":true,"href":"https:\/\/www.therightdefender.com\/es\/wp-json\/wp\/v2\/users\/2"}],"replies":[{"embeddable":true,"href":"https:\/\/www.therightdefender.com\/es\/wp-json\/wp\/v2\/comments?post=4180"}],"version-history":[{"count":0,"href":"https:\/\/www.therightdefender.com\/es\/wp-json\/wp\/v2\/pages\/4180\/revisions"}],"up":[{"embeddable":true,"href":"https:\/\/www.therightdefender.com\/es\/wp-json\/wp\/v2\/pages\/183"}],"wp:attachment":[{"href":"https:\/\/www.therightdefender.com\/es\/wp-json\/wp\/v2\/media?parent=4180"}],"curies":[{"name":"wp","href":"https:\/\/api.w.org\/{rel}","templated":true}]}}