{"id":4131,"date":"2014-11-03T15:28:08","date_gmt":"2014-11-03T23:28:08","guid":{"rendered":"http:\/\/www.therightdefender.com\/?page_id=4131"},"modified":"2023-08-06T11:40:06","modified_gmt":"2023-08-06T18:40:06","slug":"como-defender-un-caso-criminal","status":"publish","type":"page","link":"https:\/\/www.therightdefender.com\/es\/buenos-resultados\/como-defender-un-caso-criminal\/","title":{"rendered":"Como Defender Un Caso Criminal"},"content":{"rendered":"<p><img loading=\"lazy\" decoding=\"async\" class=\"wp-post-image aligncenter\" src=\"https:\/\/www.therightdefender.com\/wp-content\/uploads\/2014\/02\/exclusive-leafly-has-obtained-the-full-mexico-supreme-court-rulin-195x117.jpg\" sizes=\"auto, (max-width: 195px) 100vw, 195px\" srcset=\"https:\/\/www.therightdefender.com\/wp-content\/uploads\/2014\/02\/exclusive-leafly-has-obtained-the-full-mexico-supreme-court-rulin-195x117.jpg 195w, https:\/\/www.therightdefender.com\/wp-content\/uploads\/2014\/02\/exclusive-leafly-has-obtained-the-full-mexico-supreme-court-rulin-300x180.jpg 300w, https:\/\/www.therightdefender.com\/wp-content\/uploads\/2014\/02\/exclusive-leafly-has-obtained-the-full-mexico-supreme-court-rulin-768x461.jpg 768w, https:\/\/www.therightdefender.com\/wp-content\/uploads\/2014\/02\/exclusive-leafly-has-obtained-the-full-mexico-supreme-court-rulin-940x564.jpg 940w, https:\/\/www.therightdefender.com\/wp-content\/uploads\/2014\/02\/exclusive-leafly-has-obtained-the-full-mexico-supreme-court-rulin-620x372.jpg 620w, https:\/\/www.therightdefender.com\/wp-content\/uploads\/2014\/02\/exclusive-leafly-has-obtained-the-full-mexico-supreme-court-rulin.jpg 960w\" alt=\"como defender un caso criminal\" width=\"105\" height=\"63\" \/><\/p>\n<p style=\"text-align: left;\">El abogado penalista David Pflaum, con 30 a\u00f1os de \u00e9xito, sabe bien las estrategias como defender un caso criminal.<\/p>\n<p style=\"text-align: left;\">Tambi\u00e9n como llegar a un <span style=\"color: #ff0000;\"><a style=\"color: #ff0000;\" href=\"https:\/\/www.therightdefender.com\/es\/tramites\/acuerdo-exitoso\/\">acuerdo exitoso<\/a><\/span> ante el juez, eliminar y reducir los cargos, <span style=\"color: #ff0000;\"><a style=\"color: #ff0000;\" href=\"http:\/\/www.therightdefender.com\/es\/proceso-de-una-sentencia\/\">evitar pasar tiempo<\/a><\/span> en la c\u00e1rcel, <span style=\"color: #3366ff;\"><a style=\"color: #3366ff;\" href=\"http:\/\/www.therightdefender.com\/es\/reducir-el-castigo\/\"><span style=\"color: #ff0000;\">rebajar el castigo<\/span><\/a><\/span>.<\/p>\n<p style=\"text-align: left;\">Para saber m\u00e1s sobre el mejor servicio, haga clic en <a title=\"Testimonios\" href=\"https:\/\/therightdefender.com\/es\/testimonios\/\"><span style=\"color: #ff0000;\">comentarios<\/span>.<\/a><\/p>\n<p style=\"text-align: center;\">\u00a0*\u00a0\u00a0\u00a0\u00a0 *\u00a0\u00a0\u00a0\u00a0 *<\/p>\n<p style=\"text-align: left;\">El abogado pasa tiempo con el acusado para saber su explicaci\u00f3n de lo que caus\u00f3 su detenci\u00f3n.<\/p>\n<p style=\"text-align: left;\">La siguiente informaci\u00f3n es importante.<\/p>\n<ul>\n<li style=\"text-align: left;\">La manera que sucedi\u00f3 el arresto<\/li>\n<li style=\"text-align: left;\">El lugar del arresto<\/li>\n<li style=\"text-align: left;\">Si hubo testigos<\/li>\n<li style=\"text-align: left;\">Quienes son los testigos<\/li>\n<li style=\"text-align: left;\">El testimonio de los testigos<\/li>\n<li>Quien es la v\u00edctima<\/li>\n<li>Si la v\u00edctima miente<\/li>\n<li style=\"text-align: justify;\">La conducta de los oficiales<\/li>\n<li style=\"text-align: justify;\">Cual evidencia y pruebas existen<\/li>\n<li style=\"text-align: justify;\">Si el cliente hizo una confesi\u00f3n<\/li>\n<li style=\"text-align: justify;\">Si hay fotos, v\u00eddeos o grabaciones sobre el delito<\/li>\n<\/ul>\n<p style=\"text-align: justify;\">Tambi\u00e9n es importante que el juez sabe m\u00e1s informaci\u00f3n sobre el acusado.<\/p>\n<ul>\n<li>Cartas de recomendaci\u00f3n<\/li>\n<li>Cartas de trabajo<\/li>\n<li>Apoyo de la comunidad<\/li>\n<\/ul>\n<ul>\n<li>Prueba de participaci\u00f3n de la iglesia<\/li>\n<\/ul>\n<ul>\n<li>Declaraciones de testigos<\/li>\n<\/ul>\n<ul>\n<li>Declaraciones de miembros de su familia<\/li>\n<\/ul>\n<ul>\n<li>Prueba de un acuerdo con la ofendida<\/li>\n<\/ul>\n<ul>\n<li>Prueba de pago de da\u00f1os<\/li>\n<\/ul>\n<ul>\n<li>Certificados profesionales<\/li>\n<\/ul>\n<ul>\n<li>Prueba de rehabilitaci\u00f3n<\/li>\n<\/ul>\n<h3 id=\"no-suficiente-evidencia\" style=\"text-align: center;\"><span style=\"color: #333333;\"><strong>*\u00a0\u00a0\u00a0\u00a0 *\u00a0\u00a0\u00a0\u00a0 *<br \/>\n<\/strong><\/span><\/h3>\n<p style=\"text-align: left;\">Muchas veces la polic\u00eda arresta a un acusado sin tener suficiente evidencia del crimen.<\/p>\n<p style=\"text-align: left;\">Despu\u00e9s del arresto el abogado revisa la supuesta evidencia en contra del acusado y demostrar al juez y al fiscal que <span style=\"color: #3366ff;\"><a style=\"color: #3366ff;\" title=\"Petici\u00f3n Para Eliminar Evidencia\" href=\"http:\/\/www.therightdefender.com\/es\/tramites\/peticion-para-eliminar-evidencia\/\"><span style=\"color: #ff0000;\">la evidencia no es suficiente<\/span><\/a><\/span> para seguir con el caso.<\/p>\n<p style=\"text-align: left;\">La evidencia en un caso criminal puede tener la forma de testimonios, v\u00eddeos, fotos, llamadas grabadas como de 911, documentos, registros m\u00e9dicos, registros de tel\u00e9fono, resultados de pruebas de sangre o de aliento, huellas digitales, pertenencias, propiedad da\u00f1ada y mucho m\u00e1s.<\/p>\n<p style=\"text-align: left;\">El abogado puede pedir una audiencia especial para demostrar que no existe suficiente evidencia.\u00a0 Como resultado el caso se desestima.<\/p>\n<h3 id=\"identificado-por-error\" style=\"text-align: center;\"><span style=\"color: #333333;\"><strong>LA DEFENSA DEL ACUSADO IDENTIFICADO POR ERROR<\/strong><\/span><\/h3>\n<p style=\"text-align: left;\">En muchos casos los testigos pueden equivocarse y mal identificar a un acusado si estaba bajo mucha presi\u00f3n cuando observ\u00f3 un delito.<\/p>\n<p style=\"text-align: left;\">Si la iluminaci\u00f3n del lugar, la hora del incidente, la distancia\u00a0 y el estado mental de la v\u00edctima son algunos de los factores que se deben considerar al evaluar la credibilidad del testigo.<\/p>\n<p style=\"text-align: left;\">Cuando un oficial de polic\u00eda presiona a un testigo a identificar inmediatamente a un sospechoso en la escena del crimen, el testigo es m\u00e1s propenso a identificar a alguien por error.<\/p>\n<p style=\"text-align: left;\">Si un testigo se presenta en la corte y no puede identificar al acusado o si el testigo identifica al acusado y el abogado prueba que el testigo tiene motivo para echar mentiras, el abogado puede pedir al juez o al fiscal que el <span style=\"color: #ff0000;\"><a style=\"color: #ff0000;\" title=\"Buenos Resultados\" href=\"http:\/\/www.therightdefender.com\/es\/buenos-resultados\/\">caso sea retirado<\/a><\/span>.<\/p>\n<h3 id=\"defensa-propia\" style=\"text-align: center;\"><span style=\"color: #333333;\"><strong>DEFENSA PROPIA<\/strong><\/span><\/h3>\n<p style=\"text-align: left;\">Todos tienen el derecho de defenderse ante una amenaza o un ataque personal.<\/p>\n<p style=\"text-align: left;\">De hecho hay leyes que dicen que una persona tiene el derecho de poner resistencia y usar fuerza en contra de un atacante, especialmente en su propio hogar.<\/p>\n<p id=\"tw-target-text\" class=\"tw-data-text vk_txt tw-ta tw-text-small\" dir=\"ltr\" style=\"text-align: left;\" data-placeholder=\"Translation\"><span lang=\"es\">Una persona no puede ser culpable de un delito si \u00e9l o ella utiliza la fuerza contra otra persona en leg\u00edtima defensa propia o defensa de otro. <\/span><\/p>\n<p class=\"tw-data-text vk_txt tw-ta tw-text-small\" dir=\"ltr\" style=\"text-align: left;\" data-placeholder=\"Translation\"><span lang=\"es\">Una<span style=\"color: #333333;\"> persona act\u00faa en leg\u00edtima defensa propia o defensa de otro.<\/span><\/span><\/p>\n<ol>\n<li class=\"tw-data-text vk_txt tw-ta tw-text-small\" dir=\"ltr\" style=\"text-align: left;\" data-placeholder=\"Translation\"><span lang=\"es\" style=\"color: #333333;\">La persona cree razonablemente que \u00e9l o ella o alguien m\u00e1s estaba en peligro inminente de sufrir lesiones corporales o de ser tocado ilegalmente<\/span><\/li>\n<li class=\"tw-data-text vk_txt tw-ta tw-text-small\" dir=\"ltr\" style=\"text-align: left;\" data-placeholder=\"Translation\"><span lang=\"es\" style=\"color: #333333;\">La persona razonablemente cree que el uso inmediato de fuerza era necesaria para defenderse contra ese peligro<\/span><\/li>\n<li class=\"tw-data-text vk_txt tw-ta tw-text-small\" dir=\"ltr\" data-placeholder=\"Translation\"><span lang=\"es\" style=\"color: #333333;\">La persona no utiliz\u00f3 m\u00e1s fuerza de la que era razonablemente necesaria para defenderse contra ese peligro <\/span><\/li>\n<\/ol>\n<p><span lang=\"es\">La creencia de una persona debe ser razonable y \u00e9l o ella debe haber actuado a causa de esa creencia. <\/span><\/p>\n<p><span lang=\"es\">Una persona s\u00f3lo tiene derecho a utilizar la cantidad de fuerza que una persona razonable cree que es necesaria en esa misma situaci\u00f3n.\u00a0<\/span><\/p>\n<p>El abogado puede utilizar esta defensa a favor de su cliente en casos de asalto, agresi\u00f3n, violencia dom\u00e9stica, robo, y homicidio.<\/p>\n<h3 id=\"defensa-de-terceros-o-propiedad\" style=\"text-align: center;\"><span style=\"color: #333333;\"><strong>DEFENSA DE TERCEROS O DE LA PROPIEDAD<\/strong><\/span><\/h3>\n<p style=\"text-align: left;\">Igual que uno tiene el derecho de defenderse, uno tiene el mismo derecho de defender a alguien m\u00e1s y de defender su propiedad personal.<\/p>\n<p style=\"text-align: left;\">El abogado puede utilizar la defensa de terceros para beneficiar a su cliente.<\/p>\n<h3 id=\"falta-de-intento-criminal\" style=\"text-align: center;\"><span style=\"color: #333333;\"><strong>LA DEFENSA DE FALTA DE INTENTO CRIMINAL<\/strong><\/span><\/h3>\n<p style=\"text-align: left;\">La ley dice que para cometer un delito, una persona debe tener la intenci\u00f3n criminal de hacerlo.<\/p>\n<p style=\"text-align: left;\">Un abogado, con la ayuda de su cliente y otros testigos, puede probar que el acusado no tuvo la intenci\u00f3n criminal de quebrantar la ley, o sea que no cometi\u00f3 m\u00e1s que un simple error.<\/p>\n<p style=\"text-align: left;\">Eso puede resultar en que se retiren los cargos.<\/p>\n<p style=\"text-align: left;\">El abogado puede depender en esta defensa porque se aplica en muchos casos.<\/p>\n<h3 id=\"error-de-los-hechos\" style=\"text-align: center;\"><span style=\"color: #333333;\"><strong>LA DEFENSA DE ERROR DE LOS HECHOS<\/strong><\/span><\/h3>\n<p style=\"text-align: left;\">El abogado sabe bien que a veces los polic\u00edas cometen errores al arrestar a una persona.\u00a0 A veces existen errores en los testimonios de un testigo.<\/p>\n<p style=\"text-align: left;\">Incluso puede ser que el acusado cometa un error y por eso el caso sea eliminado.<\/p>\n<p style=\"text-align: left;\">Por ejemplo, si una persona sale de un supermercado o tienda sin pagar, no por no haber tenido la intenci\u00f3n de pagar, sino porque se olvidaron que hab\u00edan puesto el art\u00edculo en su carrito o en su carriola, esto ser\u00eda una justificaci\u00f3n para lograr que se elimine el caso.<\/p>\n<p style=\"text-align: left;\">El abogado puede anular o reducir los cargos con la aprobaci\u00f3n del juez o de la fiscal.<\/p>\n<h3 id=\"detencion-busqueda-arresto-ilegal\" style=\"text-align: center;\"><span style=\"color: #333333;\"><strong>DISPUTAR LA DETENCI\u00d3N Y B\u00daSQUEDA <\/strong><\/span><span style=\"text-decoration: underline; color: #333333;\"><strong><br \/>\n<\/strong><\/span><\/h3>\n<p style=\"text-align: left;\">El abogado\u00a0 sabe bien que a veces la polic\u00eda detiene a alguien, o entran en su casa, o esculca un auto, sin justificaci\u00f3n legal.<\/p>\n<p style=\"text-align: left;\">En estas situaciones, la ley dice que el juez no puede dar su aprobaci\u00f3n a la polic\u00eda por su mala conducta.<\/p>\n<p style=\"text-align: left;\">Por lo tanto, el abogado puede depositar una petici\u00f3n y un juez puede <span style=\"color: #ff0000;\"><a style=\"color: #ff0000;\" title=\"Petici\u00f3n Para Eliminar Evidencia\" href=\"http:\/\/www.therightdefender.com\/es\/tramites\/peticion-para-eliminar-evidencia\/\">eliminar la evidencia<\/a><\/span> en contra del acusado.<\/p>\n<p style=\"text-align: left;\">Como resultado el juez lo deja salir libre el acusado.<\/p>\n<h3 id=\"confesion-a-fuerzas\" style=\"text-align: center;\"><span style=\"color: #333333;\"><strong>CONFESI\u00d3N POR MEDIO DE COERCI\u00d3N<\/strong><\/span><\/h3>\n<p style=\"text-align: left;\">Algunas veces la polic\u00eda interroga a una persona a la fuerza, o sin decirle al detenido que tiene derecho a guardar silencio o solicitar un abogado.<\/p>\n<p style=\"text-align: left;\">En esta situaci\u00f3n el abogado es capaz de pedir que un juez elimine la confesi\u00f3n y el acusado puede ser libre de los cargos.<\/p>\n<h3 id=\"ninguna-prueba-del-crimen\" style=\"text-align: center;\"><span style=\"color: #333333;\"><strong>NINGUNA PRUEBA DEL CRIMEN<\/strong><\/span><\/h3>\n<p style=\"text-align: left;\">A veces la polic\u00eda hace un arresto, pero el abogado del acusado puede probar, para la satisfacci\u00f3n del juez o el jurado, que <a title=\"Servicios Legales\" href=\"http:\/\/www.therightdefender.com\/es\/servicios-legales\/\"><span style=\"color: #3366ff;\"><span style=\"color: #ff0000;\">no existe suficiente evidencia<\/span><\/span><\/a> en contra del acusado.<\/p>\n<p style=\"text-align: left;\">Cuando el abogado ya tiene toda la informaci\u00f3n sobre el cliente, informaci\u00f3n de los informes de la polic\u00eda, c\u00f3mo fue la detenci\u00f3n y el arresto del acusado, la conducta de la polic\u00eda, el testimonio de los testigos, y las supuestas pruebas que existe, el abogado se presenta en la corte ante el juez para llegar a un acuerdo.<\/p>\n<p style=\"text-align: center;\">\u00a0*\u00a0\u00a0\u00a0\u00a0 *\u00a0\u00a0\u00a0\u00a0 *<\/p>\n<h3><\/h3>\n<h3 style=\"text-align: center;\"><span style=\"color: #000000;\"><strong><span title=\"First, he understands the pressure and anxiety that his clients go through when being investigated for a crime, getting cited or served with legal papers, being arrested and taken to jail, arranging to get out of jail, getting prosecuted in court, and going through\">EL MEJOR ABOGADO PENALISTA EN SAN DIEGO<\/span><\/strong><\/span><span style=\"text-decoration: underline;\"><span title=\"First, he understands the pressure and anxiety that his clients go through when being investigated for a crime, getting cited or served with legal papers, being arrested and taken to jail, arranging to get out of jail, getting prosecuted in court, and going through\"><strong><br \/>\n<\/strong><\/span><\/span><\/h3>\n<h3 style=\"text-align: center;\"><strong>PARA DEFENDER UN CASO CRIMINAL<\/strong><\/h3>\n<h3 style=\"text-align: center;\"><span style=\"color: #ff0000;\">\u00a0<strong>Llame al <\/strong><a style=\"color: #ff0000;\" title=\"Cont\u00e1ctenos Por Medio de Esta P\u00e1gina o en Nuestras Oficinas\" href=\"http:\/\/www.therightdefender.com\/es\/contactos\/\"><strong>760-806-4333 <\/strong><\/a><\/span><\/h3>\n<p style=\"text-align: center;\">Vista \u2013 Escondido \u2013 Carlsbad \u2013 Fallbrook \u2013 Oceanside \u2013 Encinitas \u2013 Solana Beach \u2013 San Ysidro \u2013 Chula Vista \u2013 San Diego \u2013\u00a0 Carmel Valley \u2013 Pacific Beach \u2013 Del Mar \u2013 San Marcos \u2013 El Cajon \u2013 La Costa \u2013 Leucadia \u2013 La Jolla \u2013 Bonsall &#8211; Mission Beach \u2013 Imperial Beach \u2013 North Park \u2013 Hillcrest \u2013 Rancho Santa Fe \u2013 Poway \u2013 North County \u2013 South Bay \u2013 Coronado \u2013 Miramar \u2013 Scripps Ranch \u2013 Rancho Bernardo \u2013 Ramona \u2013 Mission Hills \u2013 Bonita \u2013 Bonsall &#8211; Valley Center &#8211; Condado del Norte &#8211; National City<span style=\"color: #000080;\"><br \/>\n<\/span><\/p>\n<p><a href=\"#top\"><span style=\"color: #3366ff;\"><strong>Regresar al inicio<\/strong><\/span><\/a><\/p>\n","protected":false},"excerpt":{"rendered":"<p>El abogado penalista David Pflaum, con 30 a\u00f1os de \u00e9xito, sabe bien las estrategias como defender un caso criminal. Tambi\u00e9n como llegar a un acuerdo exitoso ante el juez, eliminar y reducir los cargos, evitar pasar tiempo en la c\u00e1rcel, rebajar el castigo. Para saber m\u00e1s sobre el mejor servicio, haga clic en comentarios. \u00a0*\u00a0\u00a0\u00a0\u00a0 [&hellip;]<\/p>\n","protected":false},"author":2,"featured_media":0,"parent":175,"menu_order":0,"comment_status":"open","ping_status":"closed","template":"","meta":{"footnotes":""},"class_list":["post-4131","page","type-page","status-publish","hentry"],"aioseo_notices":[],"_links":{"self":[{"href":"https:\/\/www.therightdefender.com\/es\/wp-json\/wp\/v2\/pages\/4131","targetHints":{"allow":["GET"]}}],"collection":[{"href":"https:\/\/www.therightdefender.com\/es\/wp-json\/wp\/v2\/pages"}],"about":[{"href":"https:\/\/www.therightdefender.com\/es\/wp-json\/wp\/v2\/types\/page"}],"author":[{"embeddable":true,"href":"https:\/\/www.therightdefender.com\/es\/wp-json\/wp\/v2\/users\/2"}],"replies":[{"embeddable":true,"href":"https:\/\/www.therightdefender.com\/es\/wp-json\/wp\/v2\/comments?post=4131"}],"version-history":[{"count":0,"href":"https:\/\/www.therightdefender.com\/es\/wp-json\/wp\/v2\/pages\/4131\/revisions"}],"up":[{"embeddable":true,"href":"https:\/\/www.therightdefender.com\/es\/wp-json\/wp\/v2\/pages\/175"}],"wp:attachment":[{"href":"https:\/\/www.therightdefender.com\/es\/wp-json\/wp\/v2\/media?parent=4131"}],"curies":[{"name":"wp","href":"https:\/\/api.w.org\/{rel}","templated":true}]}}