{"id":339,"date":"2014-02-18T15:55:47","date_gmt":"2014-02-18T23:55:47","guid":{"rendered":"http:\/\/192.185.4.155\/~dmpjury\/?page_id=339"},"modified":"2021-01-18T13:35:04","modified_gmt":"2021-01-18T21:35:04","slug":"dmv-audiencia","status":"publish","type":"page","link":"https:\/\/www.therightdefender.com\/es\/buenos-resultados\/dmv-audiencia\/","title":{"rendered":"DMV Audiencia"},"content":{"rendered":"<p><img loading=\"lazy\" decoding=\"async\" class=\"attachment-266x266 aligncenter\" src=\"https:\/\/www.therightdefender.com\/wp-content\/uploads\/2014\/02\/exclusive-leafly-has-obtained-the-full-mexico-supreme-court-rulin-e1579201662190.jpg\" alt=\"dmv audiencia\" width=\"146\" height=\"85\" \/><\/p>\n<p style=\"text-align: justify;\">El mejor abogado con 30 a\u00f1os de experiencia y de \u00e9xito para sacar, recuperar o mantener una licencia de manejo durante una DMV audiencia.<\/p>\n<p style=\"text-align: justify;\">Los siguientes son ejemplos de \u00e9xitos que ha tenido <span style=\"color: #000000;\">el <\/span>abogado David Pflaum.*<\/p>\n<p style=\"text-align: left;\"><strong>1.\u00a0 Se Neg\u00f3 a Dar Prueba de Sangre o Prueba de Aliento<\/strong><\/p>\n<p style=\"text-align: justify;\">El cliente era un veterano de guerra que fue detenido por la polic\u00eda por la noche despu\u00e9s de salir de un bar.\u00a0 El cliente, que hablaba con fluidez el Espa\u00f1ol, estaba cansado y hambriento.<\/p>\n<p style=\"text-align: justify;\">El oficial de polic\u00eda crey\u00f3 que el cliente estaba bajo la influencia del alcohol.\u00a0 El oficial de polic\u00eda afirm\u00f3 que el cliente se neg\u00f3 a someterse a una prueba de aliento o sangre.\u00a0 Si la negativa fuera v\u00e1lida, la licencia de conducir ser\u00eda suspendida por un a\u00f1o.<\/p>\n<p style=\"text-align: justify;\">Se estableci\u00f3 contacto con el Departamento de Veh\u00edculos Motorizados en nombre del cliente y solicitamos una audiencia administrativa.\u00a0 Recibimos y analizamos el informe policial.<\/p>\n<p style=\"text-align: justify;\">Entrevistamos al cliente de manera exhaustiva.\u00a0 El oficial de polic\u00eda fue citado a declarar en la audiencia administrativa.\u00a0 El cliente testific\u00f3 en la audiencia.<\/p>\n<p style=\"text-align: justify;\">Durante la audiencia, logramos convencer al funcionario de audiencias de seguridad vial de que el cliente no se neg\u00f3 deliberadamente a dar una muestra de sangre o aliento, dando lugar a la devoluci\u00f3n de su licencia de conducir. (Asunto de J.E.)<\/p>\n<p style=\"text-align: left;\"><strong>2.\u00a0 P\u00e9rdida de la Licencia de Conducir Debido a la Posesi\u00f3n de Identificaci\u00f3n Falsa<\/strong><\/p>\n<p style=\"text-align: justify;\">El Departamento de Veh\u00edculos Motorizados intent\u00f3 suspender la licencia de conducir de nuestros clientes debido a la posesi\u00f3n de una identificaci\u00f3n falsa.<\/p>\n<p style=\"text-align: justify;\">Sin embargo, tras una investigaci\u00f3n, nos enteramos de que el Departamento de Veh\u00edculos Motorizados no cumpli\u00f3 con las reglas y regulaciones apropiadas, incluyendo el aplazamiento de la audiencia sin justa causa y env\u00edar aviso a la direcci\u00f3n equivocada.<\/p>\n<p style=\"text-align: justify;\">Pedimos a DMV abandonar su sanci\u00f3n y restablecer la licencia de conducir, el DMV se neg\u00f3.\u00a0 Presentamos un recurso de Mandamus con \u00e9xito (Asunto de B.B.)<\/p>\n<p style=\"text-align: left;\"><strong>3. P\u00e9rdida de la Licencia de Conducir Debido a Acusaci\u00f3n de Conducir Negligentemente<\/strong><\/p>\n<p>Un a\u00f1o de suspensi\u00f3n reducido a 90 d\u00edas (Asunto de K.W.)<\/p>\n<p style=\"text-align: left;\"><strong>4. P\u00e9rdida de la Licencia de Conducir por Beber Alcohol antes de la Mayor\u00eda de Edad<\/strong><\/p>\n<p style=\"text-align: justify;\">Nos presentamos en la oficina del Departamento de Seguridad de Conductores y Veh\u00edculos para impugnar la suspensi\u00f3n de la licencia de conducir del menor.<\/p>\n<p style=\"text-align: justify;\">Desafiamos la admisibilidad de las calificaciones del oficial, y la validez de los resultados preliminares de detecci\u00f3n de alcohol del dispositivo en el aliento del menor.\u00a0 La oficina de Seguridad Vial del DMV concedi\u00f3 nuestra petici\u00f3n para eliminar la acci\u00f3n de suspensi\u00f3n. (Asunto de M.A.)<\/p>\n<p style=\"text-align: left;\"><strong>5. Revocaci\u00f3n de la Licencia de Conducir Por Su Edad<br \/>\n<\/strong><\/p>\n<p style=\"text-align: justify;\">DMV quer\u00eda revocar la licencia del cliente porque era \u00abdemasiado viejo\u00bb para continuar conduciendo. Nuestro cliente recibi\u00f3 una notificaci\u00f3n de revocaci\u00f3n y un Aviso de Audiencia.<\/p>\n<p style=\"text-align: justify;\">Nos preparamos para la audiencia, consultamos a un experto m\u00e9dico que proporcion\u00f3 informaci\u00f3n adicional.<\/p>\n<p style=\"text-align: justify;\">Tuvimos \u00e9xito en demostrar al DMV que nuestro cliente estaba absolutamente bien para continuar conduciendo. Resultado: su licencia de conducir fue reinstaurada. (Asunto de L.H.)<\/p>\n<p style=\"text-align: left;\"><strong>6.\u00a0 Suspensi\u00f3n de Licencia de Conducir por Causas M\u00e9dicas<\/strong><\/p>\n<p style=\"text-align: justify;\">La clienta recibi\u00f3 una carta del DMV notificandole que su licencia ser\u00eda suspendida por motivo de un incidente donde ella se qued\u00f3 dormida mientras conduc\u00eda.<\/p>\n<p style=\"text-align: justify;\">Debido a que la cliente nos contact\u00f3 con muy pocos d\u00edas antes de la supuesta suspensi\u00f3n, inmediatamente investigamos la situaci\u00f3n, hicimos contacto con el doctor primario de la cliente solicitando un examen f\u00edsico de salud.<\/p>\n<p style=\"text-align: justify;\">A continuaci\u00f3n, conseguimos una audiencia con un oficial de DMV.<\/p>\n<p style=\"text-align: justify;\">Todo fue hecho a la brevedad posible.\u00a0 Tuvimos \u00e9xito en nuestra representaci\u00f3n de nuestra cliente.\u00a0 El DMV decidi\u00f3 anular la suspensi\u00f3n de la licencia de nuestra cliente.\u00a0 (Asunto de C.H.)<\/p>\n<p id=\"tw-target-text\" class=\"tw-data-text tw-text-large XcVN5d tw-ta\" dir=\"ltr\" data-placeholder=\"Translation\"><strong><span lang=\"es\">7. Suspensi\u00f3n de la Licencia de Cconducir Debido a Problemas M\u00e9dicos <\/span><\/strong><\/p>\n<p class=\"tw-data-text tw-text-large XcVN5d tw-ta\" dir=\"ltr\" style=\"text-align: justify;\" data-placeholder=\"Translation\"><span lang=\"es\">Nuestro cliente recibi\u00f3 un aviso por correo de que su licencia ser\u00eda suspendida debido a un incidente en el que se qued\u00f3 dormida al volante. <\/span><\/p>\n<p class=\"tw-data-text tw-text-large XcVN5d tw-ta\" dir=\"ltr\" style=\"text-align: justify;\" data-placeholder=\"Translation\"><span lang=\"es\">Investigamos de inmediato. Revisamos el informe del accidente. Solicitamos la ayuda del m\u00e9dico de atenci\u00f3n primaria del cliente para obtener una opini\u00f3n m\u00e9dica sobre la salud actual de nuestro cliente. <\/span><\/p>\n<p class=\"tw-data-text tw-text-large XcVN5d tw-ta\" dir=\"ltr\" style=\"text-align: justify;\" data-placeholder=\"Translation\"><span lang=\"es\">En consecuencia, programamos una audiencia con un oficial de audiencias del DMV. Tras la representaci\u00f3n exitosa de nuestro cliente, el oficial de audiencia del DMV anul\u00f3 la orden de suspensi\u00f3n. (En relaci\u00f3n con C.H.) <\/span><\/p>\n<p class=\"tw-data-text tw-text-large XcVN5d tw-ta\" dir=\"ltr\" data-placeholder=\"Translation\"><strong><span lang=\"es\">8. Revocaci\u00f3n por Notificaci\u00f3n M\u00e9dica <\/span><\/strong><\/p>\n<p class=\"tw-data-text tw-text-large XcVN5d tw-ta\" dir=\"ltr\" style=\"text-align: justify;\" data-placeholder=\"Translation\"><span lang=\"es\">El cliente recibi\u00f3 una notificaci\u00f3n de revocaci\u00f3n del DMV pero no entendi\u00f3 el motivo. <\/span><\/p>\n<p class=\"tw-data-text tw-text-large XcVN5d tw-ta\" dir=\"ltr\" style=\"text-align: justify;\" data-placeholder=\"Translation\"><span lang=\"es\">Investigamos el caso y supimos que el m\u00e9dico de la clienta hab\u00eda enviado una notificaci\u00f3n de que padec\u00eda una afecci\u00f3n m\u00e9dica. Tomamos las medidas adecuadas para abordar el problema m\u00e9dico. <\/span><\/p>\n<p class=\"tw-data-text tw-text-large XcVN5d tw-ta\" dir=\"ltr\" style=\"text-align: justify;\" data-placeholder=\"Translation\"><span lang=\"es\">El DMV, luego de una audiencia administrativa, le devolvi\u00f3 la licencia de conducir. (En referencia a J.L.) <\/span><\/p>\n<p class=\"tw-data-text tw-text-large XcVN5d tw-ta\" dir=\"ltr\" data-placeholder=\"Translation\"><strong><span lang=\"es\">9. Revocaci\u00f3n Por Causa de la P\u00e9rdida de la Conciencia <\/span><\/strong><\/p>\n<p class=\"tw-data-text tw-text-large XcVN5d tw-ta\" dir=\"ltr\" data-placeholder=\"Translation\"><span lang=\"es\">El cliente tuvo un accidente automovil\u00edstico debido a la p\u00e9rdida del conocimiento. <\/span><\/p>\n<p class=\"tw-data-text tw-text-large XcVN5d tw-ta\" dir=\"ltr\" data-placeholder=\"Translation\"><span lang=\"es\">Presentamos evidencia de que la condici\u00f3n m\u00e9dica del cliente estaba siendo monitoreada y tratada por un m\u00e9dico certificado por la junta. <\/span><\/p>\n<p class=\"tw-data-text tw-text-large XcVN5d tw-ta\" dir=\"ltr\" data-placeholder=\"Translation\"><span lang=\"es\">Tambi\u00e9n produjimos evidencia sobre los dispositivos m\u00e9dicos y el r\u00e9gimen diario de los clientes para asegurarnos de que su condici\u00f3n m\u00e9dica fuera estable. <\/span><\/p>\n<p class=\"tw-data-text tw-text-large XcVN5d tw-ta\" dir=\"ltr\" data-placeholder=\"Translation\"><span lang=\"es\">El cliente testific\u00f3 en apoyo de su solicitud de que se le restableciera la licencia de conducir. <\/span><\/p>\n<p class=\"tw-data-text tw-text-large XcVN5d tw-ta\" dir=\"ltr\" data-placeholder=\"Translation\"><span lang=\"es\">El oficial de audiencias del DMV acept\u00f3 nuestra solicitud. (En relaci\u00f3n con D.B.)<\/span><\/p>\n<p dir=\"ltr\" data-placeholder=\"Translation\"><img loading=\"lazy\" decoding=\"async\" class=\"aligncenter wp-image-18693\" src=\"https:\/\/www.therightdefender.com\/wp-content\/uploads\/2014\/01\/cbd87e98c96fe381ae346e72d6b41114-195x195.png\" sizes=\"auto, (max-width: 121px) 100vw, 121px\" srcset=\"https:\/\/www.therightdefender.com\/wp-content\/uploads\/2014\/01\/cbd87e98c96fe381ae346e72d6b41114-195x195.png 195w, https:\/\/www.therightdefender.com\/wp-content\/uploads\/2014\/01\/cbd87e98c96fe381ae346e72d6b41114-150x150.png 150w, https:\/\/www.therightdefender.com\/wp-content\/uploads\/2014\/01\/cbd87e98c96fe381ae346e72d6b41114-130x130.png 130w, https:\/\/www.therightdefender.com\/wp-content\/uploads\/2014\/01\/cbd87e98c96fe381ae346e72d6b41114-70x70.png 70w, https:\/\/www.therightdefender.com\/wp-content\/uploads\/2014\/01\/cbd87e98c96fe381ae346e72d6b41114-45x45.png 45w, https:\/\/www.therightdefender.com\/wp-content\/uploads\/2014\/01\/cbd87e98c96fe381ae346e72d6b41114.png 256w\" alt=\"dmv audiencia\" width=\"139\" height=\"139\" \/><\/p>\n<h3 style=\"text-align: center;\"><strong>PARA UNA DMV AUDIENCIA<\/strong><\/h3>\n<p style=\"text-align: center;\"><span style=\"color: #000000;\"><strong>P\u00f3ngase en contacto con el defensor superior<br \/>\n<\/strong><\/span><\/p>\n<p style=\"text-align: center;\"><span style=\"color: #000000;\"><strong>No arriesgue su licencia de conducir con cualquiera<\/strong><\/span><\/p>\n<p style=\"text-align: center;\"><span style=\"color: #ff0000;\"><strong>(760) 806-4333<\/strong><\/span><\/p>\n<p style=\"text-align: center;\"><span style=\"color: #000080;\"><span style=\"color: #000000;\">Vista \u2013 Escondido \u2013 Carlsbad \u2013 Fallbrook \u2013 Oceanside \u2013 Encinitas \u2013 Solana Beach \u2013 San Ysidro \u2013 Chula Vista \u2013 San Diego \u2013\u00a0 Carmel Valley \u2013 Pacific Beach \u2013 Del Mar \u2013 San Marcos \u2013 El Cajon \u2013 La Costa \u2013 Leucadia \u2013 La Jolla \u2013 Mission Beach \u2013 Imperial Beach \u2013 North Park \u2013 Hillcrest \u2013 Rancho Santa Fe \u2013 Poway \u2013 North County \u2013 South Bay \u2013 Coronado \u2013 Miramar \u2013 Scripps Ranch \u2013 Rancho Bernardo \u2013 Ramona \u2013 National City \u2013 Santee &#8211; Fallbrook &#8211; Bonsall &#8211; Mission Hills<\/span><br \/>\n<\/span><\/p>\n<p style=\"text-align: justify;\">*Aviso Legal Sobre Testimonios y Resultados Anteriores<br \/>\nLos resultados anteriores no deben interpretarse para proporcionar una garant\u00eda expresa o impl\u00edcita o predicci\u00f3n sobre el resultado de su asunto legal.\u00a0 El resultado de todos los asuntos legales dependen de una variedad de factores, incluyendo los hechos espec\u00edficos del caso, las leyes aplicables a la materia jur\u00eddica, la posici\u00f3n de la agencia fiscal, otras partes, testigos, evidencia y v\u00edctimas.\u00a0 No pueden obtenerse los resultados iguales o similares en todos los asuntos legales emprendidos por David Pflaum, aunque tiene su mejor en todos los casos para tener \u00e9xito en nombre de su cliente.<\/p>\n","protected":false},"excerpt":{"rendered":"<p>El mejor abogado con 30 a\u00f1os de experiencia y de \u00e9xito para sacar, recuperar o mantener una licencia de manejo durante una DMV audiencia. Los siguientes son ejemplos de \u00e9xitos que ha tenido el abogado David Pflaum.* 1.\u00a0 Se Neg\u00f3 a Dar Prueba de Sangre o Prueba de Aliento El cliente era un veterano de [&hellip;]<\/p>\n","protected":false},"author":2,"featured_media":0,"parent":175,"menu_order":0,"comment_status":"open","ping_status":"open","template":"","meta":{"footnotes":""},"class_list":["post-339","page","type-page","status-publish","hentry"],"aioseo_notices":[],"_links":{"self":[{"href":"https:\/\/www.therightdefender.com\/es\/wp-json\/wp\/v2\/pages\/339","targetHints":{"allow":["GET"]}}],"collection":[{"href":"https:\/\/www.therightdefender.com\/es\/wp-json\/wp\/v2\/pages"}],"about":[{"href":"https:\/\/www.therightdefender.com\/es\/wp-json\/wp\/v2\/types\/page"}],"author":[{"embeddable":true,"href":"https:\/\/www.therightdefender.com\/es\/wp-json\/wp\/v2\/users\/2"}],"replies":[{"embeddable":true,"href":"https:\/\/www.therightdefender.com\/es\/wp-json\/wp\/v2\/comments?post=339"}],"version-history":[{"count":0,"href":"https:\/\/www.therightdefender.com\/es\/wp-json\/wp\/v2\/pages\/339\/revisions"}],"up":[{"embeddable":true,"href":"https:\/\/www.therightdefender.com\/es\/wp-json\/wp\/v2\/pages\/175"}],"wp:attachment":[{"href":"https:\/\/www.therightdefender.com\/es\/wp-json\/wp\/v2\/media?parent=339"}],"curies":[{"name":"wp","href":"https:\/\/api.w.org\/{rel}","templated":true}]}}