{"id":337,"date":"2014-02-18T15:53:34","date_gmt":"2014-02-18T23:53:34","guid":{"rendered":"http:\/\/192.185.4.155\/~dmpjury\/?page_id=337"},"modified":"2019-05-31T10:03:06","modified_gmt":"2019-05-31T17:03:06","slug":"delincuencia-juvenil","status":"publish","type":"page","link":"https:\/\/www.therightdefender.com\/es\/buenos-resultados\/delincuencia-juvenil\/","title":{"rendered":"Delincuencia Juvenil"},"content":{"rendered":"<p style=\"text-align: justify;\"><img loading=\"lazy\" decoding=\"async\" class=\"wp-post-image alignleft\" src=\"https:\/\/www.therightdefender.com\/wp-content\/uploads\/2014\/02\/exclusive-leafly-has-obtained-the-full-mexico-supreme-court-rulin-195x117.jpg\" sizes=\"auto, (max-width: 195px) 100vw, 195px\" srcset=\"https:\/\/www.therightdefender.com\/wp-content\/uploads\/2014\/02\/exclusive-leafly-has-obtained-the-full-mexico-supreme-court-rulin-195x117.jpg 195w, https:\/\/www.therightdefender.com\/wp-content\/uploads\/2014\/02\/exclusive-leafly-has-obtained-the-full-mexico-supreme-court-rulin-300x180.jpg 300w, https:\/\/www.therightdefender.com\/wp-content\/uploads\/2014\/02\/exclusive-leafly-has-obtained-the-full-mexico-supreme-court-rulin-768x461.jpg 768w, https:\/\/www.therightdefender.com\/wp-content\/uploads\/2014\/02\/exclusive-leafly-has-obtained-the-full-mexico-supreme-court-rulin-940x564.jpg 940w, https:\/\/www.therightdefender.com\/wp-content\/uploads\/2014\/02\/exclusive-leafly-has-obtained-the-full-mexico-supreme-court-rulin-620x372.jpg 620w, https:\/\/www.therightdefender.com\/wp-content\/uploads\/2014\/02\/exclusive-leafly-has-obtained-the-full-mexico-supreme-court-rulin.jpg 960w\" alt=\"Delincuencia Juvenil\" width=\"116\" height=\"70\" \/> El abogado para casos de delincuencia juvenil, David Pflaum es un especialista en defensa criminal con m\u00e1s de 25 a\u00f1os de experiencia y de \u00e9xito que conoce bien los procesos legales relacionados con el sistema de justicia penal.<\/p>\n<p style=\"text-align: center;\"><strong>\u00c9XITOS EN CASOS DE DELINCUENCIA JUVENIL<\/strong>*<\/p>\n<p><strong>1. C\u00f3digo Penal secci\u00f3n 261, 243.4 \u2013 Violaci\u00f3n y Agresi\u00f3n Sexual<\/strong><\/p>\n<p style=\"text-align: justify;\">El cliente era un menor de edad a quien su ex-novia llam\u00f3 a la polic\u00eda y afirm\u00f3 que fue violada por el acusado.<\/p>\n<p style=\"text-align: justify;\">Examinamos los informes de la polic\u00eda y los informes m\u00e9dicos, entrevistamos a testigos, y contratamos a un m\u00e9dico forense para revisar el caso. Con base en el an\u00e1lisis del caso, y escrito un dictamen m\u00e9dico pericial, fueron despedidos todos los cargos sexuales. El cliente fue liberado de la c\u00e1rcel juvenil. (Asunto of G.P.)<\/p>\n<p><strong>2. C\u00f3digo Penal secci\u00f3n 459, 496 \u2013 Robo y Vandalismo en Exceso de $1.000<\/strong><\/p>\n<p style=\"text-align: justify;\">Presentamos una petici\u00f3n en el tribunal de menores para pedir que se conceda la libertad condicional informal al cliente, el fiscal se opuso.\u00a0 Presentamos numerosas referencias e informaci\u00f3n en materia de mitigaci\u00f3n para mostrar al juez que era un caso de circunstancias poco comunes.\u00a0 El juez accedi\u00f3 a la petici\u00f3n. (Asunto de K.S.)<\/p>\n<p><strong>3. C\u00f3digo de Salud y Seguridad secci\u00f3n 11377 \u2013 Posesi\u00f3n de una Sustancia Controlada<\/strong><\/p>\n<p style=\"text-align: justify;\">El cliente fue acusado de posesi\u00f3n de una sustancia controlada mientras estuvo en la propiedad escolar.\u00a0 Presentamos una petici\u00f3n en el tribunal de menores para permitir que se conceda la libertad condicional informal, el fiscal se opuso.<\/p>\n<p style=\"text-align: justify;\">Presentamos numerosas referencias e informaci\u00f3n en materia de mitigaci\u00f3n para mostrar al juez que era un caso de circunstancias poco comunes.\u00a0 El juez accedi\u00f3 a la petici\u00f3n. (Asunto de M.A.)<\/p>\n<p style=\"text-align: justify;\"><strong>4.\u00a0 C\u00f3digo Penal secci\u00f3n 242 &#8211; Agresi\u00f3n con Uso de Fuerza y Violencia<\/strong><\/p>\n<p style=\"text-align: justify;\">Nuestra clienta fue acusada de pelearse con sus hermanos y madre y agredirlos f\u00edsicamente.\u00a0 La cliente fue arrestada y ahora sus familiares deseaban su liberaci\u00f3n.\u00a0 En la primera audiencia presentamos una petici\u00f3n en el tribunal de menores incluyendo cartas de apoyo de la familia de nuestra cliente. La cliente fue liberada inmediatamente.<\/p>\n<p style=\"text-align: justify;\">Nuestra cliente pas\u00f3 un examen psicol\u00f3gico que demostr\u00f3 que ella no era violenta y estaba arrepentida por sus actos.<\/p>\n<p style=\"text-align: justify;\">La cliente complet\u00f3 clases de manejo de enojo y mejor\u00f3 sus actitud y calificaciones escolares.\u00a0 Disposici\u00f3n final: el cargo de agresi\u00f3n fue eliminado. (Asunto de V.C)<\/p>\n<p style=\"text-align: center;\"><span style=\"color: #000000;\"><strong>Haga contacto con el abogado que hace la diferencia el los resultados<\/strong><\/span><\/p>\n<p style=\"text-align: center;\"><span style=\"color: #ff0000;\"><strong>(760) 806-4333<\/strong><\/span><\/p>\n<p style=\"text-align: center;\"><span style=\"color: #000000;\">Representamos clientes en Vista \u2013 Escondido \u2013 Carlsbad \u2013 Fallbrook \u2013 Oceanside \u2013 Encinitas \u2013 Solana Beach \u2013 San Ysidro \u2013 Chula Vista \u2013 San Diego \u2013\u00a0 Carmel Valley \u2013 Pacific Beach \u2013 Del Mar \u2013 San Marcos \u2013 El Cajon \u2013 La Costa \u2013 Leucadia \u2013 La Jolla \u2013 Mission Beach \u2013 Imperial Beach \u2013 North Park \u2013 Hillcrest \u2013 Rancho Santa Fe \u2013 Poway \u2013 North County \u2013 South Bay \u2013 Coronado \u2013 Miramar \u2013 Scripps Ranch \u2013 Rancho Bernardo \u2013 Ramona \u2013 National City \u2013 Santee \u2013 Mission Hills \u2013 Bonita \u2013 Point Loma<\/span><\/p>\n<p><a href=\"#top\"><span style=\"color: #3366ff;\"><strong>Regresar al inicio<\/strong><\/span><\/a><\/p>\n<p>&nbsp;<\/p>\n<p style=\"text-align: justify;\">*Aviso Legal Sobre Testimonios y Resultados Anteriores<br \/>\nTodos las descripciones de los resultados anteriores sirven \u00fanicamente para proporcionar informaci\u00f3n sobre el abogado David Pflaum.\u00a0 Los resultadod de todos los asuntos legales dependen de una variedad de factores, incluyendo los hechos espec\u00edficos del caso, los antecedentes del cliente, las leyes aplicables a la materia jur\u00eddica, la posici\u00f3n de la agencia fiscal, testigos, evidencia y v\u00edctimas.\u00a0 No pueden obtenerse los resultados iguales o similares en todos los asuntos legales emprendidos por David Pflaum, aunque tiene su mejor en todos los casos para tener \u00e9xito en nombre de su cliente.<\/p>\n","protected":false},"excerpt":{"rendered":"<p>El abogado para casos de delincuencia juvenil, David Pflaum es un especialista en defensa criminal con m\u00e1s de 25 a\u00f1os de experiencia y de \u00e9xito que conoce bien los procesos legales relacionados con el sistema de justicia penal. \u00c9XITOS EN CASOS DE DELINCUENCIA JUVENIL* 1. C\u00f3digo Penal secci\u00f3n 261, 243.4 \u2013 Violaci\u00f3n y Agresi\u00f3n Sexual [&hellip;]<\/p>\n","protected":false},"author":2,"featured_media":0,"parent":175,"menu_order":0,"comment_status":"open","ping_status":"open","template":"","meta":{"footnotes":""},"class_list":["post-337","page","type-page","status-publish","hentry"],"aioseo_notices":[],"_links":{"self":[{"href":"https:\/\/www.therightdefender.com\/es\/wp-json\/wp\/v2\/pages\/337","targetHints":{"allow":["GET"]}}],"collection":[{"href":"https:\/\/www.therightdefender.com\/es\/wp-json\/wp\/v2\/pages"}],"about":[{"href":"https:\/\/www.therightdefender.com\/es\/wp-json\/wp\/v2\/types\/page"}],"author":[{"embeddable":true,"href":"https:\/\/www.therightdefender.com\/es\/wp-json\/wp\/v2\/users\/2"}],"replies":[{"embeddable":true,"href":"https:\/\/www.therightdefender.com\/es\/wp-json\/wp\/v2\/comments?post=337"}],"version-history":[{"count":0,"href":"https:\/\/www.therightdefender.com\/es\/wp-json\/wp\/v2\/pages\/337\/revisions"}],"up":[{"embeddable":true,"href":"https:\/\/www.therightdefender.com\/es\/wp-json\/wp\/v2\/pages\/175"}],"wp:attachment":[{"href":"https:\/\/www.therightdefender.com\/es\/wp-json\/wp\/v2\/media?parent=337"}],"curies":[{"name":"wp","href":"https:\/\/api.w.org\/{rel}","templated":true}]}}