{"id":335,"date":"2014-02-18T15:52:20","date_gmt":"2014-02-18T23:52:20","guid":{"rendered":"http:\/\/192.185.4.155\/~dmpjury\/?page_id=335"},"modified":"2019-06-01T08:22:58","modified_gmt":"2019-06-01T15:22:58","slug":"ayuda-despues-de-declararse-culpable","status":"publish","type":"page","link":"https:\/\/www.therightdefender.com\/es\/buenos-resultados\/ayuda-despues-de-declararse-culpable\/","title":{"rendered":"Ayuda Despu\u00e9s de Declararse Culpable"},"content":{"rendered":"<p style=\"text-align: justify;\">El abogado m\u00e1s capacitado con m\u00e1s de 30 a\u00f1os de experiencia y \u00e9xito, David Pflaum sabe bien las estrategias para ayudarle despu\u00e9s de declararse culpable.<\/p>\n<p style=\"text-align: justify;\">Si un cliente se declar\u00f3 culpable, pero no sab\u00eda bien las consecuencias o no ten\u00eda un abogado que le explic\u00f3 todo al cliente antes de que se declar\u00f3 culpable, se puede intentar de retirar su declaraci\u00f3n.<\/p>\n<p style=\"text-align: justify;\">Hay un proceso legal que se aplica a esta situaci\u00f3n jur\u00eddica por lo cual se necesita un abogado experimentado como David Pflaum para ayudarlo.<\/p>\n<p><img loading=\"lazy\" decoding=\"async\" class=\"aligncenter wp-image-18693\" src=\"https:\/\/www.therightdefender.com\/wp-content\/uploads\/2014\/01\/cbd87e98c96fe381ae346e72d6b41114-195x195.png\" sizes=\"auto, (max-width: 83px) 100vw, 83px\" srcset=\"https:\/\/www.therightdefender.com\/wp-content\/uploads\/2014\/01\/cbd87e98c96fe381ae346e72d6b41114-195x195.png 195w, https:\/\/www.therightdefender.com\/wp-content\/uploads\/2014\/01\/cbd87e98c96fe381ae346e72d6b41114-150x150.png 150w, https:\/\/www.therightdefender.com\/wp-content\/uploads\/2014\/01\/cbd87e98c96fe381ae346e72d6b41114-130x130.png 130w, https:\/\/www.therightdefender.com\/wp-content\/uploads\/2014\/01\/cbd87e98c96fe381ae346e72d6b41114-70x70.png 70w, https:\/\/www.therightdefender.com\/wp-content\/uploads\/2014\/01\/cbd87e98c96fe381ae346e72d6b41114-45x45.png 45w, https:\/\/www.therightdefender.com\/wp-content\/uploads\/2014\/01\/cbd87e98c96fe381ae346e72d6b41114.png 256w\" alt=\"Ayuda Despu\u00e9s De Declararse Culpable\" width=\"83\" height=\"83\" \/><\/p>\n<p style=\"text-align: center;\"><strong>EJEMPLOS DE NUESTROS \u00c9XITOS<\/strong><\/p>\n<p><strong>1. Recurso de Habeas Corpus Concedido<\/strong><\/p>\n<p style=\"text-align: justify;\">El cliente se declar\u00f3 culpable de violaci\u00f3n de la secci\u00f3n 23153 del C\u00f3digo de Veh\u00edculos y el C\u00f3digo Penal secci\u00f3n 12022.7 bas\u00e1ndose en el consejo de su abogado anterior.\u00a0 El juez equivocadamente le aconsej\u00f3 al acusado en la sentencia que el cliente tendr\u00eda que ir a prisi\u00f3n por un m\u00e1ximo de 7 a\u00f1os.\u00a0 Investigamos el tema, contactamos al abogado anterior, y presentamos el recurso de Habeas Corpus.\u00a0 El juez emiti\u00f3 el Escrito.\u00a0 El caso fue reabierto y devuelto al tribunal de primera instancia para una nueva sentencia. (People v S.A.)<\/p>\n<p>&nbsp;<\/p>\n<p style=\"text-align: justify;\"><strong>\u00a0<\/strong><\/p>\n","protected":false},"excerpt":{"rendered":"<p>El abogado m\u00e1s capacitado con m\u00e1s de 30 a\u00f1os de experiencia y \u00e9xito, David Pflaum sabe bien las estrategias para ayudarle despu\u00e9s de declararse culpable. Si un cliente se declar\u00f3 culpable, pero no sab\u00eda bien las consecuencias o no ten\u00eda un abogado que le explic\u00f3 todo al cliente antes de que se declar\u00f3 culpable, se [&hellip;]<\/p>\n","protected":false},"author":2,"featured_media":0,"parent":175,"menu_order":0,"comment_status":"open","ping_status":"open","template":"","meta":{"footnotes":""},"class_list":["post-335","page","type-page","status-publish","hentry"],"aioseo_notices":[],"_links":{"self":[{"href":"https:\/\/www.therightdefender.com\/es\/wp-json\/wp\/v2\/pages\/335","targetHints":{"allow":["GET"]}}],"collection":[{"href":"https:\/\/www.therightdefender.com\/es\/wp-json\/wp\/v2\/pages"}],"about":[{"href":"https:\/\/www.therightdefender.com\/es\/wp-json\/wp\/v2\/types\/page"}],"author":[{"embeddable":true,"href":"https:\/\/www.therightdefender.com\/es\/wp-json\/wp\/v2\/users\/2"}],"replies":[{"embeddable":true,"href":"https:\/\/www.therightdefender.com\/es\/wp-json\/wp\/v2\/comments?post=335"}],"version-history":[{"count":0,"href":"https:\/\/www.therightdefender.com\/es\/wp-json\/wp\/v2\/pages\/335\/revisions"}],"up":[{"embeddable":true,"href":"https:\/\/www.therightdefender.com\/es\/wp-json\/wp\/v2\/pages\/175"}],"wp:attachment":[{"href":"https:\/\/www.therightdefender.com\/es\/wp-json\/wp\/v2\/media?parent=335"}],"curies":[{"name":"wp","href":"https:\/\/api.w.org\/{rel}","templated":true}]}}