{"id":330,"date":"2014-02-18T15:48:08","date_gmt":"2014-02-18T23:48:08","guid":{"rendered":"http:\/\/192.185.4.155\/~dmpjury\/?page_id=330"},"modified":"2020-08-24T07:13:20","modified_gmt":"2020-08-24T14:13:20","slug":"eliminar-evidencia","status":"publish","type":"page","link":"https:\/\/www.therightdefender.com\/es\/buenos-resultados\/eliminar-evidencia\/","title":{"rendered":"Los \u00c9xitos Para Eliminar Evidencia"},"content":{"rendered":"<p style=\"text-align: justify;\"><img loading=\"lazy\" decoding=\"async\" class=\"thumbnail aligncenter\" src=\"https:\/\/www.therightdefender.com\/wp-content\/uploads\/2018\/01\/slider-flag-spanish-1.jpg\" alt=\"Eliminar Evidencia\" width=\"221\" height=\"100\" \/><\/p>\n<p style=\"text-align: justify;\">El abogado de defensa penal para eliminar evidencia en su contra, David Pflaum es <a href=\"http:\/\/www.therightdefender.com\/es\/\"><span style=\"color: #3366ff;\">el abogado defensor superior<\/span><\/a> que sabe bien el proceso para anular los cargos en algunos casos criminales.<\/p>\n<p style=\"text-align: justify;\">En las estas situaciones cuando una persona es detenida, esculcada, o arrestada por la polic\u00eda sin raz\u00f3n v\u00e1lida, el abogado tiene el derecho de depositar una petici\u00f3n para eliminar evidencia.<\/p>\n<p style=\"text-align: justify;\">Como resultado se eliminan los cargos criminales si el juez esta de acuerdo que la el conducto de la polic\u00eda no era correcto.\u00a0 <strong><br \/>\n<\/strong><\/p>\n<p style=\"text-align: justify;\">Para m\u00e1s informaci\u00f3n sobre el proceso para eliminar evidencia en su contra haga una clic en <span style=\"color: #3366ff;\"><a style=\"color: #3366ff;\" href=\"http:\/\/www.therightdefender.com\/es\/tramites\/peticion-para-eliminar-evidencia\/\"><span style=\"color: #ff0000;\">petici\u00f3n para eliminar evidencia<\/span><\/a><\/span>.<\/p>\n<h2><img loading=\"lazy\" decoding=\"async\" class=\"wp-post-image aligncenter\" src=\"https:\/\/www.therightdefender.com\/wp-content\/uploads\/2014\/02\/exclusive-leafly-has-obtained-the-full-mexico-supreme-court-rulin-195x117.jpg\" sizes=\"auto, (max-width: 195px) 100vw, 195px\" srcset=\"https:\/\/www.therightdefender.com\/wp-content\/uploads\/2014\/02\/exclusive-leafly-has-obtained-the-full-mexico-supreme-court-rulin-195x117.jpg 195w, https:\/\/www.therightdefender.com\/wp-content\/uploads\/2014\/02\/exclusive-leafly-has-obtained-the-full-mexico-supreme-court-rulin-300x180.jpg 300w, https:\/\/www.therightdefender.com\/wp-content\/uploads\/2014\/02\/exclusive-leafly-has-obtained-the-full-mexico-supreme-court-rulin-768x461.jpg 768w, https:\/\/www.therightdefender.com\/wp-content\/uploads\/2014\/02\/exclusive-leafly-has-obtained-the-full-mexico-supreme-court-rulin-940x564.jpg 940w, https:\/\/www.therightdefender.com\/wp-content\/uploads\/2014\/02\/exclusive-leafly-has-obtained-the-full-mexico-supreme-court-rulin-620x372.jpg 620w, https:\/\/www.therightdefender.com\/wp-content\/uploads\/2014\/02\/exclusive-leafly-has-obtained-the-full-mexico-supreme-court-rulin.jpg 960w\" alt=\"eliminar evidencia\" width=\"150\" height=\"90\" \/><\/h2>\n<h3 style=\"text-align: center;\"><span style=\"color: #000000;\"><strong>EJEMPLOS DE NUESTROS \u00c9XITOS PARA ELIMINAR EVIDENCIA *<br \/>\n<\/strong><\/span><\/h3>\n<p><strong>1. Health &amp; Safety C\u00f3digo secci\u00f3n 11358, 11359&#8211;Posesi\u00f3n de Marihuana para Venta y Cultivo de Marihuana<\/strong><\/p>\n<p style=\"text-align: justify;\">La polic\u00eda recibi\u00f3 una denuncia an\u00f3nima y fueron a la casa del cliente. La polic\u00eda llam\u00f3 a la puerta y, cuando el cliente abri\u00f3 la puerta, entr\u00f3 en la casa sin orden judicial. La polic\u00eda encontr\u00f3 una gran cantidad de marihuana. El cliente fue arrestado y fichado por venta y cultivo.<\/p>\n<p style=\"text-align: justify;\">Fuimos a la casa del cliente y preparamos un diagrama.\u00a0 Tomamos fotograf\u00edas del lugar.\u00a0 Enviamos una citaci\u00f3n judicial a todos y cada oficial de polic\u00eda en el lugar de la detenci\u00f3n.\u00a0 Se someti\u00f3 una petici\u00f3n para suprimir la prueba de conformidad con el C\u00f3digo Penal de California secci\u00f3n 1538.5.<\/p>\n<p style=\"text-align: justify;\">Cuando nos presentamos en la corte, algunos de los agentes de la polic\u00eda no se presentaron.\u00a0 El caso se continu\u00f3 con el fin de obligar a los agentes de polic\u00eda a llegar a los tribunales y testificar.<\/p>\n<p style=\"text-align: justify;\">En \u00faltima instancia, logramos demostrar, a trav\u00e9s del testimonio incoherente de los agentes de la polic\u00eda, y el diagrama de la zona, que la entrada en la casa sin orden judicial y b\u00fasqueda del interior del hogar del cliente fue ilegal.\u00a0 La evidencia fue rechazada por el juez.\u00a0 El caso fue resuelto a petici\u00f3n de la fiscal\u00eda. No consecuencias con inmigraci\u00f3n.(People v. J.I.)<\/p>\n<p><strong>2.\u00a0 C\u00f3digo de Veh\u00edculos Code secci\u00f3n 23152(a)((b)&#8211;Conducir Bajo la Influencia del Alcohol y Drogas<br \/>\n<\/strong><\/p>\n<p style=\"text-align: justify;\">El cliente fue detenido mientras conduc\u00eda a casa, ya que, seg\u00fan el informe de la polic\u00eda, los faros de su coche no estaban encendidos.<\/p>\n<p style=\"text-align: justify;\">Presentamos una petici\u00f3n para suprimir evidencia basada en que el agente de la polic\u00eda no tuvo sospecha razonable que le hubiera justificado el prolongar la detenci\u00f3n del cliente.<\/p>\n<p style=\"text-align: justify;\">El tribunal accedi\u00f3 a la petici\u00f3n y la fiscal\u00eda retir\u00f3 los cargos.\u00a0 (People v. M.M.)<\/p>\n<p><strong>3.\u00a0 C\u00f3digo Penal secci\u00f3n 245, 236&#8211;Caso de Agresi\u00f3n Violenta<\/strong><\/p>\n<p style=\"text-align: justify;\">Dos cargos de delito mayor eliminados por el juez de acuerdo a lo establecido en el C\u00f3digo Penal 995 por petici\u00f3n escrita. No consecuencias con inmigraci\u00f3n. (People v. R.M.)<\/p>\n<p><strong>4.\u00a0 C\u00f3digo de Veh\u00edculo secci\u00f3n 23152(a), Health &amp; Safety Code secci\u00f3n 11350&#8211;Conducir Como DUI, Posesi\u00f3n de Coca\u00edna<\/strong><\/p>\n<p style=\"text-align: justify;\">Caso eliminado a causa de que fue una detenci\u00f3n ilegal (People v. L.P.)<\/p>\n<p><span id=\"result_box\" lang=\"es\"><span title=\"HS 11377(a) Possession of a Methampthetamine&lt;br \/&gt;&lt;br \/&gt;&lt;br \/&gt;&lt;br \/&gt;&lt;br \/&gt;&lt;br \/&gt;&lt;br \/&gt;&lt;br \/&gt;&lt;br \/&gt;&lt;br \/&gt;&lt;br \/&gt;&lt;br \/&gt;&lt;br \/&gt;&lt;br \/&gt;&lt;br \/&gt;&lt;br \/&gt;&lt;br \/&gt;&lt;br \/&gt;&lt;br \/&gt;&lt;br \/&gt;&lt;br \/&gt;&lt;br \/&gt;&lt;br \/&gt;&lt;br \/&gt;&lt;br \/&gt;&lt;br \/&gt;&lt;br \/&gt;&lt;br \/&gt;&lt;br \/&gt;&lt;br \/&gt;&lt;br \/&gt;&lt;br \/&gt;&lt;br \/&gt;&lt;br \/&gt;&lt;br \/&gt;&lt;br \/&gt;&lt;br \/&gt;&lt;br \/&gt;&lt;br \/&gt;&lt;br \/&gt;&lt;br \/&gt;&lt;br \/&gt;&lt;br \/&gt;&lt;br \/&gt;&lt;br \/&gt;&lt;br \/&gt;&lt;br \/&gt;&lt;br \/&gt;&lt;br \/&gt;&lt;br \/&gt;&lt;br \/&gt;&lt;br \/&gt;&lt;br \/&gt;&lt;br \/&gt; \"><strong>5.\u00a0 Health and Safety C\u00f3digo secci\u00f3n 11377(a)&#8211;Posesi\u00f3n de Metanfetamina<\/strong><\/span><\/span><\/p>\n<p style=\"text-align: justify;\"><span id=\"result_box\" lang=\"es\"><span title=\"Client was stopped and frisked and found to be in possession of a controlled substance.\">El cliente fue detenido y cacheado y se encontr\u00f3 estar en posesi\u00f3n de una sustancia controlada.\u00a0 <\/span><span title=\"We challenged the police actions and legality of the search.\">Desafiamos las acciones de la polic\u00eda y la legalidad de la b\u00fasqueda. <\/span><\/span><\/p>\n<p style=\"text-align: justify;\"><span id=\"result_box\" lang=\"es\"><span title=\"All original charges were dismissed in exchange for a plea to violation of Penal Code section 415(2), Disturbing the Peace.\">Todos los cargos originales fueron despedidos a cambio de que acepte infringir el C\u00f3digo Penal secci\u00f3n 415(2), alteraci\u00f3n del orden p\u00fablico. <\/span><\/span><\/p>\n<p style=\"text-align: justify;\"><span id=\"result_box\" lang=\"es\"><span title=\"All original charges were dismissed in exchange for a plea to violation of Penal Code section 415(2), Disturbing the Peace.\">No consecuencias con inmigraci\u00f3n.\u00a0 <\/span><span title=\"(People v. M.C.)&lt;\/p&gt;&lt;br \/&gt;&lt;br \/&gt;&lt;br \/&gt;&lt;br \/&gt;&lt;br \/&gt;&lt;br \/&gt;&lt;br \/&gt;&lt;br \/&gt;&lt;br \/&gt;&lt;br \/&gt;&lt;br \/&gt;&lt;br \/&gt;&lt;br \/&gt;&lt;br \/&gt;&lt;br \/&gt;&lt;br \/&gt;&lt;br \/&gt;&lt;br \/&gt;&lt;br \/&gt;&lt;br \/&gt;&lt;br \/&gt;&lt;br \/&gt;&lt;br \/&gt;&lt;br \/&gt;&lt;br \/&gt;&lt;br \/&gt;&lt;br \/&gt;&lt;br \/&gt;&lt;br \/&gt;&lt;br \/&gt;&lt;br \/&gt;&lt;br \/&gt;&lt;br \/&gt;&lt;br \/&gt;&lt;br \/&gt;&lt;br \/&gt;&lt;br \/&gt;&lt;br \/&gt;&lt;br \/&gt;&lt;br \/&gt;&lt;br \/&gt;&lt;br \/&gt;&lt;br \/&gt;&lt;br \/&gt;&lt;br \/&gt;&lt;br \/&gt;&lt;br \/&gt;&lt;br \/&gt;&lt;br \/&gt;&lt;br \/&gt;&lt;br \/&gt;&lt;br \/&gt;&lt;br \/&gt; &lt;p&gt;\">(People v M.C.)<\/span><\/span><\/p>\n<p><span title=\"HS 11377(a) Possession of Methamphetamine, HS 11550(a) Under the Influence of Methamphetamine&lt;br \/&gt;&lt;br \/&gt;&lt;br \/&gt;&lt;br \/&gt;&lt;br \/&gt;&lt;br \/&gt;&lt;br \/&gt;&lt;br \/&gt;&lt;br \/&gt;&lt;br \/&gt;&lt;br \/&gt;&lt;br \/&gt;&lt;br \/&gt;&lt;br \/&gt;&lt;br \/&gt;&lt;br \/&gt;&lt;br \/&gt;&lt;br \/&gt;&lt;br \/&gt;&lt;br \/&gt;&lt;br \/&gt;&lt;br \/&gt;&lt;br \/&gt;&lt;br \/&gt;&lt;br \/&gt;&lt;br \/&gt;&lt;br \/&gt;&lt;br \/&gt;&lt;br \/&gt;&lt;br \/&gt;&lt;br \/&gt;&lt;br \/&gt;&lt;br \/&gt;&lt;br \/&gt;&lt;br \/&gt;&lt;br \/&gt;&lt;br \/&gt;&lt;br \/&gt;&lt;br \/&gt;&lt;br \/&gt;&lt;br \/&gt;&lt;br \/&gt;&lt;br \/&gt;&lt;br \/&gt;&lt;br \/&gt;&lt;br \/&gt;&lt;br \/&gt;&lt;br \/&gt;&lt;br \/&gt;&lt;br \/&gt;&lt;br \/&gt;&lt;br \/&gt;&lt;br \/&gt;&lt;br \/&gt; \"><strong>6.\u00a0 Health and Safety C\u00f3digo secci\u00f3n 11377(a), <span title=\"HS 11377(a) Possession of Methamphetamine, HS 11550(a) Under the Influence of Methamphetamine&lt;br \/&gt;&lt;br \/&gt;&lt;br \/&gt;&lt;br \/&gt;&lt;br \/&gt;&lt;br \/&gt;&lt;br \/&gt;&lt;br \/&gt;&lt;br \/&gt;&lt;br \/&gt;&lt;br \/&gt;&lt;br \/&gt;&lt;br \/&gt;&lt;br \/&gt;&lt;br \/&gt;&lt;br \/&gt;&lt;br \/&gt;&lt;br \/&gt;&lt;br \/&gt;&lt;br \/&gt;&lt;br \/&gt;&lt;br \/&gt;&lt;br \/&gt;&lt;br \/&gt;&lt;br \/&gt;&lt;br \/&gt;&lt;br \/&gt;&lt;br \/&gt;&lt;br \/&gt;&lt;br \/&gt;&lt;br \/&gt;&lt;br \/&gt;&lt;br \/&gt;&lt;br \/&gt;&lt;br \/&gt;&lt;br \/&gt;&lt;br \/&gt;&lt;br \/&gt;&lt;br \/&gt;&lt;br \/&gt;&lt;br \/&gt;&lt;br \/&gt;&lt;br \/&gt;&lt;br \/&gt;&lt;br \/&gt;&lt;br \/&gt;&lt;br \/&gt;&lt;br \/&gt;&lt;br \/&gt;&lt;br \/&gt;&lt;br \/&gt;&lt;br \/&gt;&lt;br \/&gt;&lt;br \/&gt; \"><strong>HS 11550(a)<\/strong><\/span>&#8211;Posesi\u00f3n de Metanfetamina, Estar Bajo la Influencia de Metanfetamina<\/strong><\/span><\/p>\n<p style=\"text-align: justify;\"><span title=\"Client was accused of having methamphetamines in his possession and being under the influence of methamphetamines.\">El cliente fue acusado de tener en su poder metanfetaminas y estar bajo la influencia de metanfetaminas.\u00a0 <\/span><span title=\"The client was a passenger in a vehicle that was stopped because the registration was expired.\">El cliente era pasajero en un veh\u00edculo que fue detenido porque hab\u00eda expirado el registro.\u00a0 Pusimos en <\/span><span title=\"We contested the legitimacy of the detention of the client, the judge agreed, and threw out the evidence against the client.\">duda la legitimidad de la detenci\u00f3n del cliente, el juez estuvo de acuerdo y desech\u00f3 la evidencia en contra del cliente.\u00a0 <\/span><\/p>\n<p style=\"text-align: justify;\"><span title=\"The case was dismissed.\">El caso fue desestimado.\u00a0 <\/span><span title=\"The client was free of any immigration consequences and was not deported.\">El cliente fue libre de las consecuencias de inmigraci\u00f3n y no fue deportado. <\/span><span title=\"(People v. F.L.)&lt;\/p&gt;&lt;br \/&gt;&lt;br \/&gt;&lt;br \/&gt;&lt;br \/&gt;&lt;br \/&gt;&lt;br \/&gt;&lt;br \/&gt;&lt;br \/&gt;&lt;br \/&gt;&lt;br \/&gt;&lt;br \/&gt;&lt;br \/&gt;&lt;br \/&gt;&lt;br \/&gt;&lt;br \/&gt;&lt;br \/&gt;&lt;br \/&gt;&lt;br \/&gt;&lt;br \/&gt;&lt;br \/&gt;&lt;br \/&gt;&lt;br \/&gt;&lt;br \/&gt;&lt;br \/&gt;&lt;br \/&gt;&lt;br \/&gt;&lt;br \/&gt;&lt;br \/&gt;&lt;br \/&gt;&lt;br \/&gt;&lt;br \/&gt;&lt;br \/&gt;&lt;br \/&gt;&lt;br \/&gt;&lt;br \/&gt;&lt;br \/&gt;&lt;br \/&gt;&lt;br \/&gt;&lt;br \/&gt;&lt;br \/&gt;&lt;br \/&gt;&lt;br \/&gt;&lt;br \/&gt;&lt;br \/&gt;&lt;br \/&gt;&lt;br \/&gt;&lt;br \/&gt;&lt;br \/&gt;&lt;br \/&gt;&lt;br \/&gt;&lt;br \/&gt;&lt;br \/&gt;&lt;br \/&gt; &lt;p&gt;\">(People v F.L.)<\/span><\/p>\n<p><strong><span title=\"HS 11357(c) Possession of Marijuana of More than 28.5 grams&lt;br \/&gt;&lt;br \/&gt;&lt;br \/&gt;&lt;br \/&gt;&lt;br \/&gt;&lt;br \/&gt;&lt;br \/&gt;&lt;br \/&gt;&lt;br \/&gt;&lt;br \/&gt;&lt;br \/&gt;&lt;br \/&gt;&lt;br \/&gt;&lt;br \/&gt;&lt;br \/&gt;&lt;br \/&gt;&lt;br \/&gt;&lt;br \/&gt;&lt;br \/&gt;&lt;br \/&gt;&lt;br \/&gt;&lt;br \/&gt;&lt;br \/&gt;&lt;br \/&gt;&lt;br \/&gt;&lt;br \/&gt;&lt;br \/&gt;&lt;br \/&gt;&lt;br \/&gt;&lt;br \/&gt;&lt;br \/&gt;&lt;br \/&gt;&lt;br \/&gt;&lt;br \/&gt;&lt;br \/&gt;&lt;br \/&gt;&lt;br \/&gt;&lt;br \/&gt;&lt;br \/&gt;&lt;br \/&gt;&lt;br \/&gt;&lt;br \/&gt;&lt;br \/&gt;&lt;br \/&gt;&lt;br \/&gt;&lt;br \/&gt;&lt;br \/&gt;&lt;br \/&gt;&lt;br \/&gt;&lt;br \/&gt;&lt;br \/&gt;&lt;br \/&gt;&lt;br \/&gt;&lt;br \/&gt; \">7.\u00a0 Health and Safety C\u00f3digo secci\u00f3n 11357(c)&#8211;Posesi\u00f3n de Marihuana de m\u00e1s de 28.5 gramos<\/span><\/strong><\/p>\n<p style=\"text-align: justify;\"><span title=\"Client was detained and during an illegal search was found to have marijuana in his possession.\">El cliente fue detenido y durante un registro ilegal se encontr\u00f3 que ten\u00eda marihuana en su poder.\u00a0 <\/span><span title=\"Through a successful suppression motion we were able to resolve our client's case to a complete dismissal of the charges.\">A trav\u00e9s de una moci\u00f3n de supresi\u00f3n pudimos resolver el caso de nuestro cliente eliminando los cargos.\u00a0 <\/span><\/p>\n<p style=\"text-align: justify;\"><span title=\"Furthermore, client was not held in violation of probation.\">Por otra parte, el cliente fue librado de tener un cargo por violaci\u00f3n de su libertad condicional. <\/span><span title=\"(People v. C.N.)&lt;\/p&gt;&lt;br \/&gt;&lt;br \/&gt;&lt;br \/&gt;&lt;br \/&gt;&lt;br \/&gt;&lt;br \/&gt;&lt;br \/&gt;&lt;br \/&gt;&lt;br \/&gt;&lt;br \/&gt;&lt;br \/&gt;&lt;br \/&gt;&lt;br \/&gt;&lt;br \/&gt;&lt;br \/&gt;&lt;br \/&gt;&lt;br \/&gt;&lt;br \/&gt;&lt;br \/&gt;&lt;br \/&gt;&lt;br \/&gt;&lt;br \/&gt;&lt;br \/&gt;&lt;br \/&gt;&lt;br \/&gt;&lt;br \/&gt;&lt;br \/&gt;&lt;br \/&gt;&lt;br \/&gt;&lt;br \/&gt;&lt;br \/&gt;&lt;br \/&gt;&lt;br \/&gt;&lt;br \/&gt;&lt;br \/&gt;&lt;br \/&gt;&lt;br \/&gt;&lt;br \/&gt;&lt;br \/&gt;&lt;br \/&gt;&lt;br \/&gt;&lt;br \/&gt;&lt;br \/&gt;&lt;br \/&gt;&lt;br \/&gt;&lt;br \/&gt;&lt;br \/&gt;&lt;br \/&gt;&lt;br \/&gt;&lt;br \/&gt;&lt;br \/&gt;&lt;br \/&gt;&lt;br \/&gt; &lt;p&gt;\">(People v C.N.)<\/span><\/p>\n<p><span title=\"VC 23152(a)\/(b) Driving Under the Influence of Alcohol with Prior DUI&lt;br \/&gt;&lt;br \/&gt;&lt;br \/&gt;&lt;br \/&gt;&lt;br \/&gt;&lt;br \/&gt;&lt;br \/&gt;&lt;br \/&gt;&lt;br \/&gt;&lt;br \/&gt;&lt;br \/&gt;&lt;br \/&gt;&lt;br \/&gt;&lt;br \/&gt;&lt;br \/&gt;&lt;br \/&gt;&lt;br \/&gt;&lt;br \/&gt;&lt;br \/&gt;&lt;br \/&gt;&lt;br \/&gt;&lt;br \/&gt;&lt;br \/&gt;&lt;br \/&gt;&lt;br \/&gt;&lt;br \/&gt;&lt;br \/&gt;&lt;br \/&gt;&lt;br \/&gt;&lt;br \/&gt;&lt;br \/&gt;&lt;br \/&gt;&lt;br \/&gt;&lt;br \/&gt;&lt;br \/&gt;&lt;br \/&gt;&lt;br \/&gt;&lt;br \/&gt;&lt;br \/&gt;&lt;br \/&gt;&lt;br \/&gt;&lt;br \/&gt;&lt;br \/&gt;&lt;br \/&gt;&lt;br \/&gt;&lt;br \/&gt;&lt;br \/&gt;&lt;br \/&gt;&lt;br \/&gt;&lt;br \/&gt;&lt;br \/&gt;&lt;br \/&gt;&lt;br \/&gt;&lt;br \/&gt; \"><strong>8.\u00a0 C\u00f3digo de Veh\u00edculo secci\u00f3n 23152(a)\/(b)&#8211;Manejar Tomado con DUI Previo<\/strong><\/span><\/p>\n<p style=\"text-align: justify;\"><span title=\"Our client was detained while seating in his vehicle in a park.\">Nuestro cliente fue detenido mientras estaba sentado en su veh\u00edculo en un parque.\u00a0 <\/span><span title=\"The police alleged that our client was illegally parked in the park after-hours.\">La polic\u00eda aleg\u00f3 que nuestro cliente estaba estacionado ilegalmente en el parque despu\u00e9s de la hora que el parque cerraba.\u00a0 <\/span><span title=\"We went to the scene of the crime to photograph the area and the signs.\">Fuimos al lugar de los hechos para fotografiar la zona y cualquier aviso de horas de estacionamiento.\u00a0 <\/span><\/p>\n<p style=\"text-align: justify;\"><span title=\"We went to the scene of the crime to photograph the area and the signs.\">Por raz\u00f3n de la evidencia, pusimos <\/span><span title=\"We contested the legality of the detention in court by filing a suppression motion.\">en duda la legalidad de la detenci\u00f3n ante un tribunal mediante la presentaci\u00f3n de una moci\u00f3n de supresi\u00f3n.\u00a0 P<\/span><span title=\"We provided evidence that there was no proper parking signs posted and therefore the police officer had no right to detain the defendant.\">roporcionamos pruebas de que no hab\u00eda se\u00f1ales de estacionamiento adecuadas publicados y, por lo tanto, el agente de polic\u00eda no tuvo derecho a detener al acusado.\u00a0 <\/span><\/p>\n<p style=\"text-align: justify;\"><span title=\"We provided evidence that there was no proper parking signs posted and therefore the police officer had no right to detain the defendant.\">E<\/span><span title=\"Therefore, the judge granted the motion to eliminate the evidence against the client and all charges were dismissed.\">l juez accedi\u00f3 a la petici\u00f3n de eliminar las pruebas contra el cliente y todos los cargos fueron desestimados. <\/span><span title=\"(People v. P.V.)\">(People v P.V.)<\/span><\/p>\n<h3><img loading=\"lazy\" decoding=\"async\" class=\"thumbnail aligncenter\" src=\"https:\/\/www.therightdefender.com\/wp-content\/uploads\/2014\/02\/Pflaum-Slider-Choose-Final-es.jpg\" alt=\"eliminar evidencia\" width=\"168\" height=\"94\" \/><\/h3>\n<h2 style=\"text-align: center;\"><span style=\"color: #ff0000;\"><strong>Llame al (760) 806-4333<\/strong><\/span><\/h2>\n<p style=\"text-align: center;\"><span style=\"color: #000080;\"><span style=\"color: #000000;\">Vista \u2013 Escondido \u2013 Carlsbad \u2013 Fallbrook \u2013 Oceanside \u2013 Encinitas \u2013 Solana Beach \u2013 San Ysidro \u2013 Chula Vista \u2013 San Diego \u2013\u00a0 Carmel Valley \u2013 Pacific Beach \u2013 Del Mar \u2013 San Marcos \u2013 El Cajon \u2013 La Costa \u2013 Leucadia \u2013 La Jolla \u2013 Mission Beach \u2013 Imperial Beach \u2013 North Park \u2013 Hillcrest \u2013 Rancho Santa Fe \u2013 Poway \u2013 North County \u2013 South Bay \u2013 Coronado \u2013 Miramar \u2013 Scripps Ranch \u2013 Rancho Bernardo \u2013 Ramona \u2013 Mission Hills \u2013 Bonita \u2013 Valley Center &#8211; Fallbrook<\/span><br \/>\n<\/span><\/p>\n<p style=\"text-align: justify;\">* Las descripciones de los resultados est\u00e1n destinadas a proveer informaci\u00f3n sobre asuntos que ha manejado el abogado.<span lang=\"es\"> Los resultados no proveen una garant\u00eda sobre su asunto.\u00a0 El abogado hace todo para resolver su caso a su satisfacci\u00f3n.<\/span><\/p>\n<p style=\"text-align: justify;\"><a href=\"#top\"><span style=\"color: #3366ff;\"><strong>Regresar al inicio<\/strong><\/span><\/a><\/p>\n","protected":false},"excerpt":{"rendered":"<p>El abogado de defensa penal para eliminar evidencia en su contra, David Pflaum es el abogado defensor superior que sabe bien el proceso para anular los cargos en algunos casos criminales. En las estas situaciones cuando una persona es detenida, esculcada, o arrestada por la polic\u00eda sin raz\u00f3n v\u00e1lida, el abogado tiene el derecho de [&hellip;]<\/p>\n","protected":false},"author":2,"featured_media":0,"parent":175,"menu_order":0,"comment_status":"open","ping_status":"open","template":"","meta":{"footnotes":""},"class_list":["post-330","page","type-page","status-publish","hentry"],"aioseo_notices":[],"_links":{"self":[{"href":"https:\/\/www.therightdefender.com\/es\/wp-json\/wp\/v2\/pages\/330","targetHints":{"allow":["GET"]}}],"collection":[{"href":"https:\/\/www.therightdefender.com\/es\/wp-json\/wp\/v2\/pages"}],"about":[{"href":"https:\/\/www.therightdefender.com\/es\/wp-json\/wp\/v2\/types\/page"}],"author":[{"embeddable":true,"href":"https:\/\/www.therightdefender.com\/es\/wp-json\/wp\/v2\/users\/2"}],"replies":[{"embeddable":true,"href":"https:\/\/www.therightdefender.com\/es\/wp-json\/wp\/v2\/comments?post=330"}],"version-history":[{"count":0,"href":"https:\/\/www.therightdefender.com\/es\/wp-json\/wp\/v2\/pages\/330\/revisions"}],"up":[{"embeddable":true,"href":"https:\/\/www.therightdefender.com\/es\/wp-json\/wp\/v2\/pages\/175"}],"wp:attachment":[{"href":"https:\/\/www.therightdefender.com\/es\/wp-json\/wp\/v2\/media?parent=330"}],"curies":[{"name":"wp","href":"https:\/\/api.w.org\/{rel}","templated":true}]}}