{"id":325,"date":"2014-02-18T15:44:42","date_gmt":"2014-02-18T23:44:42","guid":{"rendered":"http:\/\/192.185.4.155\/~dmpjury\/?page_id=325"},"modified":"2019-11-09T12:22:19","modified_gmt":"2019-11-09T20:22:19","slug":"investigacion-criminal","status":"publish","type":"page","link":"https:\/\/www.therightdefender.com\/es\/buenos-resultados\/investigacion-criminal\/","title":{"rendered":"Investigaci\u00f3n Criminal"},"content":{"rendered":"<p><img loading=\"lazy\" decoding=\"async\" class=\"wp-post-image aligncenter\" src=\"https:\/\/www.therightdefender.com\/wp-content\/uploads\/2014\/02\/exclusive-leafly-has-obtained-the-full-mexico-supreme-court-rulin-195x117.jpg\" sizes=\"auto, (max-width: 195px) 100vw, 195px\" srcset=\"https:\/\/www.therightdefender.com\/wp-content\/uploads\/2014\/02\/exclusive-leafly-has-obtained-the-full-mexico-supreme-court-rulin-195x117.jpg 195w, https:\/\/www.therightdefender.com\/wp-content\/uploads\/2014\/02\/exclusive-leafly-has-obtained-the-full-mexico-supreme-court-rulin-300x180.jpg 300w, https:\/\/www.therightdefender.com\/wp-content\/uploads\/2014\/02\/exclusive-leafly-has-obtained-the-full-mexico-supreme-court-rulin-768x461.jpg 768w, https:\/\/www.therightdefender.com\/wp-content\/uploads\/2014\/02\/exclusive-leafly-has-obtained-the-full-mexico-supreme-court-rulin-940x564.jpg 940w, https:\/\/www.therightdefender.com\/wp-content\/uploads\/2014\/02\/exclusive-leafly-has-obtained-the-full-mexico-supreme-court-rulin-620x372.jpg 620w, https:\/\/www.therightdefender.com\/wp-content\/uploads\/2014\/02\/exclusive-leafly-has-obtained-the-full-mexico-supreme-court-rulin.jpg 960w\" alt=\"Investigaci\u00f3n Criminal\" width=\"108\" height=\"65\" \/><\/p>\n<h3><strong>AFIRMAR LOS DERECHOS SOBRE UN INVESTIGACI\u00d3N CRIMINAL<\/strong><\/h3>\n<p style=\"text-align: justify;\">Si tiene miedo por causa de una investigaci\u00f3n criminal de un detective o de una trabajadora social, haga contacto con <span style=\"color: #0000ff;\"><a style=\"color: #0000ff;\" href=\"https:\/\/www.therightdefender.com\/es\/\">el abogado defensor<\/a><\/span> David Pflaum con 30 a\u00f1os de experiencia inmediatamente.<\/p>\n<p style=\"text-align: justify;\">El abogado sabe bien la manera para afirmar los derechos de su cliente y darle los mejores consejos importantes.<\/p>\n<p style=\"text-align: justify;\">M\u00e1s importante el abogado es su representante para comunicarse con el detective y la trabajadora social para que el acusado no diga ni una palabra que se puede usar en su contra y para prevenir una detenci\u00f3n.<\/p>\n<p id=\"tw-target-text\" class=\"tw-data-text tw-text-large tw-ta\" dir=\"ltr\" data-placeholder=\"Translation\"><span lang=\"es\" tabindex=\"0\">Deja que haga su trabajo para proteger su inter\u00e9s.<\/span><\/p>\n<h4><img loading=\"lazy\" decoding=\"async\" class=\"aligncenter wp-image-18693\" src=\"http:\/\/www.therightdefender.com\/wp-content\/uploads\/2014\/01\/cbd87e98c96fe381ae346e72d6b41114-195x195.png\" alt=\"investigaci\u00f3n criminal\" width=\"80\" height=\"80\" \/><\/h4>\n<h3 style=\"text-align: center;\"><strong>EJEMPLOS DE CASOS DESESTIMADOS POR EL ABOGADO <\/strong>*<\/h3>\n<p><strong>1.\u00a0 Violencia Dom\u00e9stica <\/strong><\/p>\n<p style=\"text-align: justify;\">El cliente y suesposa estaban trabajando juntos en su negocio de venta de comida para una fiesta privada. La esposa se puso celosa y estando bajo la influencia de alcohol comenz\u00f3 una pelea con su marido.<\/p>\n<p style=\"text-align: justify;\">La presunta v\u00edctima nos contact\u00f3 y se\u00f1al\u00f3 que el cliente simplemente hab\u00eda salido corriendo escap\u00e1ndose de los ataques de su esposa, pero ella corri\u00f3 tras \u00e9l. Al correr, la supuesta v\u00edctima, tropez\u00f3 y cay\u00f3 al suelo rasp\u00e1ndose la rodilla.<\/p>\n<p style=\"text-align: justify;\">Preparamos la declaraci\u00f3n de la presunta v\u00edctima a favor del cliente indicando que no quer\u00eda presentar cargos. Como disposici\u00f3n final: la oficina del fiscal de distrito no present\u00f3 cargos en contra del cliente, y el cliente fue liberado de la c\u00e1rcel. (Asunto de D.J.)<\/p>\n<p><strong>2. Choque y Fuga<\/strong><\/p>\n<p style=\"text-align: justify;\">Se estableci\u00f3 contacto con el detective investigando en nombre del acusado y pudimos lograr un arreglo para que no se presentaran cargos penales.\u00a0 Ning\u00fan cargo presentado. (Asunto de K.W.)<\/p>\n<p><strong>3. Delito Mayor de Violencia Dom\u00e9stica<\/strong><\/p>\n<p style=\"text-align: justify;\">El cliente y su c\u00f3nyuge tuvieron una discusi\u00f3n fuera de su lugar de empleo. Una persona que pas\u00f3 en un auto y los vi\u00f3 discutiendo llam\u00f3 a la polic\u00eda quien lleg\u00f3 a la escena de inmediato y detuvo al cliente por la violencia dom\u00e9stica.<\/p>\n<p style=\"text-align: justify;\">R\u00e1pida y met\u00f3dicamente desarrollamos informaci\u00f3n valiosa, incluyendo fotograf\u00edas, sobre el cliente y su c\u00f3nyuge, que enviamos a la oficina del fiscal para su revisi\u00f3n.<\/p>\n<p style=\"text-align: justify;\">La fiscal\u00eda determin\u00f3 que no hab\u00eda pruebas suficientes para seguir adelante.\u00a0 El cliente fue liberado de la c\u00e1rcel. (Asunto de R.C.)<\/p>\n<p><strong>4.\u00a0 Problema Entre Vecinos Debido a una Pistola de Balines<\/strong><\/p>\n<p style=\"text-align: justify;\">Dos vecinos tuvieron problemas debido a que el hijo del vecino dispar\u00f3 un arma de balines de aire comprimido.<\/p>\n<p style=\"text-align: justify;\">Se estableci\u00f3 contacto con el fiscal de distrito con informaci\u00f3n acerca de la supuesta violencia dom\u00e9stica. Trabajamos con ambas partes. Disposici\u00f3n final: el fiscal de distrito (ministerio p\u00fablico) no present\u00f3 cargos en contra de nuestro cliente. (Asunto de B.L.)<\/p>\n<p><strong>5.\u00a0 Cliente Acusado de Tocar Sexualmente sin Autorizaci\u00f3n<\/strong><\/p>\n<p style=\"text-align: justify;\">Se estableci\u00f3 contacto con el investigador privado local a cargo del caso. Mediante la revisi\u00f3n satisfactoria de los testimonios, la polic\u00eda local decidi\u00f3 no arrestar o presentar el caso con el fiscal de distrito. (Asunto de L.L.)<\/p>\n<p><strong>6.\u00a0 Cliente Acusado de I<strong>nfligir Da\u00f1o Corporal Resultando en Condici\u00f3n Traum\u00e1tica<\/strong><\/strong><\/p>\n<p style=\"text-align: justify;\">El cliente tuvo un altercado verbal con su esposa y ella se comport\u00f3 agresiva f\u00edsicamente.<\/p>\n<p style=\"text-align: justify;\">El cliente empuj\u00f3 a su esposa en defensa propia. Se estableci\u00f3 contacto con el fiscal de distrito con la cooperaci\u00f3n de la presunta v\u00edctima quien decidi\u00f3 no declarar contra su marido. El fiscal de distrito decidi\u00f3 desestimar las acusaciones y no enjuiciar a nuestro cliente. (Asunto de J.H.)<\/p>\n<p><strong>7.\u00a0 Cliente Acusada de Presuntamente Atacar a la Amante de su Marido<\/strong><\/p>\n<p style=\"text-align: justify;\">La presunta v\u00edctima no quiso presentar cargos en contra del cliente. Hablamos con el detective a cargo del caso y se decidi\u00f3 no procesar o presentar cargos contra el cliente. (Asunto de H.A.)<\/p>\n<p><strong>8.\u00a0 Cliente Acusado de A<strong>gresi\u00f3n Dom\u00e9stica o Conyugal<\/strong><\/strong><\/p>\n<p style=\"text-align: justify;\">Se estableci\u00f3 contacto con la esposa de nuestro cliente y se aclar\u00f3 el supuesto incidente de violencia dom\u00e9stica.<\/p>\n<p style=\"text-align: justify;\">Con la cooperaci\u00f3n de la esposa de nuestro cliente se estableci\u00f3 contacto con el fiscal de distrito adjunto encargado de expedir el caso en contra de nuestro cliente. Disposici\u00f3n final: la acusaci\u00f3n se abandon\u00f3 y ning\u00fan caso se dict\u00f3 en contra de nuestro cliente. Adem\u00e1s evitamos mayores consecuencias de inmigraci\u00f3n para nuestro cliente. (Asunto de F.H.)<\/p>\n<p><strong>9.\u00a0 El Cliente fue Detenido y Acusado de Abuso del C\u00f3nyuge con Lesiones <\/strong><\/p>\n<p style=\"text-align: justify;\">La presunta v\u00edctima nos contact\u00f3 inmediatamente despu\u00e9s de la detenci\u00f3n de su c\u00f3nyuge para solicitar que defendi\u00e9ramos a su c\u00f3nyuge contra tal acusaci\u00f3n.<\/p>\n<p style=\"text-align: justify;\">La cliente hab\u00eda actuado agresivamente contra su esposo despu\u00e9s de que se enter\u00f3 de algunos chismes sobre la infidelidad de su marido. Presentamos la declaraci\u00f3n de la presunta v\u00edctima a favor de su c\u00f3nyuge y su petici\u00f3n al Fiscal del Distrito para no presentar cargos contra su esposa.<\/p>\n<p style=\"text-align: justify;\">Como disposici\u00f3n final, la cliente fue puesta en libertad de inmediato. No hubo cargos presentados contra el cliente. (Asunto de B.G.)<\/p>\n<p><strong>10.\u00a0 Muerte por Mordida de Perros<\/strong><\/p>\n<p style=\"text-align: justify;\">El cliente era due\u00f1o de varios perros que criaba en su casa.\u00a0 Una noche, un amigo de la familia vino a hacerse cargo de los perros y darles de comer.\u00a0 M\u00e1s tarde el amigo fue descubierto muerto cerca del \u00e1rea donde estaban los perros.\u00a0 Detectives de control de animales y el m\u00e9dico forense se reunieron en el lugar para investigar.<\/p>\n<p style=\"text-align: justify;\">Se estableci\u00f3 contacto con la polic\u00eda de inmediato para comenzar a dialogar y cooperar lo mejor que pudimos.\u00a0 A trav\u00e9s del curso de la investigaci\u00f3n, fuimos capaces de mostrar a los investigadores que el cliente era una buena persona, y los perros de los clientes estaban bien entrenados, y nunca hab\u00edan atacado o mordido a nadie.<\/p>\n<p style=\"text-align: justify;\">La muerte del amigo fue un accidente y una tragedia, lo cual no fue imputado en contra del cliente.\u00a0 (Asunto de E.H.)<\/p>\n<p style=\"text-align: justify;\"><strong>11.\u00a0 El Cliente fue Detenido y Acusado de Violaci\u00f3n de Abuso del C\u00f3nyuge<\/strong><\/p>\n<p style=\"text-align: justify;\">El cliente estaba hablando por tel\u00e9fono con la madre de su hija. Su esposa actual se puso celosa y comenz\u00f3 a pelear con el cliente. La esposa del cliente le orden\u00f3 salir de la casa si \u00e9l iba a seguir hablando con su ex-novia.<\/p>\n<p style=\"text-align: justify;\">El cliente se dispuso a salir de la casa y la presunta v\u00edctima cambi\u00f3 de idea y trat\u00f3 de empujarlo a regresar a la casa. El cliente la apart\u00f3 empuj\u00e1ndola en defensa propia.<\/p>\n<p style=\"text-align: justify;\">Preparamos la declaraci\u00f3n de la supuesta v\u00edctima indicando que no hab\u00eda sufrido ninguna lesi\u00f3n y no deseaba el enjuiciamiento de su marido sino que lo liberaran inmediatamente de la c\u00e1rcel. Disposici\u00f3n final: no hubieron cargos presentados en contra del cliente. (Asunto de A.L.)<\/p>\n<h3 style=\"text-align: center;\"><strong>Llame al abogado defensor digno de confianza \u00a0 <\/strong><\/h3>\n<h3 style=\"text-align: center;\"><strong>No arriesgue su futuro con cualquiera<\/strong><\/h3>\n<h3 style=\"text-align: center;\"><span style=\"color: #ff0000;\"><strong>Llame al 760-806-4333<\/strong><\/span><\/h3>\n<p style=\"text-align: center;\">Vista &#8211; Escondido &#8211; Carlsbad &#8211; Fallbrook &#8211; Oceanside &#8211; Encinitas &#8211; Solana Beach &#8211; San Ysidro &#8211; Chula Vista &#8211; San Diego &#8211; El Cajon &#8211; Carmel Valley &#8211; Pacific Beach &#8211; Del Mar &#8211; San Marcos &#8211; Poway &#8211; Julian &#8211; Mission Valley &#8211; Condado del Norte &#8211; North Park &#8211; Mission Hills &#8211; Valley Center &#8211; Bonsall &#8211; La Mesa &#8211; Leucadia &#8211; La Costa &#8211; Rancho Bernardo &#8211; East Lake &#8211; South Bay &#8211; Rancho Santa Fe<span style=\"color: #000080;\"><br \/>\n<\/span><\/p>\n<p><a href=\"#top\"><span style=\"color: #3366ff;\"><strong>Regresar al inicio<\/strong><\/span><\/a><\/p>\n<p>&nbsp;<\/p>\n<p style=\"text-align: justify;\">*Las descripciones de los resultados anteriores sirven \u00fanicamente para proporcionar informaci\u00f3n sobre\u00a0 los asuntos legales que ha manejado David Pflaum.\u00a0 Los resultados no deben interpretarse para proporcionar una garant\u00eda expresa o impl\u00edcita o predicci\u00f3n sobre el resultado de su asunto legal.\u00a0 No se puede obtenerse los resultados iguales o similares en todos los asuntos legales emprendidos por David Pflaum, aunque tiene su mejor en todos los casos para tener \u00e9xito en nombre de su cliente.<\/p>\n","protected":false},"excerpt":{"rendered":"<p>AFIRMAR LOS DERECHOS SOBRE UN INVESTIGACI\u00d3N CRIMINAL Si tiene miedo por causa de una investigaci\u00f3n criminal de un detective o de una trabajadora social, haga contacto con el abogado defensor David Pflaum con 30 a\u00f1os de experiencia inmediatamente. El abogado sabe bien la manera para afirmar los derechos de su cliente y darle los mejores [&hellip;]<\/p>\n","protected":false},"author":2,"featured_media":0,"parent":175,"menu_order":0,"comment_status":"open","ping_status":"open","template":"","meta":{"footnotes":""},"class_list":["post-325","page","type-page","status-publish","hentry"],"aioseo_notices":[],"_links":{"self":[{"href":"https:\/\/www.therightdefender.com\/es\/wp-json\/wp\/v2\/pages\/325","targetHints":{"allow":["GET"]}}],"collection":[{"href":"https:\/\/www.therightdefender.com\/es\/wp-json\/wp\/v2\/pages"}],"about":[{"href":"https:\/\/www.therightdefender.com\/es\/wp-json\/wp\/v2\/types\/page"}],"author":[{"embeddable":true,"href":"https:\/\/www.therightdefender.com\/es\/wp-json\/wp\/v2\/users\/2"}],"replies":[{"embeddable":true,"href":"https:\/\/www.therightdefender.com\/es\/wp-json\/wp\/v2\/comments?post=325"}],"version-history":[{"count":0,"href":"https:\/\/www.therightdefender.com\/es\/wp-json\/wp\/v2\/pages\/325\/revisions"}],"up":[{"embeddable":true,"href":"https:\/\/www.therightdefender.com\/es\/wp-json\/wp\/v2\/pages\/175"}],"wp:attachment":[{"href":"https:\/\/www.therightdefender.com\/es\/wp-json\/wp\/v2\/media?parent=325"}],"curies":[{"name":"wp","href":"https:\/\/api.w.org\/{rel}","templated":true}]}}