{"id":208,"date":"2014-02-05T14:10:19","date_gmt":"2014-02-05T22:10:19","guid":{"rendered":"http:\/\/192.185.4.155\/~dmpjury\/?page_id=208"},"modified":"2024-05-26T10:42:51","modified_gmt":"2024-05-26T17:42:51","slug":"testimonios","status":"publish","type":"page","link":"https:\/\/www.therightdefender.com\/es\/testimonios\/","title":{"rendered":"Testimonios"},"content":{"rendered":"<h3 style=\"text-align: center;\">El Excelente Abogado Defensor <span style=\"color: #000000;\"><br \/>\n<\/span><\/h3>\n<p><img loading=\"lazy\" decoding=\"async\" class=\"wp-post-image aligncenter\" src=\"https:\/\/www.therightdefender.com\/wp-content\/uploads\/2014\/02\/exclusive-leafly-has-obtained-the-full-mexico-supreme-court-rulin-195x117.jpg\" sizes=\"auto, (max-width: 195px) 100vw, 195px\" srcset=\"https:\/\/www.therightdefender.com\/wp-content\/uploads\/2014\/02\/exclusive-leafly-has-obtained-the-full-mexico-supreme-court-rulin-195x117.jpg 195w, https:\/\/www.therightdefender.com\/wp-content\/uploads\/2014\/02\/exclusive-leafly-has-obtained-the-full-mexico-supreme-court-rulin-300x180.jpg 300w, https:\/\/www.therightdefender.com\/wp-content\/uploads\/2014\/02\/exclusive-leafly-has-obtained-the-full-mexico-supreme-court-rulin-768x461.jpg 768w, https:\/\/www.therightdefender.com\/wp-content\/uploads\/2014\/02\/exclusive-leafly-has-obtained-the-full-mexico-supreme-court-rulin-940x564.jpg 940w, https:\/\/www.therightdefender.com\/wp-content\/uploads\/2014\/02\/exclusive-leafly-has-obtained-the-full-mexico-supreme-court-rulin-620x372.jpg 620w, https:\/\/www.therightdefender.com\/wp-content\/uploads\/2014\/02\/exclusive-leafly-has-obtained-the-full-mexico-supreme-court-rulin.jpg 960w\" alt=\"testimonios\" width=\"113\" height=\"68\" \/><\/p>\n<h3 style=\"text-align: center;\"><strong>De San Diego<\/strong><\/h3>\n<blockquote>\n<p style=\"text-align: left;\"><strong>Es un abogado exitoso, confiable, dedicado a la justicia para los acusados. &#8211;Paola<\/strong><\/p>\n<\/blockquote>\n<div class=\"videoWrapper\"><iframe loading=\"lazy\" src=\"\/\/www.youtube.com\/embed\/5sFBuWK8IYU\" width=\"420\" height=\"315\" frameborder=\"0\" allowfullscreen=\"allowfullscreen\"><\/iframe><\/div>\n<h4><div class=\"divider divider-solid\"><\/div><br \/>\n<span style=\"color: #000000;\"><strong>EL ABOGADO AYUDA MUCHO A LA COMUNIDAD HISPANA<\/strong><\/span><br \/>\n<div class=\"divider divider-solid\"><\/div><\/h4>\n<blockquote>\n<p style=\"text-align: left;\"><strong>Me recomendaron al abogado David y vine a verlo. Me di\u00f3 mucha confianza.<\/strong><\/p>\n<p style=\"text-align: left;\"><strong>\u00a0\u00a0\u00a0\u00a0 Cuando llegamos a la corte mi caso era m\u00e1s complicado de lo que pens\u00e9. El abogado empez\u00f3 a moverse por todos los lados de la corte, hablando aqu\u00ed, hablando all\u00e1 y yo lo estaba siguiendo.<\/strong><\/p>\n<p style=\"text-align: left;\"><strong>\u00a0\u00a0\u00a0\u00a0 El me quit\u00f3 mis tickets de mi r\u00e9cord y todo sali\u00f3 bien. &#8211;Julio<\/strong><\/p>\n<\/blockquote>\n<div class=\"videoWrapper\"><iframe loading=\"lazy\" src=\"\/\/www.youtube.com\/embed\/pUdNvrSmO4I\" width=\"560\" height=\"315\" frameborder=\"0\" allowfullscreen=\"allowfullscreen\"><\/iframe><\/div>\n<h4><div class=\"divider divider-solid\"><\/div><br \/>\n<span style=\"color: #000000;\"><strong>EL TIENE MUCHO \u00c9XITO<\/strong> GANANDO LOS CASOS<\/span><br \/>\n<div class=\"divider divider-solid\"><\/div><\/h4>\n<blockquote>\n<p style=\"text-align: left;\"><strong>Yo he conocido el abogado Pflaum por m\u00e1s de quince a\u00f1os. Lo conoc\u00ed en corte defendiendo un acusado con fuerza.<\/strong><\/p>\n<p style=\"text-align: left;\"><strong>El abogado gan\u00f3 el caso y el juez dej\u00f3 salir libre al acusado.<\/strong><\/p>\n<p style=\"text-align: left;\"><strong>El Sr. Pflaum tiene \u00e9xito ganando los casos. Es muy profesional y muy atento. &#8211;Irene<\/strong><\/p>\n<\/blockquote>\n<div class=\"videoWrapper\"><iframe loading=\"lazy\" src=\"\/\/www.youtube.com\/embed\/U912OZhkXS0?rel=0\" width=\"420\" height=\"315\" frameborder=\"0\" allowfullscreen=\"allowfullscreen\"><\/iframe><\/div>\n<h4><div class=\"divider divider-solid\"><\/div><br \/>\n<span style=\"color: #000000;\"><strong><strong>COMO SI TUVIERA UNA VARITA M\u00c1GICA, EL ABOGADO ELIMIN\u00d3 MI CASO<\/strong><\/strong><\/span><br \/>\n<div class=\"divider divider-solid\"><\/div><\/h4>\n<blockquote>\n<p style=\"text-align: left;\"><strong>El abogado es excelente. El ha ayudado a gente con problemas dif\u00edciles.<\/strong><\/p>\n<p style=\"text-align: left;\"><strong>El como si tuviera una varita m\u00e1gica desaparece cualquier r\u00e9cord, cualquier problema que tenga.<\/strong><\/p>\n<p style=\"text-align: left;\"><strong>Se los recomiendo.\u00a0&#8211;Martina<\/strong><em><br \/>\n<\/em><\/p>\n<p style=\"text-align: left;\">\n<\/blockquote>\n<div class=\"videoWrapper\"><iframe loading=\"lazy\" src=\"https:\/\/www.youtube.com\/embed\/7j3bIa68ci8\" width=\"560\" height=\"315\" frameborder=\"0\" allowfullscreen=\"allowfullscreen\"><\/iframe><\/div>\n<h4><div class=\"divider divider-solid\"><\/div><br \/>\n<span style=\"color: #000000;\"><strong>ES MUY BUEN ABOGADO, GAN\u00d3 EL CASO.\u00a0 ME TRAT\u00d3 COMO A UN FAMILIAR<\/strong><\/span><br \/>\n<div class=\"divider divider-solid\"><\/div><\/h4>\n<blockquote>\n<p style=\"text-align: left;\"><strong>Tuve cuatro casos de robo, ning\u00fan abogado quer\u00eda representarme. Yo me sent\u00eda con mucha depresi\u00f3n porque el juez ya me hab\u00eda dictado c\u00e1rcel.<\/strong><\/p>\n<p style=\"text-align: left;\"><strong>Yo encontr\u00e9 al abogado David.\u00a0 El me represent\u00f3 en la corte. Yo lo miraba imposible.<\/strong><\/p>\n<p style=\"text-align: left;\"><strong>Pero el gan\u00f3 mis casos y no tuve que ir a la c\u00e1rcel.<\/strong><\/p>\n<p style=\"text-align: left;\"><strong>El inspira confianza, como si estuvi\u00e9ramos en familia. &#8211;Milton<\/strong><em><br \/>\n<\/em><\/p>\n<p style=\"text-align: left;\">\n<\/blockquote>\n<div class=\"videoWrapper\"><iframe loading=\"lazy\" src=\"https:\/\/www.youtube.com\/embed\/6QB5q2RxW70\" width=\"560\" height=\"315\" frameborder=\"0\" allowfullscreen=\"allowfullscreen\"><\/iframe><\/div>\n<h4><div class=\"divider divider-solid\"><\/div><br \/>\n<span style=\"color: #000000;\"><strong>GRACIAS A SU ESFUERZO Y A LO QUE DIOS LE HA PODIDO PROVEER A EL<\/strong><\/span><br \/>\n<div class=\"divider divider-solid\"><\/div><\/h4>\n<blockquote>\n<p style=\"text-align: left;\"><strong>Tuve un problema, fui acusado de un delito mayor. Mi t\u00eda consigui\u00f3 un buen abogado, el se\u00f1or David.<\/strong><\/p>\n<p style=\"text-align: left;\"><strong>\u00a0\u00a0\u00a0\u00a0 El fue a visitarme en la c\u00e1rcel inmediatamente y me dijo que no me preocupara que todo iba a estar bien por que yo estaba aterrado.<\/strong><\/p>\n<p style=\"text-align: left;\"><strong>\u00a0\u00a0\u00a0\u00a0 La segunda corte que yo tuve \u00e9l fue para darme las buenas noticias que yo iba a estar afuera. &#8211;Jose<em><em><br \/>\n<\/em><\/em><\/strong><\/p>\n<\/blockquote>\n<div class=\"videoWrapper\"><iframe loading=\"lazy\" src=\"\/\/www.youtube.com\/embed\/v_nSH7Z5Sfs\" width=\"560\" height=\"315\" frameborder=\"0\" allowfullscreen=\"allowfullscreen\"><\/iframe><\/div>\n<h4><div class=\"divider divider-solid\"><\/div><br \/>\n<span style=\"color: #000000;\">SE LOS RECOMIENDO.\u00a0 <strong>ES UNA PERSONA HONESTA Y MUY CAPAZ<\/strong><\/span><br \/>\n<div class=\"divider divider-solid\"><\/div><\/h4>\n<blockquote>\n<p style=\"text-align: left;\"><strong>El abogado David solucion\u00f3 mi problema sin yo ir a corte ni pagar multa. Se los recomiendo.<\/strong><\/p>\n<p style=\"text-align: left;\"><strong>\u00a0\u00a0\u00a0\u00a0 El es una persona honesta y si les arregla su caso. &#8211;Reina<\/strong><\/p>\n<\/blockquote>\n<div class=\"videoWrapper\"><iframe loading=\"lazy\" src=\"\/\/www.youtube.com\/embed\/GS1KNlaZCvo\" width=\"560\" height=\"315\" frameborder=\"0\" allowfullscreen=\"allowfullscreen\"><\/iframe><\/div>\n<h4><div class=\"divider divider-solid\"><\/div><br \/>\n<span style=\"color: #000000;\"><strong>UN ABOGADO EXCELENTE Y EFICAZ, AYUDA AL QUE M\u00c1S PROBLEMAS TIENE<\/strong><\/span><br \/>\n<div class=\"divider divider-solid\"><\/div><\/h4>\n<blockquote>\n<p style=\"text-align: left;\"><strong>Se los digo de coraz\u00f3n, David Pflaum es buen\u00edsimo abogado y se los recomiendo. &#8211;Luis<\/strong><\/p>\n<\/blockquote>\n<div class=\"videoWrapper\"><iframe loading=\"lazy\" src=\"\/\/www.youtube.com\/embed\/xTKvJZQLmXM?rel=0&amp;controls=0&amp;showinfo=0\" width=\"640\" height=\"480\" frameborder=\"0\" allowfullscreen=\"allowfullscreen\"><\/iframe><\/div>\n<h4><div class=\"divider divider-solid\"><\/div><\/h4>\n<h4><div class=\"divider divider-solid\"><\/div><br \/>\n<span style=\"color: #000000;\"><strong>MI NOVIO NO TUVO QUE IR A LA C\u00c1RCEL Y NO FUE DEPORTADO<\/strong><\/span><br \/>\n<div class=\"divider divider-solid\"><\/div><\/h4>\n<blockquote>\n<p style=\"text-align: left;\"><strong>Uno de mis familiares tuvo un problema muy fuerte.\u00a0 Mi familiar tuvo un negocio y no pod\u00eda estar en c\u00e1rcel ni ser deportado.<\/strong><\/p>\n<p style=\"text-align: left;\"><strong>\u00a0\u00a0\u00a0\u00a0 El Sr. Pflaum lo ayud\u00f3 a calificar para un programa para que no tuviera que ir a la c\u00e1rcel y arregl\u00f3 el caso penal para que no fuera deportado.<\/strong><\/p>\n<p style=\"text-align: left;\"><strong>\u00a0\u00a0\u00a0\u00a0 Que buena onda! &#8211;Deborah<\/strong><\/p>\n<\/blockquote>\n<div class=\"videoWrapper\"><iframe loading=\"lazy\" src=\"\/\/www.youtube.com\/embed\/KDjnNpMfDrU\" width=\"560\" height=\"315\" frameborder=\"0\" allowfullscreen=\"allowfullscreen\"><\/iframe><\/div>\n<h4><div class=\"divider divider-solid\"><\/div><br \/>\n<span style=\"color: #000000;\">EL <strong>DEFENSOR PENAL DE LOS HISPANOS CON SERVICIO INMEDIATO Y EXITOSO<\/strong><\/span><br \/>\n<div class=\"divider divider-solid\"><\/div><\/h4>\n<blockquote>\n<blockquote>\n<p style=\"text-align: left;\"><strong>David es un abogado confiable, sabe el trabajo que est\u00e1 haciendo.<\/strong><\/p>\n<p style=\"text-align: left;\"><strong>\u00a0\u00a0\u00a0\u00a0 Me estaba atacando el sheriff y en cuanto le hable al abogado, ya no tuve que saber nada de la polic\u00eda. El se encarg\u00f3 de todo.<\/strong><\/p>\n<p style=\"text-align: left;\"><strong>\u00a0\u00a0\u00a0\u00a0 Aqu\u00ed en mi mano tengo el papel que es la prueba que el abogado gan\u00f3 el caso.<\/strong><\/p>\n<p style=\"text-align: left;\"><strong>\u00a0\u00a0\u00a0\u00a0 Estoy libre, vivito y coleando, gracias a \u00e9l. &#8211;Jose<\/strong><\/p>\n<\/blockquote>\n<div class=\"videoWrapper\"><iframe loading=\"lazy\" src=\"\/\/www.youtube.com\/embed\/OckvBLCNQPE?rel=0\" width=\"420\" height=\"315\" frameborder=\"0\" allowfullscreen=\"allowfullscreen\"><\/iframe><\/div>\n<h4><div class=\"divider divider-solid\"><\/div><br \/>\n<span style=\"color: #000000;\">GRACIAS A DIOS, <strong>EL ABOGADO LUCH\u00d3 MUCHO Y FUE UN \u00c9XITO<\/strong><\/span><br \/>\n<div class=\"divider divider-solid\"><\/div><\/h4>\n<blockquote>\n<p style=\"text-align: left;\">\u00a0<strong>El abogado fue un \u00e9xito.<\/strong><\/p>\n<p style=\"text-align: left;\"><strong>\u00a0\u00a0\u00a0\u00a0 Mi esposo ten\u00eda un problema grav\u00edsimo.\u00a0 Pensamos que iba a ir a la c\u00e1rcel, deportado, y tantas cosas que estaba diciendo el se\u00f1or juez.<\/strong><\/p>\n<p style=\"text-align: left;\"><strong>\u00a0\u00a0\u00a0\u00a0 El abogado luch\u00f3 mucho y gan\u00f3 el caso.<\/strong><\/p>\n<p style=\"text-align: left;\"><strong>\u00a0\u00a0\u00a0\u00a0 Gracias a Dios por el \u00e9xito que Dios le ha dado. &#8211;Silvina &amp; Andres<\/strong><\/p>\n<\/blockquote>\n<div class=\"videoWrapper\"><iframe loading=\"lazy\" src=\"\/\/www.youtube.com\/embed\/ob5zAPAQN8s?rel=0\" width=\"560\" height=\"315\" frameborder=\"0\" allowfullscreen=\"allowfullscreen\"><\/iframe><\/div>\n<h4><div class=\"divider divider-solid\"><\/div><br \/>\n<span style=\"color: #000000;\">TODO EL TIEMPO EST\u00c1 PARA USTED.\u00a0 <strong>SE LOS RECOMIENDO AL CIEN POR CIENTO<\/strong><\/span><br \/>\n<div class=\"divider divider-solid\"><\/div><\/h4>\n<blockquote>\n<p style=\"text-align: left;\"><strong>La persona que me recomend\u00f3 al abogado David no se equivoc\u00f3 para nada. El abogado me ayud\u00f3 demasiado bien.<\/strong><\/p>\n<p style=\"text-align: left;\"><strong>El abogado es muy profesional, capaz, que todo el tiempo est\u00e1 para usted.<\/strong><\/p>\n<p style=\"text-align: left;\"><strong>Se lo recomiendo al 100%. &#8211;Bolivar<br \/>\n<\/strong><\/p>\n<\/blockquote>\n<div class=\"videoWrapper\"><iframe loading=\"lazy\" src=\"\/\/www.youtube.com\/embed\/CodjERRL_pI?rel=0\" width=\"560\" height=\"315\" frameborder=\"0\" allowfullscreen=\"allowfullscreen\"><\/iframe><\/div>\n<h4><div class=\"divider divider-solid\"><\/div><\/h4>\n<div class=\"divider divider-solid\"><\/div>\n<h3 style=\"text-align: center;\"><strong>EL EXCELENTE ABOGADO DEFENSOR<\/strong><strong><span style=\"color: #ff0000;\"><br \/>\n<\/span><\/strong><\/h3>\n<h3 style=\"text-align: center;\"><span style=\"color: #ff0000;\"><strong>Llame al 760-806-4333<\/strong><\/span><\/h3>\n<h4><img loading=\"lazy\" decoding=\"async\" class=\"thumbnail aligncenter\" src=\"https:\/\/www.therightdefender.com\/wp-content\/uploads\/2018\/01\/slider-flag-spanish-1.jpg\" alt=\"abogado\" width=\"166\" height=\"75\" \/><\/h4>\n<blockquote>\n<blockquote>\n<p style=\"text-align: justify;\">*Los testimonios orales y escritas sirven para proveer informaci\u00f3n sobre el abogado David Pflaum.\u00a0 Los resultados de los asuntos legales so serven como una garantia.\u00a0 Los resultados dependen de los hechos espec\u00edficos del caso.\u00a0 El abogado hace todo en cada caso para tener \u00e9xito en nombre de su cliente.<\/p>\n<\/blockquote>\n<\/blockquote>\n<\/blockquote>\n","protected":false},"excerpt":{"rendered":"<p>El Excelente Abogado Defensor De San Diego Es un abogado exitoso, confiable, dedicado a la justicia para los acusados. &#8211;Paola EL ABOGADO AYUDA MUCHO A LA COMUNIDAD HISPANA Me recomendaron al abogado David y vine a verlo. Me di\u00f3 mucha confianza. \u00a0\u00a0\u00a0\u00a0 Cuando llegamos a la corte mi caso era m\u00e1s complicado de lo que [&hellip;]<\/p>\n","protected":false},"author":1,"featured_media":0,"parent":0,"menu_order":0,"comment_status":"open","ping_status":"open","template":"","meta":{"footnotes":""},"class_list":["post-208","page","type-page","status-publish","hentry"],"aioseo_notices":[],"_links":{"self":[{"href":"https:\/\/www.therightdefender.com\/es\/wp-json\/wp\/v2\/pages\/208","targetHints":{"allow":["GET"]}}],"collection":[{"href":"https:\/\/www.therightdefender.com\/es\/wp-json\/wp\/v2\/pages"}],"about":[{"href":"https:\/\/www.therightdefender.com\/es\/wp-json\/wp\/v2\/types\/page"}],"author":[{"embeddable":true,"href":"https:\/\/www.therightdefender.com\/es\/wp-json\/wp\/v2\/users\/1"}],"replies":[{"embeddable":true,"href":"https:\/\/www.therightdefender.com\/es\/wp-json\/wp\/v2\/comments?post=208"}],"version-history":[{"count":0,"href":"https:\/\/www.therightdefender.com\/es\/wp-json\/wp\/v2\/pages\/208\/revisions"}],"wp:attachment":[{"href":"https:\/\/www.therightdefender.com\/es\/wp-json\/wp\/v2\/media?parent=208"}],"curies":[{"name":"wp","href":"https:\/\/api.w.org\/{rel}","templated":true}]}}