{"id":203,"date":"2014-02-05T14:01:08","date_gmt":"2014-02-05T22:01:08","guid":{"rendered":"http:\/\/192.185.4.155\/~dmpjury\/?page_id=203"},"modified":"2019-04-20T13:02:25","modified_gmt":"2019-04-20T20:02:25","slug":"peticion-para-eliminar-evidencia","status":"publish","type":"page","link":"https:\/\/www.therightdefender.com\/es\/tramites\/peticion-para-eliminar-evidencia\/","title":{"rendered":"Petici\u00f3n Para Eliminar Evidencia En Su Contra"},"content":{"rendered":"<p style=\"text-align: justify;\">Una petici\u00f3n para eliminar evidencia en su contra y denunciar la mala conducta de la polic\u00eda que resulta en eliminar los cargos.<\/p>\n<p style=\"text-align: justify;\">El abogado David Pflaum es <span style=\"color: #3366ff;\"><a style=\"color: #3366ff;\" href=\"http:\/\/www.therightdefender.com\/es\/\">el defensor superior<\/a><\/span> con m\u00e1s de 30 a\u00f1os de experiencia para someter la petici\u00f3n as\u00ed.<\/p>\n<p style=\"text-align: justify;\">Para m\u00e1s informaci\u00f3n sobre los resultados de eliminar evidencia haga clic aqu\u00ed: <a href=\"http:\/\/www.therightdefender.com\/es\/buenos-resultados\/eliminar-evidencia\/\"><span style=\"color: #3366ff;\">resultados anteriores<\/span><\/a>.<\/p>\n<p>Para saber m\u00e1s del abogado haga clic aqu\u00ed: <span style=\"color: #3366ff;\"><a style=\"color: #3366ff;\" title=\"Testimonios\" href=\"http:\/\/therightdefender.com\/es\/testimonios\/\">testimonios<\/a><\/span><strong>. <\/strong><\/p>\n<p style=\"text-align: justify;\"><strong><span title=\"These are the reasons David Pflaum is the \u201cThe Right Defender.\u201d Reach out to him for legal representation and see what a difference he can make in your life.\"><span title=\"He is dedicated to protecting his clients rights and is the right attorney for the job.&lt;\/p&gt;&lt;br \/&gt;&lt;br \/&gt;&lt;br \/&gt;&lt;br \/&gt;&lt;br \/&gt;&lt;br \/&gt;&lt;br \/&gt;&lt;br \/&gt;&lt;br \/&gt;&lt;br \/&gt;&lt;br \/&gt;&lt;br \/&gt;&lt;br \/&gt;&lt;br \/&gt;&lt;br \/&gt;&lt;br \/&gt;&lt;br \/&gt;&lt;br \/&gt;&lt;br \/&gt;&lt;br \/&gt;&lt;br \/&gt;&lt;br \/&gt;&lt;br \/&gt;&lt;br \/&gt;&lt;br \/&gt;&lt;br \/&gt;&lt;br \/&gt;&lt;br \/&gt;&lt;br \/&gt;&lt;br \/&gt;&lt;br \/&gt;&lt;br \/&gt;&lt;br \/&gt;&lt;br \/&gt;&lt;br \/&gt;&lt;br \/&gt;&lt;br \/&gt;&lt;br \/&gt;&lt;br \/&gt;&lt;br \/&gt;&lt;br \/&gt;&lt;br \/&gt;&lt;br \/&gt;&lt;br \/&gt;&lt;br \/&gt;&lt;br \/&gt;&lt;br \/&gt;&lt;br \/&gt;&lt;br \/&gt;&lt;br \/&gt;&lt;br \/&gt;&lt;br \/&gt;&lt;br \/&gt;&lt;br \/&gt;&lt;br \/&gt;&lt;br \/&gt;&lt;br \/&gt;&lt;br \/&gt;&lt;br \/&gt;&lt;br \/&gt; &lt;p&gt;\"><span id=\"result_box\" lang=\"es\"><img loading=\"lazy\" decoding=\"async\" class=\"aligncenter wp-image-18564\" src=\"http:\/\/www.therightdefender.com\/wp-content\/uploads\/2014\/02\/494994568-195x132.jpg\" alt=\"petici\u00f3n para eliminar evidencia en su contra\" width=\"141\" height=\"96\" srcset=\"https:\/\/www.therightdefender.com\/wp-content\/uploads\/2014\/02\/494994568-195x132.jpg 195w, https:\/\/www.therightdefender.com\/wp-content\/uploads\/2014\/02\/494994568-300x203.jpg 300w, https:\/\/www.therightdefender.com\/wp-content\/uploads\/2014\/02\/494994568.jpg 506w\" sizes=\"auto, (max-width: 141px) 100vw, 141px\" \/><\/span><\/span><\/span><\/strong><\/p>\n<h4 style=\"text-align: center;\"><strong>ACCIONES QUE SE PUEDEN CUALIFICAR PARA UNA PETICI\u00d3N PARA ELIMINAR EVIDENCIA EN SU CONTRA<br \/>\n<\/strong><\/h4>\n<p style=\"text-align: justify;\">Si la polic\u00eda actu\u00f3 incorrectamente en el arresto de un acusado, lo detuvieron sin una causa legal, o lo esculc\u00f3 sin permiso, el abogado sabe como afirmar sus derechos y eliminar la evidencia en su contra con la aprobaci\u00f3n del juez.<\/p>\n<p style=\"text-align: justify;\">Hay muchas maneras que la polic\u00eda pueden actuar sin justificaci\u00f3n legal.\u00a0 Unos ejemplos son los siguientes.<\/p>\n<ol>\n<li style=\"text-align: justify;\">Una persona saliendo de un bar en la noche y manejando a casa lo para la polic\u00eda por ninguna raz\u00f3n<\/li>\n<li style=\"text-align: justify;\">Un polic\u00eda observa mucha gente entrar y salir de un apartamento y piensa que alguien est\u00e1 vendiendo drogas.\u00a0 La polic\u00eda detiene a una persona saliendo del apartamento y lo esculca, encuentra drogas o un arma de fuego<\/li>\n<li>Un polic\u00eda entra a una casa sin permiso<\/li>\n<li>Un polic\u00eda esculca a una persona sin su consentimiento<\/li>\n<\/ol>\n<p style=\"text-align: justify;\">En cada situaci\u00f3n hay la posibilidad que la polic\u00eda no ten\u00eda una justificaci\u00f3n valida ni una orden judicial v\u00e1lida para su conducta.<\/p>\n<p style=\"text-align: justify;\">Un abogado experto en defensa penal puede brindarle las defensas que usted necesita para suprimir la evidencia y despedir el caso.<\/p>\n<p><img loading=\"lazy\" decoding=\"async\" class=\"aligncenter wp-image-18693\" src=\"http:\/\/www.therightdefender.com\/wp-content\/uploads\/2014\/01\/cbd87e98c96fe381ae346e72d6b41114-195x195.png\" alt=\"VIOLENCIA DOMESTICA EN SAN DIEGO\" width=\"83\" height=\"83\" \/><\/p>\n<p style=\"text-align: center;\"><strong>M\u00c1S INFORMACI\u00d3N SOBRE LA PETICI\u00d3N DE ELIMINAR EVIDENCIA<\/strong><span style=\"text-decoration: underline; color: #000080;\"><strong><br \/>\n<\/strong><\/span><\/p>\n<p style=\"text-align: justify;\">La secci\u00f3n 1538.5 del C\u00f3digo Penal de California establece que un acusado puede pedir a la corte supriman como evidencia cualquier cosa obtenida como resultado de un allanamiento o confiscaci\u00f3n porque el allanamiento o confiscaci\u00f3n sin una orden judicial es irrazonable.<\/p>\n<p style=\"text-align: justify;\">Esto significa que cuando la polic\u00eda para a una persona en la calle, prende la sirena de su patrulla y detiene a un conductor, entra al apartamento o casa de alguien, confisca sus posesiones, o lo esculca, tienen que tener raz\u00f3n v\u00e1lida, justificaci\u00f3n legal, o una orden judicial para hacerlo.<\/p>\n<p style=\"text-align: justify;\">Si la polic\u00eda actu\u00f3 sin justificaci\u00f3n, o sin orden judicial, podemos <span style=\"color: #3366ff;\"><a style=\"color: #3366ff;\" title=\"Buenos Resultados Anteriores\" href=\"http:\/\/www.therightdefender.com\/es\/buenos-resultados\/\">exigir una audiencia<\/a><\/span> para retirar los cargos.<\/p>\n<p style=\"text-align: justify;\">Si la polic\u00eda no puede justificar sus acciones satisfactoriamente, podemos convencer al juez de que impida la evidencia y despida el caso.<\/p>\n<p style=\"text-align: justify;\">Somos exitosos en retar la legalidad del allanamiento de una casa, la detenci\u00f3n de un veh\u00edculo, o la confiscaci\u00f3n de alg\u00fan objeto.\u00a0 Como resultado, podemos hacer que su caso criminal se descarte.<\/p>\n<p style=\"text-align: center;\"><strong>P\u00f3ngase en contacto con el defensor superior<\/strong><\/p>\n<p style=\"text-align: center;\"><span style=\"color: #ff0000;\"><strong> <a style=\"color: #ff0000;\" title=\"Cont\u00e1ctenos Por Medio de Esta P\u00e1gina o en Nuestras Oficinas\" href=\"http:\/\/therightdefender.com\/es\/contactos\/\">Llame al (760) 806-4333<\/a><\/strong><\/span><\/p>\n<p style=\"text-align: center;\">Vista &#8211; Escondido &#8211; Carlsbad &#8211; Fallbrook &#8211; Oceanside &#8211; Encinitas &#8211; Solana Beach &#8211; San Ysidro &#8211; Chula Vista &#8211; San Diego &#8211; Carmel Valley &#8211; Pacific Beach &#8211; Del Mar &#8211; San Marcos &#8211; Hillcrest &#8211; Rancho Bernardo &#8211; North Park &#8211; Poway &#8211; El Cajon &#8211; Imperial Beach &#8211; Pacific Beach &#8211; Mission Beach &#8211; Ocean Beach &#8211; La Jolla &#8211; Ramona &#8211; Bonita &#8211; Valley Center &#8211; Bonsall<span style=\"color: #000080;\"><br \/>\n<\/span><\/p>\n<p><a href=\"#top\"><span style=\"color: #3366ff;\"><strong>Regresar al inicio<\/strong><\/span><\/a><\/p>\n","protected":false},"excerpt":{"rendered":"<p>Una petici\u00f3n para eliminar evidencia en su contra y denunciar la mala conducta de la polic\u00eda que resulta en eliminar los cargos. El abogado David Pflaum es el defensor superior con m\u00e1s de 30 a\u00f1os de experiencia para someter la petici\u00f3n as\u00ed. Para m\u00e1s informaci\u00f3n sobre los resultados de eliminar evidencia haga clic aqu\u00ed: resultados [&hellip;]<\/p>\n","protected":false},"author":1,"featured_media":0,"parent":190,"menu_order":0,"comment_status":"open","ping_status":"open","template":"","meta":{"footnotes":""},"class_list":["post-203","page","type-page","status-publish","hentry"],"aioseo_notices":[],"_links":{"self":[{"href":"https:\/\/www.therightdefender.com\/es\/wp-json\/wp\/v2\/pages\/203","targetHints":{"allow":["GET"]}}],"collection":[{"href":"https:\/\/www.therightdefender.com\/es\/wp-json\/wp\/v2\/pages"}],"about":[{"href":"https:\/\/www.therightdefender.com\/es\/wp-json\/wp\/v2\/types\/page"}],"author":[{"embeddable":true,"href":"https:\/\/www.therightdefender.com\/es\/wp-json\/wp\/v2\/users\/1"}],"replies":[{"embeddable":true,"href":"https:\/\/www.therightdefender.com\/es\/wp-json\/wp\/v2\/comments?post=203"}],"version-history":[{"count":0,"href":"https:\/\/www.therightdefender.com\/es\/wp-json\/wp\/v2\/pages\/203\/revisions"}],"up":[{"embeddable":true,"href":"https:\/\/www.therightdefender.com\/es\/wp-json\/wp\/v2\/pages\/190"}],"wp:attachment":[{"href":"https:\/\/www.therightdefender.com\/es\/wp-json\/wp\/v2\/media?parent=203"}],"curies":[{"name":"wp","href":"https:\/\/api.w.org\/{rel}","templated":true}]}}