{"id":201,"date":"2014-02-05T13:59:09","date_gmt":"2014-02-05T21:59:09","guid":{"rendered":"http:\/\/192.185.4.155\/~dmpjury\/?page_id=201"},"modified":"2021-01-29T13:49:35","modified_gmt":"2021-01-29T21:49:35","slug":"salir-de-la-carcel","status":"publish","type":"page","link":"https:\/\/www.therightdefender.com\/es\/tramites\/salir-de-la-carcel\/","title":{"rendered":"El Abogado Para Ayudarlo A Salir De La C\u00e1rcel"},"content":{"rendered":"<p><img loading=\"lazy\" decoding=\"async\" class=\"wp-image-18449 aligncenter\" src=\"http:\/\/www.therightdefender.com\/wp-content\/uploads\/2014\/01\/jail-1-300x200.jpg\" alt=\" salir de la c\u00e1rcel\" width=\"158\" height=\"106\" srcset=\"https:\/\/www.therightdefender.com\/wp-content\/uploads\/2014\/01\/jail-1-300x200.jpg 300w, https:\/\/www.therightdefender.com\/wp-content\/uploads\/2014\/01\/jail-1.jpg 620w, https:\/\/www.therightdefender.com\/wp-content\/uploads\/2014\/01\/jail-1-195x130.jpg 195w\" sizes=\"auto, (max-width: 158px) 100vw, 158px\" \/><\/p>\n<p style=\"text-align: justify;\">Para salir de la c\u00e1rcel lo m\u00e1s pronto que sea posible, el abogado David Pflaum con 30 a\u00f1os de experiencia sabe las mejores estrategias para ayudarlo.<\/p>\n<p style=\"text-align: justify;\">El abogado s\u00f3lido ayuda al acusado y sus familiares a salir de la c\u00e1rcel muy pronto y ahorrar mucho dinero en el proceso.<\/p>\n<p>Para saber m\u00e1s haga clic en <a title=\"Testimonios\" href=\"https:\/\/therightdefender.com\/es\/testimonios\/\"><span style=\"color: #ff0000;\"><span style=\"color: #0000ff;\">comentarios de clientes<\/span><\/span>.<\/a><\/p>\n<p><img loading=\"lazy\" decoding=\"async\" class=\"wp-post-image aligncenter\" src=\"https:\/\/www.therightdefender.com\/wp-content\/uploads\/2014\/02\/exclusive-leafly-has-obtained-the-full-mexico-supreme-court-rulin-195x117.jpg\" sizes=\"auto, (max-width: 195px) 100vw, 195px\" srcset=\"https:\/\/www.therightdefender.com\/wp-content\/uploads\/2014\/02\/exclusive-leafly-has-obtained-the-full-mexico-supreme-court-rulin-195x117.jpg 195w, https:\/\/www.therightdefender.com\/wp-content\/uploads\/2014\/02\/exclusive-leafly-has-obtained-the-full-mexico-supreme-court-rulin-300x180.jpg 300w, https:\/\/www.therightdefender.com\/wp-content\/uploads\/2014\/02\/exclusive-leafly-has-obtained-the-full-mexico-supreme-court-rulin-768x461.jpg 768w, https:\/\/www.therightdefender.com\/wp-content\/uploads\/2014\/02\/exclusive-leafly-has-obtained-the-full-mexico-supreme-court-rulin-940x564.jpg 940w, https:\/\/www.therightdefender.com\/wp-content\/uploads\/2014\/02\/exclusive-leafly-has-obtained-the-full-mexico-supreme-court-rulin-620x372.jpg 620w, https:\/\/www.therightdefender.com\/wp-content\/uploads\/2014\/02\/exclusive-leafly-has-obtained-the-full-mexico-supreme-court-rulin.jpg 960w\" alt=\"salir de la c\u00e1rcel\" width=\"153\" height=\"92\" \/><\/p>\n<h3 id=\"salir-sin-pagar-fianza\" style=\"text-align: center;\">\u00a0<strong>1.\u00a0 SALIR DE LA C\u00c1RCEL SIN PAGAR LA FIANZA<\/strong><\/h3>\n<p style=\"text-align: justify;\">El abogado se presenta ante del juez con su cliente durante la lectura de los cargos para persuadir al juez que elimine la fianza completamente.<\/p>\n<p style=\"text-align: justify;\">Resulta que el acusado pueda salir bajo nada m\u00e1s que su promesa y sin pagar la fianza ni un centavo.<\/p>\n<p style=\"text-align: justify;\">Una salida bajo su promesa personal significa que un juez deja al acusado en libertad con la promesa de que \u00e9l o ella se presentar\u00e1 en las futuras fechas de corte.<\/p>\n<p style=\"text-align: justify;\"><span style=\"color: #333333;\">Los factores importantes que el juez toma en cuenta para determinar si el acusado califica para salir sin pagar la fianza son los siguientes.<\/span><\/p>\n<ul>\n<li style=\"text-align: justify;\"><span style=\"color: #333333;\">Las circunstancias del arresto<\/span><\/li>\n<li style=\"text-align: justify;\"><span style=\"color: #333333;\">Qu\u00e9 tan serio es el delito<\/span><\/li>\n<li><span style=\"color: #333333;\">Si es delito menor o delito mayor<\/span><\/li>\n<li style=\"text-align: justify;\"><span style=\"color: #333333;\">Si el acusado tiene delitos previos<\/span><\/li>\n<li>Si se lastim\u00f3 una v\u00edctima<\/li>\n<li>Si la v\u00edctima quiere retirar los cargos<\/li>\n<li><span style=\"color: #333333;\">Si el cliente tiene apoyo en la comunidad<br \/>\n<\/span><\/li>\n<\/ul>\n<h3 id=\"salir-con-fianza-reducida\" style=\"text-align: center;\"><strong>2.\u00a0 SALIR DE LA C\u00c1RCEL CON FIANZA REDUCIDA<\/strong><span style=\"color: #000080;\"><strong><span style=\"text-decoration: underline;\"><br \/>\n<\/span><\/strong><\/span><\/h3>\n<p style=\"text-align: justify;\">Si el juez toma la decisi\u00f3n de no eliminar la fianza, el abogado est\u00e1 preparado para persuadir al juez que reduzca la cantidad de fianza.<\/p>\n<p style=\"text-align: justify;\">La fianza se refiere al total de dinero, o la porci\u00f3n del total de dinero, que el acusado o los familiares del acusado tiene que depositar en la c\u00e1rcel o con un fiador para que el acusado pueda salir de la c\u00e1rcel.<\/p>\n<p style=\"text-align: justify;\">El prop\u00f3sito de la fianza es asegurar de que el acusado si es dejado en libertad atender\u00e1 a las futuras fechas de corte.<\/p>\n<p style=\"text-align: justify;\">Si el juez est\u00e1 de acuerdo con la presentaci\u00f3n del abogado en reducir la cantidad de fianza, el acusado no tiene que pagar tanto dinero en la forma de fianza y se ahorra mucho dinero.<\/p>\n<p style=\"text-align: justify;\">Para ver la lista de las cantidades de fianza que corresponden a cada delito en el Condado de San Diego haga clic <span style=\"color: #0000ff;\"><a style=\"color: #0000ff;\" href=\"http:\/\/www.sdcourt.ca.gov\/pls\/portal\/docs\/PAGE\/SDCOURT\/CRIMINAL2\/CRIMINALRESOURCES\/BAIL_SCHEDULE.PDF\" target=\"_blank\" rel=\"noopener noreferrer\">aqu\u00ed<\/a><span style=\"color: #000000;\">.<\/span><\/span><\/p>\n<h3 id=\"pagar-parte-de-la-fianza\" style=\"text-align: center;\"><strong>3.\u00a0 SALIR DE LA C\u00c1RCEL PAGANDO UNA PORCI\u00d3N DE FIANZA<\/strong><\/h3>\n<p style=\"text-align: justify;\">El acusado tiene la opci\u00f3n de pagar la fianza con la ayuda de un fiador.<\/p>\n<p style=\"text-align: justify;\">Los fiadores existen para recibir parte de la cantidad de la fianza directamente del representante del acusado y en cambio para pagar el resto de la cantidad de la fianza a la c\u00e1rcel.<\/p>\n<p style=\"text-align: justify;\"><span style=\"color: #333333;\">La ventaja<\/span> de esa manera de pagar la fianza es el representante del acusado no tiene que pagar toda la cantidad de la fianza.<\/p>\n<p style=\"text-align: justify;\"><span style=\"color: #333333;\">La desventaja<\/span> es que el representante del acusado tiene que pagar un costo al fiador por los servicios que no es <span lang=\"es\">reembolsable.<\/span><\/p>\n<h3 id=\"pagar-toda-la-fianza\" style=\"text-align: center;\"><strong>4.\u00a0 SALIR DE LA C\u00c1RCEL PAGANDO TODA LA FIANZA<\/strong><\/h3>\n<p style=\"text-align: justify;\">El acusado tiene la opci\u00f3n de pagar toda la fianza, pero es m\u00e1s dif\u00edcil y cuesta m\u00e1s dinero.<\/p>\n<p style=\"text-align: justify;\">El representante del acusado tiene que tener documentos legales y tiene que presentarse en la entrada de una c\u00e1rcel ubicada en el condado de San Diego para depositar el dinero en efectivo o con cheque certificado al cajero en la ventanilla.<\/p>\n<p style=\"text-align: justify;\"><span style=\"color: #333333;\">La ventaja<\/span> de esa manera de pagar la fianza es que el representante que paga el dinero va a recibir todo el dinero cuando termina el caso criminal en la corte.<\/p>\n<p style=\"text-align: justify;\"><span style=\"color: #333333;\">La desventaja<\/span> es que el representante del cliente tiene que tener acceso a much\u00edsimo dinero.<\/p>\n<h3><img loading=\"lazy\" decoding=\"async\" class=\"thumbnail aligncenter\" src=\"https:\/\/www.therightdefender.com\/wp-content\/uploads\/2014\/02\/Pflaum-Slider-Choose-Final-es.jpg\" alt=\"violencia domestica\" width=\"182\" height=\"102\" \/><\/h3>\n<h3 style=\"text-align: center;\">EL ABOGADO CAPAZ Y CONFIABLE<\/h3>\n<h3 style=\"text-align: center;\">PARA SACARLO DE LA C\u00c1RCEL<\/h3>\n<h3 style=\"text-align: center;\"><span style=\"color: #ff0000;\"><strong><a style=\"color: #ff0000;\" title=\"Cont\u00e1ctenos Por Medio de Esta P\u00e1gina o en Nuestras Oficinas\" href=\"http:\/\/therightdefender.com\/es\/contactos\/\">Llame al 760-806-4333<\/a><\/strong><\/span><\/h3>\n<p style=\"text-align: center;\">Vista \u2013 Escondido \u2013 Carlsbad \u2013 Fallbrook \u2013 Oceanside \u2013 Encinitas \u2013 Solana Beach \u2013 San Ysidro \u2013 Chula Vista \u2013 San Diego \u2013 Carmel Valley \u2013 Pacific Beach \u2013 Del Mar \u2013 San Marcos \u2013 Imperial Beach \u2013 South Bay \u2013 North Park \u2013 Ocean Beach \u2013 Poway \u2013 El Cajon \u2013 Leucadia \u2013 Lemon Grove \u2013 Hillcrest \u2013 Mission Bay \u2013 South Bay \u2013 Bonita \u2013 North Park \u2013 La Jolla \u2013 Rancho Bernardo \u2013 Rancho Santa Fe \u2013 Bonsall \u2013 Rainbow \u2013 Mission Hills \u2013 North County \u2013 Downtown San Diego \u2013 Valley Center<\/p>\n<p><img loading=\"lazy\" decoding=\"async\" class=\"attachment-60x60 aligncenter\" src=\"https:\/\/www.therightdefender.com\/wp-content\/uploads\/2018\/08\/martindalehubell-2-70x70.jpg\" sizes=\"auto, (max-width: 60px) 100vw, 60px\" srcset=\"https:\/\/www.therightdefender.com\/wp-content\/uploads\/2018\/08\/martindalehubell-2-70x70.jpg 70w, https:\/\/www.therightdefender.com\/wp-content\/uploads\/2018\/08\/martindalehubell-2-150x150.jpg 150w, https:\/\/www.therightdefender.com\/wp-content\/uploads\/2018\/08\/martindalehubell-2-130x130.jpg 130w, https:\/\/www.therightdefender.com\/wp-content\/uploads\/2018\/08\/martindalehubell-2-45x45.jpg 45w\" alt=\"\" width=\"88\" height=\"88\" \/><\/p>\n<p>&nbsp;<\/p>\n<p><span style=\"color: #3366ff;\"><a style=\"color: #3366ff;\" href=\"#top\"><strong>Volver al inicio<\/strong><\/a><\/span><span style=\"color: #000080;\"><br \/>\n<\/span><\/p>\n","protected":false},"excerpt":{"rendered":"<p>Para salir de la c\u00e1rcel lo m\u00e1s pronto que sea posible, el abogado David Pflaum con 30 a\u00f1os de experiencia sabe las mejores estrategias para ayudarlo. El abogado s\u00f3lido ayuda al acusado y sus familiares a salir de la c\u00e1rcel muy pronto y ahorrar mucho dinero en el proceso. Para saber m\u00e1s haga clic en [&hellip;]<\/p>\n","protected":false},"author":1,"featured_media":0,"parent":190,"menu_order":0,"comment_status":"open","ping_status":"open","template":"","meta":{"footnotes":""},"class_list":["post-201","page","type-page","status-publish","hentry"],"aioseo_notices":[],"_links":{"self":[{"href":"https:\/\/www.therightdefender.com\/es\/wp-json\/wp\/v2\/pages\/201","targetHints":{"allow":["GET"]}}],"collection":[{"href":"https:\/\/www.therightdefender.com\/es\/wp-json\/wp\/v2\/pages"}],"about":[{"href":"https:\/\/www.therightdefender.com\/es\/wp-json\/wp\/v2\/types\/page"}],"author":[{"embeddable":true,"href":"https:\/\/www.therightdefender.com\/es\/wp-json\/wp\/v2\/users\/1"}],"replies":[{"embeddable":true,"href":"https:\/\/www.therightdefender.com\/es\/wp-json\/wp\/v2\/comments?post=201"}],"version-history":[{"count":0,"href":"https:\/\/www.therightdefender.com\/es\/wp-json\/wp\/v2\/pages\/201\/revisions"}],"up":[{"embeddable":true,"href":"https:\/\/www.therightdefender.com\/es\/wp-json\/wp\/v2\/pages\/190"}],"wp:attachment":[{"href":"https:\/\/www.therightdefender.com\/es\/wp-json\/wp\/v2\/media?parent=201"}],"curies":[{"name":"wp","href":"https:\/\/api.w.org\/{rel}","templated":true}]}}