{"id":199,"date":"2014-02-05T13:56:47","date_gmt":"2014-02-05T21:56:47","guid":{"rendered":"http:\/\/192.185.4.155\/~dmpjury\/?page_id=199"},"modified":"2024-02-01T17:11:02","modified_gmt":"2024-02-02T01:11:02","slug":"acuerdo-exitoso","status":"publish","type":"page","link":"https:\/\/www.therightdefender.com\/es\/tramites\/acuerdo-exitoso\/","title":{"rendered":"Acuerdo Exitoso"},"content":{"rendered":"<p id=\"tw-target-text\" class=\"tw-data-text tw-text-large tw-ta\" dir=\"ltr\" data-placeholder=\"Translation\" data-ved=\"2ahUKEwiumOipu4uEAxXamWoFHSMBDscQ3ewLegQIBhAT\"><span class=\"Y2IQFc\" lang=\"es\">Llegar a un acuerdo exitoso ante el juez es la principal forma de resolver el caso criminal.\u00a0 P<\/span>or es muy importante obtener los servicios de un abogado confiable, capaz y experimentado.\u00a0 El abogado David Pflaum es el abogado experto para pelear el caso criminal y resolver el caso a su satisfacci\u00f3n.<\/p>\n<p>El abogado prepara una presentaci\u00f3n ante el juez sobre los factores favorables del acusado que incluyen los siguientes.<\/p>\n<ul>\n<li>Cartas de recomendaci\u00f3n<\/li>\n<li>Cartas de su trabajo<\/li>\n<li>Apoyo de la comunidad<\/li>\n<li>Testimonios en vivos de testigos<\/li>\n<li>Prueba de participaci\u00f3n de la iglesia<\/li>\n<li>Declaraciones de testigos<\/li>\n<li>Declaraciones de miembros de su familia<\/li>\n<li>Prueba de un acuerdo con la ofendida<\/li>\n<li>Prueba de pago de da\u00f1os<\/li>\n<li>Prueba de rehabilitaci\u00f3n<\/li>\n<\/ul>\n<p><span title=\"With that much experience comes the ability to get the job done and to get it done as quickly and successfully as possible.&lt;\/p&gt;&lt;br \/&gt;&lt;br \/&gt;&lt;br \/&gt;&lt;br \/&gt;&lt;br \/&gt;&lt;br \/&gt;&lt;br \/&gt;&lt;br \/&gt;&lt;br \/&gt;&lt;br \/&gt;&lt;br \/&gt;&lt;br \/&gt;&lt;br \/&gt;&lt;br \/&gt;&lt;br \/&gt;&lt;br \/&gt;&lt;br \/&gt;&lt;br \/&gt;&lt;br \/&gt;&lt;br \/&gt;&lt;br \/&gt;&lt;br \/&gt;&lt;br \/&gt;&lt;br \/&gt;&lt;br \/&gt;&lt;br \/&gt;&lt;br \/&gt;&lt;br \/&gt;&lt;br \/&gt;&lt;br \/&gt;&lt;br \/&gt;&lt;br \/&gt;&lt;br \/&gt;&lt;br \/&gt;&lt;br \/&gt;&lt;br \/&gt;&lt;br \/&gt;&lt;br \/&gt;&lt;br \/&gt;&lt;br \/&gt;&lt;br \/&gt;&lt;br \/&gt;&lt;br \/&gt;&lt;br \/&gt;&lt;br \/&gt;&lt;br \/&gt;&lt;br \/&gt;&lt;br \/&gt;&lt;br \/&gt;&lt;br \/&gt;&lt;br \/&gt;&lt;br \/&gt;&lt;br \/&gt;&lt;br \/&gt;&lt;br \/&gt;&lt;br \/&gt;&lt;br \/&gt;&lt;br \/&gt; &lt;p&gt;\"><span title=\"These are the reasons David Pflaum is the \u201cThe Right Defender.\u201d Reach out to him for legal representation and see what a difference he can make in your life.\"><span title=\"He is dedicated to protecting his clients rights and is the right attorney for the job.&lt;\/p&gt;&lt;br \/&gt;&lt;br \/&gt;&lt;br \/&gt;&lt;br \/&gt;&lt;br \/&gt;&lt;br \/&gt;&lt;br \/&gt;&lt;br \/&gt;&lt;br \/&gt;&lt;br \/&gt;&lt;br \/&gt;&lt;br \/&gt;&lt;br \/&gt;&lt;br \/&gt;&lt;br \/&gt;&lt;br \/&gt;&lt;br \/&gt;&lt;br \/&gt;&lt;br \/&gt;&lt;br \/&gt;&lt;br \/&gt;&lt;br \/&gt;&lt;br \/&gt;&lt;br \/&gt;&lt;br \/&gt;&lt;br \/&gt;&lt;br \/&gt;&lt;br \/&gt;&lt;br \/&gt;&lt;br \/&gt;&lt;br \/&gt;&lt;br \/&gt;&lt;br \/&gt;&lt;br \/&gt;&lt;br \/&gt;&lt;br \/&gt;&lt;br \/&gt;&lt;br \/&gt;&lt;br \/&gt;&lt;br \/&gt;&lt;br \/&gt;&lt;br \/&gt;&lt;br \/&gt;&lt;br \/&gt;&lt;br \/&gt;&lt;br \/&gt;&lt;br \/&gt;&lt;br \/&gt;&lt;br \/&gt;&lt;br \/&gt;&lt;br \/&gt;&lt;br \/&gt;&lt;br \/&gt;&lt;br \/&gt;&lt;br \/&gt;&lt;br \/&gt;&lt;br \/&gt;&lt;br \/&gt;&lt;br \/&gt;&lt;br \/&gt; &lt;p&gt;\"><span title=\"The qualities that make David Pflaum \u201cThe Right Defender\u201d and the reasons you should consider choosing him to be your lawyer are as follows.&lt;\/p&gt;&lt;br \/&gt;&lt;br \/&gt;&lt;br \/&gt;&lt;br \/&gt;&lt;br \/&gt;&lt;br \/&gt;&lt;br \/&gt;&lt;br \/&gt;&lt;br \/&gt;&lt;br \/&gt;&lt;br \/&gt;&lt;br \/&gt;&lt;br \/&gt;&lt;br \/&gt;&lt;br \/&gt;&lt;br \/&gt;&lt;br \/&gt;&lt;br \/&gt;&lt;br \/&gt;&lt;br \/&gt;&lt;br \/&gt;&lt;br \/&gt;&lt;br \/&gt;&lt;br \/&gt;&lt;br \/&gt;&lt;br \/&gt;&lt;br \/&gt;&lt;br \/&gt;&lt;br \/&gt;&lt;br \/&gt;&lt;br \/&gt;&lt;br \/&gt;&lt;br \/&gt;&lt;br \/&gt;&lt;br \/&gt;&lt;br \/&gt;&lt;br \/&gt;&lt;br \/&gt;&lt;br \/&gt;&lt;br \/&gt;&lt;br \/&gt;&lt;br \/&gt;&lt;br \/&gt;&lt;br \/&gt;&lt;br \/&gt;&lt;br \/&gt;&lt;br \/&gt;&lt;br \/&gt;&lt;br \/&gt;&lt;br \/&gt;&lt;br \/&gt;&lt;br \/&gt;&lt;br \/&gt;&lt;br \/&gt;&lt;br \/&gt;&lt;br \/&gt;&lt;br \/&gt;&lt;br \/&gt;&lt;br \/&gt;&lt;br \/&gt; &lt;p&gt;\">Cuando el abogado tiene los informes de la polic\u00eda, la evidencia, la declaraci\u00f3n de la supuesta v\u00edctima, la conducta de los oficiales, declaraciones de los testigos, el abogado se presenta ante el juez para llegar a un acuerdo exitoso que se incluye <\/span><\/span><\/span><\/span><a href=\"https:\/\/www.therightdefender.com\/es\/testimonios\/\"><span style=\"color: #3366ff;\"><span style=\"color: #ff0000;\">eliminar y reducir los cargos<\/span><\/span><\/a>, <span style=\"color: #3366ff;\"><a style=\"color: #3366ff;\" href=\"https:\/\/www.therightdefender.com\/es\/proceso-de-una-sentencia\/\"><span style=\"color: #ff0000;\">evitar pasar tiempo en la c\u00e1rcel<\/span><\/a><\/span>, <span style=\"color: #ff0000;\"><a style=\"color: #ff0000;\" href=\"https:\/\/www.therightdefender.com\/es\/reducir-el-castigo\/\">rebajar el castigo y la multa<\/a><\/span>.<\/p>\n<p><img loading=\"lazy\" decoding=\"async\" class=\"wp-post-image aligncenter\" src=\"https:\/\/www.therightdefender.com\/wp-content\/uploads\/2014\/02\/exclusive-leafly-has-obtained-the-full-mexico-supreme-court-rulin-195x117.jpg\" sizes=\"auto, (max-width: 195px) 100vw, 195px\" srcset=\"https:\/\/www.therightdefender.com\/wp-content\/uploads\/2014\/02\/exclusive-leafly-has-obtained-the-full-mexico-supreme-court-rulin-195x117.jpg 195w, https:\/\/www.therightdefender.com\/wp-content\/uploads\/2014\/02\/exclusive-leafly-has-obtained-the-full-mexico-supreme-court-rulin-300x180.jpg 300w, https:\/\/www.therightdefender.com\/wp-content\/uploads\/2014\/02\/exclusive-leafly-has-obtained-the-full-mexico-supreme-court-rulin-768x461.jpg 768w, https:\/\/www.therightdefender.com\/wp-content\/uploads\/2014\/02\/exclusive-leafly-has-obtained-the-full-mexico-supreme-court-rulin-940x564.jpg 940w, https:\/\/www.therightdefender.com\/wp-content\/uploads\/2014\/02\/exclusive-leafly-has-obtained-the-full-mexico-supreme-court-rulin-620x372.jpg 620w, https:\/\/www.therightdefender.com\/wp-content\/uploads\/2014\/02\/exclusive-leafly-has-obtained-the-full-mexico-supreme-court-rulin.jpg 960w\" alt=\"acuerdo exitoso\" width=\"93\" height=\"56\" \/><\/p>\n<h3 style=\"text-align: center;\">EL MEJOR ABOGADO<\/h3>\n<h3 style=\"text-align: center;\">PARA LLEGAR A UN ACUERDO EXITOSO<\/h3>\n<p style=\"text-align: center;\">Haga clic en <a title=\"Testimonios\" href=\"https:\/\/therightdefender.com\/es\/testimonios\/\"><span style=\"color: #ff0000;\">comentarios<\/span><\/a> para saber m\u00e1s del mejor servicio<\/p>\n<h3 style=\"text-align: center;\"><span style=\"color: #ff0000;\"><strong><a style=\"color: #ff0000;\" title=\"Cont\u00e1ctenos Por Medio de Esta P\u00e1gina o en Nuestras Oficinas\" href=\"http:\/\/therightdefender.com\/es\/contactos\/\">Llame al (760) 806-4333<\/a><\/strong><\/span><\/h3>\n<p><img loading=\"lazy\" decoding=\"async\" class=\"attachment-60x60 aligncenter\" src=\"https:\/\/www.therightdefender.com\/wp-content\/uploads\/2018\/08\/martindalehubell-2-70x70.jpg\" sizes=\"auto, (max-width: 60px) 100vw, 60px\" srcset=\"https:\/\/www.therightdefender.com\/wp-content\/uploads\/2018\/08\/martindalehubell-2-70x70.jpg 70w, https:\/\/www.therightdefender.com\/wp-content\/uploads\/2018\/08\/martindalehubell-2-150x150.jpg 150w, https:\/\/www.therightdefender.com\/wp-content\/uploads\/2018\/08\/martindalehubell-2-130x130.jpg 130w, https:\/\/www.therightdefender.com\/wp-content\/uploads\/2018\/08\/martindalehubell-2-45x45.jpg 45w\" alt=\"acuerdo exitoso\" width=\"69\" height=\"69\" \/><\/p>\n","protected":false},"excerpt":{"rendered":"<p>Llegar a un acuerdo exitoso ante el juez es la principal forma de resolver el caso criminal.\u00a0 Por es muy importante obtener los servicios de un abogado confiable, capaz y experimentado.\u00a0 El abogado David Pflaum es el abogado experto para pelear el caso criminal y resolver el caso a su satisfacci\u00f3n. El abogado prepara una [&hellip;]<\/p>\n","protected":false},"author":1,"featured_media":0,"parent":190,"menu_order":0,"comment_status":"open","ping_status":"open","template":"","meta":{"footnotes":""},"class_list":["post-199","page","type-page","status-publish","hentry"],"aioseo_notices":[],"_links":{"self":[{"href":"https:\/\/www.therightdefender.com\/es\/wp-json\/wp\/v2\/pages\/199","targetHints":{"allow":["GET"]}}],"collection":[{"href":"https:\/\/www.therightdefender.com\/es\/wp-json\/wp\/v2\/pages"}],"about":[{"href":"https:\/\/www.therightdefender.com\/es\/wp-json\/wp\/v2\/types\/page"}],"author":[{"embeddable":true,"href":"https:\/\/www.therightdefender.com\/es\/wp-json\/wp\/v2\/users\/1"}],"replies":[{"embeddable":true,"href":"https:\/\/www.therightdefender.com\/es\/wp-json\/wp\/v2\/comments?post=199"}],"version-history":[{"count":0,"href":"https:\/\/www.therightdefender.com\/es\/wp-json\/wp\/v2\/pages\/199\/revisions"}],"up":[{"embeddable":true,"href":"https:\/\/www.therightdefender.com\/es\/wp-json\/wp\/v2\/pages\/190"}],"wp:attachment":[{"href":"https:\/\/www.therightdefender.com\/es\/wp-json\/wp\/v2\/media?parent=199"}],"curies":[{"name":"wp","href":"https:\/\/api.w.org\/{rel}","templated":true}]}}