{"id":197,"date":"2014-02-05T13:54:25","date_gmt":"2014-02-05T21:54:25","guid":{"rendered":"http:\/\/192.185.4.155\/~dmpjury\/?page_id=197"},"modified":"2020-08-29T14:03:10","modified_gmt":"2020-08-29T21:03:10","slug":"ayuda-durante-una-investigacion-y-despues-del-arresto","status":"publish","type":"page","link":"https:\/\/www.therightdefender.com\/es\/tramites\/ayuda-durante-una-investigacion-y-despues-del-arresto\/","title":{"rendered":"Ayuda Durante Una Investigaci\u00f3n y Despu\u00e9s del Arresto"},"content":{"rendered":"<p><img loading=\"lazy\" decoding=\"async\" class=\"wp-post-image aligncenter\" src=\"https:\/\/www.therightdefender.com\/wp-content\/uploads\/2014\/02\/exclusive-leafly-has-obtained-the-full-mexico-supreme-court-rulin-195x117.jpg\" sizes=\"auto, (max-width: 195px) 100vw, 195px\" srcset=\"https:\/\/www.therightdefender.com\/wp-content\/uploads\/2014\/02\/exclusive-leafly-has-obtained-the-full-mexico-supreme-court-rulin-195x117.jpg 195w, https:\/\/www.therightdefender.com\/wp-content\/uploads\/2014\/02\/exclusive-leafly-has-obtained-the-full-mexico-supreme-court-rulin-300x180.jpg 300w, https:\/\/www.therightdefender.com\/wp-content\/uploads\/2014\/02\/exclusive-leafly-has-obtained-the-full-mexico-supreme-court-rulin-768x461.jpg 768w, https:\/\/www.therightdefender.com\/wp-content\/uploads\/2014\/02\/exclusive-leafly-has-obtained-the-full-mexico-supreme-court-rulin-940x564.jpg 940w, https:\/\/www.therightdefender.com\/wp-content\/uploads\/2014\/02\/exclusive-leafly-has-obtained-the-full-mexico-supreme-court-rulin-620x372.jpg 620w, https:\/\/www.therightdefender.com\/wp-content\/uploads\/2014\/02\/exclusive-leafly-has-obtained-the-full-mexico-supreme-court-rulin.jpg 960w\" alt=\"Ayuda Durante Una Investigaci\u00f3n y Despu\u00e9s del Arresto\" width=\"128\" height=\"77\" \/><\/p>\n<p style=\"text-align: justify;\">Es muy importante que un acusado reciba ayuda durante una investigaci\u00f3n y despu\u00e9s del arresto para evitar malas consecuencias.<\/p>\n<p style=\"text-align: justify;\">Llame al abogado defensor superior David Pflaum con 30 a\u00f1os de experiencia y de \u00e9xito para afirmar sus derechos y para prevenir una detencion.<\/p>\n<p style=\"text-align: justify;\">Si usted o un familiar tiene miedo por causa de una investigaci\u00f3n criminal de la polic\u00eda, un detective o de una trabajadora social, o si ya fue arrestado, el Sr. Pflaum le ayuda en muchas maneras.<\/p>\n<h4><img loading=\"lazy\" decoding=\"async\" class=\"wp-image-18692 aligncenter\" src=\"http:\/\/www.therightdefender.com\/wp-content\/uploads\/2014\/01\/42120389-law-or-layer-seal-is-an-illustration-of-a-design-for-law-lawyers-or-law-firms-that-could-be-used-as--195x195.jpg\" alt=\"ayuda durante una investigaci\u00f3n y despu\u00e9s del arresto\" width=\"111\" height=\"111\" srcset=\"https:\/\/www.therightdefender.com\/wp-content\/uploads\/2014\/01\/42120389-law-or-layer-seal-is-an-illustration-of-a-design-for-law-lawyers-or-law-firms-that-could-be-used-as--195x195.jpg 195w, https:\/\/www.therightdefender.com\/wp-content\/uploads\/2014\/01\/42120389-law-or-layer-seal-is-an-illustration-of-a-design-for-law-lawyers-or-law-firms-that-could-be-used-as--150x150.jpg 150w, https:\/\/www.therightdefender.com\/wp-content\/uploads\/2014\/01\/42120389-law-or-layer-seal-is-an-illustration-of-a-design-for-law-lawyers-or-law-firms-that-could-be-used-as--300x300.jpg 300w, https:\/\/www.therightdefender.com\/wp-content\/uploads\/2014\/01\/42120389-law-or-layer-seal-is-an-illustration-of-a-design-for-law-lawyers-or-law-firms-that-could-be-used-as--130x130.jpg 130w, https:\/\/www.therightdefender.com\/wp-content\/uploads\/2014\/01\/42120389-law-or-layer-seal-is-an-illustration-of-a-design-for-law-lawyers-or-law-firms-that-could-be-used-as--70x70.jpg 70w, https:\/\/www.therightdefender.com\/wp-content\/uploads\/2014\/01\/42120389-law-or-layer-seal-is-an-illustration-of-a-design-for-law-lawyers-or-law-firms-that-could-be-used-as--45x45.jpg 45w, https:\/\/www.therightdefender.com\/wp-content\/uploads\/2014\/01\/42120389-law-or-layer-seal-is-an-illustration-of-a-design-for-law-lawyers-or-law-firms-that-could-be-used-as-.jpg 450w\" sizes=\"auto, (max-width: 111px) 100vw, 111px\" \/><\/h4>\n<h3 style=\"text-align: center;\"><b>EL MEJOR ABOGADO <\/b><\/h3>\n<h3 style=\"text-align: center;\"><b>PARA AYUDA DURANTE UNA INVESTIGACI\u00d3N Y DESPU\u00c9S DEL ARRESTO<\/b><span style=\"text-decoration: underline; color: #000080;\"><b><br \/>\n<\/b><\/span><\/h3>\n<p style=\"text-align: justify;\">El abogado sabe bien la manera para afirmar los derechos de su cliente y darle los mejores consejos evitar malas consecuencias.<\/p>\n<p style=\"text-align: justify;\">La estrategia para lograr en eso depende del tipo del caso, los hechos del caso, y la supuesta evidencia.<\/p>\n<p style=\"text-align: justify;\">Tambi\u00e9n el abogado es el mejor representante legal para comunicarse con la polic\u00eda, el detective y una trabajadora social para que el acusado no diga nada para incriminar a s\u00ed mismo y para prevenir un arresto.<\/p>\n<p style=\"text-align: justify;\">Haga clic en la palabra <span style=\"color: #3366ff;\"><a style=\"color: #3366ff;\" href=\"http:\/\/www.therightdefender.com\/es\/buenos-resultados\/investigacion-criminal\/\">investigaciones<\/a><\/span> para saber m\u00e1s del los casos desestimados.<\/p>\n<h4><img loading=\"lazy\" decoding=\"async\" class=\"wp-image-18688 aligncenter\" src=\"https:\/\/www.therightdefender.com\/wp-content\/uploads\/2016\/02\/at-checkpoint-e1509667554263-195x98.jpg\" sizes=\"auto, (max-width: 233px) 100vw, 233px\" srcset=\"https:\/\/www.therightdefender.com\/wp-content\/uploads\/2016\/02\/at-checkpoint-e1509667554263-195x98.jpg 195w, https:\/\/www.therightdefender.com\/wp-content\/uploads\/2016\/02\/at-checkpoint-e1509667554263-300x150.jpg 300w, https:\/\/www.therightdefender.com\/wp-content\/uploads\/2016\/02\/at-checkpoint-e1509667554263-768x384.jpg 768w, https:\/\/www.therightdefender.com\/wp-content\/uploads\/2016\/02\/at-checkpoint-e1509667554263-1024x512.jpg 1024w, https:\/\/www.therightdefender.com\/wp-content\/uploads\/2016\/02\/at-checkpoint-e1509667554263-940x470.jpg 940w, https:\/\/www.therightdefender.com\/wp-content\/uploads\/2016\/02\/at-checkpoint-e1509667554263-620x310.jpg 620w, https:\/\/www.therightdefender.com\/wp-content\/uploads\/2016\/02\/at-checkpoint-e1509667554263.jpg 1600w\" alt=\"Ayuda Durante Una Investigaci\u00f3n y Despu\u00e9s del Arresto\" width=\"163\" height=\"82\" \/><\/h4>\n<h3 style=\"text-align: center;\"><strong>QU\u00c9 HACER DESPU\u00c9S DEL ARRESTO<\/strong><\/h3>\n<p style=\"text-align: justify;\">Despu\u00e9s del arresto el abogado sabe c\u00f3mo aprender informaci\u00f3n m\u00e1s importante sobre el caso, informaci\u00f3n de los oficiales, entrevistar los testigos, hacer contacto con la supuesta v\u00edctima.<\/p>\n<p style=\"text-align: justify;\">Sobre la supuesta v\u00edctima si quiere retirar los cargos esa informaci\u00f3n puede ser de mucho beneficio.<\/p>\n<p style=\"text-align: justify;\">Todo se junta, organiza, y presenta al fiscal para que considere eliminar y reducir los cargos del acusado.<\/p>\n<h4><img loading=\"lazy\" decoding=\"async\" class=\"wp-image-18481 aligncenter\" src=\"http:\/\/www.therightdefender.com\/wp-content\/uploads\/2014\/01\/jail2-e1509733615645-195x115.jpg\" alt=\"\" width=\"151\" height=\"89\" srcset=\"https:\/\/www.therightdefender.com\/wp-content\/uploads\/2014\/01\/jail2-e1509733615645-195x115.jpg 195w, https:\/\/www.therightdefender.com\/wp-content\/uploads\/2014\/01\/jail2-e1509733615645-300x177.jpg 300w, https:\/\/www.therightdefender.com\/wp-content\/uploads\/2014\/01\/jail2-e1509733615645-620x365.jpg 620w, https:\/\/www.therightdefender.com\/wp-content\/uploads\/2014\/01\/jail2-e1509733615645.jpg 640w\" sizes=\"auto, (max-width: 151px) 100vw, 151px\" \/><\/h4>\n<h3 style=\"text-align: center;\"><strong>EL ABOGADO PARA SACARLO DE LA C\u00c1RCEL<br \/>\n<\/strong><\/h3>\n<p style=\"text-align: justify;\">Si una persona ya fue arrestada el abogado les ayuda al acusado y a los familiares a presentar informaci\u00f3n a un fiador y al juez para que elimine o reduzca la cantidad de fianza.<\/p>\n<p style=\"text-align: justify;\">Resulta que el cliente puede salir de la c\u00e1rcel lo m\u00e1s pronto que sea posible.<\/p>\n<p style=\"text-align: justify;\">Para saber m\u00e1s sobre el proceso haga clic en <span style=\"color: #3366ff;\"><a style=\"color: #3366ff;\" href=\"http:\/\/www.therightdefender.com\/es\/tramites\/salir-de-la-carcel\/\">salir libre.<\/a><\/span><\/p>\n<h4><img loading=\"lazy\" decoding=\"async\" class=\"wp-image-18570 aligncenter\" src=\"https:\/\/www.therightdefender.com\/wp-content\/uploads\/2014\/01\/courts-landing-300x119.jpg\" sizes=\"auto, (max-width: 343px) 100vw, 343px\" srcset=\"https:\/\/www.therightdefender.com\/wp-content\/uploads\/2014\/01\/courts-landing-300x119.jpg 300w, https:\/\/www.therightdefender.com\/wp-content\/uploads\/2014\/01\/courts-landing-195x77.jpg 195w, https:\/\/www.therightdefender.com\/wp-content\/uploads\/2014\/01\/courts-landing.jpg 422w\" alt=\"abogado para ayuda durante una investigaci\u00f3n y despu\u00e9s del arresto\" width=\"180\" height=\"71\" \/><\/h4>\n<h3 style=\"text-align: center;\"><b>QU\u00c9 HACER PARA DEFENDER EL CASO PENAL<\/b><b><\/b><span style=\"text-decoration: underline; color: #000080;\"><b><br \/>\n<\/b><\/span><\/h3>\n<p style=\"text-align: justify;\">Ser citado o arrestado por un crimen es una experiencia espantosa.<\/p>\n<p style=\"text-align: justify;\">El mejor tiempo de contratar un abogado es durante una investigaci\u00f3n, o inmediatamente despu\u00e9s de que lo han citado, arrestado o notificado por correo que lo est\u00e1n acusando de un crimen.<\/p>\n<p style=\"text-align: justify;\">Para mejorar las posibilidades, el abogado tiene que saber todo del acusado, como qui\u00e9n es el acusado, cu\u00e1l es su condici\u00f3n m\u00e9dica, si tiene alg\u00fan trauma psicol\u00f3gico, c\u00f3mo ha ayudado en su comunidad, qu\u00e9 logros tiene en su trabajo o escuela, cartas de referencia, y cualquier otro documento.<\/p>\n<p style=\"text-align: justify;\">El fiscal, procurador, o agente de ministerio p\u00fablico es la persona que trabaja para el gobierno y es qui\u00e9n pone los cargos al acusado.<\/p>\n<p style=\"text-align: justify;\">Los fiscales pueden decidir si ser\u00e1 un delito mayor o delito menor, o retirar o bajar los cargos.<\/p>\n<p style=\"text-align: justify;\">El juez puede seguir con los cargos, puede reducir los cargos, y puede retirar los cargos.<\/p>\n<p style=\"text-align: justify;\">El fiscal y el juez los conocer\u00e1 al acusado bas\u00e1ndose en la informaci\u00f3n obtenida del reporte de arresto, cualquier antecedente penal, y la informaci\u00f3n que les provee el abogado penalista.<\/p>\n<h3><img loading=\"lazy\" decoding=\"async\" class=\"aligncenter wp-image-18566\" src=\"http:\/\/www.therightdefender.com\/wp-content\/uploads\/2014\/01\/scales-195x190.png\" alt=\"\" width=\"100\" height=\"98\" srcset=\"https:\/\/www.therightdefender.com\/wp-content\/uploads\/2014\/01\/scales-195x190.png 195w, https:\/\/www.therightdefender.com\/wp-content\/uploads\/2014\/01\/scales-70x70.png 70w, https:\/\/www.therightdefender.com\/wp-content\/uploads\/2014\/01\/scales-45x45.png 45w, https:\/\/www.therightdefender.com\/wp-content\/uploads\/2014\/01\/scales.png 228w\" sizes=\"auto, (max-width: 100px) 100vw, 100px\" \/><\/h3>\n<h3 style=\"text-align: center;\"><strong>EL MEJOR ABOGADO DEFENSOR<br \/>\n<\/strong><\/h3>\n<h3 style=\"text-align: center;\"><strong>SU EXPERIENCIA HACE LA DIFERENCIA<\/strong><\/h3>\n<p style=\"text-align: justify;\">Haga clic en las palabras <span style=\"color: #3366ff;\"><a style=\"color: #3366ff;\" title=\"Buenos Resultados Anteriores\" href=\"http:\/\/therightdefender.com\/es\/buenos-resultados\/\">resultados<\/a><\/span> y <span style=\"color: #3366ff;\"><a style=\"color: #3366ff;\" title=\"Testimonios\" href=\"http:\/\/therightdefender.com\/es\/testimonios\/\">comentarios<\/a><\/span> para saber m\u00e1s.<\/p>\n<h4 style=\"text-align: center;\"><span style=\"color: #ff0000;\"><strong><a style=\"color: #ff0000;\" title=\"Cont\u00e1ctenos Por Medio de Esta P\u00e1gina o en Nuestras Oficinas\" href=\"http:\/\/therightdefender.com\/es\/contactos\/\">(760) 806-4333<\/a><\/strong><\/span><\/h4>\n<p style=\"text-align: center;\">Vista \u2013 Escondido \u2013 Carlsbad \u2013 Fallbrook \u2013 Oceanside \u2013 Encinitas \u2013 Solana Beach \u2013 San Ysidro \u2013 Chula Vista \u2013 San Diego \u2013\u00a0 Carmel Valley \u2013 Pacific Beach \u2013 Del Mar \u2013 San Marcos \u2013 El Cajon \u2013 La Costa \u2013 Leucadia \u2013 La Jolla \u2013 Mission Beach \u2013 Imperial Beach \u2013 North Park \u2013 Hillcrest \u2013 Rancho Santa Fe \u2013 Poway \u2013 North County \u2013 South Bay \u2013 Coronado \u2013 Miramar \u2013 Scripps Ranch \u2013 Rancho Bernardo \u2013 Ramona \u2013 Bonsall &#8211; Bonita &#8211; Hillcrest &#8211; North Park &#8211; Valley Center &#8211; Julian &#8211; Fallbrook<span style=\"color: #000080;\"><br \/>\n<\/span><\/p>\n<p style=\"text-align: left;\"><span style=\"color: #000080;\"><a href=\"#top\"><span style=\"color: #3366ff;\"><strong>Regresar al inicio<\/strong><\/span><\/a><br \/>\n<\/span><\/p>\n","protected":false},"excerpt":{"rendered":"<p>Es muy importante que un acusado reciba ayuda durante una investigaci\u00f3n y despu\u00e9s del arresto para evitar malas consecuencias. Llame al abogado defensor superior David Pflaum con 30 a\u00f1os de experiencia y de \u00e9xito para afirmar sus derechos y para prevenir una detencion. Si usted o un familiar tiene miedo por causa de una investigaci\u00f3n [&hellip;]<\/p>\n","protected":false},"author":1,"featured_media":0,"parent":190,"menu_order":0,"comment_status":"open","ping_status":"open","template":"","meta":{"footnotes":""},"class_list":["post-197","page","type-page","status-publish","hentry"],"aioseo_notices":[],"_links":{"self":[{"href":"https:\/\/www.therightdefender.com\/es\/wp-json\/wp\/v2\/pages\/197","targetHints":{"allow":["GET"]}}],"collection":[{"href":"https:\/\/www.therightdefender.com\/es\/wp-json\/wp\/v2\/pages"}],"about":[{"href":"https:\/\/www.therightdefender.com\/es\/wp-json\/wp\/v2\/types\/page"}],"author":[{"embeddable":true,"href":"https:\/\/www.therightdefender.com\/es\/wp-json\/wp\/v2\/users\/1"}],"replies":[{"embeddable":true,"href":"https:\/\/www.therightdefender.com\/es\/wp-json\/wp\/v2\/comments?post=197"}],"version-history":[{"count":0,"href":"https:\/\/www.therightdefender.com\/es\/wp-json\/wp\/v2\/pages\/197\/revisions"}],"up":[{"embeddable":true,"href":"https:\/\/www.therightdefender.com\/es\/wp-json\/wp\/v2\/pages\/190"}],"wp:attachment":[{"href":"https:\/\/www.therightdefender.com\/es\/wp-json\/wp\/v2\/media?parent=197"}],"curies":[{"name":"wp","href":"https:\/\/api.w.org\/{rel}","templated":true}]}}