{"id":190,"date":"2014-02-05T13:40:01","date_gmt":"2014-02-05T21:40:01","guid":{"rendered":"http:\/\/192.185.4.155\/~dmpjury\/?page_id=190"},"modified":"2024-02-08T11:59:12","modified_gmt":"2024-02-08T19:59:12","slug":"tramites","status":"publish","type":"page","link":"https:\/\/www.therightdefender.com\/es\/tramites\/","title":{"rendered":"Tramites"},"content":{"rendered":"<p><img loading=\"lazy\" decoding=\"async\" class=\"attachment-266x266 aligncenter\" src=\"https:\/\/www.therightdefender.com\/wp-content\/uploads\/2014\/02\/exclusive-leafly-has-obtained-the-full-mexico-supreme-court-rulin-e1579201662190.jpg\" alt=\"tramites\" width=\"146\" height=\"85\" \/><\/p>\n<p style=\"text-align: justify;\">Los tramites criminales son complicados y fuertes pero usted puede confiar en el abogado <span style=\"color: #3366ff;\"><a style=\"color: #3366ff;\" href=\"http:\/\/www.therightdefender.com\/es\/\">defensor superior<\/a><\/span> David Pflaum con 30 a\u00f1os de exito en los tribunales para proveer los mejores servicios posibles.<span id=\"result_box\" lang=\"es\"><\/span><\/p>\n<ul>\n<li style=\"text-align: justify;\"><span title=\"First, he understands the pressure and anxiety that his clients go through when being investigated for a crime, getting cited or served with legal papers, being arrested and taken to jail, arranging to get out of jail, getting prosecuted in court, and going through\"><span id=\"result_box\" lang=\"es\"><span title=\"With that much experience comes the ability to get the job done and to get it done as quickly and successfully as possible. \"><span style=\"color: #333333;\"><span style=\"color: #3366ff;\"><a style=\"color: #3366ff;\" href=\"http:\/\/www.therightdefender.com\/es\/tramites\/acuerdo-exitoso\/\">Defender<\/a><\/span><\/span> y arreglar los delitos<\/span><\/span><\/span><\/li>\n<li style=\"text-align: justify;\"><span title=\"First, he understands the pressure and anxiety that his clients go through when being investigated for a crime, getting cited or served with legal papers, being arrested and taken to jail, arranging to get out of jail, getting prosecuted in court, and going through\"><span id=\"result_box\" lang=\"es\"><span title=\"With that much experience comes the ability to get the job done and to get it done as quickly and successfully as possible. \">Salir<span style=\"color: #3366ff;\"> <a style=\"color: #3366ff;\" title=\"Salir de la C\u00e1rcel\" href=\"http:\/\/www.therightdefender.com\/es\/tramites\/salir-de-la-carcel\/\">de la c\u00e1rcel<\/a><\/span> <span style=\"color: #333333;\">si el acusado est\u00e1 detenido<\/span><\/span><\/span><\/span><\/li>\n<li style=\"text-align: justify;\"><span title=\"First, he understands the pressure and anxiety that his clients go through when being investigated for a crime, getting cited or served with legal papers, being arrested and taken to jail, arranging to get out of jail, getting prosecuted in court, and going through\"><span id=\"result_box\" lang=\"es\"><span title=\"With that much experience comes the ability to get the job done and to get it done as quickly and successfully as possible. \">Prevenir <\/span><\/span><\/span><span style=\"color: #333333;\"><span id=\"result_box\" lang=\"es\"><span title=\"With that much experience comes the ability to get the job done and to get it done as quickly and successfully as possible. \"><span style=\"color: #3366ff;\"><a style=\"color: #3366ff;\" href=\"http:\/\/www.therightdefender.com\/es\/buenos-resultados\/evitar-consecuencias-con-inmigracion\/\">consecuencias con inmigraci\u00f3n<\/a><\/span><\/span><\/span><\/span><\/li>\n<li style=\"text-align: justify;\"><span title=\"First, he understands the pressure and anxiety that his clients go through when being investigated for a crime, getting cited or served with legal papers, being arrested and taken to jail, arranging to get out of jail, getting prosecuted in court, and going through\"><span id=\"result_box\" lang=\"es\"><span title=\"With that much experience comes the ability to get the job done and to get it done as quickly and successfully as possible. \">Llegar a<span style=\"color: #333333;\"> <span style=\"color: #3366ff;\"><a style=\"color: #3366ff;\" href=\"http:\/\/www.therightdefender.com\/es\/tramites\/acuerdo-exitoso\/\">un buen acuerdo<\/a><\/span> ante el juez<\/span><\/span><\/span><\/span><\/li>\n<li style=\"text-align: justify;\"><span title=\"First, he understands the pressure and anxiety that his clients go through when being investigated for a crime, getting cited or served with legal papers, being arrested and taken to jail, arranging to get out of jail, getting prosecuted in court, and going through\"><span id=\"result_box\" lang=\"es\"><span title=\"With that much experience comes the ability to get the job done and to get it done as quickly and successfully as possible. \"><span style=\"color: #3366ff;\"><a style=\"color: #3366ff;\" title=\"Acuerdo Exitoso\" href=\"http:\/\/www.therightdefender.com\/es\/buenos-resultados\/acuerdo-exitoso\/\">Eliminar<\/a> <\/span>y reducir los cargos penales<\/span><\/span><\/span><\/li>\n<li style=\"text-align: justify;\"><span title=\"First, he understands the pressure and anxiety that his clients go through when being investigated for a crime, getting cited or served with legal papers, being arrested and taken to jail, arranging to get out of jail, getting prosecuted in court, and going through\"><span id=\"result_box\" lang=\"es\"><span title=\"With that much experience comes the ability to get the job done and to get it done as quickly and successfully as possible. \"><span title=\"The qualities that make David Pflaum \u201cThe Right Defender\u201d and the reasons you should consider choosing him to be your lawyer are as follows. \"><span style=\"color: #3366ff;\"><a style=\"color: #3366ff;\" href=\"http:\/\/www.therightdefender.com\/es\/reducir-el-castigo\/\">Rebajar<\/a> <\/span><\/span><span style=\"color: #333333;\">el castigo y la multa<\/span><\/span><\/span><\/span><\/li>\n<li style=\"text-align: justify;\"><span style=\"color: #333333;\"><span title=\"The qualities that make David Pflaum \u201cThe Right Defender\u201d and the reasons you should consider choosing him to be your lawyer are as follows. \"><span title=\"First, he understands the pressure and anxiety that his clients go through when being investigated for a crime, getting cited or served with legal papers, being arrested and taken to jail, arranging to get out of jail, getting prosecuted in court, and going through\"><span id=\"result_box\" lang=\"es\"><span title=\"With that much experience comes the ability to get the job done and to get it done as quickly and successfully as possible. \">Audiencia de <\/span><\/span><\/span><\/span><\/span><span title=\"The qualities that make David Pflaum \u201cThe Right Defender\u201d and the reasons you should consider choosing him to be your lawyer are as follows. \"><span title=\"First, he understands the pressure and anxiety that his clients go through when being investigated for a crime, getting cited or served with legal papers, being arrested and taken to jail, arranging to get out of jail, getting prosecuted in court, and going through\"><span id=\"result_box\" lang=\"es\"><span title=\"With that much experience comes the ability to get the job done and to get it done as quickly and successfully as possible. \">orden de<\/span><\/span><\/span><\/span><span style=\"color: #333333;\"><span title=\"The qualities that make David Pflaum \u201cThe Right Defender\u201d and the reasons you should consider choosing him to be your lawyer are as follows. \"><span title=\"First, he understands the pressure and anxiety that his clients go through when being investigated for a crime, getting cited or served with legal papers, being arrested and taken to jail, arranging to get out of jail, getting prosecuted in court, and going through\"><span id=\"result_box\" lang=\"es\"><span title=\"With that much experience comes the ability to get the job done and to get it done as quickly and successfully as possible. \"><span style=\"color: #3366ff;\"> <a style=\"color: #3366ff;\" href=\"http:\/\/www.therightdefender.com\/es\/tramites\/orden-de-restriccion\/\">restricci\u00f3n<\/a><\/span><\/span><\/span><\/span><\/span><\/span><\/li>\n<li style=\"text-align: justify;\"><span style=\"color: #333333;\"><span title=\"The qualities that make David Pflaum \u201cThe Right Defender\u201d and the reasons you should consider choosing him to be your lawyer are as follows. \"><span title=\"First, he understands the pressure and anxiety that his clients go through when being investigated for a crime, getting cited or served with legal papers, being arrested and taken to jail, arranging to get out of jail, getting prosecuted in court, and going through\"><span id=\"result_box\" lang=\"es\">Eliminar una orden de <a style=\"color: #3366ff;\" title=\"Una Orden de Arresto\" href=\"http:\/\/www.therightdefender.com\/es\/una-orden-de-arresto\/\">arresto<\/a><\/span><\/span><\/span><\/span><\/li>\n<li style=\"text-align: justify;\"><span id=\"result_box\" lang=\"es\"><\/span><span style=\"color: #333333;\"><span title=\"The qualities that make David Pflaum \u201cThe Right Defender\u201d and the reasons you should consider choosing him to be your lawyer are as follows. \"><span title=\"First, he understands the pressure and anxiety that his clients go through when being investigated for a crime, getting cited or served with legal papers, being arrested and taken to jail, arranging to get out of jail, getting prosecuted in court, and going through\"><span id=\"result_box\" lang=\"es\"><span title=\"With that much experience comes the ability to get the job done and to get it done as quickly and successfully as possible. \">Representaci\u00f3n para <\/span><\/span><\/span><\/span><span title=\"The qualities that make David Pflaum \u201cThe Right Defender\u201d and the reasons you should consider choosing him to be your lawyer are as follows. \">una <span style=\"color: #3366ff;\"><a style=\"color: #3366ff;\" title=\"Investigaci\u00f3n Criminal y Arresto\" href=\"http:\/\/www.therightdefender.com\/es\/buenos-resultados\/investigacion-criminal\/\">investigaci\u00f3n<\/a><\/span><\/span><\/span><span title=\"The qualities that make David Pflaum \u201cThe Right Defender\u201d and the reasons you should consider choosing him to be your lawyer are as follows. \"> de un detective o una trabajadora social<\/span><span id=\"result_box\" lang=\"es\"><\/span><\/li>\n<li style=\"text-align: justify;\"><span title=\"The qualities that make David Pflaum \u201cThe Right Defender\u201d and the reasons you should consider choosing him to be your lawyer are as follows. \"><span title=\"First, he understands the pressure and anxiety that his clients go through when being investigated for a crime, getting cited or served with legal papers, being arrested and taken to jail, arranging to get out of jail, getting prosecuted in court, and going through\"><span id=\"result_box\" lang=\"es\"><span title=\"With that much experience comes the ability to get the job done and to get it done as quickly and successfully as possible. \"><span style=\"color: #3366ff;\"><a style=\"color: #3366ff;\" title=\"Abogado Para Limpiar Su Record\" href=\"http:\/\/www.therightdefender.com\/es\/abogado-para-limpiar-su-record\/\">Limpiar<\/a><\/span> su r\u00e9cord<\/span><\/span><\/span><\/span><\/li>\n<\/ul>\n<p><img loading=\"lazy\" decoding=\"async\" class=\"thumbnail aligncenter\" src=\"https:\/\/www.therightdefender.com\/wp-content\/uploads\/2018\/01\/slider-gavel-spanish.jpg\" alt=\"abogado defensor en san diego\" width=\"245\" height=\"111\" \/><\/p>\n<h3 style=\"text-align: center;\"><span style=\"color: #000000;\"><strong>QU\u00c9 HACE EL ABOGADO <\/strong><\/span><\/h3>\n<h3 style=\"text-align: center;\"><span style=\"color: #000000;\"><strong>PARA AYUDAR AL ACUSADO CON LOS TRAMITES CRIMINALES<span style=\"text-decoration: underline;\"><br \/>\n<\/span><\/strong><\/span><\/h3>\n<p style=\"text-align: justify;\"><strong>Llegar a un Acuerdo.<\/strong>\u00a0 Un acuerdo con el juez no llega por casualidad.\u00a0 Se gana.<\/p>\n<p style=\"text-align: justify;\">El abogado defensor s\u00f3lido como el Sr. Pflaum pasa tiempo con su cliente para <a href=\"https:\/\/pleasantvalleybiofuels.com\">llegar<\/a> a conocerlo y saber su explicaci\u00f3n de lo que caus\u00f3 el problema legal, y investiga el caso.<\/p>\n<p style=\"text-align: justify;\">Cuando el abogado ya tiene toda la informaci\u00f3n sobre su cliente, la detenci\u00f3n y el arresto de su cliente, la conducta de la polic\u00eda, y el caso criminal, el abogado se presenta ante el juez.<\/p>\n<p style=\"text-align: justify;\">Muchas veces el cliente no tiene que comparecer ante el juez por que el abogado hace todo el trabajo.<\/p>\n<h4><img loading=\"lazy\" decoding=\"async\" class=\"attachment-266x266 aligncenter\" src=\"https:\/\/www.therightdefender.com\/wp-content\/uploads\/2014\/02\/exclusive-leafly-has-obtained-the-full-mexico-supreme-court-rulin-e1579201662190.jpg\" alt=\"tramites\" width=\"146\" height=\"85\" \/><\/h4>\n<p style=\"text-align: justify;\">Durante el proceso en la corte el abogado se re\u00fane con el juez y el ministerio p\u00fablico para llegar a un acuerdo para eliminar o <span style=\"color: #3366ff;\"><a style=\"color: #3366ff;\" title=\"Acuerdos Exitosos\" href=\"http:\/\/therightdefender.com\/es\/resultados-anteriores\/acuerdos-exitosos\/\">reducir<\/a><\/span> los cargos, <span style=\"color: #3366ff;\"><a style=\"color: #3366ff;\" href=\"http:\/\/www.therightdefender.com\/es\/proceso-de-una-sentencia\/\">evitar tiempo en la c\u00e1rcel<\/a><\/span>, rebajar el castigo y la multa, y prevenir <span style=\"color: #3366ff;\"><a style=\"color: #3366ff;\" title=\"Evitar Consecuencias con Inmigraci\u00f3n\" href=\"http:\/\/therightdefender.com\/es\/resultados-anteriores\/evitar-consecuencias-con-inmigracion\/\">consecuencias<\/a><\/span> con inmigraci\u00f3n.<\/p>\n<p style=\"text-align: justify;\">El el abogado digno de confianza que hace la diferencia para el cliente.<\/p>\n<p style=\"text-align: justify;\">Para saber m\u00e1s haga clic en <a title=\"Testimonios\" href=\"http:\/\/therightdefender.com\/es\/testimonios\/\"><span style=\"color: #3366ff;\">testimonios<\/span><\/a>.<\/p>\n<p style=\"text-align: center;\"><span style=\"color: #000000;\"><strong>Para una asesor\u00eda de su casa llame al:<br \/>\n<\/strong><\/span><\/p>\n<p style=\"text-align: center;\"><span style=\"color: #ff0000;\"><strong>(760) 806-4333<\/strong><\/span><\/p>\n<p style=\"text-align: center;\"><span style=\"color: #000080;\"><span style=\"color: #000000;\">Vista \u2013 Escondido \u2013 Carlsbad \u2013 Fallbrook \u2013 Oceanside \u2013 Encinitas \u2013 Solana Beach \u2013 San Ysidro \u2013 Chula Vista \u2013 San Diego \u2013 El Cajon \u2013 Carmel Valley \u2013 Pacific Beach \u2013 Del Mar \u2013 San Marcos \u2013 Hillcrest \u2013 Poway \u2013 South Bay \u2013 National City \u2013 Imperial Beach \u2013 Mission Beach \u2013 North Park \u2013 Leucadia \u2013 Bonita \u2013 La Jolla \u2013 Rancho Bernardo \u2013 Ramona \u2013 South Bay \u2013 Ramona \u2013 Fallbrook \u2013 Poway \u2013 La Mesa &#8211; Valley Center &#8211; Julian &#8211; Downtown San Diego &#8211; Condado del Norte<\/span><br \/>\n<\/span><\/p>\n<p><a href=\"#top\"><span style=\"color: #3366ff;\"><strong>Regresar al inicio<\/strong><\/span><\/a><\/p>\n","protected":false},"excerpt":{"rendered":"<p>Los tramites criminales son complicados y fuertes pero usted puede confiar en el abogado defensor superior David Pflaum con 30 a\u00f1os de exito en los tribunales para proveer los mejores servicios posibles. Defender y arreglar los delitos Salir de la c\u00e1rcel si el acusado est\u00e1 detenido Prevenir consecuencias con inmigraci\u00f3n Llegar a un buen acuerdo [&hellip;]<\/p>\n","protected":false},"author":1,"featured_media":0,"parent":0,"menu_order":0,"comment_status":"open","ping_status":"open","template":"","meta":{"footnotes":""},"class_list":["post-190","page","type-page","status-publish","hentry"],"aioseo_notices":[],"_links":{"self":[{"href":"https:\/\/www.therightdefender.com\/es\/wp-json\/wp\/v2\/pages\/190","targetHints":{"allow":["GET"]}}],"collection":[{"href":"https:\/\/www.therightdefender.com\/es\/wp-json\/wp\/v2\/pages"}],"about":[{"href":"https:\/\/www.therightdefender.com\/es\/wp-json\/wp\/v2\/types\/page"}],"author":[{"embeddable":true,"href":"https:\/\/www.therightdefender.com\/es\/wp-json\/wp\/v2\/users\/1"}],"replies":[{"embeddable":true,"href":"https:\/\/www.therightdefender.com\/es\/wp-json\/wp\/v2\/comments?post=190"}],"version-history":[{"count":0,"href":"https:\/\/www.therightdefender.com\/es\/wp-json\/wp\/v2\/pages\/190\/revisions"}],"wp:attachment":[{"href":"https:\/\/www.therightdefender.com\/es\/wp-json\/wp\/v2\/media?parent=190"}],"curies":[{"name":"wp","href":"https:\/\/api.w.org\/{rel}","templated":true}]}}