{"id":187,"date":"2014-02-05T13:36:45","date_gmt":"2014-02-05T21:36:45","guid":{"rendered":"http:\/\/192.185.4.155\/~dmpjury\/?page_id=187"},"modified":"2024-05-26T11:09:41","modified_gmt":"2024-05-26T18:09:41","slug":"garantia-profesional","status":"publish","type":"page","link":"https:\/\/www.therightdefender.com\/es\/garantia-profesional\/","title":{"rendered":"Garant\u00eda Profesional"},"content":{"rendered":"<p style=\"text-align: left;\"><img loading=\"lazy\" decoding=\"async\" class=\"alignright wp-image-148 \" src=\"http:\/\/www.therightdefender.com\/wp-content\/uploads\/2014\/01\/supreme-court-seal-200.png\" alt=\"\" width=\"172\" height=\"172\" srcset=\"https:\/\/www.therightdefender.com\/wp-content\/uploads\/2014\/01\/supreme-court-seal-200.png 200w, https:\/\/www.therightdefender.com\/wp-content\/uploads\/2014\/01\/supreme-court-seal-200-150x150.png 150w, https:\/\/www.therightdefender.com\/wp-content\/uploads\/2014\/01\/supreme-court-seal-200-195x195.png 195w, https:\/\/www.therightdefender.com\/wp-content\/uploads\/2014\/01\/supreme-court-seal-200-130x130.png 130w, https:\/\/www.therightdefender.com\/wp-content\/uploads\/2014\/01\/supreme-court-seal-200-70x70.png 70w, https:\/\/www.therightdefender.com\/wp-content\/uploads\/2014\/01\/supreme-court-seal-200-45x45.png 45w\" sizes=\"auto, (max-width: 172px) 100vw, 172px\" \/><span id=\"result_box\" lang=\"es\"><\/span><\/p>\n<p style=\"text-align: left;\"><span title=\"First, he understands the pressure and anxiety that his clients go through when being investigated for a crime, getting cited or served with legal papers, being arrested and taken to jail, arranging to get out of jail, getting prosecuted in court, and going through\"><span id=\"result_box\" lang=\"es\"><span title=\"With that much experience comes the ability to get the job done and to get it done as quickly and successfully as possible.&lt;\/p&gt;&lt;br \/&gt;&lt;br \/&gt;&lt;br \/&gt;&lt;br \/&gt;&lt;br \/&gt;&lt;br \/&gt;&lt;br \/&gt;&lt;br \/&gt;&lt;br \/&gt;&lt;br \/&gt;&lt;br \/&gt;&lt;br \/&gt;&lt;br \/&gt;&lt;br \/&gt;&lt;br \/&gt;&lt;br \/&gt;&lt;br \/&gt;&lt;br \/&gt;&lt;br \/&gt;&lt;br \/&gt;&lt;br \/&gt;&lt;br \/&gt;&lt;br \/&gt;&lt;br \/&gt;&lt;br \/&gt;&lt;br \/&gt;&lt;br \/&gt;&lt;br \/&gt;&lt;br \/&gt;&lt;br \/&gt;&lt;br \/&gt;&lt;br \/&gt;&lt;br \/&gt;&lt;br \/&gt;&lt;br \/&gt;&lt;br \/&gt;&lt;br \/&gt;&lt;br \/&gt;&lt;br \/&gt;&lt;br \/&gt;&lt;br \/&gt;&lt;br \/&gt;&lt;br \/&gt;&lt;br \/&gt;&lt;br \/&gt;&lt;br \/&gt;&lt;br \/&gt;&lt;br \/&gt;&lt;br \/&gt;&lt;br \/&gt;&lt;br \/&gt;&lt;br \/&gt;&lt;br \/&gt;&lt;br \/&gt;&lt;br \/&gt;&lt;br \/&gt;&lt;br \/&gt;&lt;br \/&gt; &lt;p&gt;\">Garant\u00eda Profesional.\u00a0 El abogado le da una garant\u00eda personal de <span title=\"These are the reasons David Pflaum is the \u201cThe Right Defender.\u201d Reach out to him for legal representation and see what a difference he can make in your life.\"><span title=\"He is dedicated to protecting his clients rights and is the right attorney for the job.&lt;\/p&gt;&lt;br \/&gt;&lt;br \/&gt;&lt;br \/&gt;&lt;br \/&gt;&lt;br \/&gt;&lt;br \/&gt;&lt;br \/&gt;&lt;br \/&gt;&lt;br \/&gt;&lt;br \/&gt;&lt;br \/&gt;&lt;br \/&gt;&lt;br \/&gt;&lt;br \/&gt;&lt;br \/&gt;&lt;br \/&gt;&lt;br \/&gt;&lt;br \/&gt;&lt;br \/&gt;&lt;br \/&gt;&lt;br \/&gt;&lt;br \/&gt;&lt;br \/&gt;&lt;br \/&gt;&lt;br \/&gt;&lt;br \/&gt;&lt;br \/&gt;&lt;br \/&gt;&lt;br \/&gt;&lt;br \/&gt;&lt;br \/&gt;&lt;br \/&gt;&lt;br \/&gt;&lt;br \/&gt;&lt;br \/&gt;&lt;br \/&gt;&lt;br \/&gt;&lt;br \/&gt;&lt;br \/&gt;&lt;br \/&gt;&lt;br \/&gt;&lt;br \/&gt;&lt;br \/&gt;&lt;br \/&gt;&lt;br \/&gt;&lt;br \/&gt;&lt;br \/&gt;&lt;br \/&gt;&lt;br \/&gt;&lt;br \/&gt;&lt;br \/&gt;&lt;br \/&gt;&lt;br \/&gt;&lt;br \/&gt;&lt;br \/&gt;&lt;br \/&gt;&lt;br \/&gt;&lt;br \/&gt;&lt;br \/&gt;&lt;br \/&gt; &lt;p&gt;\"><span title=\"The qualities that make David Pflaum \u201cThe Right Defender\u201d and the reasons you should consider choosing him to be your lawyer are as follows.&lt;\/p&gt;&lt;br \/&gt;&lt;br \/&gt;&lt;br \/&gt;&lt;br \/&gt;&lt;br \/&gt;&lt;br \/&gt;&lt;br \/&gt;&lt;br \/&gt;&lt;br \/&gt;&lt;br \/&gt;&lt;br \/&gt;&lt;br \/&gt;&lt;br \/&gt;&lt;br \/&gt;&lt;br \/&gt;&lt;br \/&gt;&lt;br \/&gt;&lt;br \/&gt;&lt;br \/&gt;&lt;br \/&gt;&lt;br \/&gt;&lt;br \/&gt;&lt;br \/&gt;&lt;br \/&gt;&lt;br \/&gt;&lt;br \/&gt;&lt;br \/&gt;&lt;br \/&gt;&lt;br \/&gt;&lt;br \/&gt;&lt;br \/&gt;&lt;br \/&gt;&lt;br \/&gt;&lt;br \/&gt;&lt;br \/&gt;&lt;br \/&gt;&lt;br \/&gt;&lt;br \/&gt;&lt;br \/&gt;&lt;br \/&gt;&lt;br \/&gt;&lt;br \/&gt;&lt;br \/&gt;&lt;br \/&gt;&lt;br \/&gt;&lt;br \/&gt;&lt;br \/&gt;&lt;br \/&gt;&lt;br \/&gt;&lt;br \/&gt;&lt;br \/&gt;&lt;br \/&gt;&lt;br \/&gt;&lt;br \/&gt;&lt;br \/&gt;&lt;br \/&gt;&lt;br \/&gt;&lt;br \/&gt;&lt;br \/&gt;&lt;br \/&gt; &lt;p&gt;\">los mejores servicios posibles.<\/span><\/span><\/span><\/span><\/span><\/span><\/p>\n<p style=\"text-align: left;\"><span title=\"My clients can rely on me to get the job done.&lt;\/p&gt;&lt;br \/&gt;&lt;br \/&gt;&lt;br \/&gt;&lt;br \/&gt;&lt;br \/&gt;&lt;br \/&gt;&lt;br \/&gt;&lt;br \/&gt;&lt;br \/&gt;&lt;br \/&gt;&lt;br \/&gt;&lt;br \/&gt;&lt;br \/&gt;&lt;br \/&gt;&lt;br \/&gt;&lt;br \/&gt;&lt;br \/&gt;&lt;br \/&gt;&lt;br \/&gt;&lt;br \/&gt;&lt;br \/&gt;&lt;br \/&gt;&lt;br \/&gt;&lt;br \/&gt;&lt;br \/&gt;&lt;br \/&gt;&lt;br \/&gt;&lt;br \/&gt;&lt;br \/&gt;&lt;br \/&gt;&lt;br \/&gt;&lt;br \/&gt;&lt;br \/&gt;&lt;br \/&gt;&lt;br \/&gt;&lt;br \/&gt;&lt;br \/&gt;&lt;br \/&gt;&lt;br \/&gt;&lt;br \/&gt;&lt;br \/&gt;&lt;br \/&gt;&lt;br \/&gt; &lt;p&gt;\"><span style=\"color: #000000;\">Confiado.<\/span>\u00a0 El abogado es para atenderlo personalmente lo m\u00e1s pronto que sea posible y hacer todo para pelear el caso a su satisfacci\u00f3n.<\/span><\/p>\n<p><span title=\"3) I and my staff will treat each client and their family members with dignity and respect.\"><span style=\"color: #000000;\"><span title=\"3) I and my staff will treat each client and their family members with dignity and respect.\">Mantenerlos Informados.<\/span>\u00a0<\/span> El abogado mantiene al acusado informado sobre el caso y el trabajo que hace para solucionarlo.\u00a0 <\/span><\/p>\n<p><span title=\"3) I and my staff will treat each client and their family members with dignity and respect.\"><span style=\"color: #000000;\" title=\"3) I and my staff will treat each client and their family members with dignity and respect.\">Tratamiento con Respeto.\u00a0 <\/span>El abogado trata al acusado con dignidad.\u00a0 <\/span><span title=\"We will always be there for you to answer your telephone call, to return your telephone call promptly if I am in court or out of the office when you call, and to meet with you to discuss your case at anytime.\"><br \/>\n<\/span><\/p>\n<p style=\"text-align: left;\"><span style=\"color: #000000;\">QUI\u00c9N ES EL ABOGADO DAVID PFLAUM<\/span><span style=\"text-decoration: underline;\"><br \/>\n<\/span><\/p>\n<p style=\"text-align: left;\"><img loading=\"lazy\" decoding=\"async\" class=\"alignright wp-image-17008\" src=\"http:\/\/www.therightdefender.com\/wp-content\/uploads\/2014\/01\/David-Pflaum-The-Right-Defender.jpg\" alt=\"David Pflaum, The Right Defender\" width=\"161\" height=\"254\" srcset=\"https:\/\/www.therightdefender.com\/wp-content\/uploads\/2014\/01\/David-Pflaum-The-Right-Defender.jpg 253w, https:\/\/www.therightdefender.com\/wp-content\/uploads\/2014\/01\/David-Pflaum-The-Right-Defender-190x300.jpg 190w, https:\/\/www.therightdefender.com\/wp-content\/uploads\/2014\/01\/David-Pflaum-The-Right-Defender-123x195.jpg 123w\" sizes=\"auto, (max-width: 161px) 100vw, 161px\" \/>El abogado es un litigante agresivo, trabajador y experimentado.\u00a0 Es bien conocido en la comunidad y respetado por los jueces, los fiscales, la polic\u00eda y los oficiales de probatorio.<\/p>\n<p style=\"text-align: left;\"><span style=\"color: #000000;\">EDUCACI\u00d3N<\/span><span style=\"text-decoration: underline;\"><strong><br \/>\n<\/strong><\/span><\/p>\n<ul style=\"text-align: left;\">\n<li>Licenciatura con Honores, Universidad de California, Berkeley (1984)<\/li>\n<li>Licenciatura en Derecho, Escuela de Derecho, Loyola (1987)<\/li>\n<\/ul>\n<p style=\"text-align: left;\"><span style=\"color: #000000;\">TRABAJO PROFESIONAL<\/span><\/p>\n<ul>\n<li style=\"text-align: left;\">Despu\u00e9s de graduarse el abogado acept\u00f3 una posici\u00f3n como abogado de litigio civil con la firma de abogados Flahavan, Hudson y Francis (1988 &#8211; 1990).\u00a0 En \u00e9sta posici\u00f3n se dedic\u00f3 a tomar declaraciones de testigos, demandantes, y demandados, realizar el descubrimiento complejo, preparar peticiones legales, y representar a clientes en \u00e1reas del derecho incluyendo da\u00f1os personales, negligencia m\u00e9dica, lesiones personales, defectos en la construcci\u00f3n, seguros y responsabilidad comercial<\/li>\n<li style=\"text-align: left;\">En 1990, \u00e9l acept\u00f3 una posici\u00f3n como Defensor P\u00fablico en las oficinas de los Defensores P\u00fablicos para el Condado de San Diego.\u00a0 Se dedicaba a representar y defender clientes durante todas las etapas del proceso penal como delito menor y delito grave, acusaciones, las peticiones para eliminar los cargos, los ex\u00e1menes preliminares, juicios y apelaciones (1990 &#8211; 1994)<\/li>\n<li style=\"text-align: left;\">Certificado biling\u00fce en espa\u00f1ol por el Condado de San Diego (1990)<\/li>\n<li style=\"text-align: left;\">Maestro de Watterson College para asistentes legales (1995)<\/li>\n<li style=\"text-align: left;\">Abogado de litigios para Total Dynamics Corporation (1994 &#8211; 1996)<\/li>\n<li style=\"text-align: left;\">Las Oficinas Legales de David Pflaum fueron inauguradas en 1995<\/li>\n<\/ul>\n<p style=\"text-align: left;\"><span style=\"color: #000000;\">AFILIACIONES<\/span><\/p>\n<ul>\n<li style=\"text-align: left;\">Admitido a la Pr\u00e1ctica, Estado de California (1988)<\/li>\n<li style=\"text-align: left;\">Admitido a la Pr\u00e1ctica del Tribunal del Distrito Central de California (1988)<\/li>\n<li style=\"text-align: left;\">Admitido a la Pr\u00e1ctica del Tribunal del Distrito de el Sur de California (1994)<\/li>\n<li style=\"text-align: left;\">Secci\u00f3n de Derecho Penal, Abogados del Condado del Norte<\/li>\n<li style=\"text-align: left;\">La Asociaci\u00f3n Defensores P\u00fablicos de California Posadas Americanas de Corte (retirado)<\/li>\n<\/ul>\n<h2><span title=\"These are the reasons David Pflaum is the \u201cThe Right Defender.\u201d Reach out to him for legal representation and see what a difference he can make in your life.\"><span title=\"He is dedicated to protecting his clients rights and is the right attorney for the job.&lt;\/p&gt;&lt;br \/&gt;&lt;br \/&gt;&lt;br \/&gt;&lt;br \/&gt;&lt;br \/&gt;&lt;br \/&gt;&lt;br \/&gt;&lt;br \/&gt;&lt;br \/&gt;&lt;br \/&gt;&lt;br \/&gt;&lt;br \/&gt;&lt;br \/&gt;&lt;br \/&gt;&lt;br \/&gt;&lt;br \/&gt;&lt;br \/&gt;&lt;br \/&gt;&lt;br \/&gt;&lt;br \/&gt;&lt;br \/&gt;&lt;br \/&gt;&lt;br \/&gt;&lt;br \/&gt;&lt;br \/&gt;&lt;br \/&gt;&lt;br \/&gt;&lt;br \/&gt;&lt;br \/&gt;&lt;br \/&gt;&lt;br \/&gt;&lt;br \/&gt;&lt;br \/&gt;&lt;br \/&gt;&lt;br \/&gt;&lt;br \/&gt;&lt;br \/&gt;&lt;br \/&gt;&lt;br \/&gt;&lt;br \/&gt;&lt;br \/&gt;&lt;br \/&gt;&lt;br \/&gt;&lt;br \/&gt;&lt;br \/&gt;&lt;br \/&gt;&lt;br \/&gt;&lt;br \/&gt;&lt;br \/&gt;&lt;br \/&gt;&lt;br \/&gt;&lt;br \/&gt;&lt;br \/&gt;&lt;br \/&gt;&lt;br \/&gt;&lt;br \/&gt;&lt;br \/&gt;&lt;br \/&gt;&lt;br \/&gt;&lt;br \/&gt; &lt;p&gt;\"><span id=\"result_box\" lang=\"es\"><strong><img loading=\"lazy\" decoding=\"async\" class=\"thumbnail aligncenter\" src=\"https:\/\/www.therightdefender.com\/wp-content\/uploads\/2018\/01\/slider-flag-spanish-1.jpg\" alt=\"\" width=\"117\" height=\"53\" \/><\/strong><\/span><\/span><\/span><\/h2>\n<p style=\"text-align: center;\"><strong>P\u00f3ngase en contacto con el defensor superior<\/strong><\/p>\n<p style=\"text-align: center;\"><span style=\"color: #ff0000;\"><strong>760-806-4333<\/strong><\/span><span style=\"border-radius: 2px; text-indent: 20px; width: auto; padding: 0px 4px 0px 0px; text-align: center; font: bold 11px\/20px 'Helvetica Neue',Helvetica,sans-serif; color: #ffffff; background: #bd081c no-repeat scroll 3px 50% \/ 14px 14px; position: absolute; opacity: 1; z-index: 8675309; display: none; cursor: pointer; top: 316px; left: 1146px;\">Save<\/span><\/p>\n<p>&nbsp;<\/p>\n","protected":false},"excerpt":{"rendered":"<p>Garant\u00eda Profesional.\u00a0 El abogado le da una garant\u00eda personal de los mejores servicios posibles. Confiado.\u00a0 El abogado es para atenderlo personalmente lo m\u00e1s pronto que sea posible y hacer todo para pelear el caso a su satisfacci\u00f3n. Mantenerlos Informados.\u00a0 El abogado mantiene al acusado informado sobre el caso y el trabajo que hace para solucionarlo.\u00a0 [&hellip;]<\/p>\n","protected":false},"author":1,"featured_media":0,"parent":0,"menu_order":0,"comment_status":"open","ping_status":"open","template":"","meta":{"footnotes":""},"class_list":["post-187","page","type-page","status-publish","hentry"],"aioseo_notices":[],"_links":{"self":[{"href":"https:\/\/www.therightdefender.com\/es\/wp-json\/wp\/v2\/pages\/187","targetHints":{"allow":["GET"]}}],"collection":[{"href":"https:\/\/www.therightdefender.com\/es\/wp-json\/wp\/v2\/pages"}],"about":[{"href":"https:\/\/www.therightdefender.com\/es\/wp-json\/wp\/v2\/types\/page"}],"author":[{"embeddable":true,"href":"https:\/\/www.therightdefender.com\/es\/wp-json\/wp\/v2\/users\/1"}],"replies":[{"embeddable":true,"href":"https:\/\/www.therightdefender.com\/es\/wp-json\/wp\/v2\/comments?post=187"}],"version-history":[{"count":0,"href":"https:\/\/www.therightdefender.com\/es\/wp-json\/wp\/v2\/pages\/187\/revisions"}],"wp:attachment":[{"href":"https:\/\/www.therightdefender.com\/es\/wp-json\/wp\/v2\/media?parent=187"}],"curies":[{"name":"wp","href":"https:\/\/api.w.org\/{rel}","templated":true}]}}