{"id":183,"date":"2014-02-05T13:24:47","date_gmt":"2014-02-05T21:24:47","guid":{"rendered":"http:\/\/192.185.4.155\/~dmpjury\/?page_id=183"},"modified":"2024-02-13T14:22:36","modified_gmt":"2024-02-13T22:22:36","slug":"servicios-legales","status":"publish","type":"page","link":"https:\/\/www.therightdefender.com\/es\/servicios-legales\/","title":{"rendered":"Servicios Legales"},"content":{"rendered":"<p><div class=\"column grid_6\"><p><strong>EL MEJOR ABOGADO PARA SERVICIOS LEGALES SOBRE CASOS CRIMINALES <\/strong><\/p>\n<p><img loading=\"lazy\" decoding=\"async\" class=\"wp-post-image aligncenter\" src=\"https:\/\/www.therightdefender.com\/wp-content\/uploads\/2014\/02\/exclusive-leafly-has-obtained-the-full-mexico-supreme-court-rulin-195x117.jpg\" sizes=\"auto, (max-width: 195px) 100vw, 195px\" srcset=\"https:\/\/www.therightdefender.com\/wp-content\/uploads\/2014\/02\/exclusive-leafly-has-obtained-the-full-mexico-supreme-court-rulin-195x117.jpg 195w, https:\/\/www.therightdefender.com\/wp-content\/uploads\/2014\/02\/exclusive-leafly-has-obtained-the-full-mexico-supreme-court-rulin-300x180.jpg 300w, https:\/\/www.therightdefender.com\/wp-content\/uploads\/2014\/02\/exclusive-leafly-has-obtained-the-full-mexico-supreme-court-rulin-768x461.jpg 768w, https:\/\/www.therightdefender.com\/wp-content\/uploads\/2014\/02\/exclusive-leafly-has-obtained-the-full-mexico-supreme-court-rulin-940x564.jpg 940w, https:\/\/www.therightdefender.com\/wp-content\/uploads\/2014\/02\/exclusive-leafly-has-obtained-the-full-mexico-supreme-court-rulin-620x372.jpg 620w, https:\/\/www.therightdefender.com\/wp-content\/uploads\/2014\/02\/exclusive-leafly-has-obtained-the-full-mexico-supreme-court-rulin.jpg 960w\" alt=\"SERVICIOS LEGALES\" width=\"106\" height=\"64\" \/><\/p>\n<p>Se provee servicios para ayudarlo a <span style=\"color: #3366ff;\"><a style=\"color: #3366ff;\" title=\"Salir de la C\u00e1rcel\" href=\"http:\/\/therightdefender.com\/es\/tramites\/libertad-bajo-fianza\/\">salir<\/a><\/span> de la c\u00e1rcel, reducir la <span style=\"color: #3366ff;\"><a style=\"color: #3366ff;\" title=\"Salir de la Carcel\" href=\"http:\/\/therightdefender.com\/es\/tramites\/libertad-bajo-fianza\/\">fianza<\/a><\/span>, borrar su <a title=\"Limpiar Mi Record Criminal\" href=\"http:\/\/www.therightdefender.com\/es\/limpiar-mi-record-criminal\/\"><span style=\"color: #3366ff;\">r\u00e9cord<\/span><\/a>, evitar <span style=\"color: #3366ff;\"><a style=\"color: #3366ff;\" title=\"Evitar Consecuencias con Inmigraci\u00f3n\" href=\"http:\/\/therightdefender.com\/es\/resultados-anteriores\/evitar-consecuencias-con-inmigracion\/\">consecuencias<\/a><\/span> con inmigraci\u00f3n, <span style=\"color: #3366ff;\"><a style=\"color: #3366ff;\" title=\"Acuerdos Exitosos\" href=\"http:\/\/therightdefender.com\/es\/resultados-anteriores\/acuerdos-exitosos\/\">eliminar<\/a><\/span> los cargos, y pelear una orden de <a href=\"http:\/\/www.therightdefender.com\/es\/orden-de-alejamiento\/\"><span style=\"color: #3366ff;\">alejamiento<\/span><\/a>.<\/p>\n<p>Estos y la siguiente lista es una introducci\u00f3n a algunos de los <span style=\"color: #3366ff;\"><a style=\"color: #3366ff;\" title=\"Tr\u00e1mites\" href=\"http:\/\/www.therightdefender.com\/es\/tramites\/\">procedimientos<\/a><\/span> m\u00e1s comunes que manejamos.\u00a0 As\u00ed que deje que el Defensor Superior\u2122<span style=\"color: #000000;\"> guie<\/span> su camino.<\/p>\n<h3 style=\"text-align: center;\">LOS SERVICIOS LEGALES<\/h3>\n<ul>\n<li style=\"text-align: left;\">Limpiar un R\u00e9cord&#8211;si tiene un delito previo y <a title=\"Abogado Para Limpiar Su Record\" href=\"http:\/\/www.therightdefender.com\/es\/abogado-para-limpiar-su-record\/\"><span style=\"color: #3366ff;\">desea limpiar o borrar su r\u00e9cord<\/span><\/a>, podemos ayudarle.<\/li>\n<li style=\"text-align: left;\">Investigaciones de Polic\u00eda&#8211;si la polic\u00eda o un detective quiere hablar con usted, ll\u00e1menos inmediatamente.\u00a0 Podemos ayudarlo en <span style=\"color: #3366ff;\"><a style=\"color: #3366ff;\" title=\"Resultados Anteriores*\" href=\"http:\/\/therightdefender.com\/es\/resultados-anteriores\/\">defender<\/a><\/span> el caso para que la polic\u00eda o el detective no lo arreste.<\/li>\n<li style=\"text-align: left;\">Llegar a un Acuerdo ante el Juez&#8211;el abogado puede llegar a un acuerdo con el juez en todo tipo de caso para dejarlo libre, anular o <span style=\"color: #3366ff;\"><a style=\"color: #3366ff;\" title=\"Acuerdos Con El Juez y La Fiscal\u00eda\" href=\"http:\/\/therightdefender.com\/es\/resultados-anteriores\/acuerdos-con-la-fiscalia-y-el-juez\/\">reducir<\/a><\/span> los cargos, evitar pasar tiempo en la c\u00e1rcel, y rebajar la multa con pagos mensuales.<\/li>\n<li style=\"text-align: left;\">Salir de la C\u00e1rcel&#8211;podemos ayudarle a salir bajo palabra sin pagar ni una <span style=\"color: #3366ff;\"><a style=\"color: #3366ff;\" title=\"Salir de la C\u00e1rcel\" href=\"http:\/\/therightdefender.com\/es\/tramites\/libertad-bajo-fianza\/\">fianza<\/a><\/span> o de reducir la cantidad de fianza para que no tenga que pagar tanto.<\/li>\n<li style=\"text-align: left;\">Orden de Arresto&#8211;<span style=\"color: #3366ff;\"><a style=\"color: #3366ff;\" title=\"\u00bfQu\u00e9 Hago Si Hay Una Orden de Arresto en mi Contra?\" href=\"http:\/\/therightdefender.com\/es\/que-hago-si-hay-una-orden-de-arresto-en-mi-contra\/\">comparecemos en corte<\/a><\/span>, algunas veces sin que usted est\u00e9 ah\u00ed, para eliminar la orden de arresto.\u00a0 No importa su estatus legal.<\/li>\n<li style=\"text-align: left;\">Borrar un Antecedente&#8211;preparamos y sometemos una petici\u00f3n en corte para que <span style=\"color: #3366ff;\"><a style=\"color: #3366ff;\" title=\"Que Necesita para Limpiar su Record\" href=\"http:\/\/www.therightdefender.com\/es\/que-necesita-para-limpiar-su-record\/\">elimine su r\u00e9cord<\/a><\/span>.<\/li>\n<li style=\"text-align: left;\">Infringir los Derechos&#8211;hacemos efectivos sus derechos constitucionales, no importa su estatus legal, para liberarlo de una b\u00fasqueda ilegal, una detenci\u00f3n ilegal de un conductor del carro para no declarar nada y que <span style=\"color: #3366ff;\"><a style=\"color: #3366ff;\" title=\"Eliminar Evidencia\" href=\"http:\/\/www.therightdefender.com\/es\/buenos-resultados\/eliminar-evidencia\/\">el juez retira<\/a><\/span> los cargos.<\/li>\n<li style=\"text-align: left;\">Pagar Condena y Trabajar&#8211;hacemos los tr\u00e1mites para calificarlo para work furlough para que pueda seguir trabajando, evite perder su trabajo, y no ir a la c\u00e1rcel.<\/li>\n<li style=\"text-align: left;\">Audiencias con el DMV&#8211;defendemos su derecho a <span style=\"color: #3366ff;\"><a style=\"color: #3366ff;\" title=\"C\u00f3mo Recuperar o Mantener su Licencia\" href=\"http:\/\/therightdefender.com\/es\/tramites\/audiencias-con-el-dmv\/\">mantener su licencia<\/a><\/span> o de sacarla de nuevo.<\/li>\n<li style=\"text-align: left;\">Acusaciones Falsas&#8211;nuestros investigadores privados pueden ayudar a probar que usted fue acusado falsamente.<\/li>\n<li style=\"text-align: left;\">Reducir Delito Mayor a Delito Menor&#8211;preparar y someter <a title=\"Abogado Para Limpiar Mi Record\" href=\"http:\/\/www.therightdefender.com\/es\/servicios-legales\/abogado-para-limpiar-mi-record\/\"><span style=\"color: #3366ff;\">una petici\u00f3n<\/span><\/a> en corte pidiendo que el juez reduzca los cargos.<\/li>\n<li style=\"text-align: left;\">Modificaci\u00f3n de Sentencia&#8211;preparamos y sometemos una petici\u00f3n en corte para modificar los t\u00e9rminos y condiciones de probatorio (libertad condicional).<\/li>\n<li style=\"text-align: left;\">Programas de Rehabilitaci\u00f3n&#8211;tenemos acceso a muchos programas de rehabilitaci\u00f3n a los que se pueda inscribir y as\u00ed mejorar el resultado final de su sentencia en su caso.<\/li>\n<li style=\"text-align: left;\">Confesi\u00f3n a la Fuerza&#8211;la polic\u00eda le ley\u00f3 sus derechos?\u00a0 Si no, podemos examinar todo para ver si <a title=\"Cu\u00e1les son mis Derechos ante la Ley\" href=\"http:\/\/www.therightdefender.com\/es\/cuales-son-mis-derechos-ante-la-ley\/\"><span style=\"color: #3366ff;\">su confesi\u00f3n fue legal<\/span><\/a> y si no, podemos eliminarla para que se puede usarlo en su contra.<\/li>\n<li style=\"text-align: left;\">Drug Diversi\u00f3n&#8211;resoluci\u00f3n de caso antes de juicio por acusaci\u00f3n de delito de drogas.\u00a0 Es una alternativa para evitar procedimientos largos de corte hasta el juicio.\u00a0 Esto le ayudar\u00e1 a mantener su r\u00e9cord limpio.<\/li>\n<li style=\"text-align: left;\">Alternativas a la C\u00e1rcel&#8211;work furlough, monitoreo electr\u00f3nico, y arresto domiciliario son posibles para que pueda <span style=\"color: #3366ff;\"><a style=\"color: #3366ff;\" title=\"Testimonios\" href=\"http:\/\/therightdefender.com\/es\/testimonios\/\">seguir trabajando<\/a><\/span>\u00a0 ganando la vida.<\/li>\n<li style=\"text-align: left;\">Citar a Testigos&#8211;usaremos el proceso de la ley para citar a los testigos a comparecer a corte y ayudarlo en su caso.\u00a0 Cuando llegan los testigos, el abogado tiene derecho de confrontarlos para probar que estan echando mentiras.<\/li>\n<li style=\"text-align: left;\">Faltas a la Libertad Condicional&#8211;si usted no ha cumplido con <a title=\"Violaci\u00f3n de Libertad Condicional\" href=\"http:\/\/www.therightdefender.com\/es\/violacion-de-libertad-condicional\/\"><span style=\"color: #3366ff;\">la libertad condicional<\/span><\/a>, le podemos ayudar a evitar m\u00e1s castigo.<\/li>\n<li style=\"text-align: left;\">Compromiso Civil&#8211;en ciertos casos, especialmente en los choques y fugas y los robos menores, usted puede calificar para que se <span style=\"color: #3366ff;\"><a style=\"color: #3366ff;\" title=\"Acusaci\u00f3n de Choque y Fuga\" href=\"http:\/\/www.therightdefender.com\/es\/choque-y-fuga\/\">eliminen los cargos<\/a><\/span> en contra si el abogado puede hacer un acuerdo con la supuesta v\u00edctima.<\/li>\n<li style=\"text-align: left;\">Ordenes de Alejamiento o Restricci\u00f3n&#8211;si alguien lo est\u00e1 molestando, o a recibido una orden de <a title=\"Orden de Restricci\u00f3n\" href=\"http:\/\/www.therightdefender.com\/es\/tramites\/orden-de-restriccion\/\"><span style=\"color: #3366ff;\">alejamiento<\/span><\/a>, vamos a pelear por usted.<\/li>\n<li style=\"text-align: left;\">Petici\u00f3n para Eliminar los Cargos&#8211;\u00e9sta petici\u00f3n se hace en casos de delito mayor donde existi\u00f3 un error legal.<\/li>\n<li style=\"text-align: left;\">Detenci\u00f3n Policial Ilegal&#8211;si la polic\u00eda no tuvo el derecho legal de detenerlo, buscarlo, ordenarle que desocupe su veh\u00edculo o decirle qu\u00e9 hacer, podemos usar esta <span style=\"color: #3366ff;\"><a style=\"color: #3366ff;\" title=\"Eliminar Las Pruebas Obtenidas Ilegalmente\" href=\"http:\/\/therightdefender.com\/es\/resultados-anteriores\/eliminar-las-pruebas-obtenidos-ilegalmente\/\">informaci\u00f3n<\/a><\/span> para su beneficio.<\/li>\n<li style=\"text-align: left;\">Demanda para un Juicio R\u00e1pido&#8211;hacemos cumplir sus derechos legales para que se le conceda un juicio r\u00e1pido para tratar de limpiar su r\u00e9cord r\u00e1pidamente.<\/li>\n<li style=\"text-align: left;\">Escritos o Apelaciones&#8211;si algo sali\u00f3 mal en el DMV o en la corte, una apelaci\u00f3n lo puede ayudar.<\/li>\n<li style=\"text-align: left;\">Opini\u00f3n o Testimonio de Expertos&#8211;tenemos muchos expertos que pueden dar su testimonio en corte y as\u00ed ayudarnos a ganar su caso.<\/li>\n<li style=\"text-align: left;\">Ordenes de Cateo<strong>&#8212;<\/strong>tuvo derecho la polic\u00eda en <a title=\"Petici\u00f3n Para Eliminar Evidencia\" href=\"http:\/\/www.therightdefender.com\/es\/tramites\/peticion-para-eliminar-evidencia\/\"><span style=\"color: #3366ff;\">revisarlo a usted o buscar<\/span><\/a> en su propiedad?\u00a0 Si no podemos eliminar los cargos.<\/li>\n<li style=\"text-align: left;\">Servicio Comunitario&#8211;esto es una alternativa a la c\u00e1rcel.<\/li>\n<li style=\"text-align: left;\">Resultados del Detector de Mentiras&#8211;ll\u00e1menos antes de que tome el test!\u00a0 No se arriesgue su futuro con el test as\u00ed sin hablar primero con el abogado.<\/li>\n<li style=\"text-align: left;\">Terminar la Libertad Condicional&#8211;si usted est\u00e1 en libertad condicional, sometemos peticiones para pedirle a la corte que <a title=\"Abogado Para Limpiar Su Record\" href=\"http:\/\/www.therightdefender.com\/es\/abogado-para-limpiar-su-record\/\"><span style=\"color: #3366ff;\">termine su libertad condicional<\/span><\/a> para que pueda salir adelante.<\/li>\n<\/ul>\n<p style=\"text-align: left;\">\n<\/div><div class=\"column grid_6 last\"><p><strong>EL MEJOR ABOGADO PARA RESOLVER LOS DELITOS CON \u00c9XITO<\/strong><\/p>\n<p><img loading=\"lazy\" decoding=\"async\" class=\"thumbnail aligncenter\" src=\"https:\/\/www.therightdefender.com\/wp-content\/uploads\/2018\/01\/slider-flag-spanish-1.jpg\" alt=\"SERVICIOS LEGALES\" width=\"120\" height=\"54\" \/><\/p>\n<p>El abogado defiende y resuelve todos tipos de casos criminales como delitos de <span style=\"color: #3366ff;\"><a style=\"color: #3366ff;\" title=\"Abogado de Drogas\" href=\"http:\/\/www.therightdefender.com\/es\/abogado-de-drogas\/\">drogas<\/a><\/span>, <span style=\"color: #3366ff;\"><a style=\"color: #3366ff;\" href=\"http:\/\/www.therightdefender.com\/es\/manejar-bajo-la-influencia\/\">manejar tomado<\/a><\/span>, <span style=\"color: #3366ff;\"><a style=\"color: #3366ff;\" href=\"http:\/\/www.therightdefender.com\/es\/delito\/delito-mayor-y-felonia\/\">delito grave<\/a><\/span>, <span style=\"color: #3366ff;\"><a style=\"color: #3366ff;\" href=\"http:\/\/www.therightdefender.com\/es\/delito\/delito-menor-en-san-diego\/\">delito menor<\/a><\/span>, <span style=\"color: #3366ff;\"><a style=\"color: #3366ff;\" title=\"Violencia Dom\u00e9stica\" href=\"http:\/\/therightdefender.com\/es\/delitos\/violencia-domestica-violencia-intrafamiliar\/\">violencia dom\u00e9stica<\/a><\/span>, <span style=\"color: #3366ff;\"><a style=\"color: #3366ff;\" href=\"http:\/\/www.therightdefender.com\/es\/abogado-para-asalto\/\">asalto<\/a><\/span>, <span style=\"color: #3366ff;\"><a style=\"color: #3366ff;\" title=\"Abuso Sexual\" href=\"http:\/\/www.therightdefender.com\/es\/abuso-sexual\/\">abuso sexual<\/a><\/span>, orden de <span style=\"color: #3366ff;\"><a style=\"color: #3366ff;\" title=\"Orden de Restricci\u00f3n\" href=\"http:\/\/therightdefender.com\/es\/tramites\/orden-de-restriccion\/\">restricci\u00f3n<\/a><\/span>.<\/p>\n<p>Estos y la siguiente lista es una introducci\u00f3n a algunos de los casos criminales m\u00e1s comunes que manejamos a diario y que podemos ayudarle a resolver a su satisfacci\u00f3n.<\/p>\n<h3 style=\"text-align: center;\">TIPOS DE DELITOS<\/h3>\n<ul>\n<li style=\"text-align: left;\">DUI Alcohol o Drogas&#8211;si a usted lo acusan de un delito as\u00ed o ya lo han arrestado, le vamos a ayudar para que no lo encierren, para que pueda <span style=\"color: #3366ff;\"><a style=\"color: #3366ff;\" title=\"Licencia de Conducir\" href=\"http:\/\/www.therightdefender.com\/es\/tramites\/licencia-de-conducir\/\">mantener su licencia de manejo<\/a><\/span>, permanecer fuera de custodia, reducir o eliminar los cargos, y bajar la multa lo que puede pagar con pagos mensuales.<\/li>\n<li style=\"text-align: left;\">Violencia Dom\u00e9stica&#8211;estos casos surgen cada d\u00eda como delitos mayores y delitos menores de <span style=\"color: #3366ff;\"><a style=\"color: #3366ff;\" title=\"Violencia Dom\u00e9stica\" href=\"http:\/\/therightdefender.com\/es\/delitos\/abogado-de-violencia-domestica\/\">violencia dom\u00e9stica<\/a><\/span>, cuando una persona, o incluso un vecino de una persona, llama a la polic\u00eda y dice que \u00e9l o ella se vio afectada por su novio, novia, esposo o esposa.\u00a0 Hay muchos factores que entran en juego que un abogado con experiencia puede utilizar para la ventaja del cliente ante o durante <span style=\"color: #3366ff;\"><a style=\"color: #3366ff;\" title=\"Proceso del Juicio\" href=\"http:\/\/therightdefender.com\/es\/tramites\/proceso-del-juicio\/\">el juicio<\/a><\/span>.<\/li>\n<li style=\"text-align: left;\">Manejar Bajo la Influencia de Alcohol\/Drogas con Choque&#8211;muchas personas son detenidas por manejar bajo la influencia del alcohol, <a title=\"Abogado de DUI\" href=\"http:\/\/www.therightdefender.com\/es\/abogado-de-dui\/\"><span style=\"color: #3366ff;\">dui<\/span><\/a>, o drogas prohibidos o obtenidas con recetas, lo cual se puede <span style=\"color: #3366ff;\"><a style=\"color: #3366ff;\" title=\"Acuerdos Exitosos\" href=\"http:\/\/therightdefender.com\/es\/resultados-anteriores\/acuerdos-exitosos\/\">defender<\/a><\/span> utilizando las leyes que aplican.\u00a0 Si se lastima una v\u00edctima, el caso se pone muy grave pero con la ayuda de una v\u00edctima, y la existencia de aseguranza, son factores que podemos usar a su favor.<\/li>\n<li style=\"text-align: left;\">Ordenes de Proteccion&#8211;muchos solicitan ordenes de <span style=\"color: #3366ff;\"><a style=\"color: #3366ff;\" title=\"Orden de Restricci\u00f3n\" href=\"http:\/\/therightdefender.com\/es\/tramites\/orden-de-restriccion\/\">proteccion<\/a><\/span> en \u00e9stos tiempos, algunas veces por las razones equivocadas, a veces por las razones correctas.\u00a0 Sabemos c\u00f3mo manejar ambas instancias con mucho \u00e9xito.<\/li>\n<li style=\"text-align: left;\">Asalto Agresi\u00f3n Violenta&#8211;si hubo una pelea o forcejeo con un arma, es muy serio y podr\u00eda ser una falta \u00abstrike,\u00bb un delito muy grave.\u00a0 Hay defensas que podemos utilizar a su favor.<\/li>\n<li style=\"text-align: left;\">Agresiones&#8211;este tipo de <a title=\"Acusaci\u00f3n de Agresi\u00f3n PC 240, 245\" href=\"http:\/\/www.therightdefender.com\/es\/delitos\/delito-mayor-y-felonia\/\"><span style=\"color: #3366ff;\">delito mayor<\/span><\/a> usualmente involucra un altercado entre dos personas donde puede ser la palabra de una persona en contra de la otra.\u00a0 S\u00ed se puede defenderlos.<\/li>\n<li style=\"text-align: left;\">Delitos Sexuales&#8211;\u00e9stos son <span style=\"color: #3366ff;\"><a style=\"color: #3366ff;\" title=\"Delito Sexual\" href=\"http:\/\/www.therightdefender.com\/es\/delitos\/un-delito-sexual\/\">delitos<\/a><\/span> comunes que deben ser defendidos agresivamente.<\/li>\n<li style=\"text-align: left;\">Robos Mayores y Menores&#8211;esto puede ser cualquier cosa desde un crimen de robo menor hasta un robo con arma mortal.\u00a0 Esto puede ser un delito muy grave.\u00a0 Hay muchas maneras de <span style=\"color: #3366ff;\"><a style=\"color: #3366ff;\" title=\"Demandas Civiles de Compensaci\u00f3n en Casos de Robo\" href=\"http:\/\/therightdefender.com\/es\/demandas-civiles-de-compensacion-en-casos-de-robo\/\">defender<\/a><\/span> este cargo, eliminarlo, y evitar consecuencias con inmigraci\u00f3n.<\/li>\n<li style=\"text-align: left;\">Delitos Juveniles&#8211;muchas personas menores de 18 a\u00f1os que cometen un delito son enviados a <a title=\"Delincuencia Juvenil\" href=\"http:\/\/www.therightdefender.com\/es\/buenos-resultados\/delincuencia-juvenil\/\"><span style=\"color: #3366ff;\">la Corte Juvenil<\/span><\/a> donde hay leyes especiales que se aplican a los menores de edad.<\/li>\n<li style=\"text-align: left;\">Choque y Fuga&#8211;este tipo de delito puede ser objeto de un compromiso civil, donde se paga a la v\u00edctima por los da\u00f1os y los cargos penales se reducen o eliminan.<\/li>\n<li style=\"text-align: left;\">Violaci\u00f3n Sexual&#8211;una <span style=\"color: #3366ff;\"><a style=\"color: #3366ff;\" title=\"Delito Sexual\" href=\"http:\/\/www.therightdefender.com\/es\/delitos\/un-delito-sexual\/\">acusaci\u00f3n<\/a><\/span> muy grave que puede ser refutada por el testimonio de los testigos, el an\u00e1lisis forense y un experimentado abogado superior.<\/li>\n<li style=\"text-align: left;\">Venta de Drogas&#8211;la polic\u00eda tiene muchas maneras de acusar a alguien de la posesi\u00f3n de <span style=\"color: #3366ff;\"><a style=\"color: #3366ff;\" title=\"Distribuci\u00f3n de Drogas\" href=\"http:\/\/www.therightdefender.com\/es\/distribucion-de-drogas\/\">drogas<\/a><\/span> para la venta, y las consecuencias pueden ser muy graves.<\/li>\n<li style=\"text-align: left;\">Prostituci\u00f3n&#8211;la polic\u00eda arresta a una persona por supuestamente participar en un acto de prostituci\u00f3n, o pidiendo <a title=\"Delito Sexual\" href=\"http:\/\/www.therightdefender.com\/es\/delitos\/un-delito-sexual\/\"><span style=\"color: #3366ff;\">sexo<\/span><\/a> a cambio de dinero, hay muchas maneras de defenderse contra esta acusaci\u00f3n o de reducirla.<\/li>\n<li style=\"text-align: left;\">Infracciones&#8211;la mayor\u00eda de las personas piensan que no pueden ganar una <span style=\"color: #3366ff;\"><a style=\"color: #3366ff;\" title=\"Una Multa de Tr\u00e1fico\" href=\"http:\/\/www.therightdefender.com\/es\/casos-y-multas-de-trafico\/\">infracci\u00f3n<\/a><\/span> de tr\u00e1fico, porque el juicio implica la palabra del conductor contra la palabra del oficial de tr\u00e1nsito.\u00a0 En realidad, hay muchas maneras t\u00e9cnicas para desafiar con \u00e9xito una citaci\u00f3n de tr\u00e1fico para ayudar a ganar, y usted no tiene que estar presente en la corte para ganar.<\/li>\n<li style=\"text-align: left;\">Homicidio Involuntario&#8211;el tipo m\u00e1s com\u00fan de homicidio se produce cuando alguien est\u00e1 conduciendo y el conductor comete un error que causa una muerte.<\/li>\n<li style=\"text-align: left;\">Secuestro&#8211;rara vez la polic\u00eda presenta \u00e9ste cargo contra una persona. El simple desplazamiento de una persona sin su consentimiento o en contra de su voluntad podr\u00eda causar \u00e9sta acusaci\u00f3n.<\/li>\n<li style=\"text-align: left;\">Amenaza&#8211;uno no tiene que ser un terrorista con una bomba o un arma de fuego o un arma para tener este <a title=\"Delito Mayor y Felon\u00eda\" href=\"http:\/\/www.therightdefender.com\/es\/delitos\/delito-mayor-y-felonia\/\"><span style=\"color: #3366ff;\">delito mayor<\/span><\/a> presentado en su contra, ya que en esencia significa que una persona amenaz\u00f3 a otra persona.\u00a0 Es potencialmente una ofensa strike, por lo que debe ser rigurosamente defendida.<\/li>\n<li style=\"text-align: left;\">Malversaci\u00f3n de Fondos&#8211;un <a title=\"Robo de Empleado\" href=\"http:\/\/www.therightdefender.com\/es\/robo-de-empleado\/\"><span style=\"color: #3366ff;\">empleado tom\u00f3 el dinero<\/span><\/a> de su empleador, lo que puede dar lugar a un castigo penal severo, dependiendo de la cantidad de dinero y la posici\u00f3n de la v\u00edctima. La restituci\u00f3n tendr\u00e1 un papel clave en la defensa contra esta acusaci\u00f3n.<\/li>\n<li style=\"text-align: left;\">Posesi\u00f3n de Armas&#8211;muy pocas personas son acusados de este crimen, pero a veces puede ocurrir cuando hay alg\u00fan<a title=\"Arma Blanca\" href=\"http:\/\/www.therightdefender.com\/es\/arma-blanca\/\"><span style=\"color: #3366ff;\"> tipo de arma<\/span><\/a> en posesi\u00f3n de los acusados como un bate, un palo, una pistola, nudillos de bronce u otros objetos que puedan causar heridas.<\/li>\n<li style=\"text-align: left;\">Licencia Suspendida&#8211;lidiar con el DMV puede ser una pesadilla burocr\u00e1tica para el conductor; por lo que cu\u00e1l nosotros llegamos al meollo del asunto para que la <span style=\"color: #3366ff;\"><a style=\"color: #3366ff;\" title=\"Licencia de Conducir\" href=\"http:\/\/www.therightdefender.com\/es\/tramites\/licencia-de-conducir\/\">licencia de conducir<\/a><\/span> del cliente pueda ser restaurada o restringida o sacarla de nuevo.<\/li>\n<li style=\"text-align: left;\">Menor en Posesi\u00f3n de Alcohol o Drogas&#8211;\u00e9ste delito no parece grave, pero puede causar la p\u00e9rdida de los privilegios de conducir, por lo que el acusado debe contratar al abogado Defensor Superior\u2122 David Pflaum.<\/li>\n<\/ul>\n<p>\n<\/div><div class=\"clear\"><\/div><br \/>\n<div class=\"clear\"><\/div><\/p>\n","protected":false},"excerpt":{"rendered":"","protected":false},"author":1,"featured_media":0,"parent":0,"menu_order":0,"comment_status":"open","ping_status":"open","template":"","meta":{"footnotes":""},"class_list":["post-183","page","type-page","status-publish","hentry"],"aioseo_notices":[],"_links":{"self":[{"href":"https:\/\/www.therightdefender.com\/es\/wp-json\/wp\/v2\/pages\/183","targetHints":{"allow":["GET"]}}],"collection":[{"href":"https:\/\/www.therightdefender.com\/es\/wp-json\/wp\/v2\/pages"}],"about":[{"href":"https:\/\/www.therightdefender.com\/es\/wp-json\/wp\/v2\/types\/page"}],"author":[{"embeddable":true,"href":"https:\/\/www.therightdefender.com\/es\/wp-json\/wp\/v2\/users\/1"}],"replies":[{"embeddable":true,"href":"https:\/\/www.therightdefender.com\/es\/wp-json\/wp\/v2\/comments?post=183"}],"version-history":[{"count":0,"href":"https:\/\/www.therightdefender.com\/es\/wp-json\/wp\/v2\/pages\/183\/revisions"}],"wp:attachment":[{"href":"https:\/\/www.therightdefender.com\/es\/wp-json\/wp\/v2\/media?parent=183"}],"curies":[{"name":"wp","href":"https:\/\/api.w.org\/{rel}","templated":true}]}}