{"id":181,"date":"2014-02-05T13:23:05","date_gmt":"2014-02-05T21:23:05","guid":{"rendered":"http:\/\/192.185.4.155\/~dmpjury\/?page_id=181"},"modified":"2024-02-22T12:50:30","modified_gmt":"2024-02-22T20:50:30","slug":"delito-de-robo","status":"publish","type":"page","link":"https:\/\/www.therightdefender.com\/es\/delito\/delito-de-robo\/","title":{"rendered":"El Excelente Abogado Para Un Delito De Robo"},"content":{"rendered":"<p id=\"top\" style=\"text-align: left;\">El excelente abogado para un delito de robo sabe bien las estrategias para defenderlo con exito.\u00a0 El excelente abogado es David Pflaum.<\/p>\n<p style=\"text-align: left;\"><span class=\"Y2IQFc\" lang=\"es\">Desde la primera consulta hasta la \u00faltima cita en la corte, el abogado brinda la orientaci\u00f3n y la experiencia que toda persona debe recibir de su abogado criminal y obtiene los mejores resultados posibles para ellos.<br \/>\n<\/span><\/p>\n<p style=\"text-align: left;\"><span lang=\"es\">El abogado pasa tiempo con el acusado para saber c\u00f3mo fue detenido y despu\u00e9s el abogado investiga el caso.\u00a0 <\/span>Hay muchas defensas efectivas para un delito de robo.<\/p>\n<p style=\"text-align: left;\">Cuando el abogado tiene los reportes de la polic\u00eda, informaci\u00f3n de la tienda, y las declaraciones de los testigos, el abogado se presenta ante el juez.\u00a0 Para <span style=\"color: #ff0000;\"><a style=\"color: #ff0000;\" href=\"http:\/\/www.therightdefender.com\/es\/buenos-resultados\/acuerdo-exitoso\/\"><span style=\"color: #0000ff;\">llegar a<\/span><\/a><span style=\"color: #0000ff;\"><a style=\"color: #0000ff;\" href=\"http:\/\/www.therightdefender.com\/es\/buenos-resultados\/acuerdo-exitoso\/\"> u<\/a><a style=\"color: #0000ff;\" href=\"http:\/\/www.therightdefender.com\/es\/buenos-resultados\/acuerdo-exitoso\/\">n<\/a><a style=\"color: #0000ff;\" href=\"http:\/\/www.therightdefender.com\/es\/buenos-resultados\/acuerdo-exitoso\/\"> acuerdo<\/a><\/span><\/span>, <span style=\"color: #3366ff;\"><a style=\"color: #3366ff;\" title=\"Acuerdos Exitosos\" href=\"http:\/\/therightdefender.com\/es\/resultados-anteriores\/acuerdos-exitosos\/\"><span style=\"color: #ff0000;\"><span style=\"color: #0000ff;\">reducir<\/span><\/span><\/a><\/span> los cargos, <span style=\"color: #0000ff;\"><a style=\"color: #0000ff;\" href=\"http:\/\/www.therightdefender.com\/es\/proceso-de-una-sentencia\/\">evitar pasar tiempo en la c\u00e1rcel<\/a><\/span>, y <span style=\"color: #ff0000;\"><a style=\"color: #ff0000;\" href=\"http:\/\/www.therightdefender.com\/es\/reducir-el-castigo\/\"><span style=\"color: #0000ff;\">rebajar<\/span><\/a><\/span> el castigo.<\/p>\n<h3 style=\"text-align: center;\"><strong>EL EXCELENTE ABOGADO <\/strong><\/h3>\n<h3 style=\"text-align: center;\"><strong>PARA DEFENDER UN DELITO DE ROBO<\/strong><\/h3>\n<p style=\"text-align: center;\">Para saber m\u00e1s sobre el mejor servicio, haga clic en <a title=\"Testimonios\" href=\"https:\/\/therightdefender.com\/es\/testimonios\/\"><span style=\"color: #0000ff;\">comentarios<\/span>.<\/a><\/p>\n<h3 style=\"text-align: center;\"><span style=\"color: #ff0000;\"><strong>Llame al <a href=\"tel:+1 (760) 806-4333\"><span style=\"color: #ff0000;\">760-806-4333<\/span><\/a><br \/>\n<\/strong><\/span><\/h3>\n<p><img loading=\"lazy\" decoding=\"async\" class=\"attachment-60x60 aligncenter\" src=\"https:\/\/www.therightdefender.com\/wp-content\/uploads\/2018\/02\/martindell-70x70.bmp\" sizes=\"auto, (max-width: 60px) 100vw, 60px\" srcset=\"https:\/\/www.therightdefender.com\/wp-content\/uploads\/2018\/02\/martindell-70x70.bmp 70w, https:\/\/www.therightdefender.com\/wp-content\/uploads\/2018\/02\/martindell-150x150.bmp 150w, https:\/\/www.therightdefender.com\/wp-content\/uploads\/2018\/02\/martindell-130x130.bmp 130w, https:\/\/www.therightdefender.com\/wp-content\/uploads\/2018\/02\/martindell-45x45.bmp 45w\" alt=\"delito de robo\" width=\"62\" height=\"62\" \/><\/p>\n<p style=\"text-align: center;\">INFORMACI\u00d3N SOBRE UN DELITO DE ROBO<\/p>\n<p>Robo Mayor, C\u00f3digo Penal secci\u00f3n 211<br \/>\nEl robo es tomar bienes ajenos, tomados de su persona o de la presencia inmediata de alguien, contra su voluntad, por medio de intimidaci\u00f3n o fuerza o a mano armada.<\/p>\n<p>Robo Menor, Hurto en Tienda,\u00a0C\u00f3digo Penal secci\u00f3n 459.5, 484, 488, 490.5<br \/>\nUn hurto o robo de menos de novecientos cincuenta d\u00f3lares ($950) sin usar un arma de fuego, sin una navaja, sin fuerza es considerado un robo menor.\u00a0 Cualquier persona que robe, tome, se lleve o quite la propiedad personal de otra persona o de una tienda, o que fraudulentamente se apropie de bienes ajenos que se le han confiado, o sabiendo use representaci\u00f3n falsa para defraudar a alguna persona de dinero, labor, propiedad personal es culpable de robo.<\/p>\n<p style=\"text-align: left;\">Robo Mayor de Una Casa, C\u00f3digo Penal secci\u00f3n 459<br \/>\nCualquier persona que entre a una casa, cuarto, apartamento, tienda, almac\u00e9n, establo, granja, cualquier otro edificio, barco o veh\u00edculo que se utilice como vivienda, est\u00e9 habitada o no, con el intento de robar o cometer un crimen mayor es culpable de robo o allanamiento.<\/p>\n<p>Documentos Falsos, C\u00f3digo Penal secci\u00f3n 470<br \/>\nCualquier persona que con intento de defraudar, sabiendo que no tiene autoridad para hacerlo, firma el nombre de otra persona o inventa una firma en un cheque, factura del banco, o nota, un giro bancario, una orden o garant\u00eda, o cualquier otro documento para recibir dinero es culpable de falsificaci\u00f3n.<\/p>\n<p>Robo Mayor, C\u00f3digo Penal secci\u00f3n 487<br \/>\nUn robo de m\u00e1s de novecientos cincuenta d\u00f3lares ($950), o un robo de frutas, vegetales o fruto seco en un valor que excedan doscientos cincuenta\u00a0 d\u00f3lares ($250) es considerado un robo mayor.<\/p>\n<p>Recibir Propiedad Robada, C\u00f3digo Penal secci\u00f3n 496<br \/>\nToda persona que compre o reciba cualquier propiedad que haya sido robada o que haya sido obtenida de cualquier manera constituyendo robo o extorsi\u00f3n, conociendo que la propiedad fue robada, o que oculte, venda, retenga, o ayude a ocultar, vender, o retener cualquier propiedad del due\u00f1o, conociendo que la propiedad fue robada, ser\u00e1 castigada con pena de prisi\u00f3n en una c\u00e1rcel del condado por no m\u00e1s de un a\u00f1o.<\/p>\n<p>Robo de Fraude, C\u00f3digo Penal secci\u00f3n 532<br \/>\nCualquier persona que con representaci\u00f3n falsa o de manera fraudulenta, defraude a otra persona de su trabajo, labor, o cualquier propiedad ser\u00e1 castigada de la misma manera y con la misma severidad que un robo.<\/p>\n<p>Falta de Pagar Por Los Servicios, C\u00f3digo Penal secci\u00f3n 537<br \/>\nCualquier persona que obtenga comida, combustible, servicios, o acomodaciones en un hotel, restaurante, alojamiento, marina, en un lugar privado o p\u00fablico para acampar, sin pagar, con el intento de defraudar al propietario o gerente es culpable de una ofensa p\u00fablica.<\/p>\n<p>Robo de Autom\u00f3vil, C\u00f3digo de Veh\u00edculos secci\u00f3n 10851<br \/>\nCualquier persona que conduce o lleva un veh\u00edculo que no es suyo, sin el consentimiento del due\u00f1o del mismo, y con la intenci\u00f3n ya sea de privar permanentemente o temporalmente al due\u00f1o del veh\u00edculo, ya sea con o sin intenci\u00f3n de robar el veh\u00edculo, o cualquier persona que sea parte o un c\u00f3mplice en la conducci\u00f3n de tomar o robar un carro, es culpable de un delito de un delito p\u00fablico y, de ser convicto, ser\u00e1 castigado en una c\u00e1rcel del condado por no m\u00e1s de un a\u00f1o.<\/p>\n<h3 style=\"text-align: center;\"><span style=\"color: #ff0000;\"><strong>Llame al <span style=\"color: #ff0000;\"><a style=\"color: #ff0000;\" href=\"tel:+1 (760) 806-4333\">760-806-4333<\/a><\/span><br \/>\n<\/strong><\/span><\/h3>\n<p style=\"text-align: justify;\"><span style=\"color: #3366ff;\"><a style=\"color: #3366ff;\" href=\"#top\"><span style=\"text-decoration: underline;\"><strong>Regresar al inicio<\/strong><\/span><\/a><\/span><\/p>\n","protected":false},"excerpt":{"rendered":"<p>El excelente abogado para un delito de robo sabe bien las estrategias para defenderlo con exito.\u00a0 El excelente abogado es David Pflaum. Desde la primera consulta hasta la \u00faltima cita en la corte, el abogado brinda la orientaci\u00f3n y la experiencia que toda persona debe recibir de su abogado criminal y obtiene los mejores resultados [&hellip;]<\/p>\n","protected":false},"author":1,"featured_media":0,"parent":140,"menu_order":0,"comment_status":"open","ping_status":"open","template":"","meta":{"footnotes":""},"class_list":["post-181","page","type-page","status-publish","hentry"],"aioseo_notices":[],"_links":{"self":[{"href":"https:\/\/www.therightdefender.com\/es\/wp-json\/wp\/v2\/pages\/181","targetHints":{"allow":["GET"]}}],"collection":[{"href":"https:\/\/www.therightdefender.com\/es\/wp-json\/wp\/v2\/pages"}],"about":[{"href":"https:\/\/www.therightdefender.com\/es\/wp-json\/wp\/v2\/types\/page"}],"author":[{"embeddable":true,"href":"https:\/\/www.therightdefender.com\/es\/wp-json\/wp\/v2\/users\/1"}],"replies":[{"embeddable":true,"href":"https:\/\/www.therightdefender.com\/es\/wp-json\/wp\/v2\/comments?post=181"}],"version-history":[{"count":0,"href":"https:\/\/www.therightdefender.com\/es\/wp-json\/wp\/v2\/pages\/181\/revisions"}],"up":[{"embeddable":true,"href":"https:\/\/www.therightdefender.com\/es\/wp-json\/wp\/v2\/pages\/140"}],"wp:attachment":[{"href":"https:\/\/www.therightdefender.com\/es\/wp-json\/wp\/v2\/media?parent=181"}],"curies":[{"name":"wp","href":"https:\/\/api.w.org\/{rel}","templated":true}]}}