{"id":177,"date":"2014-02-05T13:21:12","date_gmt":"2014-02-05T21:21:12","guid":{"rendered":"http:\/\/192.185.4.155\/~dmpjury\/?page_id=177"},"modified":"2023-04-06T18:11:27","modified_gmt":"2023-04-07T01:11:27","slug":"contacto-con-el-abogado-defensor-de-san-diego-para-ayuda","status":"publish","type":"page","link":"https:\/\/www.therightdefender.com\/es\/contacto-con-el-abogado-defensor-de-san-diego-para-ayuda\/","title":{"rendered":"Contacto Con el Abogado Defensor de San Diego Para Ayuda"},"content":{"rendered":"<script type=\"text\/javascript\">var gform;gform||(document.addEventListener(\"gform_main_scripts_loaded\",function(){gform.scriptsLoaded=!0}),window.addEventListener(\"DOMContentLoaded\",function(){gform.domLoaded=!0}),gform={domLoaded:!1,scriptsLoaded:!1,initializeOnLoaded:function(o){gform.domLoaded&&gform.scriptsLoaded?o():!gform.domLoaded&&gform.scriptsLoaded?window.addEventListener(\"DOMContentLoaded\",o):document.addEventListener(\"gform_main_scripts_loaded\",o)},hooks:{action:{},filter:{}},addAction:function(o,n,r,t){gform.addHook(\"action\",o,n,r,t)},addFilter:function(o,n,r,t){gform.addHook(\"filter\",o,n,r,t)},doAction:function(o){gform.doHook(\"action\",o,arguments)},applyFilters:function(o){return gform.doHook(\"filter\",o,arguments)},removeAction:function(o,n){gform.removeHook(\"action\",o,n)},removeFilter:function(o,n,r){gform.removeHook(\"filter\",o,n,r)},addHook:function(o,n,r,t,i){null==gform.hooks[o][n]&&(gform.hooks[o][n]=[]);var e=gform.hooks[o][n];null==i&&(i=n+\"_\"+e.length),gform.hooks[o][n].push({tag:i,callable:r,priority:t=null==t?10:t})},doHook:function(n,o,r){var t;if(r=Array.prototype.slice.call(r,1),null!=gform.hooks[n][o]&&((o=gform.hooks[n][o]).sort(function(o,n){return o.priority-n.priority}),o.forEach(function(o){\"function\"!=typeof(t=o.callable)&&(t=window[t]),\"action\"==n?t.apply(null,r):r[0]=t.apply(null,r)})),\"filter\"==n)return r[0]},removeHook:function(o,n,t,i){var r;null!=gform.hooks[o][n]&&(r=(r=gform.hooks[o][n]).filter(function(o,n,r){return!!(null!=i&&i!=o.tag||null!=t&&t!=o.priority)}),gform.hooks[o][n]=r)}});<\/script>\n                <div class='gf_browser_gecko gform_wrapper gform_legacy_markup_wrapper gform-theme--no-framework' data-form-theme='legacy' data-form-index='0' id='gform_wrapper_4' ><form method='post' enctype='multipart\/form-data'  id='gform_4'  action='\/es\/wp-json\/wp\/v2\/pages\/177' data-formid='4' >\n                        <div class='gform-body gform_body'><ul id='gform_fields_4' class='gform_fields top_label form_sublabel_below description_below'><li id=\"field_4_5\"  class=\"gfield gfield--type-text field_sublabel_below gfield--no-description field_description_below gfield_visibility_visible\"  data-js-reload=\"field_4_5\"><label class='gfield_label gform-field-label' for='input_4_5' >Recibi\u00f3 un citatorio o fue arrestado?<\/label><div class='ginput_container ginput_container_text'><input name='input_5' id='input_4_5' type='text' value='' class='medium'      aria-invalid=\"false\"   \/> <\/div><\/li><li id=\"field_4_6\"  class=\"gfield gfield--type-text field_sublabel_below gfield--no-description field_description_below gfield_visibility_visible\"  data-js-reload=\"field_4_6\"><label class='gfield_label gform-field-label' for='input_4_6' >Describa c\u00f3mo recibi\u00f3 el citatorio o c\u00f3mo fue arrestado<\/label><div class='ginput_container ginput_container_text'><input name='input_6' id='input_4_6' type='text' value='' class='medium'      aria-invalid=\"false\"   \/> <\/div><\/li><li id=\"field_4_7\"  class=\"gfield gfield--type-text field_sublabel_below gfield--no-description field_description_below gfield_visibility_visible\"  data-js-reload=\"field_4_7\"><label class='gfield_label gform-field-label' for='input_4_7' >Despu\u00e9s que fue arrestado, la policia le ley\u00f3 sus derechos?<\/label><div class='ginput_container ginput_container_text'><input name='input_7' id='input_4_7' type='text' value='' class='medium'      aria-invalid=\"false\"   \/> <\/div><\/li><li id=\"field_4_8\"  class=\"gfield gfield--type-text field_sublabel_below gfield--no-description field_description_below gfield_visibility_visible\"  data-js-reload=\"field_4_8\"><label class='gfield_label gform-field-label' for='input_4_8' >Sucedi\u00f3 algo m\u00e1s que sea importante para usted?<\/label><div class='ginput_container ginput_container_text'><input name='input_8' id='input_4_8' type='text' value='' class='medium'      aria-invalid=\"false\"   \/> <\/div><\/li><li id=\"field_4_9\"  class=\"gfield gfield--type-text field_sublabel_below gfield--no-description field_description_below gfield_visibility_visible\"  data-js-reload=\"field_4_9\"><label class='gfield_label gform-field-label' for='input_4_9' >Cuales son los cargos criminales?<\/label><div class='ginput_container ginput_container_text'><input name='input_9' id='input_4_9' type='text' value='' class='medium'      aria-invalid=\"false\"   \/> <\/div><\/li><li id=\"field_4_10\"  class=\"gfield gfield--type-text field_sublabel_below gfield--no-description field_description_below gfield_visibility_visible\"  data-js-reload=\"field_4_10\"><label class='gfield_label gform-field-label' for='input_4_10' >Cual fue la cantidad de fianza, si la hay?<\/label><div class='ginput_container ginput_container_text'><input name='input_10' id='input_4_10' type='text' value='' class='medium'      aria-invalid=\"false\"   \/> <\/div><\/li><li id=\"field_4_11\"  class=\"gfield gfield--type-text field_sublabel_below gfield--no-description field_description_below gfield_visibility_visible\"  data-js-reload=\"field_4_11\"><label class='gfield_label gform-field-label' for='input_4_11' >Cuando es la pr\u00f3xima fecha en la corte?<\/label><div class='ginput_container ginput_container_text'><input name='input_11' id='input_4_11' type='text' value='' class='medium'      aria-invalid=\"false\"   \/> <\/div><\/li><li id=\"field_4_12\"  class=\"gfield gfield--type-text field_sublabel_below gfield--no-description field_description_below gfield_visibility_visible\"  data-js-reload=\"field_4_12\"><label class='gfield_label gform-field-label' for='input_4_12' >En cual corte?<\/label><div class='ginput_container ginput_container_text'><input name='input_12' id='input_4_12' type='text' value='' class='medium'      aria-invalid=\"false\"   \/> <\/div><\/li><li id=\"field_4_13\"  class=\"gfield gfield--type-text field_sublabel_below gfield--no-description field_description_below gfield_visibility_visible\"  data-js-reload=\"field_4_13\"><label class='gfield_label gform-field-label' for='input_4_13' >Nombre completo<\/label><div class='ginput_container ginput_container_text'><input name='input_13' id='input_4_13' type='text' value='' class='medium'      aria-invalid=\"false\"   \/> <\/div><\/li><li id=\"field_4_3\"  class=\"gfield gfield--type-phone field_sublabel_below gfield--no-description field_description_below gfield_visibility_visible\"  data-js-reload=\"field_4_3\"><label class='gfield_label gform-field-label' for='input_4_3' >N\u00famero Tel\u00e9fonico<\/label><div class='ginput_container ginput_container_phone'><input name='input_3' id='input_4_3' type='text' value='' class='medium'    aria-invalid=\"false\"   \/><\/div><\/li><li id=\"field_4_2\"  class=\"gfield gfield--type-email gfield_contains_required field_sublabel_below gfield--no-description field_description_below gfield_visibility_visible\"  data-js-reload=\"field_4_2\"><label class='gfield_label gform-field-label' for='input_4_2' >Correo Electr\u00f3nico<span class=\"gfield_required\"><span class=\"gfield_required gfield_required_asterisk\">*<\/span><\/span><\/label><div class='ginput_container ginput_container_email'>\n                            <input name='input_2' id='input_4_2' type='text' value='' class='medium'    aria-required=\"true\" aria-invalid=\"false\"  \/>\n                        <\/div><\/li><\/ul><\/div>\n        <div class='gform_footer top_label'> <input type='submit' id='gform_submit_button_4' class='gform_button button' value='Envie'  onclick='if(window[\"gf_submitting_4\"]){return false;}  window[\"gf_submitting_4\"]=true;  ' onkeypress='if( event.keyCode == 13 ){ if(window[\"gf_submitting_4\"]){return false;} window[\"gf_submitting_4\"]=true;  jQuery(\"#gform_4\").trigger(\"submit\",[true]); }' \/> \n            <input type='hidden' class='gform_hidden' name='is_submit_4' value='1' \/>\n            <input type='hidden' class='gform_hidden' name='gform_submit' value='4' \/>\n            \n            <input type='hidden' class='gform_hidden' name='gform_unique_id' value='' \/>\n            <input type='hidden' class='gform_hidden' name='state_4' value='WyJbXSIsIjk3ODI4MWUwNzQ5NTRlYzdkN2I4ZDk1NTdiYWU4OWRmIl0=' \/>\n            <input type='hidden' class='gform_hidden' name='gform_target_page_number_4' id='gform_target_page_number_4' value='0' \/>\n            <input type='hidden' class='gform_hidden' name='gform_source_page_number_4' id='gform_source_page_number_4' value='1' \/>\n            <input type='hidden' name='gform_field_values' value='' \/>\n            \n        <\/div>\n                        <p style=\"display: none !important;\" class=\"akismet-fields-container\" data-prefix=\"ak_\"><label>&#916;<textarea name=\"ak_hp_textarea\" cols=\"45\" rows=\"8\" maxlength=\"100\"><\/textarea><\/label><input type=\"hidden\" id=\"ak_js_1\" name=\"ak_js\" value=\"222\"\/><script>document.getElementById( \"ak_js_1\" ).setAttribute( \"value\", ( new Date() ).getTime() );<\/script><\/p><\/form>\n                        <\/div><script type=\"text\/javascript\">\n\/* <![CDATA[ *\/\n gform.initializeOnLoaded( function() {gformInitSpinner( 4, 'https:\/\/www.therightdefender.com\/wp-content\/plugins\/gravityforms\/images\/spinner.svg', true );jQuery('#gform_ajax_frame_4').on('load',function(){var contents = jQuery(this).contents().find('*').html();var is_postback = contents.indexOf('GF_AJAX_POSTBACK') >= 0;if(!is_postback){return;}var form_content = jQuery(this).contents().find('#gform_wrapper_4');var is_confirmation = jQuery(this).contents().find('#gform_confirmation_wrapper_4').length > 0;var is_redirect = contents.indexOf('gformRedirect(){') >= 0;var is_form = form_content.length > 0 && ! is_redirect && ! is_confirmation;var mt = parseInt(jQuery('html').css('margin-top'), 10) + parseInt(jQuery('body').css('margin-top'), 10) + 100;if(is_form){jQuery('#gform_wrapper_4').html(form_content.html());if(form_content.hasClass('gform_validation_error')){jQuery('#gform_wrapper_4').addClass('gform_validation_error');} else {jQuery('#gform_wrapper_4').removeClass('gform_validation_error');}setTimeout( function() { \/* delay the scroll by 50 milliseconds to fix a bug in chrome *\/  }, 50 );if(window['gformInitDatepicker']) {gformInitDatepicker();}if(window['gformInitPriceFields']) {gformInitPriceFields();}var current_page = jQuery('#gform_source_page_number_4').val();gformInitSpinner( 4, 'https:\/\/www.therightdefender.com\/wp-content\/plugins\/gravityforms\/images\/spinner.svg', true );jQuery(document).trigger('gform_page_loaded', [4, current_page]);window['gf_submitting_4'] = false;}else if(!is_redirect){var confirmation_content = jQuery(this).contents().find('.GF_AJAX_POSTBACK').html();if(!confirmation_content){confirmation_content = contents;}setTimeout(function(){jQuery('#gform_wrapper_4').replaceWith(confirmation_content);jQuery(document).trigger('gform_confirmation_loaded', [4]);window['gf_submitting_4'] = false;wp.a11y.speak(jQuery('#gform_confirmation_message_4').text());}, 50);}else{jQuery('#gform_4').append(contents);if(window['gformRedirect']) {gformRedirect();}}jQuery(document).trigger('gform_post_render', [4, current_page]);} );} ); \n\/* ]]> *\/\n<\/script>\n\n<h3 style=\"text-align: center;\">EL ABOGADO<\/h3>\n<h3 style=\"text-align: center;\">QUE HACE LA DIFERENCIA<\/h3>\n<h3 style=\"text-align: center;\">PARA LOS CLIENTES EN EL CONDADO DE SAN DIEGO<\/h3>\n<p><img loading=\"lazy\" decoding=\"async\" class=\"wp-post-image aligncenter\" src=\"https:\/\/www.therightdefender.com\/wp-content\/uploads\/2014\/02\/exclusive-leafly-has-obtained-the-full-mexico-supreme-court-rulin-195x117.jpg\" sizes=\"auto, (max-width: 195px) 100vw, 195px\" srcset=\"https:\/\/www.therightdefender.com\/wp-content\/uploads\/2014\/02\/exclusive-leafly-has-obtained-the-full-mexico-supreme-court-rulin-195x117.jpg 195w, https:\/\/www.therightdefender.com\/wp-content\/uploads\/2014\/02\/exclusive-leafly-has-obtained-the-full-mexico-supreme-court-rulin-300x180.jpg 300w, https:\/\/www.therightdefender.com\/wp-content\/uploads\/2014\/02\/exclusive-leafly-has-obtained-the-full-mexico-supreme-court-rulin-768x461.jpg 768w, https:\/\/www.therightdefender.com\/wp-content\/uploads\/2014\/02\/exclusive-leafly-has-obtained-the-full-mexico-supreme-court-rulin-940x564.jpg 940w, https:\/\/www.therightdefender.com\/wp-content\/uploads\/2014\/02\/exclusive-leafly-has-obtained-the-full-mexico-supreme-court-rulin-620x372.jpg 620w, https:\/\/www.therightdefender.com\/wp-content\/uploads\/2014\/02\/exclusive-leafly-has-obtained-the-full-mexico-supreme-court-rulin.jpg 960w\" alt=\"\" width=\"120\" height=\"72\" \/><\/p>\n<p>&nbsp;<\/p>\n","protected":false},"excerpt":{"rendered":"<p>EL ABOGADO QUE HACE LA DIFERENCIA PARA LOS CLIENTES EN EL CONDADO DE SAN DIEGO &nbsp;<\/p>\n","protected":false},"author":1,"featured_media":0,"parent":0,"menu_order":0,"comment_status":"open","ping_status":"open","template":"","meta":{"footnotes":""},"class_list":["post-177","page","type-page","status-publish","hentry"],"aioseo_notices":[],"_links":{"self":[{"href":"https:\/\/www.therightdefender.com\/es\/wp-json\/wp\/v2\/pages\/177","targetHints":{"allow":["GET"]}}],"collection":[{"href":"https:\/\/www.therightdefender.com\/es\/wp-json\/wp\/v2\/pages"}],"about":[{"href":"https:\/\/www.therightdefender.com\/es\/wp-json\/wp\/v2\/types\/page"}],"author":[{"embeddable":true,"href":"https:\/\/www.therightdefender.com\/es\/wp-json\/wp\/v2\/users\/1"}],"replies":[{"embeddable":true,"href":"https:\/\/www.therightdefender.com\/es\/wp-json\/wp\/v2\/comments?post=177"}],"version-history":[{"count":0,"href":"https:\/\/www.therightdefender.com\/es\/wp-json\/wp\/v2\/pages\/177\/revisions"}],"wp:attachment":[{"href":"https:\/\/www.therightdefender.com\/es\/wp-json\/wp\/v2\/media?parent=177"}],"curies":[{"name":"wp","href":"https:\/\/api.w.org\/{rel}","templated":true}]}}