{"id":175,"date":"2014-02-05T13:15:53","date_gmt":"2014-02-05T21:15:53","guid":{"rendered":"http:\/\/192.185.4.155\/~dmpjury\/?page_id=175"},"modified":"2021-03-02T12:51:03","modified_gmt":"2021-03-02T20:51:03","slug":"buenos-resultados","status":"publish","type":"page","link":"https:\/\/www.therightdefender.com\/es\/buenos-resultados\/","title":{"rendered":"Buenos Resultados"},"content":{"rendered":"<p><img loading=\"lazy\" decoding=\"async\" class=\"wp-post-image aligncenter\" src=\"https:\/\/www.therightdefender.com\/wp-content\/uploads\/2014\/02\/exclusive-leafly-has-obtained-the-full-mexico-supreme-court-rulin-195x117.jpg\" sizes=\"auto, (max-width: 195px) 100vw, 195px\" srcset=\"https:\/\/www.therightdefender.com\/wp-content\/uploads\/2014\/02\/exclusive-leafly-has-obtained-the-full-mexico-supreme-court-rulin-195x117.jpg 195w, https:\/\/www.therightdefender.com\/wp-content\/uploads\/2014\/02\/exclusive-leafly-has-obtained-the-full-mexico-supreme-court-rulin-300x180.jpg 300w, https:\/\/www.therightdefender.com\/wp-content\/uploads\/2014\/02\/exclusive-leafly-has-obtained-the-full-mexico-supreme-court-rulin-768x461.jpg 768w, https:\/\/www.therightdefender.com\/wp-content\/uploads\/2014\/02\/exclusive-leafly-has-obtained-the-full-mexico-supreme-court-rulin-940x564.jpg 940w, https:\/\/www.therightdefender.com\/wp-content\/uploads\/2014\/02\/exclusive-leafly-has-obtained-the-full-mexico-supreme-court-rulin-620x372.jpg 620w, https:\/\/www.therightdefender.com\/wp-content\/uploads\/2014\/02\/exclusive-leafly-has-obtained-the-full-mexico-supreme-court-rulin.jpg 960w\" alt=\"buenos resultados\" width=\"143\" height=\"86\" \/><\/p>\n<p style=\"text-align: justify;\">Los buenos resultados en los casos criminales depende del trabajo capaz y confiable.<\/p>\n<p style=\"text-align: justify;\">El abogado David Pflaum con 30 a\u00f1os de experiencia sabe bien las estrategias para defenderlo y resolver los casos a la satisfacci\u00f3n del acusado.<\/p>\n<p style=\"text-align: justify;\"><span lang=\"es\">Para saber m\u00e1s informaci\u00f3n haga clic en <a title=\"Testimonios*\" href=\"http:\/\/www.therightdefender.com\/es\/testimonios\/\"><span style=\"color: #3366ff;\">comentarios<\/span>.<\/a><\/span><\/p>\n<h4><img loading=\"lazy\" decoding=\"async\" class=\"wp-image-18693 aligncenter\" src=\"https:\/\/www.therightdefender.com\/wp-content\/uploads\/2014\/01\/cbd87e98c96fe381ae346e72d6b41114-195x195.png\" sizes=\"auto, (max-width: 121px) 100vw, 121px\" srcset=\"https:\/\/www.therightdefender.com\/wp-content\/uploads\/2014\/01\/cbd87e98c96fe381ae346e72d6b41114-195x195.png 195w, https:\/\/www.therightdefender.com\/wp-content\/uploads\/2014\/01\/cbd87e98c96fe381ae346e72d6b41114-150x150.png 150w, https:\/\/www.therightdefender.com\/wp-content\/uploads\/2014\/01\/cbd87e98c96fe381ae346e72d6b41114-130x130.png 130w, https:\/\/www.therightdefender.com\/wp-content\/uploads\/2014\/01\/cbd87e98c96fe381ae346e72d6b41114-70x70.png 70w, https:\/\/www.therightdefender.com\/wp-content\/uploads\/2014\/01\/cbd87e98c96fe381ae346e72d6b41114-45x45.png 45w, https:\/\/www.therightdefender.com\/wp-content\/uploads\/2014\/01\/cbd87e98c96fe381ae346e72d6b41114.png 256w\" alt=\"buenos resultados\" width=\"109\" height=\"109\" \/><\/h4>\n<h3 style=\"text-align: center;\"><strong>LAS CATEGOR\u00cdAS <\/strong><\/h3>\n<h3 style=\"text-align: center;\"><strong>DE LOS BUENOS RESULTADOS <\/strong><span style=\"text-decoration: underline; color: #000080;\"><strong><br \/>\n<\/strong><\/span><\/h3>\n<p style=\"text-align: justify;\">Haga clic en las siguientes categor\u00edas para saber m\u00e1s informaci\u00f3n.<\/p>\n<ol>\n<li><span style=\"color: #3366ff;\"><a style=\"color: #3366ff;\" title=\"Evitar Cargos que Afecten en Inmigraci\u00f3n\" href=\"http:\/\/www.therightdefender.com\/es\/buenos-resultados\/evitar-consecuencias-con-inmigracion\/\">Evitar Consecuencias con Inmigraci\u00f3n<\/a><\/span><\/li>\n<li><span style=\"color: #3366ff;\"><a style=\"color: #3366ff;\" title=\"Investigaci\u00f3n Criminal y Arresto\" href=\"http:\/\/www.therightdefender.com\/es\/buenos-resultados\/investigacion-criminal\/\">Investigaci\u00f3n y Arresto<\/a><\/span><\/li>\n<li><span style=\"color: #3366ff;\"><a style=\"color: #3366ff;\" title=\"Acuerdo Exitoso\" href=\"http:\/\/www.therightdefender.com\/es\/buenos-resultados\/acuerdo-exitoso\/\">Acuerdo Exitoso<\/a><\/span><\/li>\n<li><span style=\"color: #3366ff;\"><a style=\"color: #3366ff;\" title=\"Eliminar Las Pruebas\" href=\"http:\/\/www.therightdefender.com\/es\/buenos-resultados\/eliminar-evidencia\/\">Eliminar las Pruebas Obtenidas Ilegalmente<\/a><\/span><\/li>\n<li><span style=\"color: #3366ff;\"><a style=\"color: #3366ff;\" title=\"Juicios\" href=\"http:\/\/www.therightdefender.com\/es\/buenos-resultados\/juicios\/\">Juicios <\/a><\/span><\/li>\n<li><span style=\"color: #3366ff;\"><a style=\"color: #3366ff;\" title=\"Orden de Restricci\u00f3n\" href=\"http:\/\/therightdefender.com\/es\/tramites\/orden-de-restriccion\/\">\u00d3rden de Restricci\u00f3n<\/a><\/span><\/li>\n<li><span style=\"color: #3366ff;\"><a style=\"color: #3366ff;\" title=\"Delitos Juveniles\" href=\"http:\/\/www.therightdefender.com\/es\/delitos\/delito-juvenil\/\">Delincuencia Juvenil<\/a><\/span><\/li>\n<li><span style=\"color: #3366ff;\"><a style=\"color: #3366ff;\" title=\"DMV Audiencia\" href=\"http:\/\/www.therightdefender.com\/es\/buenos-resultados\/dmv-audiencia\/\">Audiencias con DMV<\/a><\/span><\/li>\n<\/ol>\n<h3 style=\"text-align: center;\"><strong><span title=\"With that much experience comes the ability to get the job done and to get it done as quickly and successfully as possible.&lt;\/p&gt;&lt;br \/&gt;&lt;br \/&gt;&lt;br \/&gt;&lt;br \/&gt;&lt;br \/&gt;&lt;br \/&gt;&lt;br \/&gt;&lt;br \/&gt;&lt;br \/&gt;&lt;br \/&gt;&lt;br \/&gt;&lt;br \/&gt;&lt;br \/&gt;&lt;br \/&gt;&lt;br \/&gt;&lt;br \/&gt;&lt;br \/&gt;&lt;br \/&gt;&lt;br \/&gt;&lt;br \/&gt;&lt;br \/&gt;&lt;br \/&gt;&lt;br \/&gt;&lt;br \/&gt;&lt;br \/&gt;&lt;br \/&gt;&lt;br \/&gt;&lt;br \/&gt;&lt;br \/&gt;&lt;br \/&gt;&lt;br \/&gt;&lt;br \/&gt;&lt;br \/&gt;&lt;br \/&gt;&lt;br \/&gt;&lt;br \/&gt;&lt;br \/&gt;&lt;br \/&gt;&lt;br \/&gt;&lt;br \/&gt;&lt;br \/&gt;&lt;br \/&gt;&lt;br \/&gt;&lt;br \/&gt;&lt;br \/&gt;&lt;br \/&gt;&lt;br \/&gt;&lt;br \/&gt;&lt;br \/&gt;&lt;br \/&gt;&lt;br \/&gt;&lt;br \/&gt;&lt;br \/&gt;&lt;br \/&gt;&lt;br \/&gt;&lt;br \/&gt;&lt;br \/&gt;&lt;br \/&gt; &lt;p&gt;\"><span title=\"These are the reasons David Pflaum is the \u201cThe Right Defender.\u201d Reach out to him for legal representation and see what a difference he can make in your life.\"><span title=\"He is dedicated to protecting his clients rights and is the right attorney for the job.&lt;\/p&gt;&lt;br \/&gt;&lt;br \/&gt;&lt;br \/&gt;&lt;br \/&gt;&lt;br \/&gt;&lt;br \/&gt;&lt;br \/&gt;&lt;br \/&gt;&lt;br \/&gt;&lt;br \/&gt;&lt;br \/&gt;&lt;br \/&gt;&lt;br \/&gt;&lt;br \/&gt;&lt;br \/&gt;&lt;br \/&gt;&lt;br \/&gt;&lt;br \/&gt;&lt;br \/&gt;&lt;br \/&gt;&lt;br \/&gt;&lt;br \/&gt;&lt;br \/&gt;&lt;br \/&gt;&lt;br \/&gt;&lt;br \/&gt;&lt;br \/&gt;&lt;br \/&gt;&lt;br \/&gt;&lt;br \/&gt;&lt;br \/&gt;&lt;br \/&gt;&lt;br \/&gt;&lt;br \/&gt;&lt;br \/&gt;&lt;br \/&gt;&lt;br \/&gt;&lt;br \/&gt;&lt;br \/&gt;&lt;br \/&gt;&lt;br \/&gt;&lt;br \/&gt;&lt;br \/&gt;&lt;br \/&gt;&lt;br \/&gt;&lt;br \/&gt;&lt;br \/&gt;&lt;br \/&gt;&lt;br \/&gt;&lt;br \/&gt;&lt;br \/&gt;&lt;br \/&gt;&lt;br \/&gt;&lt;br \/&gt;&lt;br \/&gt;&lt;br \/&gt;&lt;br \/&gt;&lt;br \/&gt;&lt;br \/&gt;&lt;br \/&gt; &lt;p&gt;\"><span title=\"The qualities that make David Pflaum \u201cThe Right Defender\u201d and the reasons you should consider choosing him to be your lawyer are as follows.&lt;\/p&gt;&lt;br \/&gt;&lt;br \/&gt;&lt;br \/&gt;&lt;br \/&gt;&lt;br \/&gt;&lt;br \/&gt;&lt;br \/&gt;&lt;br \/&gt;&lt;br \/&gt;&lt;br \/&gt;&lt;br \/&gt;&lt;br \/&gt;&lt;br \/&gt;&lt;br \/&gt;&lt;br \/&gt;&lt;br \/&gt;&lt;br \/&gt;&lt;br \/&gt;&lt;br \/&gt;&lt;br \/&gt;&lt;br \/&gt;&lt;br \/&gt;&lt;br \/&gt;&lt;br \/&gt;&lt;br \/&gt;&lt;br \/&gt;&lt;br \/&gt;&lt;br \/&gt;&lt;br \/&gt;&lt;br \/&gt;&lt;br \/&gt;&lt;br \/&gt;&lt;br \/&gt;&lt;br \/&gt;&lt;br \/&gt;&lt;br \/&gt;&lt;br \/&gt;&lt;br \/&gt;&lt;br \/&gt;&lt;br \/&gt;&lt;br \/&gt;&lt;br \/&gt;&lt;br \/&gt;&lt;br \/&gt;&lt;br \/&gt;&lt;br \/&gt;&lt;br \/&gt;&lt;br \/&gt;&lt;br \/&gt;&lt;br \/&gt;&lt;br \/&gt;&lt;br \/&gt;&lt;br \/&gt;&lt;br \/&gt;&lt;br \/&gt;&lt;br \/&gt;&lt;br \/&gt;&lt;br \/&gt;&lt;br \/&gt;&lt;br \/&gt; &lt;p&gt;\">El <\/span><\/span><\/span><\/span><\/strong><\/h3>\n<h3 style=\"text-align: center;\"><strong><span title=\"With that much experience comes the ability to get the job done and to get it done as quickly and successfully as possible.&lt;\/p&gt;&lt;br \/&gt;&lt;br \/&gt;&lt;br \/&gt;&lt;br \/&gt;&lt;br \/&gt;&lt;br \/&gt;&lt;br \/&gt;&lt;br \/&gt;&lt;br \/&gt;&lt;br \/&gt;&lt;br \/&gt;&lt;br \/&gt;&lt;br \/&gt;&lt;br \/&gt;&lt;br \/&gt;&lt;br \/&gt;&lt;br \/&gt;&lt;br \/&gt;&lt;br \/&gt;&lt;br \/&gt;&lt;br \/&gt;&lt;br \/&gt;&lt;br \/&gt;&lt;br \/&gt;&lt;br \/&gt;&lt;br \/&gt;&lt;br \/&gt;&lt;br \/&gt;&lt;br \/&gt;&lt;br \/&gt;&lt;br \/&gt;&lt;br \/&gt;&lt;br \/&gt;&lt;br \/&gt;&lt;br \/&gt;&lt;br \/&gt;&lt;br \/&gt;&lt;br \/&gt;&lt;br \/&gt;&lt;br \/&gt;&lt;br \/&gt;&lt;br \/&gt;&lt;br \/&gt;&lt;br \/&gt;&lt;br \/&gt;&lt;br \/&gt;&lt;br \/&gt;&lt;br \/&gt;&lt;br \/&gt;&lt;br \/&gt;&lt;br \/&gt;&lt;br \/&gt;&lt;br \/&gt;&lt;br \/&gt;&lt;br \/&gt;&lt;br \/&gt;&lt;br \/&gt;&lt;br \/&gt; &lt;p&gt;\"><span title=\"These are the reasons David Pflaum is the \u201cThe Right Defender.\u201d Reach out to him for legal representation and see what a difference he can make in your life.\"><span title=\"He is dedicated to protecting his clients rights and is the right attorney for the job.&lt;\/p&gt;&lt;br \/&gt;&lt;br \/&gt;&lt;br \/&gt;&lt;br \/&gt;&lt;br \/&gt;&lt;br \/&gt;&lt;br \/&gt;&lt;br \/&gt;&lt;br \/&gt;&lt;br \/&gt;&lt;br \/&gt;&lt;br \/&gt;&lt;br \/&gt;&lt;br \/&gt;&lt;br \/&gt;&lt;br \/&gt;&lt;br \/&gt;&lt;br \/&gt;&lt;br \/&gt;&lt;br \/&gt;&lt;br \/&gt;&lt;br \/&gt;&lt;br \/&gt;&lt;br \/&gt;&lt;br \/&gt;&lt;br \/&gt;&lt;br \/&gt;&lt;br \/&gt;&lt;br \/&gt;&lt;br \/&gt;&lt;br \/&gt;&lt;br \/&gt;&lt;br \/&gt;&lt;br \/&gt;&lt;br \/&gt;&lt;br \/&gt;&lt;br \/&gt;&lt;br \/&gt;&lt;br \/&gt;&lt;br \/&gt;&lt;br \/&gt;&lt;br \/&gt;&lt;br \/&gt;&lt;br \/&gt;&lt;br \/&gt;&lt;br \/&gt;&lt;br \/&gt;&lt;br \/&gt;&lt;br \/&gt;&lt;br \/&gt;&lt;br \/&gt;&lt;br \/&gt;&lt;br \/&gt;&lt;br \/&gt;&lt;br \/&gt;&lt;br \/&gt;&lt;br \/&gt;&lt;br \/&gt;&lt;br \/&gt;&lt;br \/&gt; &lt;p&gt;\"><span title=\"The qualities that make David Pflaum \u201cThe Right Defender\u201d and the reasons you should consider choosing him to be your lawyer are as follows.&lt;\/p&gt;&lt;br \/&gt;&lt;br \/&gt;&lt;br \/&gt;&lt;br \/&gt;&lt;br \/&gt;&lt;br \/&gt;&lt;br \/&gt;&lt;br \/&gt;&lt;br \/&gt;&lt;br \/&gt;&lt;br \/&gt;&lt;br \/&gt;&lt;br \/&gt;&lt;br \/&gt;&lt;br \/&gt;&lt;br \/&gt;&lt;br \/&gt;&lt;br \/&gt;&lt;br \/&gt;&lt;br \/&gt;&lt;br \/&gt;&lt;br \/&gt;&lt;br \/&gt;&lt;br \/&gt;&lt;br \/&gt;&lt;br \/&gt;&lt;br \/&gt;&lt;br \/&gt;&lt;br \/&gt;&lt;br \/&gt;&lt;br \/&gt;&lt;br \/&gt;&lt;br \/&gt;&lt;br \/&gt;&lt;br \/&gt;&lt;br \/&gt;&lt;br \/&gt;&lt;br \/&gt;&lt;br \/&gt;&lt;br \/&gt;&lt;br \/&gt;&lt;br \/&gt;&lt;br \/&gt;&lt;br \/&gt;&lt;br \/&gt;&lt;br \/&gt;&lt;br \/&gt;&lt;br \/&gt;&lt;br \/&gt;&lt;br \/&gt;&lt;br \/&gt;&lt;br \/&gt;&lt;br \/&gt;&lt;br \/&gt;&lt;br \/&gt;&lt;br \/&gt;&lt;br \/&gt;&lt;br \/&gt;&lt;br \/&gt;&lt;br \/&gt; &lt;p&gt;\">El Abogado Defensor Digno De Confianza<br \/>\n<\/span><\/span><\/span><\/span><\/strong><\/h3>\n<h3 style=\"text-align: center;\"><span style=\"color: #ff0000;\"><strong>Llame al 760-806-4333<\/strong><\/span><\/h3>\n<p><img loading=\"lazy\" decoding=\"async\" class=\"aligncenter wp-image-18566\" src=\"http:\/\/www.therightdefender.com\/wp-content\/uploads\/2014\/01\/scales-195x190.png\" alt=\"\" width=\"90\" height=\"88\" srcset=\"https:\/\/www.therightdefender.com\/wp-content\/uploads\/2014\/01\/scales-195x190.png 195w, https:\/\/www.therightdefender.com\/wp-content\/uploads\/2014\/01\/scales-45x45.png 45w, https:\/\/www.therightdefender.com\/wp-content\/uploads\/2014\/01\/scales.png 228w\" sizes=\"auto, (max-width: 90px) 100vw, 90px\" \/><\/p>\n<p style=\"text-align: center;\">Vista \u2013 Escondido \u2013 Carlsbad \u2013 Fallbrook \u2013 Oceanside \u2013 Encinitas \u2013 Solana Beach \u2013 San Ysidro \u2013 Chula Vista \u2013 San Diego \u2013 El Cajon \u2013 Carmel Valley \u2013 Pacific Beach \u2013 Del Mar \u2013 San Marcos &#8211; Leucadia &#8211; Hillcrest &#8211; South Bay &#8211; Lemon Grove &#8211; Rancho Santa Fe &#8211; Poway &#8211; Imperial Beach &#8211; Mission Valley &#8211; Valley Center &#8211; Bonsall &#8211; Downtown San Diego &#8211; Ramona &#8211; La Costa &#8211; Rancho Bernardo &#8211; La Mesa &#8211; Bonita &#8211; Valley Center &#8211; Bonsall &#8211; Condado del Norte<span style=\"color: #000080;\"><br \/>\n<\/span><\/p>\n<p><a href=\"#top\"><span style=\"color: #3366ff;\"><strong>Regresar al inicio<\/strong><\/span><\/a><\/p>\n","protected":false},"excerpt":{"rendered":"<p>Los buenos resultados en los casos criminales depende del trabajo capaz y confiable. El abogado David Pflaum con 30 a\u00f1os de experiencia sabe bien las estrategias para defenderlo y resolver los casos a la satisfacci\u00f3n del acusado. Para saber m\u00e1s informaci\u00f3n haga clic en comentarios. LAS CATEGOR\u00cdAS DE LOS BUENOS RESULTADOS Haga clic en las [&hellip;]<\/p>\n","protected":false},"author":1,"featured_media":0,"parent":0,"menu_order":0,"comment_status":"open","ping_status":"open","template":"","meta":{"footnotes":""},"class_list":["post-175","page","type-page","status-publish","hentry"],"aioseo_notices":[],"_links":{"self":[{"href":"https:\/\/www.therightdefender.com\/es\/wp-json\/wp\/v2\/pages\/175","targetHints":{"allow":["GET"]}}],"collection":[{"href":"https:\/\/www.therightdefender.com\/es\/wp-json\/wp\/v2\/pages"}],"about":[{"href":"https:\/\/www.therightdefender.com\/es\/wp-json\/wp\/v2\/types\/page"}],"author":[{"embeddable":true,"href":"https:\/\/www.therightdefender.com\/es\/wp-json\/wp\/v2\/users\/1"}],"replies":[{"embeddable":true,"href":"https:\/\/www.therightdefender.com\/es\/wp-json\/wp\/v2\/comments?post=175"}],"version-history":[{"count":0,"href":"https:\/\/www.therightdefender.com\/es\/wp-json\/wp\/v2\/pages\/175\/revisions"}],"wp:attachment":[{"href":"https:\/\/www.therightdefender.com\/es\/wp-json\/wp\/v2\/media?parent=175"}],"curies":[{"name":"wp","href":"https:\/\/api.w.org\/{rel}","templated":true}]}}