{"id":165,"date":"2014-02-05T12:55:17","date_gmt":"2014-02-05T20:55:17","guid":{"rendered":"http:\/\/192.185.4.155\/~dmpjury\/?page_id=165"},"modified":"2020-09-19T15:13:20","modified_gmt":"2020-09-19T22:13:20","slug":"ofensa-de-transito","status":"publish","type":"page","link":"https:\/\/www.therightdefender.com\/es\/delito\/ofensa-de-transito\/","title":{"rendered":"El Mejor Abogado Para Una Ofensa De Transito"},"content":{"rendered":"<p style=\"text-align: justify;\"><img loading=\"lazy\" decoding=\"async\" class=\"wp-post-image aligncenter\" src=\"https:\/\/www.therightdefender.com\/wp-content\/uploads\/2014\/02\/exclusive-leafly-has-obtained-the-full-mexico-supreme-court-rulin-195x117.jpg\" sizes=\"auto, (max-width: 195px) 100vw, 195px\" srcset=\"https:\/\/www.therightdefender.com\/wp-content\/uploads\/2014\/02\/exclusive-leafly-has-obtained-the-full-mexico-supreme-court-rulin-195x117.jpg 195w, https:\/\/www.therightdefender.com\/wp-content\/uploads\/2014\/02\/exclusive-leafly-has-obtained-the-full-mexico-supreme-court-rulin-300x180.jpg 300w, https:\/\/www.therightdefender.com\/wp-content\/uploads\/2014\/02\/exclusive-leafly-has-obtained-the-full-mexico-supreme-court-rulin-768x461.jpg 768w, https:\/\/www.therightdefender.com\/wp-content\/uploads\/2014\/02\/exclusive-leafly-has-obtained-the-full-mexico-supreme-court-rulin-940x564.jpg 940w, https:\/\/www.therightdefender.com\/wp-content\/uploads\/2014\/02\/exclusive-leafly-has-obtained-the-full-mexico-supreme-court-rulin-620x372.jpg 620w, https:\/\/www.therightdefender.com\/wp-content\/uploads\/2014\/02\/exclusive-leafly-has-obtained-the-full-mexico-supreme-court-rulin.jpg 960w\" alt=\"ofensa de transito\" width=\"123\" height=\"74\" \/>El abogado m\u00e1s capacitado para una ofensa de transito sabe bien las estrategias para defenderlo.<\/p>\n<p style=\"text-align: justify;\"><span lang=\"es\">S\u00f3lo porque un acusado fue investigado, citado o arrestado por una ofensa de tr\u00e1nsito no significa que sea culpable.<br \/>\n<\/span><\/p>\n<p style=\"text-align: justify;\">El acusado\u00a0 s\u00ed tiene derechos.<\/p>\n<p style=\"text-align: justify;\">El abogado David Pflaum afirma los derechos y hace todo para resolver el caso criminal a su satisfaccion.<\/p>\n<p style=\"text-align: justify;\">Para saber m\u00e1s haga clic en <a title=\"Testimonios\" href=\"http:\/\/therightdefender.com\/es\/testimonios\/\"><span style=\"color: #3366ff;\">comentarios<\/span><\/a>.<\/p>\n<h4><img loading=\"lazy\" decoding=\"async\" class=\"wp-image-18688 aligncenter\" src=\"http:\/\/www.therightdefender.com\/wp-content\/uploads\/2016\/02\/at-checkpoint-e1509667554263-195x98.jpg\" sizes=\"auto, (max-width: 233px) 100vw, 233px\" srcset=\"http:\/\/www.therightdefender.com\/wp-content\/uploads\/2016\/02\/at-checkpoint-e1509667554263-195x98.jpg 195w, http:\/\/www.therightdefender.com\/wp-content\/uploads\/2016\/02\/at-checkpoint-e1509667554263-300x150.jpg 300w, http:\/\/www.therightdefender.com\/wp-content\/uploads\/2016\/02\/at-checkpoint-e1509667554263-768x384.jpg 768w, http:\/\/www.therightdefender.com\/wp-content\/uploads\/2016\/02\/at-checkpoint-e1509667554263-1024x512.jpg 1024w, http:\/\/www.therightdefender.com\/wp-content\/uploads\/2016\/02\/at-checkpoint-e1509667554263-940x470.jpg 940w, http:\/\/www.therightdefender.com\/wp-content\/uploads\/2016\/02\/at-checkpoint-e1509667554263-620x310.jpg 620w, http:\/\/www.therightdefender.com\/wp-content\/uploads\/2016\/02\/at-checkpoint-e1509667554263.jpg 1600w\" alt=\"ofensa de transito\" width=\"98\" height=\"98\" \/><\/h4>\n<h3 style=\"text-align: center;\">SERVICIOS CONFIABLES<\/h3>\n<h3 style=\"text-align: center;\">DEL ABOGADO PARA UNA OFENSA DE TRANSITO<\/h3>\n<p style=\"text-align: justify;\">Si e acusado esta detenido el abogado le ayuda a presentar informaci\u00f3n a un fiador y un juez para que elimine o reduzca la cantidad de fianza.<\/p>\n<p style=\"text-align: justify;\">Resulta que el acusado puede salir de la c\u00e1rcel lo m\u00e1s pronto que sea posible.<\/p>\n<p>Para saber m\u00e1s del proceso haga clic en <span style=\"color: #3366ff;\"><a href=\"http:\/\/www.therightdefender.com\/es\/tramites\/salir-de-la-carcel\/\"><span style=\"color: #3366ff;\">salir libre.<\/span><\/a><\/span><\/p>\n<p style=\"text-align: justify;\">El abogado sabe bien las estrategias para llegar a un acuerdo ante el juez a la satisfacci\u00f3n de los clientes.<\/p>\n<p style=\"text-align: justify;\">En muchos casos el acusado no tiene que presentarse ante el juez.<\/p>\n<p style=\"text-align: justify;\">El abogado se presenta ante el juez por parte del cliente para arreglar el caso.<\/p>\n<p><img loading=\"lazy\" decoding=\"async\" class=\"attachment-60x60 aligncenter\" src=\"http:\/\/www.therightdefender.com\/wp-content\/uploads\/2014\/01\/004-70x70.jpg\" sizes=\"auto, (max-width: 60px) 100vw, 60px\" srcset=\"http:\/\/www.therightdefender.com\/wp-content\/uploads\/2014\/01\/004-70x70.jpg 70w, http:\/\/www.therightdefender.com\/wp-content\/uploads\/2014\/01\/004-150x150.jpg 150w, http:\/\/www.therightdefender.com\/wp-content\/uploads\/2014\/01\/004-130x130.jpg 130w, http:\/\/www.therightdefender.com\/wp-content\/uploads\/2014\/01\/004-45x45.jpg 45w, http:\/\/www.therightdefender.com\/wp-content\/uploads\/2014\/01\/004.jpg 200w\" alt=\" Ofensa De Transito\" width=\"97\" height=\"97\" \/><\/p>\n<h3 style=\"text-align: center;\">\u00a0<strong>ESTRATEGIAS PARA LLEGAR A UN ACUERDO<\/strong><\/h3>\n<h3 style=\"text-align: center;\"><strong>SI TIENE UNA OFENSA DE TRANSITO<\/strong><span style=\"text-decoration: underline;\"><strong><br \/>\n<\/strong><\/span><\/h3>\n<p style=\"text-align: justify;\">El abogado conoce a los jueces, los fiscales y el proceso judicial para conocer las mejores maneras de resolver una ofensa de transito en la corte a su satisfacci\u00f3n.<\/p>\n<p style=\"text-align: justify;\">El abogado comienza su trabajo durante la orientaci\u00f3n legal con el acusado para saber su versi\u00f3n del asunto y que caus\u00f3 el problema.<\/p>\n<p style=\"text-align: justify;\">Las estrategias para ayudar al acusado dependen de muchos factores como la historia del acusado, su estatus en la comunidad, el testimonio de los testigos, los reportes de la polic\u00eda, si se lastim\u00f3 una v\u00edctima, y muchos m\u00e1s factores.<\/p>\n<p>Las defensas para un delito de trafico m\u00e1s eficaces son las siguientes.<\/p>\n<ol>\n<li>Falta de evidencia<\/li>\n<li>Acusaci\u00f3n falsa<\/li>\n<li>Falta de intenci\u00f3n criminal<\/li>\n<li>La polic\u00eda no investig\u00f3 el caso correctamente<\/li>\n<li>El acusado no admiti\u00f3 nada<\/li>\n<li>No hay testigos para sostener los cargos<\/li>\n<\/ol>\n<h4><img loading=\"lazy\" decoding=\"async\" class=\"thumbnail aligncenter\" src=\"https:\/\/www.therightdefender.com\/wp-content\/uploads\/2018\/01\/slider-gavel-spanish.jpg\" alt=\"ofensa de transito\" width=\"202\" height=\"91\" \/><\/h4>\n<h3 style=\"text-align: center;\"><strong>LLEGAR A UN ACUERDO EXITOSO POR PARTE DEL ACUSADO<\/strong><\/h3>\n<p style=\"text-align: justify;\">Cuando el abogado tiene toda la informaci\u00f3n sobre el delito de trafico, los reportes de la polic\u00eda, las declaraciones de los testigos, \u00e9l se presenta en la corte.<\/p>\n<p style=\"text-align: justify;\">Para llegar a un acuerdo, para <span style=\"color: #3366ff;\"><a style=\"color: #3366ff;\" href=\"http:\/\/www.therightdefender.com\/es\/tramites\/acuerdo-exitoso\/\">eliminar<\/a><\/span> o <span style=\"color: #3366ff;\"><a style=\"color: #3366ff;\" title=\"Acuerdos Exitosos\" href=\"http:\/\/therightdefender.com\/es\/resultados-anteriores\/acuerdos-exitosos\/\">reducir<\/a><\/span> los cargos, <span style=\"color: #3366ff;\"><a style=\"color: #3366ff;\" href=\"http:\/\/www.therightdefender.com\/es\/proceso-de-una-sentencia\/\">evitar pasar tiempo<\/a><\/span> en la c\u00e1rcel, <span style=\"color: #3366ff;\"><a style=\"color: #3366ff;\" href=\"http:\/\/www.therightdefender.com\/es\/reducir-el-castigo\/\">rebajar el castigo reducir la multa<\/a><\/span>, y prevenir <span style=\"color: #3366ff;\"><a style=\"color: #3366ff;\" title=\"Evitar Consecuencias con Inmigraci\u00f3n\" href=\"http:\/\/therightdefender.com\/es\/resultados-anteriores\/evitar-consecuencias-con-inmigracion\/\">consecuencias<\/a><\/span> con inmigraci\u00f3n.<\/p>\n<p style=\"text-align: justify;\">Para los casos que no se puede resolver ante el juez, el abogado y el acusado tienen el derecho de seguir hasta el juicio.<\/p>\n<p style=\"text-align: justify;\">Para saber m\u00e1s informaci\u00f3n haga clic en <span style=\"color: #3366ff;\"><a style=\"color: #3366ff;\" href=\"https:\/\/www.therightdefender.com\/es\/tramites\/proceso-del-juicio\/\">juicio<\/a>.<\/span><\/p>\n<h4><img loading=\"lazy\" decoding=\"async\" class=\"thumbnail aligncenter\" src=\"https:\/\/www.therightdefender.com\/wp-content\/uploads\/2018\/01\/slider-flag-spanish-1.jpg\" alt=\"ofensa de transito\" width=\"179\" height=\"81\" \/><\/h4>\n<h3 style=\"text-align: center;\"><strong>LOS BUENOS RESULTADOS<br \/>\n<\/strong><\/h3>\n<p style=\"text-align: justify;\"><span title=\"With that much experience comes the ability to get the job done and to get it done as quickly and successfully as possible.&lt;\/p&gt;&lt;br \/&gt;&lt;br \/&gt;&lt;br \/&gt;&lt;br \/&gt;&lt;br \/&gt;&lt;br \/&gt;&lt;br \/&gt;&lt;br \/&gt;&lt;br \/&gt;&lt;br \/&gt;&lt;br \/&gt;&lt;br \/&gt;&lt;br \/&gt;&lt;br \/&gt;&lt;br \/&gt;&lt;br \/&gt;&lt;br \/&gt;&lt;br \/&gt;&lt;br \/&gt;&lt;br \/&gt;&lt;br \/&gt;&lt;br \/&gt;&lt;br \/&gt;&lt;br \/&gt;&lt;br \/&gt;&lt;br \/&gt;&lt;br \/&gt;&lt;br \/&gt;&lt;br \/&gt;&lt;br \/&gt;&lt;br \/&gt;&lt;br \/&gt;&lt;br \/&gt;&lt;br \/&gt;&lt;br \/&gt;&lt;br \/&gt;&lt;br \/&gt;&lt;br \/&gt;&lt;br \/&gt;&lt;br \/&gt;&lt;br \/&gt;&lt;br \/&gt;&lt;br \/&gt;&lt;br \/&gt;&lt;br \/&gt;&lt;br \/&gt;&lt;br \/&gt;&lt;br \/&gt;&lt;br \/&gt;&lt;br \/&gt;&lt;br \/&gt;&lt;br \/&gt;&lt;br \/&gt;&lt;br \/&gt;&lt;br \/&gt;&lt;br \/&gt;&lt;br \/&gt;&lt;br \/&gt; &lt;p&gt;\"><span title=\"These are the reasons David Pflaum is the \u201cThe Right Defender.\u201d Reach out to him for legal representation and see what a difference he can make in your life.\"><span title=\"He is dedicated to protecting his clients rights and is the right attorney for the job.&lt;\/p&gt;&lt;br \/&gt;&lt;br \/&gt;&lt;br \/&gt;&lt;br \/&gt;&lt;br \/&gt;&lt;br \/&gt;&lt;br \/&gt;&lt;br \/&gt;&lt;br \/&gt;&lt;br \/&gt;&lt;br \/&gt;&lt;br \/&gt;&lt;br \/&gt;&lt;br \/&gt;&lt;br \/&gt;&lt;br \/&gt;&lt;br \/&gt;&lt;br \/&gt;&lt;br \/&gt;&lt;br \/&gt;&lt;br \/&gt;&lt;br \/&gt;&lt;br \/&gt;&lt;br \/&gt;&lt;br \/&gt;&lt;br \/&gt;&lt;br \/&gt;&lt;br \/&gt;&lt;br \/&gt;&lt;br \/&gt;&lt;br \/&gt;&lt;br \/&gt;&lt;br \/&gt;&lt;br \/&gt;&lt;br \/&gt;&lt;br \/&gt;&lt;br \/&gt;&lt;br \/&gt;&lt;br \/&gt;&lt;br \/&gt;&lt;br \/&gt;&lt;br \/&gt;&lt;br \/&gt;&lt;br \/&gt;&lt;br \/&gt;&lt;br \/&gt;&lt;br \/&gt;&lt;br \/&gt;&lt;br \/&gt;&lt;br \/&gt;&lt;br \/&gt;&lt;br \/&gt;&lt;br \/&gt;&lt;br \/&gt;&lt;br \/&gt;&lt;br \/&gt;&lt;br \/&gt;&lt;br \/&gt;&lt;br \/&gt;&lt;br \/&gt; &lt;p&gt;\"><span title=\"The qualities that make David Pflaum \u201cThe Right Defender\u201d and the reasons you should consider choosing him to be your lawyer are as follows.&lt;\/p&gt;&lt;br \/&gt;&lt;br \/&gt;&lt;br \/&gt;&lt;br \/&gt;&lt;br \/&gt;&lt;br \/&gt;&lt;br \/&gt;&lt;br \/&gt;&lt;br \/&gt;&lt;br \/&gt;&lt;br \/&gt;&lt;br \/&gt;&lt;br \/&gt;&lt;br \/&gt;&lt;br \/&gt;&lt;br \/&gt;&lt;br \/&gt;&lt;br \/&gt;&lt;br \/&gt;&lt;br \/&gt;&lt;br \/&gt;&lt;br \/&gt;&lt;br \/&gt;&lt;br \/&gt;&lt;br \/&gt;&lt;br \/&gt;&lt;br \/&gt;&lt;br \/&gt;&lt;br \/&gt;&lt;br \/&gt;&lt;br \/&gt;&lt;br \/&gt;&lt;br \/&gt;&lt;br \/&gt;&lt;br \/&gt;&lt;br \/&gt;&lt;br \/&gt;&lt;br \/&gt;&lt;br \/&gt;&lt;br \/&gt;&lt;br \/&gt;&lt;br \/&gt;&lt;br \/&gt;&lt;br \/&gt;&lt;br \/&gt;&lt;br \/&gt;&lt;br \/&gt;&lt;br \/&gt;&lt;br \/&gt;&lt;br \/&gt;&lt;br \/&gt;&lt;br \/&gt;&lt;br \/&gt;&lt;br \/&gt;&lt;br \/&gt;&lt;br \/&gt;&lt;br \/&gt;&lt;br \/&gt;&lt;br \/&gt;&lt;br \/&gt; &lt;p&gt;\">El Sr. Pflaum <\/span><\/span><\/span><\/span><span title=\"With that much experience comes the ability to get the job done and to get it done as quickly and successfully as possible.&lt;\/p&gt;&lt;br \/&gt;&lt;br \/&gt;&lt;br \/&gt;&lt;br \/&gt;&lt;br \/&gt;&lt;br \/&gt;&lt;br \/&gt;&lt;br \/&gt;&lt;br \/&gt;&lt;br \/&gt;&lt;br \/&gt;&lt;br \/&gt;&lt;br \/&gt;&lt;br \/&gt;&lt;br \/&gt;&lt;br \/&gt;&lt;br \/&gt;&lt;br \/&gt;&lt;br \/&gt;&lt;br \/&gt;&lt;br \/&gt;&lt;br \/&gt;&lt;br \/&gt;&lt;br \/&gt;&lt;br \/&gt;&lt;br \/&gt;&lt;br \/&gt;&lt;br \/&gt;&lt;br \/&gt;&lt;br \/&gt;&lt;br \/&gt;&lt;br \/&gt;&lt;br \/&gt;&lt;br \/&gt;&lt;br \/&gt;&lt;br \/&gt;&lt;br \/&gt;&lt;br \/&gt;&lt;br \/&gt;&lt;br \/&gt;&lt;br \/&gt;&lt;br \/&gt;&lt;br \/&gt;&lt;br \/&gt;&lt;br \/&gt;&lt;br \/&gt;&lt;br \/&gt;&lt;br \/&gt;&lt;br \/&gt;&lt;br \/&gt;&lt;br \/&gt;&lt;br \/&gt;&lt;br \/&gt;&lt;br \/&gt;&lt;br \/&gt;&lt;br \/&gt;&lt;br \/&gt;&lt;br \/&gt; &lt;p&gt;\"><span title=\"These are the reasons David Pflaum is the \u201cThe Right Defender.\u201d Reach out to him for legal representation and see what a difference he can make in your life.\"><span title=\"He is dedicated to protecting his clients rights and is the right attorney for the job.&lt;\/p&gt;&lt;br \/&gt;&lt;br \/&gt;&lt;br \/&gt;&lt;br \/&gt;&lt;br \/&gt;&lt;br \/&gt;&lt;br \/&gt;&lt;br \/&gt;&lt;br \/&gt;&lt;br \/&gt;&lt;br \/&gt;&lt;br \/&gt;&lt;br \/&gt;&lt;br \/&gt;&lt;br \/&gt;&lt;br \/&gt;&lt;br \/&gt;&lt;br \/&gt;&lt;br \/&gt;&lt;br \/&gt;&lt;br \/&gt;&lt;br \/&gt;&lt;br \/&gt;&lt;br \/&gt;&lt;br \/&gt;&lt;br \/&gt;&lt;br \/&gt;&lt;br \/&gt;&lt;br \/&gt;&lt;br \/&gt;&lt;br \/&gt;&lt;br \/&gt;&lt;br \/&gt;&lt;br \/&gt;&lt;br \/&gt;&lt;br \/&gt;&lt;br \/&gt;&lt;br \/&gt;&lt;br \/&gt;&lt;br \/&gt;&lt;br \/&gt;&lt;br \/&gt;&lt;br \/&gt;&lt;br \/&gt;&lt;br \/&gt;&lt;br \/&gt;&lt;br \/&gt;&lt;br \/&gt;&lt;br \/&gt;&lt;br \/&gt;&lt;br \/&gt;&lt;br \/&gt;&lt;br \/&gt;&lt;br \/&gt;&lt;br \/&gt;&lt;br \/&gt;&lt;br \/&gt;&lt;br \/&gt;&lt;br \/&gt;&lt;br \/&gt; &lt;p&gt;\"><span title=\"The qualities that make David Pflaum \u201cThe Right Defender\u201d and the reasons you should consider choosing him to be your lawyer are as follows.&lt;\/p&gt;&lt;br \/&gt;&lt;br \/&gt;&lt;br \/&gt;&lt;br \/&gt;&lt;br \/&gt;&lt;br \/&gt;&lt;br \/&gt;&lt;br \/&gt;&lt;br \/&gt;&lt;br \/&gt;&lt;br \/&gt;&lt;br \/&gt;&lt;br \/&gt;&lt;br \/&gt;&lt;br \/&gt;&lt;br \/&gt;&lt;br \/&gt;&lt;br \/&gt;&lt;br \/&gt;&lt;br \/&gt;&lt;br \/&gt;&lt;br \/&gt;&lt;br \/&gt;&lt;br \/&gt;&lt;br \/&gt;&lt;br \/&gt;&lt;br \/&gt;&lt;br \/&gt;&lt;br \/&gt;&lt;br \/&gt;&lt;br \/&gt;&lt;br \/&gt;&lt;br \/&gt;&lt;br \/&gt;&lt;br \/&gt;&lt;br \/&gt;&lt;br \/&gt;&lt;br \/&gt;&lt;br \/&gt;&lt;br \/&gt;&lt;br \/&gt;&lt;br \/&gt;&lt;br \/&gt;&lt;br \/&gt;&lt;br \/&gt;&lt;br \/&gt;&lt;br \/&gt;&lt;br \/&gt;&lt;br \/&gt;&lt;br \/&gt;&lt;br \/&gt;&lt;br \/&gt;&lt;br \/&gt;&lt;br \/&gt;&lt;br \/&gt;&lt;br \/&gt;&lt;br \/&gt;&lt;br \/&gt;&lt;br \/&gt;&lt;br \/&gt; &lt;p&gt;\">es el abogado defensor digno de confianza que hace la diferencia para el acusado que tiene una ofensa de transito.<br \/>\n<\/span><\/span><\/span><\/span><\/p>\n<h3 style=\"text-align: center;\"><span style=\"color: #ff0000;\"><strong> Llame hoy mismo al 760-806-4333<\/strong><\/span><\/h3>\n<p style=\"text-align: center;\">\u00a0Vista \u2013 Escondido \u2013 Carlsbad \u2013 Fallbrook \u2013 Oceanside \u2013 Encinitas \u2013 Solana Beach \u2013 San Ysidro \u2013 Chula Vista \u2013 San Diego \u2013\u00a0 Carmel Valley \u2013 Pacific Beach \u2013 Del Mar \u2013 San Marcos \u2013 El Cajon \u2013 La Costa \u2013 Leucadia \u2013 La Jolla \u2013 Mission Beach \u2013 Imperial Beach \u2013 North Park \u2013 Hillcrest \u2013 Rancho Santa Fe \u2013 Poway \u2013 North County \u2013 South Bay \u2013 Coronado \u2013 Miramar \u2013 Scripps Ranch \u2013 Rancho Bernardo \u2013 Ramona \u2013 Mission Hills \u2013 Bonita \u2013 Valley Center &#8211; Poway &#8211; Julian &#8211; Condado del Norte &#8211; Condado del Sur &#8211; Poway &#8211; Spring Valley<span style=\"color: #000080;\"><br \/>\n<\/span><\/p>\n<p style=\"text-align: left;\"><span style=\"color: #3366ff;\"><strong><a style=\"color: #3366ff;\" href=\"#top\">Volver al inicio<\/a><\/strong><\/span><\/p>\n","protected":false},"excerpt":{"rendered":"<p>El abogado m\u00e1s capacitado para una ofensa de transito sabe bien las estrategias para defenderlo. S\u00f3lo porque un acusado fue investigado, citado o arrestado por una ofensa de tr\u00e1nsito no significa que sea culpable. El acusado\u00a0 s\u00ed tiene derechos. El abogado David Pflaum afirma los derechos y hace todo para resolver el caso criminal a [&hellip;]<\/p>\n","protected":false},"author":1,"featured_media":0,"parent":140,"menu_order":0,"comment_status":"open","ping_status":"open","template":"","meta":{"footnotes":""},"class_list":["post-165","page","type-page","status-publish","hentry"],"aioseo_notices":[],"_links":{"self":[{"href":"https:\/\/www.therightdefender.com\/es\/wp-json\/wp\/v2\/pages\/165","targetHints":{"allow":["GET"]}}],"collection":[{"href":"https:\/\/www.therightdefender.com\/es\/wp-json\/wp\/v2\/pages"}],"about":[{"href":"https:\/\/www.therightdefender.com\/es\/wp-json\/wp\/v2\/types\/page"}],"author":[{"embeddable":true,"href":"https:\/\/www.therightdefender.com\/es\/wp-json\/wp\/v2\/users\/1"}],"replies":[{"embeddable":true,"href":"https:\/\/www.therightdefender.com\/es\/wp-json\/wp\/v2\/comments?post=165"}],"version-history":[{"count":0,"href":"https:\/\/www.therightdefender.com\/es\/wp-json\/wp\/v2\/pages\/165\/revisions"}],"up":[{"embeddable":true,"href":"https:\/\/www.therightdefender.com\/es\/wp-json\/wp\/v2\/pages\/140"}],"wp:attachment":[{"href":"https:\/\/www.therightdefender.com\/es\/wp-json\/wp\/v2\/media?parent=165"}],"curies":[{"name":"wp","href":"https:\/\/api.w.org\/{rel}","templated":true}]}}