{"id":162,"date":"2014-02-05T12:49:29","date_gmt":"2014-02-05T20:49:29","guid":{"rendered":"http:\/\/192.185.4.155\/~dmpjury\/?page_id=162"},"modified":"2024-02-16T13:09:40","modified_gmt":"2024-02-16T21:09:40","slug":"un-delito-sexual","status":"publish","type":"page","link":"https:\/\/www.therightdefender.com\/es\/delito\/un-delito-sexual\/","title":{"rendered":"El Excelente Abogado Para Un Delito Sexual"},"content":{"rendered":"<p>El excelente abogado defensor David Pflaum sabe bien las estrategias para defenderlo si tiene un delito sexual.\u00a0 S<span lang=\"es\">\u00f3lo porque un acusado esta bajo una investigaci\u00f3n, o fue arrestado por causa de un delito sexual, no significa que sea culpable.\u00a0 <\/span>El acusado si tiene derechos y recursos.\u00a0 El abogado afirma los derechos del acusado y hace todo necesario para para pelear el caso criminal a su satisfacci\u00f3n.<\/p>\n<p>El abogado pasa tiempo con el acusado para saber su explicaci\u00f3n del caso criminal.\u00a0 Aviso: Si un detective o una trabajadora social esta investigando un acusado para un delito sexual, haga contacto con el abogado <span style=\"color: #000000;\">lo m\u00e1s pronto que sea posible. <\/span><\/p>\n<p style=\"text-align: left;\">Hay muchas defensas por las cuales la polic\u00eda no debe seguir procesando a un acusado para un delito sexual.\u00a0 Unas defensas efectivas son las siguientes.<\/p>\n<ul>\n<li>La supuesta v\u00edctima tiene motivo para echar mentiras<\/li>\n<li>No existe evidencia suficiente para sostener los cargos<\/li>\n<li>No hay testigos para corroborar lo que dice la ofendida<\/li>\n<li>No hay evidencia m\u00e9dica<\/li>\n<li>La supuesta v\u00edctima no es cre\u00edble<\/li>\n<li>La polic\u00eda no investig\u00f3 el caso correctamente<\/li>\n<li>Muchas personas que alegan ser v\u00edctimas tienen razones para no decir la verdad<\/li>\n<li>La voluntad de una persona para participar en la actividad sexual<\/li>\n<li>La presunta v\u00edctima ha hecho alegaciones falsas en contra de otros<\/li>\n<li>El acusado no admiti\u00f3 nada<\/li>\n<\/ul>\n<p style=\"text-align: left;\">Cuando el abogado tiene los reportes de la polic\u00eda, las declaraciones de los testigos, y toda la informaci\u00f3n sobre la supuesta v\u00edctima, el abogado se presenta ante el juez para <span style=\"color: #3366ff;\"><a style=\"color: #3366ff;\" href=\"https:\/\/www.therightdefender.com\/es\/tramites\/acuerdo-exitoso\/\"><span style=\"color: #ff0000;\"><span style=\"color: #0000ff;\">llegar a un acuerdo<\/span><\/span><\/a><\/span>, <span style=\"color: #ff0000;\"><a style=\"color: #ff0000;\" title=\"Acuerdos Exitosos\" href=\"http:\/\/therightdefender.com\/es\/resultados-anteriores\/acuerdos-exitosos\/\"><span style=\"color: #0000ff;\">eliminar y reducir<\/span><\/a><\/span> los cargos, y <span style=\"color: #ff0000;\"><a style=\"color: #ff0000;\" href=\"http:\/\/www.therightdefender.com\/es\/proceso-de-una-sentencia\/\"><span style=\"color: #0000ff;\">evitar pasar tiempo en la prisi\u00f3n y c\u00e1rcel<\/span><\/a><\/span>.\u00a0 (Haga una clic en las palabras <span style=\"color: #0000ff;\">azules<\/span>)<\/p>\n<p style=\"text-align: center;\"><img loading=\"lazy\" decoding=\"async\" class=\"wp-post-image aligncenter\" src=\"https:\/\/www.therightdefender.com\/wp-content\/uploads\/2014\/02\/exclusive-leafly-has-obtained-the-full-mexico-supreme-court-rulin-195x117.jpg\" sizes=\"auto, (max-width: 195px) 100vw, 195px\" srcset=\"https:\/\/www.therightdefender.com\/wp-content\/uploads\/2014\/02\/exclusive-leafly-has-obtained-the-full-mexico-supreme-court-rulin-195x117.jpg 195w, https:\/\/www.therightdefender.com\/wp-content\/uploads\/2014\/02\/exclusive-leafly-has-obtained-the-full-mexico-supreme-court-rulin-300x180.jpg 300w, https:\/\/www.therightdefender.com\/wp-content\/uploads\/2014\/02\/exclusive-leafly-has-obtained-the-full-mexico-supreme-court-rulin-768x461.jpg 768w, https:\/\/www.therightdefender.com\/wp-content\/uploads\/2014\/02\/exclusive-leafly-has-obtained-the-full-mexico-supreme-court-rulin-940x564.jpg 940w, https:\/\/www.therightdefender.com\/wp-content\/uploads\/2014\/02\/exclusive-leafly-has-obtained-the-full-mexico-supreme-court-rulin-620x372.jpg 620w, https:\/\/www.therightdefender.com\/wp-content\/uploads\/2014\/02\/exclusive-leafly-has-obtained-the-full-mexico-supreme-court-rulin.jpg 960w\" alt=\" un delito sexual\" width=\"112\" height=\"67\" \/><\/p>\n<h3 style=\"text-align: center;\"><strong>LLAME AL ABOGADO M\u00c1S PREPARADO<\/strong><\/h3>\n<h3 style=\"text-align: center;\"><strong>PARA UN DELITO SEXUAL<\/strong><\/h3>\n<h3 style=\"text-align: center;\"><span style=\"color: #0000ff;\"><a style=\"color: #0000ff;\" title=\"Cont\u00e1ctenos Por Medio de Esta P\u00e1gina o en Nuestras Oficinas\" href=\"http:\/\/therightdefender.com\/es\/contactos\/\"><strong><span style=\"color: #0000ff;\"><span style=\"color: #ff0000;\">760-806-4333<\/span><\/span><\/strong><\/a><\/span><\/h3>\n<p><img loading=\"lazy\" decoding=\"async\" class=\"attachment-60x60 aligncenter\" src=\"https:\/\/www.therightdefender.com\/wp-content\/uploads\/2018\/08\/martindalehubell-2-70x70.jpg\" sizes=\"auto, (max-width: 60px) 100vw, 60px\" srcset=\"https:\/\/www.therightdefender.com\/wp-content\/uploads\/2018\/08\/martindalehubell-2-70x70.jpg 70w, https:\/\/www.therightdefender.com\/wp-content\/uploads\/2018\/08\/martindalehubell-2-150x150.jpg 150w, https:\/\/www.therightdefender.com\/wp-content\/uploads\/2018\/08\/martindalehubell-2-130x130.jpg 130w, https:\/\/www.therightdefender.com\/wp-content\/uploads\/2018\/08\/martindalehubell-2-45x45.jpg 45w\" alt=\"un delito sexual\" width=\"67\" height=\"67\" \/><\/p>\n<p style=\"text-align: center;\">M\u00c1S INFORMACI\u00d3N SOBRE UN DELITO SEXUAL<span style=\"text-decoration: underline;\"><strong><br \/>\n<\/strong><\/span><\/p>\n<p>Agresi\u00f3n Sexual, C\u00f3digo Penal secci\u00f3n 243.4<br \/>\nCualquier persona que toque la parte intima de otra persona mientras esa persona esta il\u00edcitamente restringida por el acusado o un c\u00f3mplice, y si el tacto es en contra de la persona tocada y es para el prop\u00f3sito de excitar sexualmente, satisfacer sexualmente, o abusar sexualmente, es culpable de una agresi\u00f3n sexual.<\/p>\n<p>Violaci\u00f3n, C\u00f3digo Penal secci\u00f3n 261<br \/>\nUna violaci\u00f3n se refiere a un acto de tipo sexual que se produce cuando una persona tiene acceso sexual hacia otra, mediante el empleo de violencia f\u00edsica o psicol\u00f3gica o mediante el uso de mecanismos que anulen el consentimiento de los ofendidos.<\/p>\n<p>Tambi\u00e9n se habla de violaci\u00f3n cuando la v\u00edctima no puede dar su consentimiento, como en los casos de incapaces mentales, menores de edad, o personas que se encuentran en estado de inconsciencia.<\/p>\n<p>Sexo Con Un Menor de Edad, C\u00f3digo Penal secci\u00f3n 261.5<br \/>\nTambi\u00e9n conocido como estupro se refiere al tener una relaci\u00f3n sexual con una persona menor de 18 a\u00f1os pero con mas de 15 a\u00f1os sin estar casados. Aun cuando la persona que es menor de edad da su consentimiento se considera una violaci\u00f3n sexual.<\/p>\n<p>Poner en Peligro un Menor de Edad, C\u00f3digo Penal secci\u00f3n 270, 271a, 272,273a, 273d<br \/>\nCualquier persona con la responsabilidad de cuidar a un mejor de edad que se lo pone en peligro, que le falta a cuidar, que le causa un herido es culpable de un delito mayor o un delito menor, depende de los circunstancia.<\/p>\n<p>Toque Prohibido de un Menor de Edad, C\u00f3digo Penal secci\u00f3n 288<br \/>\nCualquier acto lujurioso, un abuso, molestar, o una violaci\u00f3n, cometido contra un menor de 14 a\u00f1os o con cualquier parte del cuerpo de un menor de 14 a\u00f1os, con la intenci\u00f3n de excitar o complacer la lujuria, pasi\u00f3n, o deseo sexual de la persona cometiendo el acto o del menor de edad. Tambi\u00e9n se aplica a personas dependientes o personas que no tienen la capacidad mental para dar consentimiento a \u00e9stos actos.<\/p>\n<p>Contacto o Comunicaci\u00f3n con un Menor de Edad con Prop\u00f3sito de Tener Sexo, C\u00f3digo Penal secci\u00f3n 288.3<br \/>\nEl comunicarse directamente o indirectamente, ya sea personalmente, por correo, por tel\u00e9fono, por computadora o cualquier otro tipo de comunicaci\u00f3n con un menor de edad con el prop\u00f3sito de cometer un delito sexual.<\/p>\n<p>Contacto o Comunicaci\u00f3n con un Menor de Edad con Prop\u00f3sito de Tener Sexo, C\u00f3digo Penal secci\u00f3n 288.4<br \/>\nCualquier persona que motivada por un inter\u00e9s sexual en ni\u00f1os, haga una cita con un menor o una persona que \u00e9l o ella crean que es un menor con el prop\u00f3sito de mostrar sus partes genitales, o que el menor muestre sus partes genitales o para cometer un acto lujurioso ser\u00e1 castigado con una multa y un encarcelamiento largo.<\/p>\n<p style=\"text-align: left;\"><span style=\"color: #3366ff;\"><a style=\"color: #3366ff;\" href=\"#top\"><strong>Regresar al inicio<\/strong><\/a><\/span><\/p>\n","protected":false},"excerpt":{"rendered":"<p>El excelente abogado defensor David Pflaum sabe bien las estrategias para defenderlo si tiene un delito sexual.\u00a0 S\u00f3lo porque un acusado esta bajo una investigaci\u00f3n, o fue arrestado por causa de un delito sexual, no significa que sea culpable.\u00a0 El acusado si tiene derechos y recursos.\u00a0 El abogado afirma los derechos del acusado y hace [&hellip;]<\/p>\n","protected":false},"author":1,"featured_media":0,"parent":140,"menu_order":0,"comment_status":"open","ping_status":"open","template":"","meta":{"footnotes":""},"class_list":["post-162","page","type-page","status-publish","hentry"],"aioseo_notices":[],"_links":{"self":[{"href":"https:\/\/www.therightdefender.com\/es\/wp-json\/wp\/v2\/pages\/162","targetHints":{"allow":["GET"]}}],"collection":[{"href":"https:\/\/www.therightdefender.com\/es\/wp-json\/wp\/v2\/pages"}],"about":[{"href":"https:\/\/www.therightdefender.com\/es\/wp-json\/wp\/v2\/types\/page"}],"author":[{"embeddable":true,"href":"https:\/\/www.therightdefender.com\/es\/wp-json\/wp\/v2\/users\/1"}],"replies":[{"embeddable":true,"href":"https:\/\/www.therightdefender.com\/es\/wp-json\/wp\/v2\/comments?post=162"}],"version-history":[{"count":0,"href":"https:\/\/www.therightdefender.com\/es\/wp-json\/wp\/v2\/pages\/162\/revisions"}],"up":[{"embeddable":true,"href":"https:\/\/www.therightdefender.com\/es\/wp-json\/wp\/v2\/pages\/140"}],"wp:attachment":[{"href":"https:\/\/www.therightdefender.com\/es\/wp-json\/wp\/v2\/media?parent=162"}],"curies":[{"name":"wp","href":"https:\/\/api.w.org\/{rel}","templated":true}]}}