{"id":160,"date":"2014-02-05T12:41:44","date_gmt":"2014-02-05T20:41:44","guid":{"rendered":"http:\/\/192.185.4.155\/~dmpjury\/?page_id=160"},"modified":"2024-05-26T11:15:42","modified_gmt":"2024-05-26T18:15:42","slug":"delito-menor-en-san-diego","status":"publish","type":"page","link":"https:\/\/www.therightdefender.com\/es\/delito\/delito-menor-en-san-diego\/","title":{"rendered":"El Excelente Abogado Para Un Delito Menor En San Diego"},"content":{"rendered":"<p>El abogado defensor penal David Pflaum tiene mucho \u00e9xito por parte do los acusados que tienen un delito menor in San Diego.\u00a0 Solo porque un acusado fue detenido no significa que sea culpable.\u00a0 El acusado si tiene derechos y recursos.<\/p>\n<p id=\"tw-target-text\" class=\"tw-data-text tw-text-large tw-ta\" dir=\"ltr\" data-placeholder=\"Translation\"><span class=\"Y2IQFc\" lang=\"es\">Desde la primera consulta hasta la \u00faltima cita en la corte, el abogado brinda la orientaci\u00f3n y la experiencia que toda persona debe recibir de su abogado defensor penal y obtiene los mejores resultados.<\/span><\/p>\n<p>Haga clic en una palabra <span style=\"color: #3366ff;\">azul<\/span> para aprender m\u00e1s informaci\u00f3n.<\/p>\n<p><a title=\"Abogado Para Violencia Dom\u00e9stica\" href=\"https:\/\/www.therightdefender.com\/es\/delito\/violencia-domestica\/\"><span style=\"color: #0000ff;\">Violencia dom\u00e9stica<\/span><\/a><span style=\"color: #0000ff;\">,\u00a0 <a style=\"color: #0000ff;\" href=\"https:\/\/www.therightdefender.com\/es\/abogado-para-un-delito-de-amenazas\/\"><span title=\"Abogado De Amenazas\">amenazas<\/span><\/a>,\u00a0 <span title=\"Abogado De Violencia Familiar\"><a style=\"color: #0000ff;\" href=\"https:\/\/www.therightdefender.com\/es\/violencia-familiar\/\">violencia familiar<\/a><\/span><\/span><\/p>\n<p><span style=\"color: #0000ff;\"><a style=\"color: #0000ff;\" href=\"https:\/\/www.therightdefender.com\/es\/servicios-legales\/robo-en-tienda\/\">Robo en tienda<\/a>,\u00a0 <a style=\"color: #0000ff;\" title=\"Delito De Robo\" href=\"https:\/\/www.therightdefender.com\/es\/delito\/delito-de-robo\/\">robo menor<\/a><\/span><\/p>\n<p><span style=\"color: #0000ff;\"><a style=\"color: #0000ff;\" title=\"Abogado de DUI\" href=\"https:\/\/www.therightdefender.com\/es\/delito\/abogado-de-dui\/\">Dui<\/a>,\u00a0 <a style=\"color: #0000ff;\" href=\"https:\/\/www.therightdefender.com\/es\/abogado-para-dui-con-lesiones\/\">choque con DUI,\u00a0<\/a> <a style=\"color: #0000ff;\" href=\"https:\/\/www.therightdefender.com\/es\/manejar-bajo-la-influencia\/\">manejar bajo la influencia<\/a><\/span><\/p>\n<p><span style=\"color: #0000ff;\"><a style=\"color: #0000ff;\" title=\"Delito Sexual\" href=\"https:\/\/www.therightdefender.com\/es\/delito\/un-delito-sexual\/\">Delito sexual<\/a>, \u00a0<a style=\"color: #0000ff;\" href=\"https:\/\/www.therightdefender.com\/es\/abuso-de-menor-de-edad\/\">abuso de menor de edad<\/a>, <a style=\"color: #0000ff;\" href=\"https:\/\/www.therightdefender.com\/es\/violacion-pc-261\/\">\u00a0violaci\u00f3n<\/a><\/span><\/p>\n<p><span style=\"color: #0000ff;\"><a style=\"color: #0000ff;\" href=\"https:\/\/www.therightdefender.com\/es\/posesion-de-una-identificacion-falsa\/\">Documentos falsos<\/a>,\u00a0 <a style=\"color: #0000ff;\" href=\"https:\/\/www.therightdefender.com\/es\/abogado-para-un-delito-de-fraude\/\">fraude<\/a><\/span><\/p>\n<p><span style=\"color: #0000ff;\"><a style=\"color: #0000ff;\" href=\"https:\/\/www.therightdefender.com\/es\/delito\/delito-de-drogas\/\">Delito de drogas<\/a>, \u00a0<a style=\"color: #0000ff;\" href=\"https:\/\/www.therightdefender.com\/es\/penas-por-trafico-de-drogas\/\">posesi\u00f3n para la venta<\/a>,\u00a0 <span title=\"Abogado de Narcotr\u00e1fico\"><a style=\"color: #0000ff;\" href=\"https:\/\/www.therightdefender.com\/es\/narcotrafico\/\">narcotr\u00e1fico<\/a><\/span><\/span><\/p>\n<p style=\"text-align: left;\"><span style=\"color: #0000ff;\"><a style=\"color: #0000ff;\" title=\"Asalto\u2013PC 240, 245\" href=\"https:\/\/www.therightdefender.com\/es\/abogado-para-asalto\/\">Asalto<\/a>,\u00a0 <a style=\"color: #0000ff;\" href=\"https:\/\/www.therightdefender.com\/es\/agresion\/\">agresi\u00f3n<\/a>,\u00a0 <a style=\"color: #0000ff;\" href=\"https:\/\/www.therightdefender.com\/es\/abogado-para-robo-con-violencia\/\">robo con violencia<\/a><\/span><\/p>\n<p class=\"tw-data-text tw-text-large tw-ta\" dir=\"ltr\" style=\"text-align: left;\" data-placeholder=\"Translation\"><span class=\"Y2IQFc\" lang=\"es\">Obtener los mejores resultados posibles en el sistema de justicia penal requiere preparaci\u00f3n y atenci\u00f3n a los detalles.<\/span><\/p>\n<p id=\"tw-target-text\" class=\"tw-data-text tw-text-large tw-ta\" dir=\"ltr\" style=\"text-align: left;\" data-placeholder=\"Translation\"><span class=\"Y2IQFc\" lang=\"es\">El proceso de defensa comienza con una consulta para obtener los detalles de la investigaci\u00f3n y el arresto. Esta informaci\u00f3n hace que la pelota de defensa comience a rodar. <\/span><\/p>\n<p class=\"tw-data-text tw-text-large tw-ta\" dir=\"ltr\" data-placeholder=\"Translation\"><span class=\"Y2IQFc\" lang=\"es\">El abogado tiene que analizar los informes policiales, las declaraciones de los testigos, las llamadas al 911 y de despacho, los videos de c\u00e1maras corporales, las grabaciones de tel\u00e9fonos inteligentes, las fotograf\u00edas y los diagramas, deben evaluarse cuidadosamente para determinar la mejor estrategia de defensa. <\/span><\/p>\n<p class=\"tw-data-text tw-text-large tw-ta\" dir=\"ltr\" data-placeholder=\"Translation\"><span class=\"Y2IQFc\" lang=\"es\">Con esta informaci\u00f3n en la mano, y m\u00e1s por venir a medida que avanza el caso, el equipo de defensa est\u00e1 listo para obtener la resoluci\u00f3n correcta.<\/span><\/p>\n<p>Al fin el abogado se presenta ante el juez para <a href=\"https:\/\/www.therightdefender.com\/es\/tramites\/acuerdo-exitoso\/\"><span style=\"color: #0000ff;\">llegar a un acuerdo<\/span><\/a>, <a href=\"https:\/\/www.therightdefender.com\/es\/tramites\/acuerdo-exitoso\/\"><span style=\"color: #0000ff;\">eliminar los cargos<\/span><\/a>, <span style=\"color: #0000ff;\"><a style=\"color: #0000ff;\" href=\"https:\/\/www.therightdefender.com\/es\/proceso-de-una-sentencia\/\">evitar pasar tiempo en la\u00a0<\/a><a style=\"color: #0000ff;\" href=\"https:\/\/www.therightdefender.com\/es\/proceso-de-una-sentencia\/\">c\u00e1rcel<\/a><\/span>, <a href=\"https:\/\/www.therightdefender.com\/es\/reducir-el-castigo\/\"><span style=\"color: #0000ff;\">rebajar el castigo y la multa<\/span><\/a>.<\/p>\n<p><img loading=\"lazy\" decoding=\"async\" class=\"wp-post-image aligncenter\" src=\"https:\/\/www.therightdefender.com\/wp-content\/uploads\/2014\/02\/exclusive-leafly-has-obtained-the-full-mexico-supreme-court-rulin-195x117.jpg\" sizes=\"auto, (max-width: 195px) 100vw, 195px\" srcset=\"https:\/\/www.therightdefender.com\/wp-content\/uploads\/2014\/02\/exclusive-leafly-has-obtained-the-full-mexico-supreme-court-rulin-195x117.jpg 195w, https:\/\/www.therightdefender.com\/wp-content\/uploads\/2014\/02\/exclusive-leafly-has-obtained-the-full-mexico-supreme-court-rulin-300x180.jpg 300w, https:\/\/www.therightdefender.com\/wp-content\/uploads\/2014\/02\/exclusive-leafly-has-obtained-the-full-mexico-supreme-court-rulin-768x461.jpg 768w, https:\/\/www.therightdefender.com\/wp-content\/uploads\/2014\/02\/exclusive-leafly-has-obtained-the-full-mexico-supreme-court-rulin-940x564.jpg 940w, https:\/\/www.therightdefender.com\/wp-content\/uploads\/2014\/02\/exclusive-leafly-has-obtained-the-full-mexico-supreme-court-rulin-620x372.jpg 620w, https:\/\/www.therightdefender.com\/wp-content\/uploads\/2014\/02\/exclusive-leafly-has-obtained-the-full-mexico-supreme-court-rulin.jpg 960w\" alt=\"Delito Menor En San Diego\" width=\"108\" height=\"65\" \/><\/p>\n<h3 style=\"text-align: center;\"><span id=\"result_box\" lang=\"es\"><\/span><strong>EL EXCELENTE ABOGADO<br \/>\n<\/strong><\/h3>\n<h3 style=\"text-align: center;\"><strong>PARA EN DELITO MENOR EN SAN DIEGO<br \/>\n<\/strong><\/h3>\n<h3 style=\"text-align: center;\"><strong>Llame al 760-806-4333<\/strong><\/h3>\n<p><img loading=\"lazy\" decoding=\"async\" class=\"attachment-60x60 aligncenter\" src=\"https:\/\/www.therightdefender.com\/wp-content\/uploads\/2018\/08\/martindalehubell-2-70x70.jpg\" sizes=\"auto, (max-width: 60px) 100vw, 60px\" srcset=\"https:\/\/www.therightdefender.com\/wp-content\/uploads\/2018\/08\/martindalehubell-2-70x70.jpg 70w, https:\/\/www.therightdefender.com\/wp-content\/uploads\/2018\/08\/martindalehubell-2-150x150.jpg 150w, https:\/\/www.therightdefender.com\/wp-content\/uploads\/2018\/08\/martindalehubell-2-130x130.jpg 130w, https:\/\/www.therightdefender.com\/wp-content\/uploads\/2018\/08\/martindalehubell-2-45x45.jpg 45w\" alt=\"abogado para delito menor en san diego\" width=\"74\" height=\"74\" \/><\/p>\n<h3 style=\"text-align: center;\"><\/h3>\n<hr \/>\n<p style=\"text-align: center;\">DELITOS MENORES <span style=\"text-decoration: underline;\"><br \/>\n<\/span><\/p>\n<p style=\"text-align: left;\">Agresi\u00f3n, Penal Code secci\u00f3n 240<br \/>\nUn asalto o agresi\u00f3n es un intento il\u00edcito o una amenaza, con la habilidad presente de cometer una lesi\u00f3n violenta contra otra persona.<\/p>\n<p style=\"text-align: left;\">Asalto o Bater\u00eda, Penal Code\u00a0secci\u00f3n 242<br \/>\nUna agresi\u00f3n es el uso de fuerza o violencia intencional e il\u00edcita contra otra persona.<\/p>\n<p style=\"text-align: left;\">Exposici\u00f3n Indecente, Penal Code secci\u00f3n 314<br \/>\nCualquier persona que con intenci\u00f3n y lujuria exponga su persona, o sus partes privadas, en un lugar p\u00fablico, o en cualquier lugar donde haya personas presente que se puedan ofender o molestar, o cualquier persona que procura, aconseja, o asiste a cualquier persona a exponerse en p\u00fablico o frente a personas que le sea ofensivo a su decencia, o es adaptado para excitar actos o pensamientos viciosos y lujuriosos.<\/p>\n<p style=\"text-align: left;\">Robo Menor, Hurto, Penal Code secci\u00f3n 459.5\/484\/488\/49o.5<br \/>\nUn hurto o robo de menos de novecientos cincuenta d\u00f3lares ($950) sin usar un arma de fuego, sin una navaja, sin fuerza es considerado un robo menor.<\/p>\n<p style=\"text-align: left;\">Robo de Tienda, Penal Code secci\u00f3n 459<br \/>\nCualquier persona que entre a una casa, cuarto, apartamento, tienda, almac\u00e9n, establo, granja, cualquier otro edificio, barco o veh\u00edculo que se utilice como vivienda, este habitada o no, con el intento de robar o cometer un crimen mayor es culpable de robo o allanamiento.<\/p>\n<p style=\"text-align: left;\">Fraude, Penal Code secci\u00f3n 470<br \/>\nCualquier persona que con intento de defraudar, sabiendo que no tiene autoridad para hacerlo, firma el nombre de otra persona o inventa una firma en un cheque, factura del banco, o nota, un giro bancario, una orden o garant\u00eda, o cualquier otro documento para recibir dinero es culpable de falsificaci\u00f3n.<\/p>\n<p style=\"text-align: left;\">Fraude, Penal Code secci\u00f3n 532<br \/>\nCualquier persona que con representaci\u00f3n falsa o de manera fraudulenta, defraude a otra persona de su trabajo, labor, o cualquier propiedad ser\u00e1 castigada de la misma manera y con la misma severidad que un robo.<\/p>\n<p style=\"text-align: left;\">Falta de Pago Por Servicios, Penal Code secci\u00f3n 537<br \/>\nCualquier persona que obtenga comida, combustible, servicios, o acomodaciones en un hotel, restaurant, alojamiento, marina, en un lugar privado o p\u00fablico para acampar, sin pagar, con el intento de defraudar al propietario o gerente es culpable de una ofensa p\u00fablica.<\/p>\n<p style=\"text-align: left;\">Vandalismo, Penal Code secci\u00f3n 594<br \/>\nSe refiere a cometer un acto de vandalismo o sea un acto de maldad contra la propiedad ajena, tal como el grafiti, marcar o rayar con pintura permanente, da\u00f1ar, maltratar, o destruir la propiedad que no le pertenece. Este puede ser un delito mayor o menor dependiendo de la circunstancias.<\/p>\n<p style=\"text-align: left;\">Mala Conducta, Penal Code secci\u00f3n 647(a)<br \/>\nCualquier persona que solicite o participe en una conducta grosera o indecente en cualquier lugar p\u00fablico o expuesto al p\u00fablico es culpable de un delito menor.<\/p>\n<p style=\"text-align: left;\">Solicitaci\u00f3n, Penal Code secci\u00f3n 647(b)<br \/>\nCualquier persona que solicite o est\u00e9 de acuerdo en participar o participe en cualquier acto de prostituci\u00f3n. Una persona acepta a participar en un acto de prostituci\u00f3n cuando, con el intento espec\u00edfico de participar, \u00e9l o ella muestra que ha aceptado una oferta o solicitaci\u00f3n para participar, sin importar si la oferta o solicitaci\u00f3n fue hecha por una persona que tambi\u00e9n ten\u00eda el intento espec\u00edfico de participar en un acto de prostituci\u00f3n.<\/p>\n<p style=\"text-align: left;\">Delitos Menores del C\u00f3digo de Veh\u00edculos<\/p>\n<p style=\"text-align: left;\">Manejar Bajo la Influencia, DUI, C\u00f3digo de Veh\u00edculos secci\u00f3n 23152(a)\/(b)<br \/>\nEn California es il\u00edcito manejar un veh\u00edculo si una persona est\u00e1 tomado o bajo la influencia o los efectos de cualquier bebida alcoh\u00f3lica o droga o bajo una influencia combinada de bebida alcoh\u00f3lica y droga, incluyendo recetas m\u00e9dicas.<\/p>\n<p style=\"text-align: left;\">Choque Fuga, C\u00f3digo de Veh\u00edculos secci\u00f3n 20002<br \/>\nUn delito menor de chocar y huir sin lesiones. Todo conductor de veh\u00edculo involucrado en un accidente que s\u00f3lo resulta en da\u00f1os a cualquier propiedad, incluyendo veh\u00edculos, debe inmediatamente parar el veh\u00edculo en el lugar m\u00e1s cercano donde no impida el tr\u00e1fico o ponga en peligro la seguridad de otros motoristas.<\/p>\n<p style=\"text-align: left;\">El castigo por no cumplir puede ser: 6 meses o menos en la c\u00e1rcel del condado, o una multa de menos de $1,000, o los dos.<\/p>\n<p style=\"text-align: left;\">Exceso de la Velocidad, C\u00f3digo de Veh\u00edculos secci\u00f3n 23109<br \/>\nNinguna persona debe de participar en carreras de velocidad de veh\u00edculos de motor (carreras de carros) en v\u00eda p\u00fablica. Una carrera de velocidad de veh\u00edculo de motor incluye una carrera de velocidad contra otro veh\u00edculo de motor, usando un reloj, o cualquier aparato que cuente el tiempo.<\/p>\n<p style=\"text-align: left;\">Para prop\u00f3sito de esta secci\u00f3n, un evento donde el tiempo para pasar sobre una ruta de m\u00e1s de 20 millas, pero donde el veh\u00edculo no exceda el l\u00edmite de velocidad, no se considera un carrera de velocidad.<\/p>\n<p style=\"text-align: left;\">Conducir sin Licencia, C\u00f3digo de Veh\u00edculos secci\u00f3n 12500<br \/>\nUna persona no debe manejar ning\u00fan veh\u00edculo de motor en la v\u00eda p\u00fablica, al menos que esa persona tenga una licencia de manejar v\u00e1lida.<\/p>\n<p style=\"text-align: left;\">Conducir con Licencia Suspendida, C\u00f3digo de Veh\u00edculos secci\u00f3n 14601.1(a)<br \/>\nNinguna persona debe manejar un veh\u00edculo de motor cuando su privilegio de manejar ha sido suspendido por cualquier raz\u00f3n si la persona tiene conocimiento de la suspensi\u00f3n.<\/p>\n<p style=\"text-align: left;\">Se asume que una persona tiene conocimiento de la suspensi\u00f3n si el departamento de veh\u00edculos le ha enviado una notificaci\u00f3n por correo.<\/p>\n","protected":false},"excerpt":{"rendered":"<p>El abogado defensor penal David Pflaum tiene mucho \u00e9xito por parte do los acusados que tienen un delito menor in San Diego.\u00a0 Solo porque un acusado fue detenido no significa que sea culpable.\u00a0 El acusado si tiene derechos y recursos. Desde la primera consulta hasta la \u00faltima cita en la corte, el abogado brinda la [&hellip;]<\/p>\n","protected":false},"author":1,"featured_media":0,"parent":140,"menu_order":0,"comment_status":"open","ping_status":"open","template":"","meta":{"footnotes":""},"class_list":["post-160","page","type-page","status-publish","hentry"],"aioseo_notices":[],"_links":{"self":[{"href":"https:\/\/www.therightdefender.com\/es\/wp-json\/wp\/v2\/pages\/160","targetHints":{"allow":["GET"]}}],"collection":[{"href":"https:\/\/www.therightdefender.com\/es\/wp-json\/wp\/v2\/pages"}],"about":[{"href":"https:\/\/www.therightdefender.com\/es\/wp-json\/wp\/v2\/types\/page"}],"author":[{"embeddable":true,"href":"https:\/\/www.therightdefender.com\/es\/wp-json\/wp\/v2\/users\/1"}],"replies":[{"embeddable":true,"href":"https:\/\/www.therightdefender.com\/es\/wp-json\/wp\/v2\/comments?post=160"}],"version-history":[{"count":0,"href":"https:\/\/www.therightdefender.com\/es\/wp-json\/wp\/v2\/pages\/160\/revisions"}],"up":[{"embeddable":true,"href":"https:\/\/www.therightdefender.com\/es\/wp-json\/wp\/v2\/pages\/140"}],"wp:attachment":[{"href":"https:\/\/www.therightdefender.com\/es\/wp-json\/wp\/v2\/media?parent=160"}],"curies":[{"name":"wp","href":"https:\/\/api.w.org\/{rel}","templated":true}]}}