{"id":158,"date":"2014-02-05T12:39:28","date_gmt":"2014-02-05T20:39:28","guid":{"rendered":"http:\/\/192.185.4.155\/~dmpjury\/?page_id=158"},"modified":"2018-04-22T13:03:13","modified_gmt":"2018-04-22T20:03:13","slug":"delito-juvenil","status":"publish","type":"page","link":"https:\/\/www.therightdefender.com\/es\/delito\/delito-juvenil\/","title":{"rendered":"Delitos Juveniles"},"content":{"rendered":"<p style=\"text-align: justify;\">Para un delito juvenil llame al defensor de derecho penal David Pflaum con 30 a\u00f1os de experiencia que sabe las estrategias para defenderle y arreglar el caso a su satisfacci\u00f3n.<\/p>\n<p style=\"text-align: justify;\">Muchas veces los j\u00f3venes, tanto como los padres o familiares del joven, tienen la idea equivocada de que un delito cometido antes de los 18 a\u00f1os no le afectara negativamente en su futuro.<\/p>\n<p style=\"text-align: justify;\">No es cierto.\u00a0 Los j\u00f3venes pueden ser castigados con consecuencias graves.<\/p>\n<h4><img loading=\"lazy\" decoding=\"async\" class=\"aligncenter wp-image-18692\" src=\"http:\/\/www.therightdefender.com\/wp-content\/uploads\/2014\/01\/42120389-law-or-layer-seal-is-an-illustration-of-a-design-for-law-lawyers-or-law-firms-that-could-be-used-as--195x195.jpg\" alt=\"abogado para un delito juvenil\" width=\"115\" height=\"115\" srcset=\"https:\/\/www.therightdefender.com\/wp-content\/uploads\/2014\/01\/42120389-law-or-layer-seal-is-an-illustration-of-a-design-for-law-lawyers-or-law-firms-that-could-be-used-as--195x195.jpg 195w, https:\/\/www.therightdefender.com\/wp-content\/uploads\/2014\/01\/42120389-law-or-layer-seal-is-an-illustration-of-a-design-for-law-lawyers-or-law-firms-that-could-be-used-as--150x150.jpg 150w, https:\/\/www.therightdefender.com\/wp-content\/uploads\/2014\/01\/42120389-law-or-layer-seal-is-an-illustration-of-a-design-for-law-lawyers-or-law-firms-that-could-be-used-as--300x300.jpg 300w, https:\/\/www.therightdefender.com\/wp-content\/uploads\/2014\/01\/42120389-law-or-layer-seal-is-an-illustration-of-a-design-for-law-lawyers-or-law-firms-that-could-be-used-as--130x130.jpg 130w, https:\/\/www.therightdefender.com\/wp-content\/uploads\/2014\/01\/42120389-law-or-layer-seal-is-an-illustration-of-a-design-for-law-lawyers-or-law-firms-that-could-be-used-as--70x70.jpg 70w, https:\/\/www.therightdefender.com\/wp-content\/uploads\/2014\/01\/42120389-law-or-layer-seal-is-an-illustration-of-a-design-for-law-lawyers-or-law-firms-that-could-be-used-as--45x45.jpg 45w, https:\/\/www.therightdefender.com\/wp-content\/uploads\/2014\/01\/42120389-law-or-layer-seal-is-an-illustration-of-a-design-for-law-lawyers-or-law-firms-that-could-be-used-as-.jpg 450w\" sizes=\"auto, (max-width: 115px) 100vw, 115px\" \/><\/h4>\n<h4 style=\"text-align: center;\"><strong>ESTRATEGIAS PARA AYUDAR A SU HIJO O SU HIJA SI TIENE DELITO JUVENIL<\/strong><span style=\"text-decoration: underline; color: #000080;\"><strong><br \/>\n<\/strong><\/span><\/h4>\n<p style=\"text-align: justify;\">Por eso hay que consultar a un abogado capaz para ayudarlo.\u00a0 El sistema de justicia juvenil trata de rehabilitar a los ofensores juveniles para que no se conviertan en delincuentes cuando sean adultos.<\/p>\n<p style=\"text-align: justify;\">En el sistema criminal juvenil se aplican diferentes leyes y reglas que en el sistema criminal de adultos.<\/p>\n<p style=\"text-align: justify;\">El abogado Pflaum ha representado y ha ganado casos juveniles donde las ofensas incluyen.<\/p>\n<ul>\n<li>Robo menor<\/li>\n<li>Robo mayor<\/li>\n<li>Asalto<\/li>\n<li>Agresi\u00f3n violenta<\/li>\n<li>Conduciendo bajo la influencia del alcohol o drogas (DUI)<\/li>\n<li>Delitos sexuales<\/li>\n<li>Drogas para la venta, uso, transporte de drogas<\/li>\n<li>Ofensas con armas de fuego y armas blancas<\/li>\n<li>Cr\u00edmenes de pandilla<\/li>\n<li>Vandalismo<\/li>\n<li>Grafiti (rayar o marcar paredes o se\u00f1ales)<\/li>\n<\/ul>\n<h4><img loading=\"lazy\" decoding=\"async\" class=\"aligncenter wp-image-18570\" src=\"http:\/\/www.therightdefender.com\/wp-content\/uploads\/2014\/01\/courts-landing-300x119.jpg\" alt=\"un delito juvenil\" width=\"240\" height=\"95\" srcset=\"https:\/\/www.therightdefender.com\/wp-content\/uploads\/2014\/01\/courts-landing-300x119.jpg 300w, https:\/\/www.therightdefender.com\/wp-content\/uploads\/2014\/01\/courts-landing-195x77.jpg 195w, https:\/\/www.therightdefender.com\/wp-content\/uploads\/2014\/01\/courts-landing.jpg 422w\" sizes=\"auto, (max-width: 240px) 100vw, 240px\" \/><\/h4>\n<p style=\"text-align: justify;\">El abogado interceder\u00e1 por su hijo o hija para <a href=\"http:\/\/www.therightdefender.com\/es\/tramites\/salir-de-la-carcel\/\"><strong><span style=\"color: #3366ff;\">sacarlo<\/span><\/strong><\/a> si esta encerrado, <a href=\"http:\/\/www.therightdefender.com\/es\/tramites\/acuerdo-exitoso\/\"><span style=\"color: #3366ff;\"><strong>llegar a un acuerdo<\/strong><\/span><\/a> con el juez y el fiscal, <span style=\"color: #3366ff;\"><strong><a style=\"color: #3366ff;\" title=\"Testimonios\" href=\"http:\/\/therightdefender.com\/es\/testimonios\/\">eliminar o reducir<\/a><\/strong><\/span> los cargos con la aprobaci\u00f3n del juez y fiscal y dejarlo salir libre.<\/p>\n<h4><img loading=\"lazy\" decoding=\"async\" class=\"aligncenter wp-image-18693\" src=\"http:\/\/www.therightdefender.com\/wp-content\/uploads\/2014\/01\/cbd87e98c96fe381ae346e72d6b41114-195x195.png\" alt=\"abogado para delito juvenil\" width=\"96\" height=\"96\" \/><\/h4>\n<h4 style=\"text-align: center;\"><strong>ABOGADO PARA DELITO JUVENIL A SU SERVICIO<\/strong><span style=\"text-decoration: underline; color: #000000;\"><strong><br \/>\n<\/strong><\/span><\/h4>\n<p><span title=\"With that much experience comes the ability to get the job done and to get it done as quickly and successfully as possible.&lt;\/p&gt;&lt;br \/&gt;&lt;br \/&gt;&lt;br \/&gt;&lt;br \/&gt;&lt;br \/&gt;&lt;br \/&gt;&lt;br \/&gt;&lt;br \/&gt;&lt;br \/&gt;&lt;br \/&gt;&lt;br \/&gt;&lt;br \/&gt;&lt;br \/&gt;&lt;br \/&gt;&lt;br \/&gt;&lt;br \/&gt;&lt;br \/&gt;&lt;br \/&gt;&lt;br \/&gt;&lt;br \/&gt;&lt;br \/&gt;&lt;br \/&gt;&lt;br \/&gt;&lt;br \/&gt;&lt;br \/&gt;&lt;br \/&gt;&lt;br \/&gt;&lt;br \/&gt;&lt;br \/&gt;&lt;br \/&gt;&lt;br \/&gt;&lt;br \/&gt;&lt;br \/&gt;&lt;br \/&gt;&lt;br \/&gt;&lt;br \/&gt;&lt;br \/&gt;&lt;br \/&gt;&lt;br \/&gt;&lt;br \/&gt;&lt;br \/&gt;&lt;br \/&gt;&lt;br \/&gt;&lt;br \/&gt;&lt;br \/&gt;&lt;br \/&gt;&lt;br \/&gt;&lt;br \/&gt;&lt;br \/&gt;&lt;br \/&gt;&lt;br \/&gt;&lt;br \/&gt;&lt;br \/&gt;&lt;br \/&gt;&lt;br \/&gt;&lt;br \/&gt;&lt;br \/&gt;&lt;br \/&gt; &lt;p&gt;\"><span title=\"These are the reasons David Pflaum is the \u201cThe Right Defender.\u201d Reach out to him for legal representation and see what a difference he can make in your life.\"><span title=\"He is dedicated to protecting his clients rights and is the right attorney for the job.&lt;\/p&gt;&lt;br \/&gt;&lt;br \/&gt;&lt;br \/&gt;&lt;br \/&gt;&lt;br \/&gt;&lt;br \/&gt;&lt;br \/&gt;&lt;br \/&gt;&lt;br \/&gt;&lt;br \/&gt;&lt;br \/&gt;&lt;br \/&gt;&lt;br \/&gt;&lt;br \/&gt;&lt;br \/&gt;&lt;br \/&gt;&lt;br \/&gt;&lt;br \/&gt;&lt;br \/&gt;&lt;br \/&gt;&lt;br \/&gt;&lt;br \/&gt;&lt;br \/&gt;&lt;br \/&gt;&lt;br \/&gt;&lt;br \/&gt;&lt;br \/&gt;&lt;br \/&gt;&lt;br \/&gt;&lt;br \/&gt;&lt;br \/&gt;&lt;br \/&gt;&lt;br \/&gt;&lt;br \/&gt;&lt;br \/&gt;&lt;br \/&gt;&lt;br \/&gt;&lt;br \/&gt;&lt;br \/&gt;&lt;br \/&gt;&lt;br \/&gt;&lt;br \/&gt;&lt;br \/&gt;&lt;br \/&gt;&lt;br \/&gt;&lt;br \/&gt;&lt;br \/&gt;&lt;br \/&gt;&lt;br \/&gt;&lt;br \/&gt;&lt;br \/&gt;&lt;br \/&gt;&lt;br \/&gt;&lt;br \/&gt;&lt;br \/&gt;&lt;br \/&gt;&lt;br \/&gt;&lt;br \/&gt;&lt;br \/&gt;&lt;br \/&gt; &lt;p&gt;\"><span title=\"The qualities that make David Pflaum \u201cThe Right Defender\u201d and the reasons you should consider choosing him to be your lawyer are as follows.&lt;\/p&gt;&lt;br \/&gt;&lt;br \/&gt;&lt;br \/&gt;&lt;br \/&gt;&lt;br \/&gt;&lt;br \/&gt;&lt;br \/&gt;&lt;br \/&gt;&lt;br \/&gt;&lt;br \/&gt;&lt;br \/&gt;&lt;br \/&gt;&lt;br \/&gt;&lt;br \/&gt;&lt;br \/&gt;&lt;br \/&gt;&lt;br \/&gt;&lt;br \/&gt;&lt;br \/&gt;&lt;br \/&gt;&lt;br \/&gt;&lt;br \/&gt;&lt;br \/&gt;&lt;br \/&gt;&lt;br \/&gt;&lt;br \/&gt;&lt;br \/&gt;&lt;br \/&gt;&lt;br \/&gt;&lt;br \/&gt;&lt;br \/&gt;&lt;br \/&gt;&lt;br \/&gt;&lt;br \/&gt;&lt;br \/&gt;&lt;br \/&gt;&lt;br \/&gt;&lt;br \/&gt;&lt;br \/&gt;&lt;br \/&gt;&lt;br \/&gt;&lt;br \/&gt;&lt;br \/&gt;&lt;br \/&gt;&lt;br \/&gt;&lt;br \/&gt;&lt;br \/&gt;&lt;br \/&gt;&lt;br \/&gt;&lt;br \/&gt;&lt;br \/&gt;&lt;br \/&gt;&lt;br \/&gt;&lt;br \/&gt;&lt;br \/&gt;&lt;br \/&gt;&lt;br \/&gt;&lt;br \/&gt;&lt;br \/&gt;&lt;br \/&gt; &lt;p&gt;\">El Sr. Pflaum <\/span><\/span><\/span><\/span><span title=\"With that much experience comes the ability to get the job done and to get it done as quickly and successfully as possible.&lt;\/p&gt;&lt;br \/&gt;&lt;br \/&gt;&lt;br \/&gt;&lt;br \/&gt;&lt;br \/&gt;&lt;br \/&gt;&lt;br \/&gt;&lt;br \/&gt;&lt;br \/&gt;&lt;br \/&gt;&lt;br \/&gt;&lt;br \/&gt;&lt;br \/&gt;&lt;br \/&gt;&lt;br \/&gt;&lt;br \/&gt;&lt;br \/&gt;&lt;br \/&gt;&lt;br \/&gt;&lt;br \/&gt;&lt;br \/&gt;&lt;br \/&gt;&lt;br \/&gt;&lt;br \/&gt;&lt;br \/&gt;&lt;br \/&gt;&lt;br \/&gt;&lt;br \/&gt;&lt;br \/&gt;&lt;br \/&gt;&lt;br \/&gt;&lt;br \/&gt;&lt;br \/&gt;&lt;br \/&gt;&lt;br \/&gt;&lt;br \/&gt;&lt;br \/&gt;&lt;br \/&gt;&lt;br \/&gt;&lt;br \/&gt;&lt;br \/&gt;&lt;br \/&gt;&lt;br \/&gt;&lt;br \/&gt;&lt;br \/&gt;&lt;br \/&gt;&lt;br \/&gt;&lt;br \/&gt;&lt;br \/&gt;&lt;br \/&gt;&lt;br \/&gt;&lt;br \/&gt;&lt;br \/&gt;&lt;br \/&gt;&lt;br \/&gt;&lt;br \/&gt;&lt;br \/&gt;&lt;br \/&gt; &lt;p&gt;\"><span title=\"These are the reasons David Pflaum is the \u201cThe Right Defender.\u201d Reach out to him for legal representation and see what a difference he can make in your life.\"><span title=\"He is dedicated to protecting his clients rights and is the right attorney for the job.&lt;\/p&gt;&lt;br \/&gt;&lt;br \/&gt;&lt;br \/&gt;&lt;br \/&gt;&lt;br \/&gt;&lt;br \/&gt;&lt;br \/&gt;&lt;br \/&gt;&lt;br \/&gt;&lt;br \/&gt;&lt;br \/&gt;&lt;br \/&gt;&lt;br \/&gt;&lt;br \/&gt;&lt;br \/&gt;&lt;br \/&gt;&lt;br \/&gt;&lt;br \/&gt;&lt;br \/&gt;&lt;br \/&gt;&lt;br \/&gt;&lt;br \/&gt;&lt;br \/&gt;&lt;br \/&gt;&lt;br \/&gt;&lt;br \/&gt;&lt;br \/&gt;&lt;br \/&gt;&lt;br \/&gt;&lt;br \/&gt;&lt;br \/&gt;&lt;br \/&gt;&lt;br \/&gt;&lt;br \/&gt;&lt;br \/&gt;&lt;br \/&gt;&lt;br \/&gt;&lt;br \/&gt;&lt;br \/&gt;&lt;br \/&gt;&lt;br \/&gt;&lt;br \/&gt;&lt;br \/&gt;&lt;br \/&gt;&lt;br \/&gt;&lt;br \/&gt;&lt;br \/&gt;&lt;br \/&gt;&lt;br \/&gt;&lt;br \/&gt;&lt;br \/&gt;&lt;br \/&gt;&lt;br \/&gt;&lt;br \/&gt;&lt;br \/&gt;&lt;br \/&gt;&lt;br \/&gt;&lt;br \/&gt;&lt;br \/&gt;&lt;br \/&gt; &lt;p&gt;\"><span title=\"The qualities that make David Pflaum \u201cThe Right Defender\u201d and the reasons you should consider choosing him to be your lawyer are as follows.&lt;\/p&gt;&lt;br \/&gt;&lt;br \/&gt;&lt;br \/&gt;&lt;br \/&gt;&lt;br \/&gt;&lt;br \/&gt;&lt;br \/&gt;&lt;br \/&gt;&lt;br \/&gt;&lt;br \/&gt;&lt;br \/&gt;&lt;br \/&gt;&lt;br \/&gt;&lt;br \/&gt;&lt;br \/&gt;&lt;br \/&gt;&lt;br \/&gt;&lt;br \/&gt;&lt;br \/&gt;&lt;br \/&gt;&lt;br \/&gt;&lt;br \/&gt;&lt;br \/&gt;&lt;br \/&gt;&lt;br \/&gt;&lt;br \/&gt;&lt;br \/&gt;&lt;br \/&gt;&lt;br \/&gt;&lt;br \/&gt;&lt;br \/&gt;&lt;br \/&gt;&lt;br \/&gt;&lt;br \/&gt;&lt;br \/&gt;&lt;br \/&gt;&lt;br \/&gt;&lt;br \/&gt;&lt;br \/&gt;&lt;br \/&gt;&lt;br \/&gt;&lt;br \/&gt;&lt;br \/&gt;&lt;br \/&gt;&lt;br \/&gt;&lt;br \/&gt;&lt;br \/&gt;&lt;br \/&gt;&lt;br \/&gt;&lt;br \/&gt;&lt;br \/&gt;&lt;br \/&gt;&lt;br \/&gt;&lt;br \/&gt;&lt;br \/&gt;&lt;br \/&gt;&lt;br \/&gt;&lt;br \/&gt;&lt;br \/&gt;&lt;br \/&gt; &lt;p&gt;\">es el abogado defensor digno de confianza que hace la diferencia para los clientes.<\/span><\/span><\/span><\/span><\/p>\n<p style=\"text-align: justify;\"><span style=\"color: #3366ff;\"><span style=\"color: #000000;\">Haga clic en las palabras<\/span> <strong><a title=\"Acuerdos Exitosos\" href=\"http:\/\/therightdefender.com\/es\/resultados-anteriores\/acuerdos-exitosos\/\"><span style=\"color: #3366ff;\">resultados<\/span><\/a><\/strong><\/span> y <strong><a title=\"Testimonios\" href=\"http:\/\/therightdefender.com\/es\/testimonios\/\"><span style=\"color: #3366ff;\">testimonios<\/span><\/a><\/strong> para saber m\u00e1s del abogado.<\/p>\n<p style=\"text-align: center;\"><strong>P\u00f3ngase en contacto con el defensor superior\u00a0 <\/strong><\/p>\n<p style=\"text-align: center;\"><strong>No arriesgue el futuro de su hijo o su hija<span style=\"color: #008000;\"><br \/>\n<\/span><\/strong><\/p>\n<p style=\"text-align: center;\"><span style=\"color: #ff0000;\"><strong>(760) 806-4333<\/strong><\/span><\/p>\n<p><img loading=\"lazy\" decoding=\"async\" class=\"aligncenter wp-image-18566\" src=\"http:\/\/www.therightdefender.com\/wp-content\/uploads\/2014\/01\/scales-195x190.png\" alt=\"\" width=\"79\" height=\"77\" srcset=\"https:\/\/www.therightdefender.com\/wp-content\/uploads\/2014\/01\/scales-195x190.png 195w, https:\/\/www.therightdefender.com\/wp-content\/uploads\/2014\/01\/scales-45x45.png 45w, https:\/\/www.therightdefender.com\/wp-content\/uploads\/2014\/01\/scales.png 228w\" sizes=\"auto, (max-width: 79px) 100vw, 79px\" \/><\/p>\n<p style=\"text-align: center;\">Vista \u2013 Escondido \u2013 Carlsbad \u2013 Fallbrook \u2013 Oceanside \u2013 Encinitas \u2013 Solana Beach \u2013 San Ysidro \u2013 Chula Vista \u2013 San Diego \u2013\u00a0 Carmel Valley \u2013 Pacific Beach \u2013 Del Mar \u2013 San Marcos \u2013 El Cajon \u2013 La Costa \u2013 Leucadia \u2013 La Jolla \u2013 Mission Beach \u2013 Imperial Beach \u2013 North Park \u2013 Hillcrest \u2013 Rancho Santa Fe \u2013 Poway \u2013 North County \u2013 South Bay \u2013 Coronado \u2013 Miramar \u2013 Scripps Ranch \u2013 Rancho Bernardo \u2013 Ramona \u2013 Mission Hills \u2013 Bonita \u2013 Valley Center \u2013 Poway \u2013 Julian<\/p>\n<p><a href=\"#top\"><span style=\"color: #3366ff;\"><strong>Volver al inicio<\/strong><\/span><\/a><\/p>\n","protected":false},"excerpt":{"rendered":"<p>Para un delito juvenil llame al defensor de derecho penal David Pflaum con 30 a\u00f1os de experiencia que sabe las estrategias para defenderle y arreglar el caso a su satisfacci\u00f3n. Muchas veces los j\u00f3venes, tanto como los padres o familiares del joven, tienen la idea equivocada de que un delito cometido antes de los 18 [&hellip;]<\/p>\n","protected":false},"author":1,"featured_media":0,"parent":140,"menu_order":0,"comment_status":"open","ping_status":"open","template":"","meta":{"footnotes":""},"class_list":["post-158","page","type-page","status-publish","hentry"],"aioseo_notices":[],"_links":{"self":[{"href":"https:\/\/www.therightdefender.com\/es\/wp-json\/wp\/v2\/pages\/158","targetHints":{"allow":["GET"]}}],"collection":[{"href":"https:\/\/www.therightdefender.com\/es\/wp-json\/wp\/v2\/pages"}],"about":[{"href":"https:\/\/www.therightdefender.com\/es\/wp-json\/wp\/v2\/types\/page"}],"author":[{"embeddable":true,"href":"https:\/\/www.therightdefender.com\/es\/wp-json\/wp\/v2\/users\/1"}],"replies":[{"embeddable":true,"href":"https:\/\/www.therightdefender.com\/es\/wp-json\/wp\/v2\/comments?post=158"}],"version-history":[{"count":0,"href":"https:\/\/www.therightdefender.com\/es\/wp-json\/wp\/v2\/pages\/158\/revisions"}],"up":[{"embeddable":true,"href":"https:\/\/www.therightdefender.com\/es\/wp-json\/wp\/v2\/pages\/140"}],"wp:attachment":[{"href":"https:\/\/www.therightdefender.com\/es\/wp-json\/wp\/v2\/media?parent=158"}],"curies":[{"name":"wp","href":"https:\/\/api.w.org\/{rel}","templated":true}]}}