{"id":155,"date":"2014-02-05T12:37:20","date_gmt":"2014-02-05T20:37:20","guid":{"rendered":"http:\/\/192.185.4.155\/~dmpjury\/?page_id=155"},"modified":"2020-09-19T15:08:29","modified_gmt":"2020-09-19T22:08:29","slug":"homicidios","status":"publish","type":"page","link":"https:\/\/www.therightdefender.com\/es\/delito\/homicidios\/","title":{"rendered":"Homicidios"},"content":{"rendered":"<p id=\"top\" style=\"text-align: justify;\">David Pflaum es uno de los mejores <span style=\"color: #3366ff;\"><a style=\"color: #3366ff;\" href=\"http:\/\/www.therightdefender.com\/es\/\"><strong>abogados<\/strong><\/a><\/span> de derecho penal con 30 a\u00f1os de experiencia que habla su idioma para defender acusaciones de homicidios en San Diego.<\/p>\n<p style=\"text-align: justify;\">El Sr. Pflaum es un especialista en defensa criminal que conoce a los jueces, los fiscales, y los procedimientos en el tribunal en el condado de San Diego para defender y resolver una acusaci\u00f3n de violaci\u00f3n a su satisfacci\u00f3n lo m\u00e1s pronto posible.<\/p>\n<h4><img loading=\"lazy\" decoding=\"async\" class=\"aligncenter wp-image-18481\" src=\"http:\/\/www.therightdefender.com\/wp-content\/uploads\/2014\/01\/jail2-e1509733615645-195x115.jpg\" sizes=\"auto, (max-width: 237px) 100vw, 237px\" srcset=\"http:\/\/www.therightdefender.com\/wp-content\/uploads\/2014\/01\/jail2-e1509733615645-195x115.jpg 195w, http:\/\/www.therightdefender.com\/wp-content\/uploads\/2014\/01\/jail2-e1509733615645-300x177.jpg 300w, http:\/\/www.therightdefender.com\/wp-content\/uploads\/2014\/01\/jail2-e1509733615645-620x365.jpg 620w, http:\/\/www.therightdefender.com\/wp-content\/uploads\/2014\/01\/jail2-e1509733615645.jpg 640w\" alt=\"abogado de homicidios\" width=\"125\" height=\"125\" \/><\/h4>\n<h4 style=\"text-align: center;\"><span style=\"text-decoration: underline;\"><strong>EL PROCESO PARA SACAR AL CLIENTE DE LA C\u00c1RCEL<br \/>\n<\/strong><\/span><\/h4>\n<p style=\"text-align: justify;\">Si una persona fue arrestada por delitos de homicidios el abogado Pflaum les ayuda al acusado y a los familiares a presentar informaci\u00f3n a un fiador y al juez para que elimine o reduzca la cantidad de fianza. Resulta que el cliente puede salir de la c\u00e1rcel lo m\u00e1s pronto que sea posible.<\/p>\n<p>Para saber m\u00e1s sobre el proceso haga clic aqu\u00ed: <a href=\"http:\/\/www.therightdefender.com\/es\/tramites\/salir-de-la-carcel\/\"><strong><span style=\"color: #3366ff;\">salir libre<\/span><\/strong><\/a><span style=\"color: #333333;\">.<\/span><\/p>\n<h4><img loading=\"lazy\" decoding=\"async\" class=\"aligncenter wp-image-18570\" src=\"http:\/\/www.therightdefender.com\/wp-content\/uploads\/2014\/01\/courts-landing-300x119.jpg\" sizes=\"auto, (max-width: 343px) 100vw, 343px\" srcset=\"http:\/\/www.therightdefender.com\/wp-content\/uploads\/2014\/01\/courts-landing-300x119.jpg 300w, http:\/\/www.therightdefender.com\/wp-content\/uploads\/2014\/01\/courts-landing-195x77.jpg 195w, http:\/\/www.therightdefender.com\/wp-content\/uploads\/2014\/01\/courts-landing.jpg 422w\" alt=\"delitos de homicidios\" width=\"137\" height=\"137\" \/><\/h4>\n<h4 style=\"text-align: center;\"><strong><span style=\"text-decoration: underline;\">C\u00d3MO EL ABOGADO AYUDA AL CLIENTE DURANTE EL PROCESO EN LA CORTE<\/span><br \/>\n<\/strong><\/h4>\n<p style=\"text-align: justify;\">Cuando el abogado ya tiene toda la informaci\u00f3n sobre la acusaci\u00f3n, los reportes de la polic\u00eda, las declaraciones de los testigos y el caso criminal, el abogado se presenta en la corte.<\/p>\n<p style=\"text-align: justify;\">Durante el proceso en la corte, el abogado se re\u00fane con el juez y el ministerio p\u00fablico para llegar a un acuerdo exitoso para <span style=\"color: #3366ff;\"><strong><a style=\"color: #3366ff;\" title=\"Acuerdos Exitosos\" href=\"http:\/\/therightdefender.com\/es\/resultados-anteriores\/acuerdos-exitosos\/\">eliminar y reducir<\/a><\/strong><\/span> los cargos, evitar pasar tiempo en la c\u00e1rcel, <span style=\"color: #3366ff;\"><strong><a style=\"color: #3366ff;\" href=\"http:\/\/www.therightdefender.com\/es\/reducir-el-castigo\/\">rebajar el castigo<\/a><\/strong><\/span> y la multa, y prevenir <span style=\"color: #3366ff;\"><strong><a style=\"color: #3366ff;\" title=\"Evitar Consecuencias con Inmigraci\u00f3n\" href=\"http:\/\/therightdefender.com\/es\/resultados-anteriores\/evitar-consecuencias-con-inmigracion\/\">consecuencias<\/a><\/strong><\/span> con inmigraci\u00f3n.<\/p>\n<p style=\"text-align: justify;\">Tambi\u00e9n el abogado defensor sabe negociar durante <span style=\"color: #3366ff;\"><strong><a style=\"color: #3366ff;\" href=\"http:\/\/www.therightdefender.com\/es\/proceso-de-una-sentencia\/\">la sentencia<\/a><\/strong><\/span> para que cualquier multa existente sea reducida y con pagos mensuales, y asegurarse que el cliente tenga un futuro sin mayores obst\u00e1culos.<\/p>\n<p style=\"text-align: justify;\"><strong>Juicio:<\/strong> Para los casos penales que no pueden ser resueltos ante el juez, el abogado defensor y su cliente tienen el derecho de juicio con jurado.<\/p>\n<p style=\"text-align: justify;\">Para saber m\u00e1s del proceso del juicio con jurado, haga <em>clic<\/em> aqu\u00ed \u201c<span style=\"color: #3366ff;\"><strong><a style=\"color: #3366ff;\" href=\"http:\/\/www.therightdefender.com\/es\/tramites\/proceso-del-juicio\/\">juicio<\/a><\/strong><\/span>.\u201d<\/p>\n<h4 style=\"text-align: center;\"><span style=\"text-decoration: underline; color: #333333;\"><strong>TIPOS DE HOMICIDIOS<\/strong><\/span><\/h4>\n<p style=\"text-align: justify;\"><b>Murder, California Penal Code Section 187 (PC\u00a7 187)<br \/>\n<\/b>Un asesinato es matar il\u00edcitamente a otro ser humano, o feto, con malicia premeditada.<\/p>\n<p style=\"text-align: justify;\"><b>Manslaugher, California Penal Code Section 192 (PC\u00a7 192)<br \/>\n<\/b>Un homicidio es matar\u00a0 il\u00edcitamente a otro ser humano sin malicia premeditada. Hay tres tipos:<\/p>\n<p style=\"text-align: justify;\">(a)\u00a0 Voluntario &#8211; En una pelea o en un arrebato de furia.<\/p>\n<p style=\"text-align: justify;\">(b)\u00a0 Involuntario &#8211; Es la comisi\u00f3n de un acto il\u00edcito, que no sea un delito mayor; o es la comisi\u00f3n de un acto legal que pueda producir la muerte, si se hace en una manera il\u00edcita, o sin cuidado. Esto no aplica a actos cometidos mientras maneja.<\/p>\n<p style=\"text-align: justify;\">(c) Vehicular &#8211; Manejar un veh\u00edculo en la comisi\u00f3n de un acto il\u00edcito, que no sea un delito mayor (y no sea manejar bajo los efectos o influencia del alcohol),\u00a0 con o sin negligencia; o manejar un veh\u00edculo en la comisi\u00f3n de un acto legal que pueda producir la muerte, si este acto se hace de una manera il\u00edcita, con o sin negligencia.<\/p>\n<h2><span title=\"These are the reasons David Pflaum is the \u201cThe Right Defender.\u201d Reach out to him for legal representation and see what a difference he can make in your life.\"><span title=\"He is dedicated to protecting his clients rights and is the right attorney for the job.&lt;\/p&gt;&lt;br \/&gt;&lt;br \/&gt;&lt;br \/&gt;&lt;br \/&gt;&lt;br \/&gt;&lt;br \/&gt;&lt;br \/&gt;&lt;br \/&gt;&lt;br \/&gt;&lt;br \/&gt;&lt;br \/&gt;&lt;br \/&gt;&lt;br \/&gt;&lt;br \/&gt;&lt;br \/&gt;&lt;br \/&gt;&lt;br \/&gt;&lt;br \/&gt;&lt;br \/&gt;&lt;br \/&gt;&lt;br \/&gt;&lt;br \/&gt;&lt;br \/&gt;&lt;br \/&gt;&lt;br \/&gt;&lt;br \/&gt;&lt;br \/&gt;&lt;br \/&gt;&lt;br \/&gt;&lt;br \/&gt;&lt;br \/&gt;&lt;br \/&gt;&lt;br \/&gt;&lt;br \/&gt;&lt;br \/&gt;&lt;br \/&gt;&lt;br \/&gt;&lt;br \/&gt;&lt;br \/&gt;&lt;br \/&gt;&lt;br \/&gt;&lt;br \/&gt;&lt;br \/&gt;&lt;br \/&gt;&lt;br \/&gt;&lt;br \/&gt;&lt;br \/&gt;&lt;br \/&gt;&lt;br \/&gt;&lt;br \/&gt;&lt;br \/&gt;&lt;br \/&gt;&lt;br \/&gt;&lt;br \/&gt;&lt;br \/&gt;&lt;br \/&gt;&lt;br \/&gt;&lt;br \/&gt;&lt;br \/&gt;&lt;br \/&gt; &lt;p&gt;\"><span id=\"result_box\" lang=\"es\"><strong><img loading=\"lazy\" decoding=\"async\" class=\"aligncenter wp-image-18564\" src=\"http:\/\/www.therightdefender.com\/wp-content\/uploads\/2014\/02\/494994568-195x132.jpg\" sizes=\"auto, (max-width: 150px) 100vw, 150px\" srcset=\"http:\/\/www.therightdefender.com\/wp-content\/uploads\/2014\/02\/494994568-195x132.jpg 195w, http:\/\/www.therightdefender.com\/wp-content\/uploads\/2014\/02\/494994568-300x203.jpg 300w, http:\/\/www.therightdefender.com\/wp-content\/uploads\/2014\/02\/494994568.jpg 506w\" alt=\"delito mayor y felon\u00eda\" width=\"106\" height=\"106\" \/><\/strong><\/span><\/span><\/span><\/h2>\n<p style=\"text-align: center;\"><strong><span style=\"color: #333333;\">P\u00f3ngase en contacto con el defensor superior.\u00a0 No arriesgue su futuro con cualquiera.<\/span><br \/>\n<\/strong><\/p>\n<p style=\"text-align: center;\"><span style=\"color: #ff0000;\"><strong>(760) 806-4333<\/strong><\/span><\/p>\n<p><img loading=\"lazy\" decoding=\"async\" class=\"aligncenter wp-image-18566\" src=\"http:\/\/www.therightdefender.com\/wp-content\/uploads\/2014\/01\/scales-195x190.png\" sizes=\"auto, (max-width: 90px) 100vw, 90px\" srcset=\"http:\/\/www.therightdefender.com\/wp-content\/uploads\/2014\/01\/scales-195x190.png 195w, http:\/\/www.therightdefender.com\/wp-content\/uploads\/2014\/01\/scales-45x45.png 45w, http:\/\/www.therightdefender.com\/wp-content\/uploads\/2014\/01\/scales.png 228w\" alt=\"delito mayor y felon\u00eda\" width=\"90\" height=\"88\" \/><\/p>\n<p style=\"text-align: justify;\"><span style=\"color: #333333;\">Vista \u2013 Escondido \u2013 Carlsbad \u2013 Fallbrook \u2013 Oceanside \u2013 Encinitas \u2013 Solana Beach \u2013 San Ysidro \u2013 Chula Vista \u2013 San Diego \u2013\u00a0 Carmel Valley \u2013 Pacific Beach \u2013 Del Mar \u2013 San Marcos \u2013 El Cajon \u2013 La Costa \u2013 Leucadia \u2013 La Jolla \u2013 Mission Beach \u2013 Imperial Beach \u2013 North Park \u2013 Hillcrest \u2013 Rancho Santa Fe \u2013 Poway \u2013 North County \u2013 South Bay \u2013 Coronado \u2013 Miramar \u2013 Scripps Ranch \u2013 Rancho Bernardo \u2013 Ramona \u2013 Mission Hills \u2013 Bonita \u2013 Valley Center \u2013 Bonsall \u2013 Condado del Norte<\/span><\/p>\n<p><span style=\"color: #3366ff;\"><strong><a style=\"color: #3366ff;\" href=\"#top\">Regresar al inicio<\/a><\/strong><\/span><\/p>\n","protected":false},"excerpt":{"rendered":"<p>David Pflaum es uno de los mejores abogados de derecho penal con 30 a\u00f1os de experiencia que habla su idioma para defender acusaciones de homicidios en San Diego. El Sr. Pflaum es un especialista en defensa criminal que conoce a los jueces, los fiscales, y los procedimientos en el tribunal en el condado de San [&hellip;]<\/p>\n","protected":false},"author":1,"featured_media":0,"parent":140,"menu_order":0,"comment_status":"open","ping_status":"open","template":"","meta":{"footnotes":""},"class_list":["post-155","page","type-page","status-publish","hentry"],"aioseo_notices":[],"_links":{"self":[{"href":"https:\/\/www.therightdefender.com\/es\/wp-json\/wp\/v2\/pages\/155","targetHints":{"allow":["GET"]}}],"collection":[{"href":"https:\/\/www.therightdefender.com\/es\/wp-json\/wp\/v2\/pages"}],"about":[{"href":"https:\/\/www.therightdefender.com\/es\/wp-json\/wp\/v2\/types\/page"}],"author":[{"embeddable":true,"href":"https:\/\/www.therightdefender.com\/es\/wp-json\/wp\/v2\/users\/1"}],"replies":[{"embeddable":true,"href":"https:\/\/www.therightdefender.com\/es\/wp-json\/wp\/v2\/comments?post=155"}],"version-history":[{"count":0,"href":"https:\/\/www.therightdefender.com\/es\/wp-json\/wp\/v2\/pages\/155\/revisions"}],"up":[{"embeddable":true,"href":"https:\/\/www.therightdefender.com\/es\/wp-json\/wp\/v2\/pages\/140"}],"wp:attachment":[{"href":"https:\/\/www.therightdefender.com\/es\/wp-json\/wp\/v2\/media?parent=155"}],"curies":[{"name":"wp","href":"https:\/\/api.w.org\/{rel}","templated":true}]}}