{"id":153,"date":"2014-02-05T12:31:58","date_gmt":"2014-02-05T20:31:58","guid":{"rendered":"http:\/\/192.185.4.155\/~dmpjury\/?page_id=153"},"modified":"2023-05-11T15:40:15","modified_gmt":"2023-05-11T22:40:15","slug":"delito-mayor-y-felonia","status":"publish","type":"page","link":"https:\/\/www.therightdefender.com\/es\/delito\/delito-mayor-y-felonia\/","title":{"rendered":"El Abogado Para Un Delito Mayor y Felon\u00eda"},"content":{"rendered":"<p style=\"text-align: justify;\"><span style=\"color: #333333;\"><img loading=\"lazy\" decoding=\"async\" class=\"wp-post-image aligncenter\" src=\"https:\/\/www.therightdefender.com\/wp-content\/uploads\/2014\/02\/exclusive-leafly-has-obtained-the-full-mexico-supreme-court-rulin-195x117.jpg\" sizes=\"auto, (max-width: 195px) 100vw, 195px\" srcset=\"https:\/\/www.therightdefender.com\/wp-content\/uploads\/2014\/02\/exclusive-leafly-has-obtained-the-full-mexico-supreme-court-rulin-195x117.jpg 195w, https:\/\/www.therightdefender.com\/wp-content\/uploads\/2014\/02\/exclusive-leafly-has-obtained-the-full-mexico-supreme-court-rulin-300x180.jpg 300w, https:\/\/www.therightdefender.com\/wp-content\/uploads\/2014\/02\/exclusive-leafly-has-obtained-the-full-mexico-supreme-court-rulin-768x461.jpg 768w, https:\/\/www.therightdefender.com\/wp-content\/uploads\/2014\/02\/exclusive-leafly-has-obtained-the-full-mexico-supreme-court-rulin-940x564.jpg 940w, https:\/\/www.therightdefender.com\/wp-content\/uploads\/2014\/02\/exclusive-leafly-has-obtained-the-full-mexico-supreme-court-rulin-620x372.jpg 620w, https:\/\/www.therightdefender.com\/wp-content\/uploads\/2014\/02\/exclusive-leafly-has-obtained-the-full-mexico-supreme-court-rulin.jpg 960w\" alt=\"Delito Mayor y Felon\u00eda\" width=\"103\" height=\"62\" \/><\/span><\/p>\n<p style=\"text-align: left;\"><span style=\"color: #333333;\">El abogado penalista con 30 a\u00f1os de \u00e9xito sabe bien las estrategias para defenderlo si tiene un delito mayor y felon\u00eda.<\/span><\/p>\n<p style=\"text-align: left;\">El hecho que un acusado fue arrestado no significa que sea culpable.\u00a0 El acusado s\u00ed tiene derechos y recursos.<\/p>\n<p style=\"text-align: left;\">El abogado David Pflaum afirma los derechos y hace todo para resolver el caso criminal a tu satisfacci\u00f3n.<\/p>\n<p style=\"text-align: left;\"><span lang=\"es\">Para saber m\u00e1s informaci\u00f3n sobre el mejor servicio, haga clic en <a title=\"Testimonios*\" href=\"http:\/\/www.therightdefender.com\/es\/testimonios\/\"><span style=\"color: #ff0000;\"><span style=\"color: #3366ff;\">comentarios<\/span><\/span>.<\/a><\/span><\/p>\n<p style=\"text-align: center;\"><strong>* \u00a0 \u00a0 * \u00a0 \u00a0 *<br \/>\n<\/strong><\/p>\n<p>Un delito mayor y felon\u00eda traen graves consecuencias que pueden incluir tiempo en la c\u00e1rcel, multas altas, y consecuencias con inmigraci\u00f3n.<\/p>\n<p>Si el acusado ya esta detenido, el abogado le ayuda a presentar informaci\u00f3n al juez para que elimine o reduzca la cantidad de fianza.<\/p>\n<p>Resulta que el acusado puede salir de la c\u00e1rcel lo m\u00e1s pronto que sea posible.<\/p>\n<p>Para saber m\u00e1s del proceso haga clic en <a href=\"https:\/\/www.therightdefender.com\/es\/tramites\/salir-de-la-carcel\/\"><span style=\"color: #ff0000;\"><span style=\"color: #3366ff;\">salir libre<\/span><span style=\"color: #000000;\">.<\/span><\/span><\/a><\/p>\n<p style=\"text-align: center;\">\u00a0*\u00a0\u00a0\u00a0\u00a0 *\u00a0\u00a0\u00a0\u00a0 *<\/p>\n<p>Estas son unas de las estrategias de defensa penal que el abogado utiliza para analizar y ganar los casos criminales.<\/p>\n<ol>\n<li>Falta de evidencia suficiente<\/li>\n<li>La v\u00edctima esta echando mentiras<\/li>\n<li style=\"text-align: justify;\">La polic\u00eda no investig\u00f3 el caso correctamente<\/li>\n<li>No hay pruebas creables<\/li>\n<li>Confesi\u00f3n forzada<\/li>\n<li style=\"text-align: justify;\">No hay testigos para sostener los cargos<\/li>\n<li>Defensa propia<\/li>\n<\/ol>\n<p style=\"text-align: center;\"><strong>*\u00a0\u00a0\u00a0\u00a0 *\u00a0\u00a0\u00a0\u00a0 *<br \/>\n<\/strong><\/p>\n<p style=\"text-align: left;\">El abogado pasa tiempo con el acusado para saber la explicaci\u00f3n de como fue detenido y investiga el caso criminal.<\/p>\n<p style=\"text-align: left;\">Cuando el abogado tiene los reportes de la polic\u00eda, las declaraciones de los testigos, informaci\u00f3n sobre la historia de la supuesta v\u00edctima, el abogado se presenta ante el juez.<\/p>\n<p style=\"text-align: left;\">Para <a title=\"Acuerdos Exitosos\" href=\"http:\/\/therightdefender.com\/es\/resultados-anteriores\/acuerdos-exitosos\/\"><span style=\"color: #3366ff;\">eliminar y reducir<\/span><\/a> los cargos, <span style=\"color: #3366ff;\"><a style=\"color: #3366ff;\" href=\"http:\/\/www.therightdefender.com\/es\/proceso-de-una-sentencia\/\">evitar pasar tiempo en la c\u00e1rcel<\/a><\/span>, <a href=\"http:\/\/www.therightdefender.com\/es\/reducir-el-castigo\/\"><span style=\"color: #3366ff;\">rebajar el castigo<\/span><\/a><span style=\"color: #3366ff;\">,<\/span> reducir la multa.<\/p>\n<p style=\"text-align: left;\">Para el caso que no puede ser resuelto, el acusado y el abogado tienen el derecho de juicio.<\/p>\n<p style=\"text-align: center;\">\u00a0*\u00a0\u00a0\u00a0\u00a0 *\u00a0\u00a0\u00a0\u00a0 *<\/p>\n<h3 style=\"text-align: center;\"><strong>EL ABOGADO M\u00c1S PREPARADO <\/strong><\/h3>\n<h3 style=\"text-align: center;\"><strong>PARA UN DELITO MAYOR Y FELON\u00cdA<\/strong><span style=\"text-decoration: underline; color: #000000;\"><strong><br \/>\n<\/strong><\/span><\/h3>\n<h3 style=\"text-align: center;\"><span style=\"color: #ff0000;\"><strong>Llame al 760-806-4333<\/strong><\/span><\/h3>\n<p><img loading=\"lazy\" decoding=\"async\" class=\"attachment-60x60 aligncenter\" src=\"https:\/\/www.therightdefender.com\/wp-content\/uploads\/2018\/02\/martindell-70x70.bmp\" sizes=\"auto, (max-width: 60px) 100vw, 60px\" srcset=\"https:\/\/www.therightdefender.com\/wp-content\/uploads\/2018\/02\/martindell-70x70.bmp 70w, https:\/\/www.therightdefender.com\/wp-content\/uploads\/2018\/02\/martindell-150x150.bmp 150w, https:\/\/www.therightdefender.com\/wp-content\/uploads\/2018\/02\/martindell-130x130.bmp 130w, https:\/\/www.therightdefender.com\/wp-content\/uploads\/2018\/02\/martindell-45x45.bmp 45w\" alt=\"delito mayor y felonia\" width=\"54\" height=\"54\" \/><\/p>\n<p style=\"text-align: center;\">Vista \u2013 Escondido \u2013\u00a0 Carlsbad \u2013 Fallbrook \u2013 Oceanside \u2013 Encinitas \u2013 Solana Beach \u2013 San Ysidro \u2013 Chula Vista \u2013 San Diego \u2013\u00a0 Carmel Valley \u2013 Pacific Beach \u2013 Del Mar \u2013 San Marcos \u2013 El Cajon \u2013 La Costa \u2013 Leucadia \u2013 La Jolla \u2013 Mission Beach \u2013 Imperial Beach \u2013 North Park \u2013 Hillcrest \u2013 Rancho Santa Fe \u2013 Poway \u2013 North County \u2013 South Bay \u2013 Coronado \u2013 Miramar \u2013 Scripps Ranch \u2013 Rancho Bernardo \u2013 Ramona \u2013 Mission Hills \u2013 Bonita &#8211; Valley Center &#8211; Poway &#8211; Downtown San Diego<span style=\"color: #000080;\"><br \/>\n<\/span><\/p>\n","protected":false},"excerpt":{"rendered":"<p>El abogado penalista con 30 a\u00f1os de \u00e9xito sabe bien las estrategias para defenderlo si tiene un delito mayor y felon\u00eda. El hecho que un acusado fue arrestado no significa que sea culpable.\u00a0 El acusado s\u00ed tiene derechos y recursos. El abogado David Pflaum afirma los derechos y hace todo para resolver el caso criminal [&hellip;]<\/p>\n","protected":false},"author":1,"featured_media":0,"parent":140,"menu_order":0,"comment_status":"open","ping_status":"open","template":"","meta":{"footnotes":""},"class_list":["post-153","page","type-page","status-publish","hentry"],"aioseo_notices":[],"_links":{"self":[{"href":"https:\/\/www.therightdefender.com\/es\/wp-json\/wp\/v2\/pages\/153","targetHints":{"allow":["GET"]}}],"collection":[{"href":"https:\/\/www.therightdefender.com\/es\/wp-json\/wp\/v2\/pages"}],"about":[{"href":"https:\/\/www.therightdefender.com\/es\/wp-json\/wp\/v2\/types\/page"}],"author":[{"embeddable":true,"href":"https:\/\/www.therightdefender.com\/es\/wp-json\/wp\/v2\/users\/1"}],"replies":[{"embeddable":true,"href":"https:\/\/www.therightdefender.com\/es\/wp-json\/wp\/v2\/comments?post=153"}],"version-history":[{"count":0,"href":"https:\/\/www.therightdefender.com\/es\/wp-json\/wp\/v2\/pages\/153\/revisions"}],"up":[{"embeddable":true,"href":"https:\/\/www.therightdefender.com\/es\/wp-json\/wp\/v2\/pages\/140"}],"wp:attachment":[{"href":"https:\/\/www.therightdefender.com\/es\/wp-json\/wp\/v2\/media?parent=153"}],"curies":[{"name":"wp","href":"https:\/\/api.w.org\/{rel}","templated":true}]}}