{"id":151,"date":"2014-02-05T12:28:16","date_gmt":"2014-02-05T20:28:16","guid":{"rendered":"http:\/\/192.185.4.155\/~dmpjury\/?page_id=151"},"modified":"2020-09-06T12:24:42","modified_gmt":"2020-09-06T19:24:42","slug":"delito-de-drogas","status":"publish","type":"page","link":"https:\/\/www.therightdefender.com\/es\/delito\/delito-de-drogas\/","title":{"rendered":"Delito De Drogas"},"content":{"rendered":"<p><img loading=\"lazy\" decoding=\"async\" class=\"wp-post-image aligncenter\" src=\"https:\/\/www.therightdefender.com\/wp-content\/uploads\/2014\/02\/exclusive-leafly-has-obtained-the-full-mexico-supreme-court-rulin-195x117.jpg\" sizes=\"auto, (max-width: 195px) 100vw, 195px\" srcset=\"https:\/\/www.therightdefender.com\/wp-content\/uploads\/2014\/02\/exclusive-leafly-has-obtained-the-full-mexico-supreme-court-rulin-195x117.jpg 195w, https:\/\/www.therightdefender.com\/wp-content\/uploads\/2014\/02\/exclusive-leafly-has-obtained-the-full-mexico-supreme-court-rulin-300x180.jpg 300w, https:\/\/www.therightdefender.com\/wp-content\/uploads\/2014\/02\/exclusive-leafly-has-obtained-the-full-mexico-supreme-court-rulin-768x461.jpg 768w, https:\/\/www.therightdefender.com\/wp-content\/uploads\/2014\/02\/exclusive-leafly-has-obtained-the-full-mexico-supreme-court-rulin-940x564.jpg 940w, https:\/\/www.therightdefender.com\/wp-content\/uploads\/2014\/02\/exclusive-leafly-has-obtained-the-full-mexico-supreme-court-rulin-620x372.jpg 620w, https:\/\/www.therightdefender.com\/wp-content\/uploads\/2014\/02\/exclusive-leafly-has-obtained-the-full-mexico-supreme-court-rulin.jpg 960w\" alt=\"delito de drogas\" width=\"124\" height=\"75\" \/><\/p>\n<p style=\"text-align: justify;\">E<span style=\"color: #000000;\">l <\/span>abogado defensor m\u00e1s preparado tiene 30 a\u00f1os de experiencia y de \u00e9xito para resolver un delito de drogas a su satisfacci\u00f3n.<\/p>\n<p style=\"text-align: justify;\">Tambi\u00e9n para evitar consecuencias con inmigraci\u00f3n porque un delito por drogas puede traer malos problemas en el futuro con ICE.<\/p>\n<p style=\"text-align: justify;\">Usted s\u00ed tiene opciones con el abogado defensor a su lado.<\/p>\n<p style=\"text-align: justify;\"><span lang=\"es\">Para saber m\u00e1s haga clic en <a title=\"Testimonios*\" href=\"https:\/\/www.therightdefender.com\/es\/testimonios\/\"><span style=\"color: #3366ff;\">comentarios<\/span><span style=\"color: #000000;\">.<\/span><\/a><\/span><\/p>\n<h4><img loading=\"lazy\" decoding=\"async\" class=\"thumbnail aligncenter\" src=\"https:\/\/www.therightdefender.com\/wp-content\/uploads\/2018\/01\/slider-flag-spanish-1.jpg\" alt=\"delito de drogas\" width=\"179\" height=\"81\" \/><\/h4>\n<h3 style=\"text-align: center;\">S<strong>ERVICIOS CONFIABLES <\/strong><\/h3>\n<h3 style=\"text-align: center;\"><strong>SOBRE UN DELITO DE DROGAS<\/strong><\/h3>\n<p style=\"text-align: justify;\">El abogado le ayuda al acusado a presentar informaci\u00f3n a un fiador y al juez para que elimine o reduzca la cantidad de fianza.<\/p>\n<p style=\"text-align: justify;\">Resulta que el acusado puede salir de la c\u00e1rcel lo m\u00e1s pronto que sea posible.<\/p>\n<p style=\"text-align: justify;\">Para saber m\u00e1s del proceso haga un clic en <span style=\"color: #3366ff;\"><a style=\"color: #3366ff;\" href=\"http:\/\/www.therightdefender.com\/es\/tramites\/salir-de-la-carcel\/\">salir de la c\u00e1rcel<strong>.<\/strong><\/a><\/span><\/p>\n<p style=\"text-align: justify;\">El hecho que un polic\u00eda o un oficial haya encontrado drogas en su persona, en su autom\u00f3vil o en su casa no significa que es suficiente evidencia para que usted se declare culpable.<\/p>\n<p style=\"text-align: justify;\">El abogado comienza su trabajo en reunirse con el acusado para saber su explicaci\u00f3n de que caus\u00f3 su detenci\u00f3n.<\/p>\n<p style=\"text-align: justify;\">El abogado analiza todas las supuestas pruebas, la evidencia, las declaraciones de testigos, y los reportes de la polic\u00eda.<\/p>\n<p style=\"text-align: justify;\">Las maneras m\u00e1s eficaces pare defender el caso son las siguientes aunque depende de la circunstancias.\u00a0 Es importante saber lo siguiente.<\/p>\n<p style=\"text-align: justify;\"><strong>C\u00f3mo Fue Hecho el Arresto.<\/strong> Una de las primeras cosas que tiene que hacer cuando se trata de defender un delito de drogas, es determinar si la polic\u00eda tuvo causa probable para una detenci\u00f3n o b\u00fasqueda del acusado, y si no, si la evidencia obtenida ilegalmente puede <span style=\"color: #3366ff;\"><a style=\"color: #3366ff;\" href=\"http:\/\/www.therightdefender.com\/es\/tramites\/peticion-para-eliminar-evidencia\/\">eliminarse<\/a><\/span> de la corte.<\/p>\n<p style=\"text-align: justify;\"><strong>La Detenci\u00f3n.<\/strong> Si la polic\u00eda actu\u00f3 incorrectamente en el arresto de un acusado, lo detuvieron sin una causa legal, o lo esculc\u00f3 sin permiso, el abogado abe como <a title=\"Garant\u00eda Profesional\" href=\"http:\/\/www.therightdefender.com\/es\/garantia-profesional\/\"><span style=\"color: #3366ff;\">afirmar<\/span><\/a> sus derechos y eliminar la evidencia en su contra con la aprobaci\u00f3n del juez.<\/p>\n<p style=\"text-align: justify;\"><strong>Orden de B\u00fasqueda.<\/strong> Si hubo una orden de b\u00fasqueda, entonces el an\u00e1lisis se debe enfocar en la declaraci\u00f3n en apoyo de la orden de b\u00fasqueda, y si las indicaciones de la b\u00fasqueda fueron apropiadas.<\/p>\n<p style=\"text-align: justify;\"><strong>Examine la Evidencia.<\/strong> Debe ver los factores importantes que fueron encontrados, la supuesta cantidad de drogas, si hubo una pesa, materiales para empacar las drogas, una gran cantidad de dinero o no, rollos de papel de recibo de ventas, ventas encubiertas, recibos de deuda y venta, r\u00e9cord de ventas, an\u00e1lisis de laboratorio, y otros factores.<\/p>\n<p>Tambi\u00e9n otras defensas eficaces son las siguientes.<\/p>\n<ol>\n<li>Falta de evidencia<\/li>\n<li>Acusaci\u00f3n falsa<\/li>\n<li>La polic\u00eda no investig\u00f3 el caso correctamente<\/li>\n<li>No hay testigos para sostener los cargos<\/li>\n<li>No conocimiento de la posesi\u00f3n de drogas<\/li>\n<li>No posesi\u00f3n de drogas en su persona o su propiedad<\/li>\n<li>No prueba de ninguna venta de drogas<\/li>\n<li>No encontraron balanza para pesar las drogas para sostener el cargo de venta<\/li>\n<li>No encontraron una gran cantidad de dinero para sostener el cargo de venta<\/li>\n<\/ol>\n<h4><img loading=\"lazy\" decoding=\"async\" class=\"thumbnail aligncenter\" src=\"https:\/\/www.therightdefender.com\/wp-content\/uploads\/2018\/01\/slider-gavel-spanish.jpg\" alt=\"delito de drogas\" width=\"202\" height=\"91\" \/><\/h4>\n<h3 style=\"text-align: center;\"><strong>LA RESOLUCI\u00d3N DEL CASO CRIMINAL<br \/>\n<\/strong><\/h3>\n<p style=\"text-align: justify;\">Cuando el abogado ya tiene toda la informaci\u00f3n sobre la detenci\u00f3n y las declaraciones de los testigos, el abogado se presenta en la corte.<\/p>\n<p style=\"text-align: justify;\">Para llegar a un <span style=\"color: #3366ff;\"><a style=\"color: #3366ff;\" href=\"http:\/\/www.therightdefender.com\/es\/buenos-resultados\/\">acuerdo exitoso<\/a><\/span>, para eliminar o <span style=\"color: #3366ff;\"><a style=\"color: #3366ff;\" title=\"Acuerdos Exitosos\" href=\"http:\/\/therightdefender.com\/es\/resultados-anteriores\/acuerdos-exitosos\/\">reducir<\/a><\/span> los cargos, <span style=\"color: #3366ff;\"><a style=\"color: #3366ff;\" href=\"http:\/\/www.therightdefender.com\/es\/proceso-de-una-sentencia\/\">evitar pasar tiempo en la prisi\u00f3n y la c\u00e1rcel<\/a><\/span>, reducir <span style=\"color: #3366ff;\"><a style=\"color: #3366ff;\" href=\"http:\/\/www.therightdefender.com\/es\/reducir-el-castigo\/\">el castigo<\/a><\/span>, rebajar la multa y prevenir <span style=\"color: #3366ff;\"><a style=\"color: #3366ff;\" title=\"Evitar Consecuencias con Inmigraci\u00f3n\" href=\"http:\/\/therightdefender.com\/es\/resultados-anteriores\/evitar-consecuencias-con-inmigracion\/\">consecuencias<\/a><\/span> con inmigraci\u00f3n.<\/p>\n<p style=\"text-align: justify;\">Para el caso que no se puede resolver ante el juez, el abogado y el acusado tienen el derecho de seguir hasta el juicio con jurado.<\/p>\n<p style=\"text-align: justify;\">Para saber m\u00e1s informaci\u00f3n haga clic en <a href=\"https:\/\/www.therightdefender.com\/es\/tramites\/proceso-del-juicio\/\"><span style=\"color: #3366ff;\">juicio<\/span><\/a>.<\/p>\n<h4><img loading=\"lazy\" decoding=\"async\" class=\"aligncenter wp-image-18693\" src=\"http:\/\/www.therightdefender.com\/wp-content\/uploads\/2014\/01\/cbd87e98c96fe381ae346e72d6b41114-195x195.png\" alt=\"abogado para delito de drogas\" width=\"113\" height=\"113\" \/><\/h4>\n<h3 style=\"text-align: center;\"><strong>EL ABOGADO CONFIABLE <\/strong><\/h3>\n<h3 style=\"text-align: center;\"><strong>PARA DELITO DE DROGAS<br \/>\n<\/strong><\/h3>\n<p style=\"text-align: justify;\"><span title=\"With that much experience comes the ability to get the job done and to get it done as quickly and successfully as possible.&lt;\/p&gt;&lt;br \/&gt;&lt;br \/&gt;&lt;br \/&gt;&lt;br \/&gt;&lt;br \/&gt;&lt;br \/&gt;&lt;br \/&gt;&lt;br \/&gt;&lt;br \/&gt;&lt;br \/&gt;&lt;br \/&gt;&lt;br \/&gt;&lt;br \/&gt;&lt;br \/&gt;&lt;br \/&gt;&lt;br \/&gt;&lt;br \/&gt;&lt;br \/&gt;&lt;br \/&gt;&lt;br \/&gt;&lt;br \/&gt;&lt;br \/&gt;&lt;br \/&gt;&lt;br \/&gt;&lt;br \/&gt;&lt;br \/&gt;&lt;br \/&gt;&lt;br \/&gt;&lt;br \/&gt;&lt;br \/&gt;&lt;br \/&gt;&lt;br \/&gt;&lt;br \/&gt;&lt;br \/&gt;&lt;br \/&gt;&lt;br \/&gt;&lt;br \/&gt;&lt;br \/&gt;&lt;br \/&gt;&lt;br \/&gt;&lt;br \/&gt;&lt;br \/&gt;&lt;br \/&gt;&lt;br \/&gt;&lt;br \/&gt;&lt;br \/&gt;&lt;br \/&gt;&lt;br \/&gt;&lt;br \/&gt;&lt;br \/&gt;&lt;br \/&gt;&lt;br \/&gt;&lt;br \/&gt;&lt;br \/&gt;&lt;br \/&gt;&lt;br \/&gt;&lt;br \/&gt;&lt;br \/&gt; &lt;p&gt;\"><span title=\"These are the reasons David Pflaum is the \u201cThe Right Defender.\u201d Reach out to him for legal representation and see what a difference he can make in your life.\"><span title=\"He is dedicated to protecting his clients rights and is the right attorney for the job.&lt;\/p&gt;&lt;br \/&gt;&lt;br \/&gt;&lt;br \/&gt;&lt;br \/&gt;&lt;br \/&gt;&lt;br \/&gt;&lt;br \/&gt;&lt;br \/&gt;&lt;br \/&gt;&lt;br \/&gt;&lt;br \/&gt;&lt;br \/&gt;&lt;br \/&gt;&lt;br \/&gt;&lt;br \/&gt;&lt;br \/&gt;&lt;br \/&gt;&lt;br \/&gt;&lt;br \/&gt;&lt;br \/&gt;&lt;br \/&gt;&lt;br \/&gt;&lt;br \/&gt;&lt;br \/&gt;&lt;br \/&gt;&lt;br \/&gt;&lt;br \/&gt;&lt;br \/&gt;&lt;br \/&gt;&lt;br \/&gt;&lt;br \/&gt;&lt;br \/&gt;&lt;br \/&gt;&lt;br \/&gt;&lt;br \/&gt;&lt;br \/&gt;&lt;br \/&gt;&lt;br \/&gt;&lt;br \/&gt;&lt;br \/&gt;&lt;br \/&gt;&lt;br \/&gt;&lt;br \/&gt;&lt;br \/&gt;&lt;br \/&gt;&lt;br \/&gt;&lt;br \/&gt;&lt;br \/&gt;&lt;br \/&gt;&lt;br \/&gt;&lt;br \/&gt;&lt;br \/&gt;&lt;br \/&gt;&lt;br \/&gt;&lt;br \/&gt;&lt;br \/&gt;&lt;br \/&gt;&lt;br \/&gt;&lt;br \/&gt;&lt;br \/&gt; &lt;p&gt;\"><span title=\"The qualities that make David Pflaum \u201cThe Right Defender\u201d and the reasons you should consider choosing him to be your lawyer are as follows.&lt;\/p&gt;&lt;br \/&gt;&lt;br \/&gt;&lt;br \/&gt;&lt;br \/&gt;&lt;br \/&gt;&lt;br \/&gt;&lt;br \/&gt;&lt;br \/&gt;&lt;br \/&gt;&lt;br \/&gt;&lt;br \/&gt;&lt;br \/&gt;&lt;br \/&gt;&lt;br \/&gt;&lt;br \/&gt;&lt;br \/&gt;&lt;br \/&gt;&lt;br \/&gt;&lt;br \/&gt;&lt;br \/&gt;&lt;br \/&gt;&lt;br \/&gt;&lt;br \/&gt;&lt;br \/&gt;&lt;br \/&gt;&lt;br \/&gt;&lt;br \/&gt;&lt;br \/&gt;&lt;br \/&gt;&lt;br \/&gt;&lt;br \/&gt;&lt;br \/&gt;&lt;br \/&gt;&lt;br \/&gt;&lt;br \/&gt;&lt;br \/&gt;&lt;br \/&gt;&lt;br \/&gt;&lt;br \/&gt;&lt;br \/&gt;&lt;br \/&gt;&lt;br \/&gt;&lt;br \/&gt;&lt;br \/&gt;&lt;br \/&gt;&lt;br \/&gt;&lt;br \/&gt;&lt;br \/&gt;&lt;br \/&gt;&lt;br \/&gt;&lt;br \/&gt;&lt;br \/&gt;&lt;br \/&gt;&lt;br \/&gt;&lt;br \/&gt;&lt;br \/&gt;&lt;br \/&gt;&lt;br \/&gt;&lt;br \/&gt;&lt;br \/&gt; &lt;p&gt;\">El Sr. Pflaum <\/span><\/span><\/span><\/span><span title=\"With that much experience comes the ability to get the job done and to get it done as quickly and successfully as possible.&lt;\/p&gt;&lt;br \/&gt;&lt;br \/&gt;&lt;br \/&gt;&lt;br \/&gt;&lt;br \/&gt;&lt;br \/&gt;&lt;br \/&gt;&lt;br \/&gt;&lt;br \/&gt;&lt;br \/&gt;&lt;br \/&gt;&lt;br \/&gt;&lt;br \/&gt;&lt;br \/&gt;&lt;br \/&gt;&lt;br \/&gt;&lt;br \/&gt;&lt;br \/&gt;&lt;br \/&gt;&lt;br \/&gt;&lt;br \/&gt;&lt;br \/&gt;&lt;br \/&gt;&lt;br \/&gt;&lt;br \/&gt;&lt;br \/&gt;&lt;br \/&gt;&lt;br \/&gt;&lt;br \/&gt;&lt;br \/&gt;&lt;br \/&gt;&lt;br \/&gt;&lt;br \/&gt;&lt;br \/&gt;&lt;br \/&gt;&lt;br \/&gt;&lt;br \/&gt;&lt;br \/&gt;&lt;br \/&gt;&lt;br \/&gt;&lt;br \/&gt;&lt;br \/&gt;&lt;br \/&gt;&lt;br \/&gt;&lt;br \/&gt;&lt;br \/&gt;&lt;br \/&gt;&lt;br \/&gt;&lt;br \/&gt;&lt;br \/&gt;&lt;br \/&gt;&lt;br \/&gt;&lt;br \/&gt;&lt;br \/&gt;&lt;br \/&gt;&lt;br \/&gt;&lt;br \/&gt;&lt;br \/&gt; &lt;p&gt;\"><span title=\"These are the reasons David Pflaum is the \u201cThe Right Defender.\u201d Reach out to him for legal representation and see what a difference he can make in your life.\"><span title=\"He is dedicated to protecting his clients rights and is the right attorney for the job.&lt;\/p&gt;&lt;br \/&gt;&lt;br \/&gt;&lt;br \/&gt;&lt;br \/&gt;&lt;br \/&gt;&lt;br \/&gt;&lt;br \/&gt;&lt;br \/&gt;&lt;br \/&gt;&lt;br \/&gt;&lt;br \/&gt;&lt;br \/&gt;&lt;br \/&gt;&lt;br \/&gt;&lt;br \/&gt;&lt;br \/&gt;&lt;br \/&gt;&lt;br \/&gt;&lt;br \/&gt;&lt;br \/&gt;&lt;br \/&gt;&lt;br \/&gt;&lt;br \/&gt;&lt;br \/&gt;&lt;br \/&gt;&lt;br \/&gt;&lt;br \/&gt;&lt;br \/&gt;&lt;br \/&gt;&lt;br \/&gt;&lt;br \/&gt;&lt;br \/&gt;&lt;br \/&gt;&lt;br \/&gt;&lt;br \/&gt;&lt;br \/&gt;&lt;br \/&gt;&lt;br \/&gt;&lt;br \/&gt;&lt;br \/&gt;&lt;br \/&gt;&lt;br \/&gt;&lt;br \/&gt;&lt;br \/&gt;&lt;br \/&gt;&lt;br \/&gt;&lt;br \/&gt;&lt;br \/&gt;&lt;br \/&gt;&lt;br \/&gt;&lt;br \/&gt;&lt;br \/&gt;&lt;br \/&gt;&lt;br \/&gt;&lt;br \/&gt;&lt;br \/&gt;&lt;br \/&gt;&lt;br \/&gt;&lt;br \/&gt;&lt;br \/&gt; &lt;p&gt;\"><span title=\"The qualities that make David Pflaum \u201cThe Right Defender\u201d and the reasons you should consider choosing him to be your lawyer are as follows.&lt;\/p&gt;&lt;br \/&gt;&lt;br \/&gt;&lt;br \/&gt;&lt;br \/&gt;&lt;br \/&gt;&lt;br \/&gt;&lt;br \/&gt;&lt;br \/&gt;&lt;br \/&gt;&lt;br \/&gt;&lt;br \/&gt;&lt;br \/&gt;&lt;br \/&gt;&lt;br \/&gt;&lt;br \/&gt;&lt;br \/&gt;&lt;br \/&gt;&lt;br \/&gt;&lt;br \/&gt;&lt;br \/&gt;&lt;br \/&gt;&lt;br \/&gt;&lt;br \/&gt;&lt;br \/&gt;&lt;br \/&gt;&lt;br \/&gt;&lt;br \/&gt;&lt;br \/&gt;&lt;br \/&gt;&lt;br \/&gt;&lt;br \/&gt;&lt;br \/&gt;&lt;br \/&gt;&lt;br \/&gt;&lt;br \/&gt;&lt;br \/&gt;&lt;br \/&gt;&lt;br \/&gt;&lt;br \/&gt;&lt;br \/&gt;&lt;br \/&gt;&lt;br \/&gt;&lt;br \/&gt;&lt;br \/&gt;&lt;br \/&gt;&lt;br \/&gt;&lt;br \/&gt;&lt;br \/&gt;&lt;br \/&gt;&lt;br \/&gt;&lt;br \/&gt;&lt;br \/&gt;&lt;br \/&gt;&lt;br \/&gt;&lt;br \/&gt;&lt;br \/&gt;&lt;br \/&gt;&lt;br \/&gt;&lt;br \/&gt;&lt;br \/&gt; &lt;p&gt;\">es el abogado defensor digno de confianza que hace la diferencia para el acusado.<\/span><\/span><\/span><\/span><\/p>\n<h3 style=\"text-align: center;\"><span style=\"color: #ff0000;\"><strong>Llame al (760) 806-4333<\/strong><\/span><\/h3>\n<h3 style=\"text-align: center;\">\u00a0\u00a0\u00a0<strong>\u00a0 *\u00a0\u00a0\u00a0\u00a0\u00a0\u00a0\u00a0 *\u00a0\u00a0\u00a0\u00a0\u00a0\u00a0\u00a0\u00a0 *<\/strong><\/h3>\n<p><img loading=\"lazy\" decoding=\"async\" class=\"attachment-60x60 aligncenter\" src=\"https:\/\/www.therightdefender.com\/wp-content\/uploads\/2018\/08\/martindalehubell-2-70x70.jpg\" sizes=\"auto, (max-width: 60px) 100vw, 60px\" srcset=\"https:\/\/www.therightdefender.com\/wp-content\/uploads\/2018\/08\/martindalehubell-2-70x70.jpg 70w, https:\/\/www.therightdefender.com\/wp-content\/uploads\/2018\/08\/martindalehubell-2-150x150.jpg 150w, https:\/\/www.therightdefender.com\/wp-content\/uploads\/2018\/08\/martindalehubell-2-130x130.jpg 130w, https:\/\/www.therightdefender.com\/wp-content\/uploads\/2018\/08\/martindalehubell-2-45x45.jpg 45w\" alt=\"\" width=\"88\" height=\"88\" \/><\/p>\n<p style=\"text-align: center;\"><strong>LOS DELITOS DE DROGAS M\u00c1S COMUNES<\/strong><span style=\"text-decoration: underline;\"><strong><br \/>\n<\/strong><\/span><\/p>\n<p style=\"text-align: justify;\"><strong>Posesi\u00f3n de Methamphetamine, Health and Safety Code secci\u00f3n 11377 <\/strong><br \/>\nEs la posesi\u00f3n il\u00edcita de algunas drogas, incluyendo \u00e9xtasis y metanfetamina tambi\u00e9n conocida como cristal.<\/p>\n<p style=\"text-align: justify;\"><strong><strong>Posesi\u00f3n<\/strong> de Hero\u00edna o Coca\u00edna, Health and Safety Code\u00a0 secci\u00f3n 11350 <\/strong><br \/>\nEs la posesi\u00f3n il\u00edcita de otras drogas especificadas, como la hero\u00edna o coca\u00edna, e incluye medicina que requiere la prescripci\u00f3n de un doctor, como la morfina o anfetaminas s\u00ed la posee sin prescripci\u00f3n m\u00e9dica.<\/p>\n<p style=\"text-align: justify;\"><strong>Uso de Droga Controlada, Health and Safety Code\u00a0secci\u00f3n 11550<\/strong><br \/>\nNinguna persona debe usar, o estar bajo los efectos de una droga o medicina que requiere la prescripci\u00f3n de un doctor con licencia v\u00e1lida para prescribir medicamentos.<\/p>\n<p style=\"text-align: justify;\"><strong><strong>Posesi\u00f3n<\/strong> de Drogas Para Venta, Health and Safety Code\u00a0 secci\u00f3n 11358, 11359, 11378 <\/strong><br \/>\nLa posesi\u00f3n il\u00edcita de drogas con intenci\u00f3n de vender.\u00a0 En estos casos el gobierno tiene que comprobar que usted pose\u00eda drogas y que usted ten\u00eda la intenci\u00f3n de venderlas o estaba vendi\u00e9ndolas.\u00a0 Algunos factores para esta acusaci\u00f3n son una cantidad de drogas m\u00e1s grande que para el uso personal, una b\u00e1scula o pesa, materiales para empaquetar la droga, una cantidad grande de dinero, entre otros.<\/p>\n<p style=\"text-align: justify;\"><strong>Transportaci\u00f3n, Venta o Distribuci\u00f3n de Droga Controlada, Health and Safety Code\u00a0secci\u00f3n 11358, 11359,\u00a0 11360, 11378, 11379 <\/strong><br \/>\nLa posesi\u00f3n para venta, transportaci\u00f3n, o distribuci\u00f3n de drogas.\u00a0 En \u00e9stos casos el gobierno tiene que comprobar que usted estaba en posesi\u00f3n de drogas y que usted ten\u00eda la intenci\u00f3n o estaba en el proceso de transportar (no importa la distancia), vender o dar las drogas.<\/p>\n<p style=\"text-align: center;\"><strong>SI LO HAN ACUSADO <\/strong><\/p>\n<p style=\"text-align: center;\"><strong>ESTAMOS PARA AYUDARLO<\/strong><\/p>\n<h3 style=\"text-align: center;\"><strong><span style=\"color: #ff0000;\"><a style=\"color: #ff0000;\" title=\"Cont\u00e1ctenos Por Medio de Esta P\u00e1gina o en Nuestras Oficinas\" href=\"http:\/\/therightdefender.com\/es\/contactos\/\">Llame al (760) 806-4333<\/a><\/span><br \/>\n<\/strong><\/h3>\n<p style=\"text-align: center;\">Vista \u2013 Escondido \u2013 Carlsbad \u2013 Fallbrook \u2013 Oceanside \u2013 Encinitas \u2013 Solana Beach \u2013 San Ysidro \u2013 Chula Vista \u2013 San Diego \u2013\u00a0 Carmel Valley \u2013 Pacific Beach \u2013 Del Mar \u2013 San Marcos \u2013 El Cajon \u2013 La Costa \u2013 Leucadia \u2013 La Jolla \u2013 Mission Beach \u2013 Imperial Beach \u2013 North Park \u2013 Hillcrest \u2013 Rancho Santa Fe \u2013 Poway \u2013 North County \u2013 South Bay \u2013 Coronado \u2013 Miramar \u2013 Scripps Ranch \u2013 Rancho Bernardo \u2013 Ramona \u2013 Mission Hills \u2013 Bonita &#8211; Valley Center &#8211; Bonsall &#8211; Spring Valley &#8211; Lemon Grove<span style=\"color: #000080;\"><br \/>\n<\/span><\/p>\n","protected":false},"excerpt":{"rendered":"<p>El abogado defensor m\u00e1s preparado tiene 30 a\u00f1os de experiencia y de \u00e9xito para resolver un delito de drogas a su satisfacci\u00f3n. Tambi\u00e9n para evitar consecuencias con inmigraci\u00f3n porque un delito por drogas puede traer malos problemas en el futuro con ICE. Usted s\u00ed tiene opciones con el abogado defensor a su lado. Para saber [&hellip;]<\/p>\n","protected":false},"author":1,"featured_media":0,"parent":140,"menu_order":0,"comment_status":"open","ping_status":"open","template":"","meta":{"footnotes":""},"class_list":["post-151","page","type-page","status-publish","hentry"],"aioseo_notices":[],"_links":{"self":[{"href":"https:\/\/www.therightdefender.com\/es\/wp-json\/wp\/v2\/pages\/151","targetHints":{"allow":["GET"]}}],"collection":[{"href":"https:\/\/www.therightdefender.com\/es\/wp-json\/wp\/v2\/pages"}],"about":[{"href":"https:\/\/www.therightdefender.com\/es\/wp-json\/wp\/v2\/types\/page"}],"author":[{"embeddable":true,"href":"https:\/\/www.therightdefender.com\/es\/wp-json\/wp\/v2\/users\/1"}],"replies":[{"embeddable":true,"href":"https:\/\/www.therightdefender.com\/es\/wp-json\/wp\/v2\/comments?post=151"}],"version-history":[{"count":0,"href":"https:\/\/www.therightdefender.com\/es\/wp-json\/wp\/v2\/pages\/151\/revisions"}],"up":[{"embeddable":true,"href":"https:\/\/www.therightdefender.com\/es\/wp-json\/wp\/v2\/pages\/140"}],"wp:attachment":[{"href":"https:\/\/www.therightdefender.com\/es\/wp-json\/wp\/v2\/media?parent=151"}],"curies":[{"name":"wp","href":"https:\/\/api.w.org\/{rel}","templated":true}]}}