{"id":142,"date":"2014-02-04T12:01:03","date_gmt":"2014-02-04T20:01:03","guid":{"rendered":"http:\/\/192.185.4.155\/~dmpjury\/?page_id=142"},"modified":"2023-05-07T14:02:12","modified_gmt":"2023-05-07T21:02:12","slug":"violencia-domestica","status":"publish","type":"page","link":"https:\/\/www.therightdefender.com\/es\/delito\/violencia-domestica\/","title":{"rendered":"Violencia Domestica"},"content":{"rendered":"<p style=\"text-align: justify;\"><img loading=\"lazy\" decoding=\"async\" class=\"wp-post-image aligncenter\" src=\"https:\/\/www.therightdefender.com\/wp-content\/uploads\/2014\/02\/exclusive-leafly-has-obtained-the-full-mexico-supreme-court-rulin-195x117.jpg\" sizes=\"auto, (max-width: 195px) 100vw, 195px\" srcset=\"https:\/\/www.therightdefender.com\/wp-content\/uploads\/2014\/02\/exclusive-leafly-has-obtained-the-full-mexico-supreme-court-rulin-195x117.jpg 195w, https:\/\/www.therightdefender.com\/wp-content\/uploads\/2014\/02\/exclusive-leafly-has-obtained-the-full-mexico-supreme-court-rulin-300x180.jpg 300w, https:\/\/www.therightdefender.com\/wp-content\/uploads\/2014\/02\/exclusive-leafly-has-obtained-the-full-mexico-supreme-court-rulin-768x461.jpg 768w, https:\/\/www.therightdefender.com\/wp-content\/uploads\/2014\/02\/exclusive-leafly-has-obtained-the-full-mexico-supreme-court-rulin-940x564.jpg 940w, https:\/\/www.therightdefender.com\/wp-content\/uploads\/2014\/02\/exclusive-leafly-has-obtained-the-full-mexico-supreme-court-rulin-620x372.jpg 620w, https:\/\/www.therightdefender.com\/wp-content\/uploads\/2014\/02\/exclusive-leafly-has-obtained-the-full-mexico-supreme-court-rulin.jpg 960w\" alt=\"violencia domestica\" width=\"107\" height=\"64\" \/><\/p>\n<p style=\"text-align: left;\">El excelente abogado para violencia domestica sabe bien todas las formas para defenderlo bien.<\/p>\n<p style=\"text-align: left;\">Solo porque un acusado fue arrestado no quiere decir que es culpable.\u00a0 Solo porque una persona dice que fue v\u00edctima no es cierto. El acusado si tiene derechos y recursos.<\/p>\n<p style=\"text-align: left;\"><span lang=\"es\">El abogado David Pflaum afirma los derechos y pelea el caso criminal <\/span><span lang=\"es\">a su satisfacci\u00f3n.<\/span><\/p>\n<p style=\"text-align: left;\"><span lang=\"es\">Haga clic en <a title=\"Testimonios*\" href=\"http:\/\/www.therightdefender.com\/es\/testimonios\/\"><span style=\"color: #3366ff;\"><span style=\"color: #ff0000;\"><span style=\"color: #3366ff;\">comentarios <\/span><\/span><\/span><\/a><\/span>\u00a0para saber m\u00e1s sobre el mejor servicio.<\/p>\n<h3 style=\"text-align: center;\">*\u00a0\u00a0\u00a0\u00a0 *\u00a0\u00a0\u00a0\u00a0 *<\/h3>\n<p style=\"text-align: left;\">\u00c1si son los delitos de violencia domestica que son felon\u00edas y delitos menores.<\/p>\n<p style=\"text-align: left;\">Haga clic en cada delito en <span style=\"color: #3366ff;\">azul <\/span>para aprender m\u00e1s<span style=\"color: #3366ff;\">.<br \/>\n<\/span><\/p>\n<ol style=\"text-align: left;\">\n<li style=\"text-align: justify;\"><span style=\"color: #000080;\"><a href=\"http:\/\/www.therightdefender.com\/es\/abogado-para-asalto\/\"><span style=\"color: #000080;\"><span style=\"color: #3366ff;\">Asalto<\/span><\/span><\/a><\/span> (Penal Code 240)<\/li>\n<li style=\"text-align: justify;\"><span style=\"color: #000080;\"><a href=\"http:\/\/www.therightdefender.com\/es\/agresion\/\"><span style=\"color: #000080;\"><span style=\"color: #3366ff;\">Agresi\u00f3n<\/span><\/span><\/a><\/span> (Penal Code 242)<\/li>\n<li style=\"text-align: justify;\"><a href=\"http:\/\/www.therightdefender.com\/es\/asalto-con-un-arma-mortal\/\"><span style=\"color: #000000;\"><span style=\"color: #000080;\"><span style=\"color: #3366ff;\">Asalto con un arma mortal<\/span><\/span><\/span><\/a> (Penal Code 245)<\/li>\n<li style=\"text-align: justify;\"><a href=\"http:\/\/www.therightdefender.com\/es\/agresion-domestica-violenta\/\"><span style=\"color: #000000;\"><span style=\"color: #000080;\"><span style=\"color: #3366ff;\">Agresi\u00f3n dom\u00e9stica<\/span><\/span><\/span><\/a> (Penal Code 243e)<\/li>\n<li style=\"text-align: justify;\"><a href=\"http:\/\/www.therightdefender.com\/es\/abogado-para-caso-de-violencia-domestica\/\"><span style=\"color: #000000;\"><span style=\"color: #000080;\"><span style=\"color: #3366ff;\">Infligir lesiones corporales<\/span><\/span><\/span><\/a> (Penal Code 273.5)<\/li>\n<li style=\"text-align: justify;\"><span style=\"color: #000080;\"><a href=\"http:\/\/www.therightdefender.com\/es\/abogado-para-un-delito-de-amenazas\/\"><span style=\"color: #000080;\"><span style=\"color: #3366ff;\">Amenazas<\/span><\/span><\/a><\/span> (Penal Code 422)<\/li>\n<\/ol>\n<p style=\"text-align: left;\"><span lang=\"es\">Si la v\u00edctima quiere retirar los cargos, puede ser de mucha ayuda. <\/span><\/p>\n<p style=\"text-align: center;\">*\u00a0\u00a0\u00a0\u00a0 *\u00a0\u00a0\u00a0\u00a0 *<\/p>\n<p style=\"text-align: left;\">Las estrategias para defender al acusado que tiene un delito de violencia domestica depende de las circunstancias, las pruebas, testimonio de la v\u00edctima, y declaraciones de los testigos.<\/p>\n<p style=\"text-align: left;\">Por ejemplo el acusado tiene el derecho de defenderse, defender a otra persona, y defender su propiedad.\u00a0 Otras defensas efectivas son las siguientes.<\/p>\n<ol>\n<li style=\"text-align: left;\">Falta de evidencia<\/li>\n<li style=\"text-align: left;\">La supuesta v\u00edctima esta echando mentiras<\/li>\n<li style=\"text-align: left;\">Alegaci\u00f3n falsa<\/li>\n<li style=\"text-align: left;\">La polic\u00eda no investig\u00f3 el caso correctamente<\/li>\n<li>No hay testigos para sostener los cargos<\/li>\n<li>Confesi\u00f3n forzada<\/li>\n<li>Evidencia insuficiente<\/li>\n<\/ol>\n<p style=\"text-align: center;\">*\u00a0\u00a0\u00a0\u00a0 *\u00a0\u00a0\u00a0\u00a0 *<\/p>\n<p style=\"text-align: left;\">El abogado pasa tiempo con el acusado para saber su explicaci\u00f3n de lo que caus\u00f3 su detenci\u00f3n y investiga el caso criminal.<\/p>\n<p style=\"text-align: left;\">Cuando el abogado ya tiene los reportes de la polic\u00eda, declaraciones de testigos, la historia de la v\u00edctima, el abogado se presenta ante el juez.<\/p>\n<p style=\"text-align: left;\">Para <span style=\"color: #3366ff;\"><a style=\"color: #3366ff;\" href=\"https:\/\/www.therightdefender.com\/es\/tramites\/acuerdo-exitoso\/\">llegar a un acuerdo<\/a><span style=\"color: #000000;\">,<\/span> <a style=\"color: #3366ff;\" href=\"http:\/\/www.therightdefender.com\/es\/tramites\/acuerdo-exitoso\/\">eliminar y reducir los cargos<\/a><span style=\"color: #000000;\">,<\/span> <a style=\"color: #3366ff;\" href=\"http:\/\/www.therightdefender.com\/es\/proceso-de-una-sentencia\/\">evitar pasar tiempo en la\u00a0<\/a><a style=\"color: #3366ff;\" href=\"http:\/\/www.therightdefender.com\/es\/proceso-de-una-sentencia\/\">c\u00e1rcel<\/a><span style=\"color: #000000;\">,<\/span> <a style=\"color: #3366ff;\" href=\"http:\/\/www.therightdefender.com\/es\/reducir-el-castigo\/\">rebajar el castigo<\/a><\/span>, reducir la multa.<\/p>\n<h3 style=\"text-align: center;\">EL EXCELENTE ABOGADO DE VIOLENCIA DOMESTICA<\/h3>\n<h3 style=\"text-align: center;\"><span style=\"color: #ff0000;\"><strong>Llame al 760-806-4333<\/strong><\/span><\/h3>\n<p style=\"text-align: center;\">\u00a0<strong>*\u00a0\u00a0\u00a0\u00a0 \u00a0\u00a0 \u00a0\u00a0 *\u00a0 \u00a0 \u00a0 \u00a0 \u00a0 \u00a0 *<\/strong><\/p>\n<p><img loading=\"lazy\" decoding=\"async\" class=\"attachment-60x60 aligncenter\" src=\"https:\/\/www.therightdefender.com\/wp-content\/uploads\/2018\/08\/martindalehubell-2-70x70.jpg\" sizes=\"auto, (max-width: 60px) 100vw, 60px\" srcset=\"https:\/\/www.therightdefender.com\/wp-content\/uploads\/2018\/08\/martindalehubell-2-70x70.jpg 70w, https:\/\/www.therightdefender.com\/wp-content\/uploads\/2018\/08\/martindalehubell-2-150x150.jpg 150w, https:\/\/www.therightdefender.com\/wp-content\/uploads\/2018\/08\/martindalehubell-2-130x130.jpg 130w, https:\/\/www.therightdefender.com\/wp-content\/uploads\/2018\/08\/martindalehubell-2-45x45.jpg 45w\" alt=\"VIOLENCIA DOMESTICA\" width=\"63\" height=\"63\" \/><\/p>\n<p style=\"text-align: center;\"><span style=\"color: #333333;\">DELITOS DE VIOLENCIA DOM\u00c9STICA<\/span><\/p>\n<p>Asalto, C\u00f3digo Penal secci\u00f3n 240<br \/>\nUn asalto o agresi\u00f3n es un intento il\u00edcito o una amenaza, con la habilidad presente de cometer una lesi\u00f3n violenta contra otra persona.<\/p>\n<p>Agresi\u00f3n, C\u00f3digo Penal secci\u00f3n 242<br \/>\nUna agresi\u00f3n es el uso de fuerza o violencia intencional e il\u00edcita contra otra persona.<\/p>\n<p>Agresi\u00f3n con Esposa, Marido, Novio, Novia, C\u00f3digo Penal secci\u00f3n 243(e)<br \/>\nCuando una agresi\u00f3n se comete contra un esposo o esposa, un novio o novia, una persona con la cual el acusado o acusada viv\u00eda en la misma casa en una relaci\u00f3n rom\u00e1ntica, una persona que es padre o madre del hijo o hija del acusado, una ex-esposa o un ex-esposo, un prometido o prometida, o una persona con la cual el acusado tiene, o tenia, una relaci\u00f3n rom\u00e1ntica o amorosa, la agresi\u00f3n se puede castigar con una multa de no m\u00e1s de dos mil d\u00f3lares ($2,000), o por encarcelamiento en una c\u00e1rcel del condado por no m\u00e1s de un a\u00f1o, o con los dos la multa y el encarcelamiento.<\/p>\n<p>Agresi\u00f3n con Fuerza, C\u00f3digo Penal secci\u00f3n 245(a)(1)<br \/>\nCualquier persona que cometa una agresi\u00f3n hacia otra persona con una arma mortal, un cuchillo, palo, bate, o con un instrumento que no sea una arma de fuego o con cualquier tipo de fuerza que pueda producir grandes da\u00f1os o lesiones corporales debe ser castigado en la prisi\u00f3n estatal por dos, tres, o cuatro a\u00f1os, o en una c\u00e1rcel del condado por no m\u00e1s de un a\u00f1o o por una multa que no exceda diez mil d\u00f3lares ($10,000), o por los dos una multa y encarcelamiento.<\/p>\n<p>Lesiones Grave con Esposa\/Marido, Novio\/Novia, C\u00f3digo Penal secci\u00f3n \u00a7 273.5<br \/>\nCualquier persona que intencionalmente influya da\u00f1os o lesiones corporales que resulten en una condici\u00f3n traum\u00e1tica contra una persona que es su esposa o esposo, novio o novia, ex-esposa o ex-esposo, una persona con la que vive o viv\u00eda en una relaci\u00f3n rom\u00e1ntica, o la madre o padre de su hijo o hija, es culpable de un delito mayor o una felon\u00eda.<\/p>\n<p>Cuando es condenado debe ser castigado con encarcelamiento en la prisi\u00f3n estatal por dos, tres, cuatro a\u00f1os, o en una c\u00e1rcel del condado por no m\u00e1s de un a\u00f1o, o por una multa muy alta o por los dos una multa y encarcelamiento.<\/p>\n<p>Amenazas, C\u00f3digo Penal secci\u00f3n 422<br \/>\nAmenazas es el uso de abuso f\u00edsico o emocional o acoso para controlar el comportamiento de otro miembro de la familia o de otra persona, lo que puede ser una felon\u00eda o un delito menor.<\/p>\n<p>Vista \u2013 Escondido \u2013 Carlsbad \u2013 Fallbrook \u2013 Oceanside \u2013 Encinitas \u2013 Solana Beach \u2013 San Ysidro \u2013 Chula Vista \u2013 San Diego \u2013 Carmel Valley \u2013 Pacific Beach \u2013 Del Mar \u2013 San Marcos \u2013 El Cajon \u2013 La Costa \u2013 Leucadia \u2013 La Jolla \u2013 Mission Beach \u2013 Imperial Beach \u2013 North Park \u2013 Hillcrest \u2013 Rancho Santa Fe \u2013 Poway \u2013 North County \u2013 South Bay \u2013 Coronado \u2013 Miramar \u2013 Scripps Ranch \u2013 Rancho Bernardo \u2013 Ramona \u2013 Mission Hills \u2013 Bonita \u2013 Valley Center \u2013 Bonsall \u2013 Downtown San Diego \u2013 East County \u2013 Lemon Grove \u2013 Bonsall \u2013 Poway \u2013 Mission Hills \u2013 North Park \u2013 Barrio Logan \u2013 Lemon Grove \u2013 Lakeside \u2013 Bonita \u2013 San Ysidro \u2013 National City \u2013 Coronado \u2013 Ocean Beach \u2013 Pacific Beach \u2013 Mission Valley \u2013 Rancho Bernardo<\/p>\n","protected":false},"excerpt":{"rendered":"<p>El excelente abogado para violencia domestica sabe bien todas las formas para defenderlo bien. Solo porque un acusado fue arrestado no quiere decir que es culpable.\u00a0 Solo porque una persona dice que fue v\u00edctima no es cierto. El acusado si tiene derechos y recursos. El abogado David Pflaum afirma los derechos y pelea el caso [&hellip;]<\/p>\n","protected":false},"author":1,"featured_media":0,"parent":140,"menu_order":0,"comment_status":"open","ping_status":"open","template":"","meta":{"footnotes":""},"class_list":["post-142","page","type-page","status-publish","hentry"],"aioseo_notices":[],"_links":{"self":[{"href":"https:\/\/www.therightdefender.com\/es\/wp-json\/wp\/v2\/pages\/142","targetHints":{"allow":["GET"]}}],"collection":[{"href":"https:\/\/www.therightdefender.com\/es\/wp-json\/wp\/v2\/pages"}],"about":[{"href":"https:\/\/www.therightdefender.com\/es\/wp-json\/wp\/v2\/types\/page"}],"author":[{"embeddable":true,"href":"https:\/\/www.therightdefender.com\/es\/wp-json\/wp\/v2\/users\/1"}],"replies":[{"embeddable":true,"href":"https:\/\/www.therightdefender.com\/es\/wp-json\/wp\/v2\/comments?post=142"}],"version-history":[{"count":0,"href":"https:\/\/www.therightdefender.com\/es\/wp-json\/wp\/v2\/pages\/142\/revisions"}],"up":[{"embeddable":true,"href":"https:\/\/www.therightdefender.com\/es\/wp-json\/wp\/v2\/pages\/140"}],"wp:attachment":[{"href":"https:\/\/www.therightdefender.com\/es\/wp-json\/wp\/v2\/media?parent=142"}],"curies":[{"name":"wp","href":"https:\/\/api.w.org\/{rel}","templated":true}]}}